{"id":1006,"date":"2015-11-29T15:37:52","date_gmt":"2015-11-29T15:37:52","guid":{"rendered":"https:\/\/kylat.meitadev.fi\/aitsaari\/?page_id=1006"},"modified":"2015-11-29T15:43:12","modified_gmt":"2015-11-29T15:43:12","slug":"2013-2","status":"publish","type":"page","link":"https:\/\/kylat.meitadev.fi\/aitsaari\/kylayhdistys\/vuosikertomukset\/2013-2\/","title":{"rendered":"2013"},"content":{"rendered":"<p><strong>Toiminta vuoden aikana<\/strong><\/p>\n<p>Perinteiset yst\u00e4v\u00e4np\u00e4iv\u00e4n karaokeiltamat j\u00e4rjestettiin Kyl\u00e4tuvalla 16.2.2013. Tapahtumassa esiintyi mm. \u00c4itsaaren Sonnikuoro ja lauluyhtye Hemaisevat Hiehot. Kyl\u00e4yhdistys tarjosi kahvia ja pient\u00e4 naposteltavaa.<\/p>\n<p>Kev\u00e4\u00e4n tanssiretki Iiti\u00e4n lavalle oli m\u00e4\u00e4r\u00e4 j\u00e4rjest\u00e4\u00e4 11.5. mutta retki ei toteutunut osanottajapulan takia.<\/p>\n<p>Osallistuimme t\u00e4n\u00e4kin vuonna kylien v\u00e4liseen k\u00e4velykilpailuun. T\u00e4ll\u00e4 kertaa suorituksia kertyi hieman v\u00e4hemm\u00e4n kuin edellisen\u00e4 vuonna, 4\u00a0837 (4\u00a0959, ero -122).<\/p>\n<p>Kev\u00e4iset siivoustalkoot j\u00e4rjestettiin sek\u00e4 H\u00e4nnil\u00e4ss\u00e4 ett\u00e4 Kyl\u00e4tuvalla. Molemmissa paikoissa siivottiin pihaa ja ymp\u00e4rist\u00f6\u00e4 sek\u00e4 my\u00f6s sis\u00e4tiloja. Kyl\u00e4tuvalla h\u00e4vitettiin mm. tarpeetonta kalustoa ja vanhoja pulpetteja jaettiin veloituksetta halukkaille.<\/p>\n<p>Kyl\u00e4iltaa vietettiin Suikkalan lavalla lauantaina 13.7. Ohjelma rakentui totuttuun tapaan mets\u00e4stysseuran luontopolun, saappaanheiton ja Paavon karaoken ymp\u00e4rille. Lapset saivat testata taitojaan villasukanheitossa ja paikalle saapunut Narisen miniheppa-perhe ihastutti nuorison lis\u00e4ksi varttuneempaakin v\u00e4ke\u00e4. Muutaman vuoden tauon j\u00e4lkeen my\u00f6s kylien v\u00e4linen tietokilpailu palasi ohjelmaan. Voiton vei ylivoimaisesti Monnonkyl\u00e4n\/Savilahden joukkue. Muusta ohjelmasta vastasivat mm. Mika Hammaren, Minna Nousiainen Toimentuvasta sek\u00e4 Salme Muurikka joka esitteli Sininen Haapavesi- hanketta. J\u00e4rjestelyihin osallistui kyl\u00e4yhdistyksen lis\u00e4ksi mets\u00e4stysseura ja Rajun \u00c4itsaaren osasto. Juontajana toimi Kimmo Tiilikainen. Illan kulut katettiin p\u00e4\u00e4osin arpajaisilla.<\/p>\n<p>\u00c4itsaari-kierros toteutettiin paikallisten yritt\u00e4jien toimesta sunnuntaina 21.7. Kyl\u00e4tupa toimi \u00c4itsaari-kierroksen yhten\u00e4 kohteena ja infopisteen\u00e4.<\/p>\n<p>Kyl\u00e4yhdistyksen mato-onkikilpailut j\u00e4rjestettiin H\u00e4rski\u00e4n patotiell\u00e4 2.8.<\/p>\n<p>Kyl\u00e4yhdistyksen ja Rajun yhteinen talkoov\u00e4en saunailta pidettiin 6.9. Kes\u00e4rannan lomamajat tarjosi saunan ja kyl\u00e4yhdistys pient\u00e4 iltapalaa ja virvokkeita.<\/p>\n<p>Tallinnan hotellimatka yhdess\u00e4 Rajulaisten kanssa toteutettiin 1. &#8211; 2.11. T\u00e4ll\u00e4 kertaa y\u00f6vyimme Hotelli Virussa ja yhteinen illallinen nautittiin Le Chateau \u2013musket\u00f6\u00f6ri-ravintolassa. Retki on saavuttanut niin suuren suosion ett\u00e4 t\u00e4n\u00e4 vuonna kaikki halukkaat eiv\u00e4t mahtuneet mukaan!<\/p>\n<p>Kyl\u00e4yhdistys osallistui H\u00e4nnil\u00e4n seurojentalolla 16.11. pidettyjen Hirvi-iltamien j\u00e4rjestelyihin. Ilta alkoi hirvimiesten tarjoamalla keitolla ja jatkui kunnon iltamien tapaan pienell\u00e4 ohjelmalla, arpajaisilla ja karaoketansseilla. My\u00f6s Raju osallistui j\u00e4rjestelyihin.<\/p>\n<p>Er\u00e4tulet ja joulurauhan julistus j\u00e4rjestettiin H\u00e4nnil\u00e4n kodalla 20.12. Kyl\u00e4yhdistys tarjosi puuroa, makkaraa, gl\u00f6gi\u00e4 ja pipareita.<\/p>\n<p><strong>J\u00e4senet<\/strong><\/p>\n<p>Yhdistyksess\u00e4 on 109 henkil\u00f6j\u00e4sent\u00e4 ja 19 perhej\u00e4sent\u00e4. J\u00e4senmaksuja kertyi yhteens\u00e4 1\u00a0413,00 euroa.<\/p>\n<p><strong>Saadut avustukset<\/strong><\/p>\n<p>Ruokolahden kunnalta saatiin yleisavustusta 150,00. Muita avustettavia hankintoja ei tehty vuonna 2013.<\/p>\n<p><strong>Muuta<\/strong><\/p>\n<p>Kyl\u00e4yhdistys vuokraa astiastoa pient\u00e4 korvausta vastaan. Tuloja astiastosta saatiin 172,50 euroa. Astiastoon hankittiin joitakin t\u00e4ydennysosia kirpputoreilta.<\/p>\n<p>Kyl\u00e4tuvalla j\u00e4rjestettiin vuoden aikana useita kokouksia. Mets\u00e4stysseuran sis\u00e4ampumarata on talvikaudella aktiivisessa k\u00e4yt\u00f6ss\u00e4. Kyl\u00e4tuvalla kokoontuu my\u00f6s jumpparyhm\u00e4 ja kuntosalilaitteillakin on satunnaisia k\u00e4ytt\u00e4ji\u00e4. Kyl\u00e4yhdistys huolehtii kyl\u00e4tuvan yleissiivouksesta.<\/p>\n<p><strong>Kokoukset ja tiedotteet<\/strong><\/p>\n<p>Kyl\u00e4yhdistyksen yleiset kokoukset pidettiin 25.4. ja 9.12. Hallitus kokoontui kaksi kertaa. Kyl\u00e4tiedotteita julkaistiin yksi.<\/p>\n<p><strong>Tilikauden tulos<\/strong><\/p>\n<p><strong>\u00a0<\/strong>Tilikauden ylij\u00e4\u00e4m\u00e4 on 1\u00a0305,28 \u20ac.<\/p>\n<p><strong>Toimihenkil\u00f6t<\/strong><strong>\u00a0<\/strong><\/p>\n<p>Puheenjohtaja: \u00a0Sirpa Monto<\/p>\n<p>Varapuheenjohtaja: Erja Liukka<\/p>\n<p>Sihteeri\/rahastonhoitaja: Ritva Varis<\/p>\n<p>Muut johtokunnan j\u00e4senet:\u00a0Olavi Hannula, Hanna Kivioja, Elina Ronkonen,\u00a0Pekka Niemel\u00e4inen,\u00a0Oiva J\u00e4ppinen ja Rauno Savolainen<\/p>\n<p>Varaj\u00e4senet: Jouko Savolainen ja Risto Ronkonen<\/p>\n<p>Tilintarkastajat:<\/p>\n<p>Raimo Kuosma (Riitta Kuosma) ja Reijo H\u00e4nninen (Helena Siki\u00f6)<\/p>\n","protected":false},"excerpt":{"rendered":"<p>Toiminta vuoden aikana Perinteiset yst\u00e4v\u00e4np\u00e4iv\u00e4n karaokeiltamat j\u00e4rjestettiin Kyl\u00e4tuvalla 16.2.2013. Tapahtumassa esiintyi mm. \u00c4itsaaren Sonnikuoro ja lauluyhtye Hemaisevat Hiehot. Kyl\u00e4yhdistys tarjosi kahvia ja pient\u00e4 naposteltavaa. Kev\u00e4\u00e4n tanssiretki Iiti\u00e4n lavalle oli m\u00e4\u00e4r\u00e4 j\u00e4rjest\u00e4\u00e4 11.5. mutta retki ei toteutunut osanottajapulan takia. Osallistuimme t\u00e4n\u00e4kin vuonna kylien v\u00e4liseen k\u00e4velykilpailuun. T\u00e4ll\u00e4 kertaa suorituksia kertyi hieman v\u00e4hemm\u00e4n kuin edellisen\u00e4 vuonna, 4\u00a0837 (4\u00a0959, &hellip; <a href=\"https:\/\/kylat.meitadev.fi\/aitsaari\/kylayhdistys\/vuosikertomukset\/2013-2\/\" class=\"more-link\">Continue reading <span class=\"screen-reader-text\">2013<\/span><\/a><\/p>\n","protected":false},"author":127,"featured_media":0,"parent":454,"menu_order":0,"comment_status":"closed","ping_status":"closed","template":"","meta":{"footnotes":""},"_links":{"self":[{"href":"https:\/\/kylat.meitadev.fi\/aitsaari\/wp-json\/wp\/v2\/pages\/1006"}],"collection":[{"href":"https:\/\/kylat.meitadev.fi\/aitsaari\/wp-json\/wp\/v2\/pages"}],"about":[{"href":"https:\/\/kylat.meitadev.fi\/aitsaari\/wp-json\/wp\/v2\/types\/page"}],"author":[{"embeddable":true,"href":"https:\/\/kylat.meitadev.fi\/aitsaari\/wp-json\/wp\/v2\/users\/127"}],"replies":[{"embeddable":true,"href":"https:\/\/kylat.meitadev.fi\/aitsaari\/wp-json\/wp\/v2\/comments?post=1006"}],"version-history":[{"count":4,"href":"https:\/\/kylat.meitadev.fi\/aitsaari\/wp-json\/wp\/v2\/pages\/1006\/revisions"}],"predecessor-version":[{"id":1010,"href":"https:\/\/kylat.meitadev.fi\/aitsaari\/wp-json\/wp\/v2\/pages\/1006\/revisions\/1010"}],"up":[{"embeddable":true,"href":"https:\/\/kylat.meitadev.fi\/aitsaari\/wp-json\/wp\/v2\/pages\/454"}],"wp:attachment":[{"href":"https:\/\/kylat.meitadev.fi\/aitsaari\/wp-json\/wp\/v2\/media?parent=1006"}],"curies":[{"name":"wp","href":"https:\/\/api.w.org\/{rel}","templated":true}]}}