{"id":1011,"date":"2015-11-29T15:43:38","date_gmt":"2015-11-29T15:43:38","guid":{"rendered":"https:\/\/kylat.meitadev.fi\/aitsaari\/?page_id=1011"},"modified":"2015-11-29T15:47:19","modified_gmt":"2015-11-29T15:47:19","slug":"2014-2","status":"publish","type":"page","link":"https:\/\/kylat.meitadev.fi\/aitsaari\/kylayhdistys\/vuosikertomukset\/2014-2\/","title":{"rendered":"2014"},"content":{"rendered":"<p><strong>Toiminta vuoden aikana<\/strong><\/p>\n<p>Toimintavuosi oli suunniteltu k\u00e4ynnistett\u00e4v\u00e4ksi pilkkikilpailuilla mutta yhteensattumien vuoksi tapahtuma j\u00e4i j\u00e4rjest\u00e4m\u00e4tt\u00e4.<\/p>\n<p>Kyl\u00e4karaoke j\u00e4rjestettiin lauantaina 3.5. yhteisty\u00f6n\u00e4 Kahvila Hertan kanssa ja tapahtumapaikkana oli vappuasuun puettu navetan vintti. Kahvila Hertan v\u00e4ki tarjosi kahvit ja kyl\u00e4yhdistys pient\u00e4 naposteltavaa ja grillimakkaraa. Koleahko kev\u00e4ts\u00e4\u00e4 hieman verotti tapahtumaa mutta siit\u00e4 huolimatta paikalla oli mukava joukko laulajia.<\/p>\n<p>Osallistuimme kylien v\u00e4liseen k\u00e4velykilpailuun ja sijoituimme nelj\u00e4nneksi. Suorituksia kertyi 4532 mik\u00e4 on n. 300 v\u00e4hemm\u00e4n kuin edellisen\u00e4 vuonna.<\/p>\n<p>Kev\u00e4\u00e4n siivousp\u00e4iv\u00e4 Kyl\u00e4tuvalla pidettiin 28.4. Samalla suunniteltiin ison luokan ehostamista maalaamalla. Tilasta poistettiin mm. liitu- ja ilmoitustaulu, paklattiin seiniss\u00e4 olevat rei\u00e4t ja maalattiin sein\u00e4t ja patterit. Projekti toteutettiin talkoovoimin ja tarvikkeet saatiin kunnalta.<\/p>\n<p>Kyl\u00e4ilta Suikkalan lavalla j\u00e4rjestettiin 13.7. t\u00e4ll\u00e4kin kertaa yhteisty\u00f6n\u00e4 Rajun \u00c4itsaaren osaston ja Mets\u00e4stysseuran kanssa. Luontopolku teht\u00e4v\u00e4rasteineen ker\u00e4si totuttuun tapaan ruuhkaksi asti osallistujia ja saappaanheiton sijaan t\u00e4n\u00e4 vuonna p\u00e4\u00e4si kokeilemaan hein\u00e4seip\u00e4\u00e4n heittoa. Lapsille oli tarjolla mm. poniajelua, leikkipiste ja kasvomaalausta. Toimentuvan Minna Nousiainen esitteli tuotteitaan lavalla ja Paavo laulatti kansaa terassilla. Kylien v\u00e4lisen tietokilpailun voiton vei t\u00e4n\u00e4 vuonna H\u00e4nnil\u00e4. Illan kulut katettiin arpajaisilla ja kahvion\/grillin tuotoilla.<\/p>\n<p>Suoramyyntitapahtuma \u00c4itsaari-kierros j\u00e4rjestettiin sunnuntaina 20.7. ja kyl\u00e4tupa toimi yhten\u00e4 kohteena ja kierroksen info-pisteen\u00e4.<\/p>\n<p>T\u00e4m\u00e4n vuoden tanssiretki suuntautui Puumalaan Siltakemmakoihin ja tapahtumap\u00e4iv\u00e4 oli 1.8. Retki j\u00e4rjestettiin yhdess\u00e4 Rajun \u00c4itsaaren osaston kanssa.<\/p>\n<p>Kev\u00e4\u00e4ll\u00e4 pit\u00e4m\u00e4tt\u00e4 j\u00e4\u00e4neet pilkkikilpailut korvattiin mato-onkikilpailuilla ja ne pidettiin H\u00e4rski\u00e4n patotiell\u00e4 15.8.<\/p>\n<p>28.9. kyl\u00e4yhdistys osallistui Kahvila Hertan sadonkorjuutapahtumaan j\u00e4rjest\u00e4m\u00e4ll\u00e4 kahvion.<\/p>\n<p>Hotellimatka Tallinnaan toteutettiin 24. \u2013 26.10. aikaisemmasta poiketen siten, ett\u00e4 perill\u00e4 oltiin kaksi y\u00f6t\u00e4. Majoituimme hotelli Viruun ja yhteinen illallinen nautittiin Pippuris\u00e4kiss\u00e4. Kokeilu sai hyv\u00e4n vastaanoton vaikkakin osaltaan my\u00f6s hieman v\u00e4hensi osallistujia.<\/p>\n<p>Rajun \u00c4itsaaren osasto vietti 80-vuotisjuhliaan H\u00e4nnil\u00e4n talolla 15.11. Samassa yhteydess\u00e4 j\u00e4rjestettiin my\u00f6s hirvi-iltamat. Raju tarjosi tanssit Muistelo-orkesterin tahdissa, hirvimiehet keiton ja kyl\u00e4yhdistys j\u00e4rjesti arpajaiset.<\/p>\n<p>Er\u00e4tulet j\u00e4rjestettiin jouluisena puurohetken\u00e4 yhdess\u00e4 Kahvila Hertan kanssa sunnuntaina 21.12. Kahvila Hertta tarjosi puuroa ja kyl\u00e4yhdistys gl\u00f6gi\u00e4, pipareita ja makkaraa.<\/p>\n<p><strong>J\u00e4senet\u00a0<\/strong><\/p>\n<p>Yhdistyksess\u00e4 on 111 henkil\u00f6j\u00e4sent\u00e4 ja 22 perhej\u00e4sent\u00e4. J\u00e4senmaksuja kertyi yhteens\u00e4 \u00a01\u00a0217,00 euroa.<\/p>\n<p><strong>Saadut avustukset<\/strong><\/p>\n<p>Ruokolahden kunnalta saatiin yleisavustusta 150,00 ja sek\u00e4 kyl\u00e4toiminta-avustuksen kautta maalaustarvikkeet ja kyl\u00e4tiedotteiden kopiointi.<\/p>\n<p><strong>Muuta<\/strong><\/p>\n<p>Kyl\u00e4yhdistykselle kertyi vuokratuloja astiastosta ja muusta kalustosta 245,00. Astiastoon hankittiin t\u00e4ydennyst\u00e4 kirpputoreilta. Kyl\u00e4tuvalle hankittiin uusi s\u00e4hk\u00f6hella ja lahjoituksena saatiin kylm\u00e4kalusteita.<\/p>\n<p>Vuoden aikana kyl\u00e4tuvalla pidettiin useita kokouksia ja j\u00e4rjestettiin muutama yksityistilaisuus. Talvikaudella mets\u00e4stysseuran sis\u00e4ampumarata oli ahkerassa k\u00e4yt\u00f6ss\u00e4 ja jumpparyhm\u00e4 kokoontui kerran viikossa. My\u00f6s kuntosalilaitteilla oli k\u00e4ytt\u00e4ji\u00e4 ja muutama biljardinpelaajakin kirjasi k\u00e4yntins\u00e4 kyl\u00e4tuvalla.<\/p>\n<p>Puheenjohtaja ja sihteeri k\u00e4viv\u00e4t kuuntelemassa Etel\u00e4-Karjalan Kyl\u00e4t ry:n esittely\u00e4 kyl\u00e4avustajatoiminnasta.<\/p>\n<p><strong>Kokoukset ja tiedottaminen<\/strong><\/p>\n<p>Kyl\u00e4yhdistyksen yleiset kokoukset pidettiin 16.4. ja 7.12. Hallitus kokoontui kolme kertaa. Kyl\u00e4tiedotteita julkaistiin yksi ja tapahtumailmoitukset julkaistiin Uutisvuoksen seurapalstalla. Lis\u00e4ksi Kyl\u00e4yhdistys yll\u00e4pit\u00e4\u00e4 omia kotisivuja.<\/p>\n<p><strong>Tilikauden tulos<\/strong><\/p>\n<p><strong>\u00a0<\/strong>Tilikauden ylij\u00e4\u00e4m\u00e4 on 201,97 \u20ac.<\/p>\n<p><strong>Toimihenkil\u00f6t <\/strong><\/p>\n<p>Puheenjohtaja: Sirpa Monto<\/p>\n<p>Varapuheenjohtaja: Erja Liukka<\/p>\n<p>Sihteeri\/rahastonhoitaja: Ritva Varis<\/p>\n<p>Muut johtokunnan j\u00e4senet:\u00a0Olavi Hannula, Hanna Kivioja,\u00a0Elina Ronkonen, \u00a0 \u00a0 \u00a0 \u00a0 \u00a0 \u00a0 \u00a0 \u00a0 Pekka Niemel\u00e4inen, Oiva J\u00e4ppinen ja Rauno Savolainen<\/p>\n<p>Varaj\u00e4senet:\u00a0\u00a0Jouko Savolainen ja Risto Ronkonen<\/p>\n<p>Tilintarkastajat:<\/p>\n<p>Raimo Kuosma (Riitta Kuosma) \u00a0ja Reijo H\u00e4nninen (Helena Siki\u00f6)<\/p>\n","protected":false},"excerpt":{"rendered":"<p>Toiminta vuoden aikana Toimintavuosi oli suunniteltu k\u00e4ynnistett\u00e4v\u00e4ksi pilkkikilpailuilla mutta yhteensattumien vuoksi tapahtuma j\u00e4i j\u00e4rjest\u00e4m\u00e4tt\u00e4. Kyl\u00e4karaoke j\u00e4rjestettiin lauantaina 3.5. yhteisty\u00f6n\u00e4 Kahvila Hertan kanssa ja tapahtumapaikkana oli vappuasuun puettu navetan vintti. Kahvila Hertan v\u00e4ki tarjosi kahvit ja kyl\u00e4yhdistys pient\u00e4 naposteltavaa ja grillimakkaraa. Koleahko kev\u00e4ts\u00e4\u00e4 hieman verotti tapahtumaa mutta siit\u00e4 huolimatta paikalla oli mukava joukko laulajia. Osallistuimme kylien &hellip; <a href=\"https:\/\/kylat.meitadev.fi\/aitsaari\/kylayhdistys\/vuosikertomukset\/2014-2\/\" class=\"more-link\">Continue reading <span class=\"screen-reader-text\">2014<\/span><\/a><\/p>\n","protected":false},"author":127,"featured_media":0,"parent":454,"menu_order":0,"comment_status":"closed","ping_status":"closed","template":"","meta":{"footnotes":""},"_links":{"self":[{"href":"https:\/\/kylat.meitadev.fi\/aitsaari\/wp-json\/wp\/v2\/pages\/1011"}],"collection":[{"href":"https:\/\/kylat.meitadev.fi\/aitsaari\/wp-json\/wp\/v2\/pages"}],"about":[{"href":"https:\/\/kylat.meitadev.fi\/aitsaari\/wp-json\/wp\/v2\/types\/page"}],"author":[{"embeddable":true,"href":"https:\/\/kylat.meitadev.fi\/aitsaari\/wp-json\/wp\/v2\/users\/127"}],"replies":[{"embeddable":true,"href":"https:\/\/kylat.meitadev.fi\/aitsaari\/wp-json\/wp\/v2\/comments?post=1011"}],"version-history":[{"count":3,"href":"https:\/\/kylat.meitadev.fi\/aitsaari\/wp-json\/wp\/v2\/pages\/1011\/revisions"}],"predecessor-version":[{"id":1014,"href":"https:\/\/kylat.meitadev.fi\/aitsaari\/wp-json\/wp\/v2\/pages\/1011\/revisions\/1014"}],"up":[{"embeddable":true,"href":"https:\/\/kylat.meitadev.fi\/aitsaari\/wp-json\/wp\/v2\/pages\/454"}],"wp:attachment":[{"href":"https:\/\/kylat.meitadev.fi\/aitsaari\/wp-json\/wp\/v2\/media?parent=1011"}],"curies":[{"name":"wp","href":"https:\/\/api.w.org\/{rel}","templated":true}]}}