{"id":1102,"date":"2016-09-27T06:41:40","date_gmt":"2016-09-27T06:41:40","guid":{"rendered":"https:\/\/kylat.meitadev.fi\/aitsaari\/?page_id=1102"},"modified":"2016-09-27T07:04:56","modified_gmt":"2016-09-27T07:04:56","slug":"2015-2","status":"publish","type":"page","link":"https:\/\/kylat.meitadev.fi\/aitsaari\/kylayhdistys\/vuosikertomukset\/2015-2\/","title":{"rendered":"2015"},"content":{"rendered":"<h3>Toiminta vuoden aikana<\/h3>\n<p>Toimintavuosi k\u00e4ynnistyi Maatilamatkailu-pitopalvelu Hertan laskiaistapahtumassa 15.2.2015. Kyl\u00e4yhdistys j\u00e4rjesti tapahtumaan kahvion. Kahvion tuotto lahjoitettiin Hertalle kattamaan ilmoituskuluja.<\/p>\n<p>Kyl\u00e4karaoke j\u00e4rjestettiin t\u00e4n\u00e4 vuonna Naistenp\u00e4iv\u00e4n merkeiss\u00e4 lauantaina 7.3. Kyl\u00e4yhdistys tarjosi kahvia ja pient\u00e4 naposteltavaa sek\u00e4 ruusut naisille. N\u00e4htiinp\u00e4 paikalla muutama \u201dnaisellisesti\u201d pukeutunutkin\u2026<\/p>\n<p>Kev\u00e4\u00e4n siivousp\u00e4iv\u00e4 Kyl\u00e4tuvalla pidettiin 11.5. Pihan siivouksen lis\u00e4ksi k\u00e4ytiin l\u00e4pi koko astiasto. Astiat lajiteltiin, laskettiin ja pakattiin uudelleen tavoitteena helpottaa k\u00e4ytt\u00e4ji\u00e4 vuokraustilanteessa. Pakkausta varten hankittiin uusia laatikoita ja kaappiin asennettiin lis\u00e4hyllyj\u00e4.<\/p>\n<p>Toukokuun 24. p\u00e4iv\u00e4 j\u00e4rjestettiin retki Lemin kotiseutumuseon S\u00e4r\u00e4tuvalle ja paikan p\u00e4\u00e4ll\u00e4 nautittiin tietenkin perinteinen s\u00e4r\u00e4lounas. Kyl\u00e4yhdistys j\u00e4rjesti kuljetuksen, muuten ruokailu tapahtui omalla kustannuksella.<\/p>\n<p>Suoramyyntitapahtuma \u00c4itsaari-kierros j\u00e4rjestettiin sunnuntaina 19.7. Kyl\u00e4tupa toimi yhten\u00e4 kohteena ja kierroksen info-pisteen\u00e4.<\/p>\n<p>Perinteinen kyl\u00e4ilta Suikkalan lavalla j\u00e4rjestettiin yhteisty\u00f6n\u00e4 Rajun \u00c4itsaaren osaston ja Mets\u00e4stysseuran kanssa 1.8. Poikkeuksellisesta ajankohdasta johtuen osallistujia oli hieman aikaisempia vuosia v\u00e4hemm\u00e4n mutta siit\u00e4 huolimatta Mets\u00e4stysseuran teht\u00e4v\u00e4rasteilla riitti v\u00e4ke\u00e4 jonoksi asti. Ohjelmassa oli mm. Toimentuvan Minna Nousiaisen organisoima muotin\u00e4yt\u00f6s ja tuotemyyntipiste sek\u00e4 kylien v\u00e4linen tietokilpailu mink\u00e4 voiton vei t\u00e4n\u00e4 vuonna Kurjalan joukkue. Lapsille oli j\u00e4rjestetty leikkipiste ja Narisen miniheppa k\u00e4yskenteli taputeltavana pihamaalla. Viihteest\u00e4 vastasi t\u00e4n\u00e4kin vuonna Paavo karaokelaitteineen. Kyl\u00e4illan kulut katettiin arpajaisilla ja kahvion\/grillin tuotoilla.<\/p>\n<p>Enn\u00e4tysm\u00e4\u00e4r\u00e4n osallistujia ja yleis\u00f6\u00e4 ker\u00e4nneet onkikilpailut pidettiin H\u00e4rski\u00e4n patotiell\u00e4 14.8. Sarjoja oli kaksi, yleinen ja nuoret ja koko kisan voittaja l\u00f6ytyi t\u00e4n\u00e4 vuonna nuorten sarjasta.<\/p>\n<p>Syksyll\u00e4 kyl\u00e4yhdistys osallistui Kahvila Hertan sadonkorjuutapahtumaan j\u00e4rjest\u00e4m\u00e4ll\u00e4 kahvion.<\/p>\n<p>Kylien v\u00e4linen k\u00e4velykilpailu k\u00e4ytiin t\u00e4n\u00e4 vuonna uudistetuilla s\u00e4\u00e4nn\u00f6ill\u00e4. \u00c4itsaari kasvatti eniten suoritusten m\u00e4\u00e4r\u00e4\u00e4 ja selvisi kilpailun voittajaksi.<\/p>\n<p>Hotellimatkalle suunnattiin 23.10. ja perill\u00e4 Tallinnassa oltiin kaksi y\u00f6t\u00e4. Majapaikkana toimi hotelli Viru. Lauantaina vierailtiin Sakun tehtaalla ja yhteinen illallinen nautittiin keskiajan hengess\u00e4 ravintola Olde Hansassa.<\/p>\n<p>Er\u00e4tulille kokoonnuttiin H\u00e4nnil\u00e4n kodalle 18.12., t\u00e4ll\u00e4 kertaa vesisateessa. Kyl\u00e4yhdistys tarjosi puuroa, gl\u00f6gi\u00e4, pipareita ja makkaraa.<\/p>\n<p><strong>J\u00e4senet\u00a0<\/strong><\/p>\n<p>Yhdistyksess\u00e4 on 107 henkil\u00f6j\u00e4sent\u00e4 ja 25 perhej\u00e4sent\u00e4. J\u00e4senmaksuja kertyi yhteens\u00e4\u00a0 1\u00a0249,00 euroa.<\/p>\n<p><strong>Saadut avustukset<\/strong><\/p>\n<p>Ruokolahden kunnalta saatiin yleisavustusta 150,00. Kyl\u00e4toiminta-avustuksella teetettiin Kyl\u00e4tuvan keitti\u00f6\u00f6n mittatilausty\u00f6n\u00e4 ty\u00f6taso.<\/p>\n<p><strong>Muuta\u00a0<\/strong><\/p>\n<p>Kyl\u00e4yhdistys vuokraa astiastoa ja muuta kalustoa. Astiastoa t\u00e4ydennettiin vuoden aikana mm. kuohuviinilaseilla ja aterimilla sek\u00e4 s\u00e4ilytyslaatikoilla. Vuokratuloja kertyi yhteens\u00e4 162 euroa.<\/p>\n<p>Kyl\u00e4tuvalla sijaitseva mets\u00e4stysseuran sis\u00e4ampumarata on s\u00e4\u00e4nn\u00f6llisess\u00e4 k\u00e4yt\u00f6ss\u00e4 ja kuntosalilaitteillakin on satunnaisia k\u00e4ytt\u00e4ji\u00e4. Jumppapiiri kokoontuu kyl\u00e4tuvalla talvikaudella kerran viikossa. Kyl\u00e4tuvalla j\u00e4rjestet\u00e4\u00e4n vuosittain my\u00f6s lukuisia kokouksia sek\u00e4 joitakin yksityistilaisuuksia.<\/p>\n<p><strong>Kokoukset ja tiedottaminen<\/strong><\/p>\n<p>Kyl\u00e4yhdistyksen yleiset kokoukset pidettiin 7.5. ja 2.12. Hallitus kokoontui kaksi kertaa. Kyl\u00e4tiedotteita julkaistiin yksi ja tapahtumailmoitukset julkaistiin Uutisvuoksen seurapalstalla. Lis\u00e4ksi Kyl\u00e4yhdistys yll\u00e4pit\u00e4\u00e4 omia kotisivuja.<\/p>\n<h3>Tilikauden tulos<\/h3>\n<p>Tilikauden ylij\u00e4\u00e4m\u00e4 on 1\u00a0139,40 \u20ac.<\/p>\n<p><strong>Toimihenkil\u00f6t <\/strong><\/p>\n<p>Puheenjohtaja\u00a0\u00a0\u00a0\u00a0\u00a0\u00a0\u00a0\u00a0\u00a0\u00a0\u00a0\u00a0\u00a0\u00a0\u00a0\u00a0\u00a0\u00a0\u00a0\u00a0 Sirpa Monto<\/p>\n<p>Varapuheenjohtaja\u00a0\u00a0\u00a0\u00a0\u00a0\u00a0\u00a0\u00a0\u00a0\u00a0\u00a0\u00a0 Erja Liukka<\/p>\n<p>Sihteeri\/rahastonhoitaja\u00a0\u00a0\u00a0\u00a0\u00a0 Ritva Varis<\/p>\n<p>Muut johtokunnan j\u00e4senet:<\/p>\n<p>Olavi Hannula\u00a0\u00a0\u00a0\u00a0\u00a0\u00a0\u00a0\u00a0\u00a0\u00a0\u00a0\u00a0\u00a0 \u00a0\u00a0\u00a0\u00a0\u00a0\u00a0 Hanna Kivioja<\/p>\n<p>Elina Ronkonen\u00a0\u00a0\u00a0\u00a0\u00a0\u00a0\u00a0\u00a0\u00a0\u00a0\u00a0\u00a0\u00a0\u00a0\u00a0\u00a0\u00a0 Pekka Niemel\u00e4inen<\/p>\n<p>Oiva J\u00e4ppinen\u00a0\u00a0\u00a0\u00a0\u00a0\u00a0\u00a0\u00a0\u00a0\u00a0\u00a0\u00a0\u00a0\u00a0\u00a0\u00a0\u00a0\u00a0\u00a0 Rauno Savolainen<\/p>\n<p>varalla Jouko Savolainen ja Risto Ronkonen<\/p>\n<p>Tilintarkastajat:<\/p>\n<p>Raimo Kuosma (Riitta)\u00a0\u00a0\u00a0\u00a0\u00a0\u00a0 Reijo H\u00e4nninen (Helena Siki\u00f6)<\/p>\n","protected":false},"excerpt":{"rendered":"<p>Toiminta vuoden aikana Toimintavuosi k\u00e4ynnistyi Maatilamatkailu-pitopalvelu Hertan laskiaistapahtumassa 15.2.2015. Kyl\u00e4yhdistys j\u00e4rjesti tapahtumaan kahvion. Kahvion tuotto lahjoitettiin Hertalle kattamaan ilmoituskuluja. Kyl\u00e4karaoke j\u00e4rjestettiin t\u00e4n\u00e4 vuonna Naistenp\u00e4iv\u00e4n merkeiss\u00e4 lauantaina 7.3. Kyl\u00e4yhdistys tarjosi kahvia ja pient\u00e4 naposteltavaa sek\u00e4 ruusut naisille. N\u00e4htiinp\u00e4 paikalla muutama \u201dnaisellisesti\u201d pukeutunutkin\u2026 Kev\u00e4\u00e4n siivousp\u00e4iv\u00e4 Kyl\u00e4tuvalla pidettiin 11.5. Pihan siivouksen lis\u00e4ksi k\u00e4ytiin l\u00e4pi koko astiasto. Astiat lajiteltiin, &hellip; <a href=\"https:\/\/kylat.meitadev.fi\/aitsaari\/kylayhdistys\/vuosikertomukset\/2015-2\/\" class=\"more-link\">Continue reading <span class=\"screen-reader-text\">2015<\/span><\/a><\/p>\n","protected":false},"author":127,"featured_media":0,"parent":454,"menu_order":0,"comment_status":"closed","ping_status":"closed","template":"","meta":{"footnotes":""},"_links":{"self":[{"href":"https:\/\/kylat.meitadev.fi\/aitsaari\/wp-json\/wp\/v2\/pages\/1102"}],"collection":[{"href":"https:\/\/kylat.meitadev.fi\/aitsaari\/wp-json\/wp\/v2\/pages"}],"about":[{"href":"https:\/\/kylat.meitadev.fi\/aitsaari\/wp-json\/wp\/v2\/types\/page"}],"author":[{"embeddable":true,"href":"https:\/\/kylat.meitadev.fi\/aitsaari\/wp-json\/wp\/v2\/users\/127"}],"replies":[{"embeddable":true,"href":"https:\/\/kylat.meitadev.fi\/aitsaari\/wp-json\/wp\/v2\/comments?post=1102"}],"version-history":[{"count":6,"href":"https:\/\/kylat.meitadev.fi\/aitsaari\/wp-json\/wp\/v2\/pages\/1102\/revisions"}],"predecessor-version":[{"id":1111,"href":"https:\/\/kylat.meitadev.fi\/aitsaari\/wp-json\/wp\/v2\/pages\/1102\/revisions\/1111"}],"up":[{"embeddable":true,"href":"https:\/\/kylat.meitadev.fi\/aitsaari\/wp-json\/wp\/v2\/pages\/454"}],"wp:attachment":[{"href":"https:\/\/kylat.meitadev.fi\/aitsaari\/wp-json\/wp\/v2\/media?parent=1102"}],"curies":[{"name":"wp","href":"https:\/\/api.w.org\/{rel}","templated":true}]}}