{"id":159,"date":"2012-10-24T08:59:42","date_gmt":"2012-10-24T08:59:42","guid":{"rendered":"https:\/\/kylat.meitadev.fi\/aitsaari\/?page_id=159"},"modified":"2013-07-23T06:24:36","modified_gmt":"2013-07-23T06:24:36","slug":"ruokolahti-palkinto-2012","status":"publish","type":"page","link":"https:\/\/kylat.meitadev.fi\/aitsaari\/aitsaari-kierros\/ruokolahti-palkinto-2012\/","title":{"rendered":"Ruokolahti-palkinto 2012"},"content":{"rendered":"<p><a href=\"https:\/\/kylat.meitadev.fi\/aitsaari\/wp-content\/uploads\/sites\/49\/2012\/10\/PA132240.jpg\"><img loading=\"lazy\" decoding=\"async\" class=\"size-full wp-image-212 alignleft\" src=\"https:\/\/kylat.meitadev.fi\/aitsaari\/wp-content\/uploads\/sites\/49\/2012\/10\/PA132240.jpg\" alt=\"\" width=\"294\" height=\"217\" \/><\/a>Ruokolahden kunta my\u00f6nt\u00e4\u00e4 vuosittain ns. Ruokolahti-palkinnon. Palkintoa on jaettu vuodesta 1983 ja palkinto my\u00f6nnet\u00e4\u00e4n ansioituneelle ruokolahtelaiselle henkil\u00f6lle, yritykselle tai yhteis\u00f6lle jonka toiminta luo my\u00f6nteist\u00e4 kuvaa ruokolahtelaisuudesta.<\/p>\n<p>T\u00e4n\u00e4 vuonna palkinto on my\u00f6nnetty \u00c4itsaari-kierrokselle.<\/p>\n<p>Palkinnon vastaanottivat \u00c4itsaaren Kyl\u00e4t ry:n puheenjohtaja Sirpa Monto ja kierroksella alusta saakka mukana ollut Esko Liutu.<\/p>\n<p>Kiitospuheessaan Sirpa Monto korosti: Vaikka palkinto luovutettiin kyl\u00e4yhdistykselle ja palkintoa oli vastaanottamassa vain kaksi henkil\u00f6\u00e4,\u00a0kiitos kuuluu kaikille vuosien saatossa \u00c4itsaari-kierroksen toteuttamisessa mukana olleille, meille kaikille.<\/p>\n<p><a href=\"https:\/\/kylat.meitadev.fi\/aitsaari\/wp-content\/uploads\/sites\/49\/2012\/10\/P1062339.jpg\"><img loading=\"lazy\" decoding=\"async\" class=\"aligncenter size-full wp-image-419\" src=\"https:\/\/kylat.meitadev.fi\/aitsaari\/wp-content\/uploads\/sites\/49\/2012\/10\/P1062339.jpg\" alt=\"\" width=\"298\" height=\"385\" \/><\/a><\/p>\n","protected":false},"excerpt":{"rendered":"<p>Ruokolahden kunta my\u00f6nt\u00e4\u00e4 vuosittain ns. Ruokolahti-palkinnon. Palkintoa on jaettu vuodesta 1983 ja palkinto my\u00f6nnet\u00e4\u00e4n ansioituneelle ruokolahtelaiselle henkil\u00f6lle, yritykselle tai yhteis\u00f6lle jonka toiminta luo my\u00f6nteist\u00e4 kuvaa ruokolahtelaisuudesta. T\u00e4n\u00e4 vuonna palkinto on my\u00f6nnetty \u00c4itsaari-kierrokselle. Palkinnon vastaanottivat \u00c4itsaaren Kyl\u00e4t ry:n puheenjohtaja Sirpa Monto ja kierroksella alusta saakka mukana ollut Esko Liutu. Kiitospuheessaan Sirpa Monto korosti: Vaikka palkinto luovutettiin &hellip; <a href=\"https:\/\/kylat.meitadev.fi\/aitsaari\/aitsaari-kierros\/ruokolahti-palkinto-2012\/\" class=\"more-link\">Continue reading <span class=\"screen-reader-text\">Ruokolahti-palkinto 2012<\/span><\/a><\/p>\n","protected":false},"author":127,"featured_media":0,"parent":49,"menu_order":2,"comment_status":"closed","ping_status":"closed","template":"","meta":{"footnotes":""},"_links":{"self":[{"href":"https:\/\/kylat.meitadev.fi\/aitsaari\/wp-json\/wp\/v2\/pages\/159"}],"collection":[{"href":"https:\/\/kylat.meitadev.fi\/aitsaari\/wp-json\/wp\/v2\/pages"}],"about":[{"href":"https:\/\/kylat.meitadev.fi\/aitsaari\/wp-json\/wp\/v2\/types\/page"}],"author":[{"embeddable":true,"href":"https:\/\/kylat.meitadev.fi\/aitsaari\/wp-json\/wp\/v2\/users\/127"}],"replies":[{"embeddable":true,"href":"https:\/\/kylat.meitadev.fi\/aitsaari\/wp-json\/wp\/v2\/comments?post=159"}],"version-history":[{"count":12,"href":"https:\/\/kylat.meitadev.fi\/aitsaari\/wp-json\/wp\/v2\/pages\/159\/revisions"}],"predecessor-version":[{"id":161,"href":"https:\/\/kylat.meitadev.fi\/aitsaari\/wp-json\/wp\/v2\/pages\/159\/revisions\/161"}],"up":[{"embeddable":true,"href":"https:\/\/kylat.meitadev.fi\/aitsaari\/wp-json\/wp\/v2\/pages\/49"}],"wp:attachment":[{"href":"https:\/\/kylat.meitadev.fi\/aitsaari\/wp-json\/wp\/v2\/media?parent=159"}],"curies":[{"name":"wp","href":"https:\/\/api.w.org\/{rel}","templated":true}]}}