{"id":163,"date":"2012-10-24T09:28:39","date_gmt":"2012-10-24T09:28:39","guid":{"rendered":"https:\/\/kylat.meitadev.fi\/aitsaari\/?page_id=163"},"modified":"2018-08-19T07:30:38","modified_gmt":"2018-08-19T07:30:38","slug":"2010-2","status":"publish","type":"page","link":"https:\/\/kylat.meitadev.fi\/aitsaari\/2010-2\/","title":{"rendered":"2010"},"content":{"rendered":"<div id='gallery-1' class='gallery galleryid-163 gallery-columns-3 gallery-size-thumbnail'><figure class='gallery-item'>\n\t\t\t<div class='gallery-icon landscape'>\n\t\t\t\t<a href='https:\/\/kylat.meitadev.fi\/aitsaari\/2010-2\/olympus-digital-camera-25\/'><img loading=\"lazy\" decoding=\"async\" width=\"150\" height=\"113\" src=\"https:\/\/kylat.meitadev.fi\/aitsaari\/wp-content\/uploads\/sites\/49\/2012\/10\/P5140619.jpg\" class=\"attachment-thumbnail size-thumbnail\" alt=\"\" aria-describedby=\"gallery-1-270\" \/><\/a>\n\t\t\t<\/div>\n\t\t\t\t<figcaption class='wp-caption-text gallery-caption' id='gallery-1-270'>\n\t\t\t\tTalkoov\u00e4en saunailta 2010, aliupseerien maja\n\t\t\t\t<\/figcaption><\/figure><figure class='gallery-item'>\n\t\t\t<div class='gallery-icon landscape'>\n\t\t\t\t<a href='https:\/\/kylat.meitadev.fi\/aitsaari\/2010-2\/olympus-digital-camera-26\/'><img loading=\"lazy\" decoding=\"async\" width=\"150\" height=\"113\" src=\"https:\/\/kylat.meitadev.fi\/aitsaari\/wp-content\/uploads\/sites\/49\/2012\/10\/P5140620.jpg\" class=\"attachment-thumbnail size-thumbnail\" alt=\"\" aria-describedby=\"gallery-1-271\" \/><\/a>\n\t\t\t<\/div>\n\t\t\t\t<figcaption class='wp-caption-text gallery-caption' id='gallery-1-271'>\n\t\t\t\tTalkoov\u00e4en saunailta\n\t\t\t\t<\/figcaption><\/figure><figure class='gallery-item'>\n\t\t\t<div class='gallery-icon landscape'>\n\t\t\t\t<a href='https:\/\/kylat.meitadev.fi\/aitsaari\/2010-2\/olympus-digital-camera-27\/'><img loading=\"lazy\" decoding=\"async\" width=\"150\" height=\"113\" src=\"https:\/\/kylat.meitadev.fi\/aitsaari\/wp-content\/uploads\/sites\/49\/2012\/10\/P5140621.jpg\" class=\"attachment-thumbnail size-thumbnail\" alt=\"\" aria-describedby=\"gallery-1-272\" \/><\/a>\n\t\t\t<\/div>\n\t\t\t\t<figcaption class='wp-caption-text gallery-caption' id='gallery-1-272'>\n\t\t\t\tTalkoov\u00e4en saunailta\n\t\t\t\t<\/figcaption><\/figure><figure class='gallery-item'>\n\t\t\t<div class='gallery-icon landscape'>\n\t\t\t\t<a href='https:\/\/kylat.meitadev.fi\/aitsaari\/2010-2\/olympus-digital-camera-29\/'><img loading=\"lazy\" decoding=\"async\" width=\"150\" height=\"113\" src=\"https:\/\/kylat.meitadev.fi\/aitsaari\/wp-content\/uploads\/sites\/49\/2012\/10\/P5140623.jpg\" class=\"attachment-thumbnail size-thumbnail\" alt=\"\" aria-describedby=\"gallery-1-274\" \/><\/a>\n\t\t\t<\/div>\n\t\t\t\t<figcaption class='wp-caption-text gallery-caption' id='gallery-1-274'>\n\t\t\t\tTalkoov\u00e4en saunailta\n\t\t\t\t<\/figcaption><\/figure><figure class='gallery-item'>\n\t\t\t<div class='gallery-icon landscape'>\n\t\t\t\t<a href='https:\/\/kylat.meitadev.fi\/aitsaari\/2010-2\/olympus-digital-camera-30\/'><img loading=\"lazy\" decoding=\"async\" width=\"150\" height=\"113\" src=\"https:\/\/kylat.meitadev.fi\/aitsaari\/wp-content\/uploads\/sites\/49\/2012\/10\/P5140624.jpg\" class=\"attachment-thumbnail size-thumbnail\" alt=\"\" aria-describedby=\"gallery-1-275\" \/><\/a>\n\t\t\t<\/div>\n\t\t\t\t<figcaption class='wp-caption-text gallery-caption' id='gallery-1-275'>\n\t\t\t\tTalkoov\u00e4en saunailta\n\t\t\t\t<\/figcaption><\/figure><figure class='gallery-item'>\n\t\t\t<div class='gallery-icon landscape'>\n\t\t\t\t<a href='https:\/\/kylat.meitadev.fi\/aitsaari\/2010-2\/olympus-digital-camera-31\/'><img loading=\"lazy\" decoding=\"async\" width=\"150\" height=\"113\" src=\"https:\/\/kylat.meitadev.fi\/aitsaari\/wp-content\/uploads\/sites\/49\/2012\/10\/P5140625.jpg\" class=\"attachment-thumbnail size-thumbnail\" alt=\"\" aria-describedby=\"gallery-1-276\" \/><\/a>\n\t\t\t<\/div>\n\t\t\t\t<figcaption class='wp-caption-text gallery-caption' id='gallery-1-276'>\n\t\t\t\tTalkoov\u00e4en saunailta\n\t\t\t\t<\/figcaption><\/figure><figure class='gallery-item'>\n\t\t\t<div class='gallery-icon landscape'>\n\t\t\t\t<a href='https:\/\/kylat.meitadev.fi\/aitsaari\/2010-2\/olympus-digital-camera-43\/'><img loading=\"lazy\" decoding=\"async\" width=\"150\" height=\"113\" src=\"https:\/\/kylat.meitadev.fi\/aitsaari\/wp-content\/uploads\/sites\/49\/2012\/10\/P5140626.jpg\" class=\"attachment-thumbnail size-thumbnail\" alt=\"\" aria-describedby=\"gallery-1-277\" \/><\/a>\n\t\t\t<\/div>\n\t\t\t\t<figcaption class='wp-caption-text gallery-caption' id='gallery-1-277'>\n\t\t\t\tTalkoov\u00e4en saunailta\n\t\t\t\t<\/figcaption><\/figure><figure class='gallery-item'>\n\t\t\t<div class='gallery-icon landscape'>\n\t\t\t\t<a href='https:\/\/kylat.meitadev.fi\/aitsaari\/2010-2\/olympus-digital-camera-44\/'><img loading=\"lazy\" decoding=\"async\" width=\"150\" height=\"113\" src=\"https:\/\/kylat.meitadev.fi\/aitsaari\/wp-content\/uploads\/sites\/49\/2012\/10\/P5140627.jpg\" class=\"attachment-thumbnail size-thumbnail\" alt=\"\" aria-describedby=\"gallery-1-278\" \/><\/a>\n\t\t\t<\/div>\n\t\t\t\t<figcaption class='wp-caption-text gallery-caption' id='gallery-1-278'>\n\t\t\t\tTalkoov\u00e4en saunailta\n\t\t\t\t<\/figcaption><\/figure><figure class='gallery-item'>\n\t\t\t<div class='gallery-icon landscape'>\n\t\t\t\t<a href='https:\/\/kylat.meitadev.fi\/aitsaari\/2010-2\/olympus-digital-camera-45\/'><img loading=\"lazy\" decoding=\"async\" width=\"150\" height=\"113\" src=\"https:\/\/kylat.meitadev.fi\/aitsaari\/wp-content\/uploads\/sites\/49\/2012\/10\/P5140628.jpg\" class=\"attachment-thumbnail size-thumbnail\" alt=\"\" aria-describedby=\"gallery-1-279\" \/><\/a>\n\t\t\t<\/div>\n\t\t\t\t<figcaption class='wp-caption-text gallery-caption' id='gallery-1-279'>\n\t\t\t\tTalkoov\u00e4en saunailta\n\t\t\t\t<\/figcaption><\/figure><figure class='gallery-item'>\n\t\t\t<div class='gallery-icon landscape'>\n\t\t\t\t<a href='https:\/\/kylat.meitadev.fi\/aitsaari\/2010-2\/olympus-digital-camera-9\/'><img loading=\"lazy\" decoding=\"async\" width=\"150\" height=\"113\" src=\"https:\/\/kylat.meitadev.fi\/aitsaari\/wp-content\/uploads\/sites\/49\/2012\/10\/P7170683.jpg\" class=\"attachment-thumbnail size-thumbnail\" alt=\"\" aria-describedby=\"gallery-1-165\" \/><\/a>\n\t\t\t<\/div>\n\t\t\t\t<figcaption class='wp-caption-text gallery-caption' id='gallery-1-165'>\n\t\t\t\tKyl\u00e4ilta 2010, kahvio\n\t\t\t\t<\/figcaption><\/figure><figure class='gallery-item'>\n\t\t\t<div class='gallery-icon landscape'>\n\t\t\t\t<a href='https:\/\/kylat.meitadev.fi\/aitsaari\/2010-2\/olympus-digital-camera-11\/'><img loading=\"lazy\" decoding=\"async\" width=\"150\" height=\"113\" src=\"https:\/\/kylat.meitadev.fi\/aitsaari\/wp-content\/uploads\/sites\/49\/2012\/10\/P7170685.jpg\" class=\"attachment-thumbnail size-thumbnail\" alt=\"\" aria-describedby=\"gallery-1-167\" \/><\/a>\n\t\t\t<\/div>\n\t\t\t\t<figcaption class='wp-caption-text gallery-caption' id='gallery-1-167'>\n\t\t\t\tKyl\u00e4ilta 2010, saappaanheittopaikka\n\t\t\t\t<\/figcaption><\/figure><figure class='gallery-item'>\n\t\t\t<div class='gallery-icon landscape'>\n\t\t\t\t<a href='https:\/\/kylat.meitadev.fi\/aitsaari\/2010-2\/olympus-digital-camera-10\/'><img loading=\"lazy\" decoding=\"async\" width=\"150\" height=\"113\" src=\"https:\/\/kylat.meitadev.fi\/aitsaari\/wp-content\/uploads\/sites\/49\/2012\/10\/P7170684.jpg\" class=\"attachment-thumbnail size-thumbnail\" alt=\"\" aria-describedby=\"gallery-1-166\" \/><\/a>\n\t\t\t<\/div>\n\t\t\t\t<figcaption class='wp-caption-text gallery-caption' id='gallery-1-166'>\n\t\t\t\tKyl\u00e4ilta 2010, yleis\u00f6\u00e4\n\t\t\t\t<\/figcaption><\/figure><figure class='gallery-item'>\n\t\t\t<div class='gallery-icon landscape'>\n\t\t\t\t<a href='https:\/\/kylat.meitadev.fi\/aitsaari\/2010-2\/olympus-digital-camera-14\/'><img loading=\"lazy\" decoding=\"async\" width=\"150\" height=\"113\" src=\"https:\/\/kylat.meitadev.fi\/aitsaari\/wp-content\/uploads\/sites\/49\/2012\/10\/P7170691.jpg\" class=\"attachment-thumbnail size-thumbnail\" alt=\"\" aria-describedby=\"gallery-1-170\" \/><\/a>\n\t\t\t<\/div>\n\t\t\t\t<figcaption class='wp-caption-text gallery-caption' id='gallery-1-170'>\n\t\t\t\tKyl\u00e4ilta 2010, Sari Kaasinen ja Kimmo Tiilikainen\n\t\t\t\t<\/figcaption><\/figure><figure class='gallery-item'>\n\t\t\t<div class='gallery-icon landscape'>\n\t\t\t\t<a href='https:\/\/kylat.meitadev.fi\/aitsaari\/2010-2\/olympus-digital-camera-13\/'><img loading=\"lazy\" decoding=\"async\" width=\"150\" height=\"113\" src=\"https:\/\/kylat.meitadev.fi\/aitsaari\/wp-content\/uploads\/sites\/49\/2012\/10\/P7170690.jpg\" class=\"attachment-thumbnail size-thumbnail\" alt=\"\" aria-describedby=\"gallery-1-169\" \/><\/a>\n\t\t\t<\/div>\n\t\t\t\t<figcaption class='wp-caption-text gallery-caption' id='gallery-1-169'>\n\t\t\t\tKyl\u00e4ilta 2010, Sari Kaasinen laulattaa lapsia\n\t\t\t\t<\/figcaption><\/figure><figure class='gallery-item'>\n\t\t\t<div class='gallery-icon landscape'>\n\t\t\t\t<a href='https:\/\/kylat.meitadev.fi\/aitsaari\/2010-2\/olympus-digital-camera-12\/'><img loading=\"lazy\" decoding=\"async\" width=\"150\" height=\"113\" src=\"https:\/\/kylat.meitadev.fi\/aitsaari\/wp-content\/uploads\/sites\/49\/2012\/10\/P7170688.jpg\" class=\"attachment-thumbnail size-thumbnail\" alt=\"\" aria-describedby=\"gallery-1-168\" \/><\/a>\n\t\t\t<\/div>\n\t\t\t\t<figcaption class='wp-caption-text gallery-caption' id='gallery-1-168'>\n\t\t\t\tKyl\u00e4ilta 2010, yleis\u00f6\u00e4\n\t\t\t\t<\/figcaption><\/figure><figure class='gallery-item'>\n\t\t\t<div class='gallery-icon landscape'>\n\t\t\t\t<a href='https:\/\/kylat.meitadev.fi\/aitsaari\/2010-2\/olympus-digital-camera-15\/'><img loading=\"lazy\" decoding=\"async\" width=\"150\" height=\"113\" src=\"https:\/\/kylat.meitadev.fi\/aitsaari\/wp-content\/uploads\/sites\/49\/2012\/10\/P7170692.jpg\" class=\"attachment-thumbnail size-thumbnail\" alt=\"\" aria-describedby=\"gallery-1-171\" \/><\/a>\n\t\t\t<\/div>\n\t\t\t\t<figcaption class='wp-caption-text gallery-caption' id='gallery-1-171'>\n\t\t\t\tKyl\u00e4ilta 2010, yleis\u00f6\u00e4\n\t\t\t\t<\/figcaption><\/figure><figure class='gallery-item'>\n\t\t\t<div class='gallery-icon landscape'>\n\t\t\t\t<a href='https:\/\/kylat.meitadev.fi\/aitsaari\/2010-2\/olympus-digital-camera-16\/'><img loading=\"lazy\" decoding=\"async\" width=\"150\" height=\"113\" src=\"https:\/\/kylat.meitadev.fi\/aitsaari\/wp-content\/uploads\/sites\/49\/2012\/10\/P7170693.jpg\" class=\"attachment-thumbnail size-thumbnail\" alt=\"\" aria-describedby=\"gallery-1-172\" \/><\/a>\n\t\t\t<\/div>\n\t\t\t\t<figcaption class='wp-caption-text gallery-caption' id='gallery-1-172'>\n\t\t\t\tKyl\u00e4ilta 2010, lettupiste\n\t\t\t\t<\/figcaption><\/figure><figure class='gallery-item'>\n\t\t\t<div class='gallery-icon landscape'>\n\t\t\t\t<a href='https:\/\/kylat.meitadev.fi\/aitsaari\/2010-2\/olympus-digital-camera-17\/'><img loading=\"lazy\" decoding=\"async\" width=\"150\" height=\"113\" src=\"https:\/\/kylat.meitadev.fi\/aitsaari\/wp-content\/uploads\/sites\/49\/2012\/10\/P7170694.jpg\" class=\"attachment-thumbnail size-thumbnail\" alt=\"\" aria-describedby=\"gallery-1-173\" \/><\/a>\n\t\t\t<\/div>\n\t\t\t\t<figcaption class='wp-caption-text gallery-caption' id='gallery-1-173'>\n\t\t\t\tKyl\u00e4ilta 2010, makkaranpaistajat\n\t\t\t\t<\/figcaption><\/figure><figure class='gallery-item'>\n\t\t\t<div class='gallery-icon portrait'>\n\t\t\t\t<a href='https:\/\/kylat.meitadev.fi\/aitsaari\/2010-2\/olympus-digital-camera-18\/'><img loading=\"lazy\" decoding=\"async\" width=\"113\" height=\"150\" src=\"https:\/\/kylat.meitadev.fi\/aitsaari\/wp-content\/uploads\/sites\/49\/2012\/10\/P7170696.jpg\" class=\"attachment-thumbnail size-thumbnail\" alt=\"\" aria-describedby=\"gallery-1-174\" \/><\/a>\n\t\t\t<\/div>\n\t\t\t\t<figcaption class='wp-caption-text gallery-caption' id='gallery-1-174'>\n\t\t\t\tKyl\u00e4ilta 2010, Sari Kaasinen\n\t\t\t\t<\/figcaption><\/figure>\n\t\t<\/div>\n\n","protected":false},"excerpt":{"rendered":"","protected":false},"author":127,"featured_media":0,"parent":0,"menu_order":3,"comment_status":"closed","ping_status":"closed","template":"","meta":{"footnotes":""},"_links":{"self":[{"href":"https:\/\/kylat.meitadev.fi\/aitsaari\/wp-json\/wp\/v2\/pages\/163"}],"collection":[{"href":"https:\/\/kylat.meitadev.fi\/aitsaari\/wp-json\/wp\/v2\/pages"}],"about":[{"href":"https:\/\/kylat.meitadev.fi\/aitsaari\/wp-json\/wp\/v2\/types\/page"}],"author":[{"embeddable":true,"href":"https:\/\/kylat.meitadev.fi\/aitsaari\/wp-json\/wp\/v2\/users\/127"}],"replies":[{"embeddable":true,"href":"https:\/\/kylat.meitadev.fi\/aitsaari\/wp-json\/wp\/v2\/comments?post=163"}],"version-history":[{"count":8,"href":"https:\/\/kylat.meitadev.fi\/aitsaari\/wp-json\/wp\/v2\/pages\/163\/revisions"}],"predecessor-version":[{"id":571,"href":"https:\/\/kylat.meitadev.fi\/aitsaari\/wp-json\/wp\/v2\/pages\/163\/revisions\/571"}],"wp:attachment":[{"href":"https:\/\/kylat.meitadev.fi\/aitsaari\/wp-json\/wp\/v2\/media?parent=163"}],"curies":[{"name":"wp","href":"https:\/\/api.w.org\/{rel}","templated":true}]}}