{"id":219,"date":"2012-10-25T08:38:51","date_gmt":"2012-10-25T08:38:51","guid":{"rendered":"https:\/\/kylat.meitadev.fi\/aitsaari\/?page_id=219"},"modified":"2018-08-19T07:32:28","modified_gmt":"2018-08-19T07:32:28","slug":"2009-2","status":"publish","type":"page","link":"https:\/\/kylat.meitadev.fi\/aitsaari\/2009-2\/","title":{"rendered":"2009"},"content":{"rendered":"<div id='gallery-1' class='gallery galleryid-219 gallery-columns-3 gallery-size-thumbnail'><figure class='gallery-item'>\n\t\t\t<div class='gallery-icon landscape'>\n\t\t\t\t<a href='https:\/\/kylat.meitadev.fi\/aitsaari\/2009-2\/olympus-digital-camera-49\/'><img loading=\"lazy\" decoding=\"async\" width=\"150\" height=\"113\" src=\"https:\/\/kylat.meitadev.fi\/aitsaari\/wp-content\/uploads\/sites\/49\/2012\/10\/P8070600-001.jpg\" class=\"attachment-thumbnail size-thumbnail\" alt=\"\" aria-describedby=\"gallery-1-291\" \/><\/a>\n\t\t\t<\/div>\n\t\t\t\t<figcaption class='wp-caption-text gallery-caption' id='gallery-1-291'>\n\t\t\t\tOnkikisat 2009, H\u00e4rski\u00e4nsaaren patotie\n\t\t\t\t<\/figcaption><\/figure><figure class='gallery-item'>\n\t\t\t<div class='gallery-icon landscape'>\n\t\t\t\t<a href='https:\/\/kylat.meitadev.fi\/aitsaari\/2009-2\/olympus-digital-camera-48\/'><img loading=\"lazy\" decoding=\"async\" width=\"150\" height=\"113\" src=\"https:\/\/kylat.meitadev.fi\/aitsaari\/wp-content\/uploads\/sites\/49\/2012\/10\/P8070604-001.jpg\" class=\"attachment-thumbnail size-thumbnail\" alt=\"\" aria-describedby=\"gallery-1-293\" \/><\/a>\n\t\t\t<\/div>\n\t\t\t\t<figcaption class='wp-caption-text gallery-caption' id='gallery-1-293'>\n\t\t\t\tOnkikisat 2009\n\t\t\t\t<\/figcaption><\/figure><figure class='gallery-item'>\n\t\t\t<div class='gallery-icon landscape'>\n\t\t\t\t<a href='https:\/\/kylat.meitadev.fi\/aitsaari\/2009-2\/olympus-digital-camera-37\/'><img loading=\"lazy\" decoding=\"async\" width=\"150\" height=\"113\" src=\"https:\/\/kylat.meitadev.fi\/aitsaari\/wp-content\/uploads\/sites\/49\/2012\/10\/PB1403181.jpg\" class=\"attachment-thumbnail size-thumbnail\" alt=\"\" aria-describedby=\"gallery-1-239\" \/><\/a>\n\t\t\t<\/div>\n\t\t\t\t<figcaption class='wp-caption-text gallery-caption' id='gallery-1-239'>\n\t\t\t\tH\u00e4nnil\u00e4, yleis\u00f6\u00e4\n\t\t\t\t<\/figcaption><\/figure><figure class='gallery-item'>\n\t\t\t<div class='gallery-icon landscape'>\n\t\t\t\t<a href='https:\/\/kylat.meitadev.fi\/aitsaari\/2009-2\/olympus-digital-camera-35\/'><img loading=\"lazy\" decoding=\"async\" width=\"150\" height=\"113\" src=\"https:\/\/kylat.meitadev.fi\/aitsaari\/wp-content\/uploads\/sites\/49\/2012\/10\/PB1403161.jpg\" class=\"attachment-thumbnail size-thumbnail\" alt=\"\" aria-describedby=\"gallery-1-237\" \/><\/a>\n\t\t\t<\/div>\n\t\t\t\t<figcaption class='wp-caption-text gallery-caption' id='gallery-1-237'>\n\t\t\t\tH\u00e4nnil\u00e4, Tanssii hirvimiesten kanssa\n\t\t\t\t<\/figcaption><\/figure><figure class='gallery-item'>\n\t\t\t<div class='gallery-icon landscape'>\n\t\t\t\t<a href='https:\/\/kylat.meitadev.fi\/aitsaari\/2009-2\/olympus-digital-camera-38\/'><img loading=\"lazy\" decoding=\"async\" width=\"150\" height=\"113\" src=\"https:\/\/kylat.meitadev.fi\/aitsaari\/wp-content\/uploads\/sites\/49\/2012\/10\/PB1403191.jpg\" class=\"attachment-thumbnail size-thumbnail\" alt=\"\" aria-describedby=\"gallery-1-240\" \/><\/a>\n\t\t\t<\/div>\n\t\t\t\t<figcaption class='wp-caption-text gallery-caption' id='gallery-1-240'>\n\t\t\t\tH\u00e4nnil\u00e4, tiputanssi\n\t\t\t\t<\/figcaption><\/figure><figure class='gallery-item'>\n\t\t\t<div class='gallery-icon landscape'>\n\t\t\t\t<a href='https:\/\/kylat.meitadev.fi\/aitsaari\/2009-2\/olympus-digital-camera-36\/'><img loading=\"lazy\" decoding=\"async\" width=\"150\" height=\"113\" src=\"https:\/\/kylat.meitadev.fi\/aitsaari\/wp-content\/uploads\/sites\/49\/2012\/10\/PB1403171.jpg\" class=\"attachment-thumbnail size-thumbnail\" alt=\"\" aria-describedby=\"gallery-1-238\" \/><\/a>\n\t\t\t<\/div>\n\t\t\t\t<figcaption class='wp-caption-text gallery-caption' id='gallery-1-238'>\n\t\t\t\tH\u00e4nnil\u00e4, hirvimies ja daami\n\t\t\t\t<\/figcaption><\/figure><figure class='gallery-item'>\n\t\t\t<div class='gallery-icon landscape'>\n\t\t\t\t<a href='https:\/\/kylat.meitadev.fi\/aitsaari\/2009-2\/olympus-digital-camera-34\/'><img loading=\"lazy\" decoding=\"async\" width=\"150\" height=\"113\" src=\"https:\/\/kylat.meitadev.fi\/aitsaari\/wp-content\/uploads\/sites\/49\/2012\/10\/PB1403151.jpg\" class=\"attachment-thumbnail size-thumbnail\" alt=\"\" aria-describedby=\"gallery-1-236\" \/><\/a>\n\t\t\t<\/div>\n\t\t\t\t<figcaption class='wp-caption-text gallery-caption' id='gallery-1-236'>\n\t\t\t\tH\u00e4nnil\u00e4, vie sie &#8211; mie vikisen\n\t\t\t\t<\/figcaption><\/figure><figure class='gallery-item'>\n\t\t\t<div class='gallery-icon landscape'>\n\t\t\t\t<a href='https:\/\/kylat.meitadev.fi\/aitsaari\/2009-2\/olympus-digital-camera-33\/'><img loading=\"lazy\" decoding=\"async\" width=\"150\" height=\"113\" src=\"https:\/\/kylat.meitadev.fi\/aitsaari\/wp-content\/uploads\/sites\/49\/2012\/10\/PB1403131.jpg\" class=\"attachment-thumbnail size-thumbnail\" alt=\"\" aria-describedby=\"gallery-1-235\" \/><\/a>\n\t\t\t<\/div>\n\t\t\t\t<figcaption class='wp-caption-text gallery-caption' id='gallery-1-235'>\n\t\t\t\tH\u00e4nnil\u00e4, arvovaltainen tuomaristo\n\t\t\t\t<\/figcaption><\/figure><figure class='gallery-item'>\n\t\t\t<div class='gallery-icon landscape'>\n\t\t\t\t<a href='https:\/\/kylat.meitadev.fi\/aitsaari\/2009-2\/olympus-digital-camera-32\/'><img loading=\"lazy\" decoding=\"async\" width=\"150\" height=\"113\" src=\"https:\/\/kylat.meitadev.fi\/aitsaari\/wp-content\/uploads\/sites\/49\/2012\/10\/PB1403101.jpg\" class=\"attachment-thumbnail size-thumbnail\" alt=\"\" aria-describedby=\"gallery-1-234\" \/><\/a>\n\t\t\t<\/div>\n\t\t\t\t<figcaption class='wp-caption-text gallery-caption' id='gallery-1-234'>\n\t\t\t\tH\u00e4nnil\u00e4, tuomariston j\u00e4sen\n\t\t\t\t<\/figcaption><\/figure><figure class='gallery-item'>\n\t\t\t<div class='gallery-icon landscape'>\n\t\t\t\t<a href='https:\/\/kylat.meitadev.fi\/aitsaari\/2009-2\/olympus-digital-camera-41\/'><img loading=\"lazy\" decoding=\"async\" width=\"150\" height=\"113\" src=\"https:\/\/kylat.meitadev.fi\/aitsaari\/wp-content\/uploads\/sites\/49\/2012\/10\/PB1403241.jpg\" class=\"attachment-thumbnail size-thumbnail\" alt=\"\" aria-describedby=\"gallery-1-243\" \/><\/a>\n\t\t\t<\/div>\n\t\t\t\t<figcaption class='wp-caption-text gallery-caption' id='gallery-1-243'>\n\t\t\t\tH\u00e4nnil\u00e4, pari 1\n\t\t\t\t<\/figcaption><\/figure><figure class='gallery-item'>\n\t\t\t<div class='gallery-icon landscape'>\n\t\t\t\t<a href='https:\/\/kylat.meitadev.fi\/aitsaari\/2009-2\/olympus-digital-camera-42\/'><img loading=\"lazy\" decoding=\"async\" width=\"150\" height=\"113\" src=\"https:\/\/kylat.meitadev.fi\/aitsaari\/wp-content\/uploads\/sites\/49\/2012\/10\/PB1403251.jpg\" class=\"attachment-thumbnail size-thumbnail\" alt=\"\" aria-describedby=\"gallery-1-244\" \/><\/a>\n\t\t\t<\/div>\n\t\t\t\t<figcaption class='wp-caption-text gallery-caption' id='gallery-1-244'>\n\t\t\t\tH\u00e4nnil\u00e4, pari 2\n\t\t\t\t<\/figcaption><\/figure><figure class='gallery-item'>\n\t\t\t<div class='gallery-icon landscape'>\n\t\t\t\t<a href='https:\/\/kylat.meitadev.fi\/aitsaari\/2009-2\/olympus-digital-camera-39\/'><img loading=\"lazy\" decoding=\"async\" width=\"150\" height=\"113\" src=\"https:\/\/kylat.meitadev.fi\/aitsaari\/wp-content\/uploads\/sites\/49\/2012\/10\/PB1403221.jpg\" class=\"attachment-thumbnail size-thumbnail\" alt=\"\" aria-describedby=\"gallery-1-241\" \/><\/a>\n\t\t\t<\/div>\n\t\t\t\t<figcaption class='wp-caption-text gallery-caption' id='gallery-1-241'>\n\t\t\t\tH\u00e4nnil\u00e4, pari 3\n\t\t\t\t<\/figcaption><\/figure><figure class='gallery-item'>\n\t\t\t<div class='gallery-icon landscape'>\n\t\t\t\t<a href='https:\/\/kylat.meitadev.fi\/aitsaari\/2009-2\/olympus-digital-camera-40\/'><img loading=\"lazy\" decoding=\"async\" width=\"150\" height=\"113\" src=\"https:\/\/kylat.meitadev.fi\/aitsaari\/wp-content\/uploads\/sites\/49\/2012\/10\/PB1403231.jpg\" class=\"attachment-thumbnail size-thumbnail\" alt=\"\" aria-describedby=\"gallery-1-242\" \/><\/a>\n\t\t\t<\/div>\n\t\t\t\t<figcaption class='wp-caption-text gallery-caption' id='gallery-1-242'>\n\t\t\t\tH\u00e4nnil\u00e4, pari 4\n\t\t\t\t<\/figcaption><\/figure>\n\t\t<\/div>\n\n","protected":false},"excerpt":{"rendered":"","protected":false},"author":127,"featured_media":0,"parent":0,"menu_order":4,"comment_status":"open","ping_status":"open","template":"","meta":{"footnotes":""},"_links":{"self":[{"href":"https:\/\/kylat.meitadev.fi\/aitsaari\/wp-json\/wp\/v2\/pages\/219"}],"collection":[{"href":"https:\/\/kylat.meitadev.fi\/aitsaari\/wp-json\/wp\/v2\/pages"}],"about":[{"href":"https:\/\/kylat.meitadev.fi\/aitsaari\/wp-json\/wp\/v2\/types\/page"}],"author":[{"embeddable":true,"href":"https:\/\/kylat.meitadev.fi\/aitsaari\/wp-json\/wp\/v2\/users\/127"}],"replies":[{"embeddable":true,"href":"https:\/\/kylat.meitadev.fi\/aitsaari\/wp-json\/wp\/v2\/comments?post=219"}],"version-history":[{"count":12,"href":"https:\/\/kylat.meitadev.fi\/aitsaari\/wp-json\/wp\/v2\/pages\/219\/revisions"}],"predecessor-version":[{"id":295,"href":"https:\/\/kylat.meitadev.fi\/aitsaari\/wp-json\/wp\/v2\/pages\/219\/revisions\/295"}],"wp:attachment":[{"href":"https:\/\/kylat.meitadev.fi\/aitsaari\/wp-json\/wp\/v2\/media?parent=219"}],"curies":[{"name":"wp","href":"https:\/\/api.w.org\/{rel}","templated":true}]}}