{"id":329,"date":"2012-10-25T11:33:19","date_gmt":"2012-10-25T11:33:19","guid":{"rendered":"https:\/\/kylat.meitadev.fi\/aitsaari\/?page_id=329"},"modified":"2018-08-19T07:31:49","modified_gmt":"2018-08-19T07:31:49","slug":"2007-2","status":"publish","type":"page","link":"https:\/\/kylat.meitadev.fi\/aitsaari\/2007-2\/","title":{"rendered":"2007"},"content":{"rendered":"<div id='gallery-1' class='gallery galleryid-329 gallery-columns-3 gallery-size-thumbnail'><figure class='gallery-item'>\n\t\t\t<div class='gallery-icon portrait'>\n\t\t\t\t<a href='https:\/\/kylat.meitadev.fi\/aitsaari\/2007-2\/karaokekyla-008\/'><img loading=\"lazy\" decoding=\"async\" width=\"113\" height=\"150\" src=\"https:\/\/kylat.meitadev.fi\/aitsaari\/wp-content\/uploads\/sites\/49\/2012\/10\/Karaokekyl\u00e4-008.jpg\" class=\"attachment-thumbnail size-thumbnail\" alt=\"\" aria-describedby=\"gallery-1-340\" \/><\/a>\n\t\t\t<\/div>\n\t\t\t\t<figcaption class='wp-caption-text gallery-caption' id='gallery-1-340'>\n\t\t\t\tKaraokekyl\u00e4 2007 Suikkalan lavalla\n\t\t\t\t<\/figcaption><\/figure><figure class='gallery-item'>\n\t\t\t<div class='gallery-icon portrait'>\n\t\t\t\t<a href='https:\/\/kylat.meitadev.fi\/aitsaari\/2007-2\/karaokekyla-009\/'><img loading=\"lazy\" decoding=\"async\" width=\"113\" height=\"150\" src=\"https:\/\/kylat.meitadev.fi\/aitsaari\/wp-content\/uploads\/sites\/49\/2012\/10\/Karaokekyl\u00e4-009.jpg\" class=\"attachment-thumbnail size-thumbnail\" alt=\"\" aria-describedby=\"gallery-1-331\" \/><\/a>\n\t\t\t<\/div>\n\t\t\t\t<figcaption class='wp-caption-text gallery-caption' id='gallery-1-331'>\n\t\t\t\tEsko el\u00e4ytyy rentun rooliin\n\t\t\t\t<\/figcaption><\/figure><figure class='gallery-item'>\n\t\t\t<div class='gallery-icon portrait'>\n\t\t\t\t<a href='https:\/\/kylat.meitadev.fi\/aitsaari\/2007-2\/karaokekyla-010\/'><img loading=\"lazy\" decoding=\"async\" width=\"113\" height=\"150\" src=\"https:\/\/kylat.meitadev.fi\/aitsaari\/wp-content\/uploads\/sites\/49\/2012\/10\/Karaokekyl\u00e4-010.jpg\" class=\"attachment-thumbnail size-thumbnail\" alt=\"\" aria-describedby=\"gallery-1-332\" \/><\/a>\n\t\t\t<\/div>\n\t\t\t\t<figcaption class='wp-caption-text gallery-caption' id='gallery-1-332'>\n\t\t\t\tJamppa ja rentun ruusu\n\t\t\t\t<\/figcaption><\/figure><figure class='gallery-item'>\n\t\t\t<div class='gallery-icon landscape'>\n\t\t\t\t<a href='https:\/\/kylat.meitadev.fi\/aitsaari\/2007-2\/karaokekyla-015\/'><img loading=\"lazy\" decoding=\"async\" width=\"150\" height=\"113\" src=\"https:\/\/kylat.meitadev.fi\/aitsaari\/wp-content\/uploads\/sites\/49\/2012\/10\/Karaokekyl\u00e4-015.jpg\" class=\"attachment-thumbnail size-thumbnail\" alt=\"\" aria-describedby=\"gallery-1-333\" \/><\/a>\n\t\t\t<\/div>\n\t\t\t\t<figcaption class='wp-caption-text gallery-caption' id='gallery-1-333'>\n\t\t\t\tAja hiljaa isi\n\t\t\t\t<\/figcaption><\/figure><figure class='gallery-item'>\n\t\t\t<div class='gallery-icon landscape'>\n\t\t\t\t<a href='https:\/\/kylat.meitadev.fi\/aitsaari\/2007-2\/karaokekyla-016\/'><img loading=\"lazy\" decoding=\"async\" width=\"150\" height=\"113\" src=\"https:\/\/kylat.meitadev.fi\/aitsaari\/wp-content\/uploads\/sites\/49\/2012\/10\/Karaokekyl\u00e4-016.jpg\" class=\"attachment-thumbnail size-thumbnail\" alt=\"\" aria-describedby=\"gallery-1-334\" \/><\/a>\n\t\t\t<\/div>\n\t\t\t\t<figcaption class='wp-caption-text gallery-caption' id='gallery-1-334'>\n\t\t\t\t&#8230;niin sitten illalla leikit\u00e4\u00e4n\n\t\t\t\t<\/figcaption><\/figure><figure class='gallery-item'>\n\t\t\t<div class='gallery-icon landscape'>\n\t\t\t\t<a href='https:\/\/kylat.meitadev.fi\/aitsaari\/2007-2\/karaokekyla-017\/'><img loading=\"lazy\" decoding=\"async\" width=\"150\" height=\"113\" src=\"https:\/\/kylat.meitadev.fi\/aitsaari\/wp-content\/uploads\/sites\/49\/2012\/10\/Karaokekyl\u00e4-017.jpg\" class=\"attachment-thumbnail size-thumbnail\" alt=\"\" aria-describedby=\"gallery-1-335\" \/><\/a>\n\t\t\t<\/div>\n\t\t\t\t<figcaption class='wp-caption-text gallery-caption' id='gallery-1-335'>\n\t\t\t\tNalle on kiinnostavampi kuin laulaminen\n\t\t\t\t<\/figcaption><\/figure><figure class='gallery-item'>\n\t\t\t<div class='gallery-icon landscape'>\n\t\t\t\t<a href='https:\/\/kylat.meitadev.fi\/aitsaari\/2007-2\/karaokekyla-022\/'><img loading=\"lazy\" decoding=\"async\" width=\"150\" height=\"113\" src=\"https:\/\/kylat.meitadev.fi\/aitsaari\/wp-content\/uploads\/sites\/49\/2012\/10\/Karaokekyl\u00e4-022.jpg\" class=\"attachment-thumbnail size-thumbnail\" alt=\"\" aria-describedby=\"gallery-1-336\" \/><\/a>\n\t\t\t<\/div>\n\t\t\t\t<figcaption class='wp-caption-text gallery-caption' id='gallery-1-336'>\n\t\t\t\tP\u00e4iv\u00e4ns\u00e4de ja mennink\u00e4inen\n\t\t\t\t<\/figcaption><\/figure><figure class='gallery-item'>\n\t\t\t<div class='gallery-icon landscape'>\n\t\t\t\t<a href='https:\/\/kylat.meitadev.fi\/aitsaari\/2007-2\/karaokekyla-025\/'><img loading=\"lazy\" decoding=\"async\" width=\"150\" height=\"113\" src=\"https:\/\/kylat.meitadev.fi\/aitsaari\/wp-content\/uploads\/sites\/49\/2012\/10\/Karaokekyl\u00e4-025.jpg\" class=\"attachment-thumbnail size-thumbnail\" alt=\"\" aria-describedby=\"gallery-1-337\" \/><\/a>\n\t\t\t<\/div>\n\t\t\t\t<figcaption class='wp-caption-text gallery-caption' id='gallery-1-337'>\n\t\t\t\tKaraokekyl\u00e4 2007, \u00c4itsaari\n\t\t\t\t<\/figcaption><\/figure><figure class='gallery-item'>\n\t\t\t<div class='gallery-icon landscape'>\n\t\t\t\t<a href='https:\/\/kylat.meitadev.fi\/aitsaari\/2007-2\/karaokekyla-026\/'><img loading=\"lazy\" decoding=\"async\" width=\"150\" height=\"113\" src=\"https:\/\/kylat.meitadev.fi\/aitsaari\/wp-content\/uploads\/sites\/49\/2012\/10\/Karaokekyl\u00e4-026.jpg\" class=\"attachment-thumbnail size-thumbnail\" alt=\"\" aria-describedby=\"gallery-1-338\" \/><\/a>\n\t\t\t<\/div>\n\t\t\t\t<figcaption class='wp-caption-text gallery-caption' id='gallery-1-338'>\n\t\t\t\tVoittajat ja tuomariston puheenjohtaja\n\t\t\t\t<\/figcaption><\/figure>\n\t\t<\/div>\n\n","protected":false},"excerpt":{"rendered":"","protected":false},"author":127,"featured_media":0,"parent":0,"menu_order":6,"comment_status":"open","ping_status":"open","template":"","meta":{"footnotes":""},"_links":{"self":[{"href":"https:\/\/kylat.meitadev.fi\/aitsaari\/wp-json\/wp\/v2\/pages\/329"}],"collection":[{"href":"https:\/\/kylat.meitadev.fi\/aitsaari\/wp-json\/wp\/v2\/pages"}],"about":[{"href":"https:\/\/kylat.meitadev.fi\/aitsaari\/wp-json\/wp\/v2\/types\/page"}],"author":[{"embeddable":true,"href":"https:\/\/kylat.meitadev.fi\/aitsaari\/wp-json\/wp\/v2\/users\/127"}],"replies":[{"embeddable":true,"href":"https:\/\/kylat.meitadev.fi\/aitsaari\/wp-json\/wp\/v2\/comments?post=329"}],"version-history":[{"count":6,"href":"https:\/\/kylat.meitadev.fi\/aitsaari\/wp-json\/wp\/v2\/pages\/329\/revisions"}],"predecessor-version":[{"id":1363,"href":"https:\/\/kylat.meitadev.fi\/aitsaari\/wp-json\/wp\/v2\/pages\/329\/revisions\/1363"}],"wp:attachment":[{"href":"https:\/\/kylat.meitadev.fi\/aitsaari\/wp-json\/wp\/v2\/media?parent=329"}],"curies":[{"name":"wp","href":"https:\/\/api.w.org\/{rel}","templated":true}]}}