{"id":362,"date":"2012-12-09T12:59:08","date_gmt":"2012-12-09T12:59:08","guid":{"rendered":"https:\/\/kylat.meitadev.fi\/aitsaari\/?page_id=362"},"modified":"2021-04-05T11:17:13","modified_gmt":"2021-04-05T09:17:13","slug":"menneet-tapahtumat","status":"publish","type":"page","link":"https:\/\/kylat.meitadev.fi\/aitsaari\/menneet-tapahtumat\/","title":{"rendered":"Menneit\u00e4 tapahtumia"},"content":{"rendered":"<p><strong>\u00a0<\/strong><\/p>\n<p><strong><a href=\"https:\/\/kylat.meitadev.fi\/aitsaari\/kuvagalleria\/2015-2\/1-20160812_201021\/\" rel=\"attachment wp-att-1066\"><img loading=\"lazy\" decoding=\"async\" class=\"wp-image-1066 alignleft\" src=\"https:\/\/kylat.meitadev.fi\/aitsaari\/wp-content\/uploads\/sites\/49\/2015\/11\/1-20160812_201021-e1472916447801-150x84.jpg\" alt=\"Onkikisat 12.8.2016\" width=\"188\" height=\"105\" \/><\/a><\/strong><\/p>\n<p><strong>Onkikisat 12.8.2016<\/strong><\/p>\n<p>Kyl\u00e4yhdistyksen onkikisoihin H\u00e4rski\u00e4nsaaren patotiell\u00e4 osallistui 32 onkijaa.<\/p>\n<p>Tulokset:<\/p>\n<p>Miehet\u00a0\u00a0\u00a0\u00a0\u00a0\u00a0\u00a0\u00a0\u00a0\u00a0\u00a0\u00a0\u00a0\u00a0\u00a0\u00a0\u00a0\u00a0\u00a0\u00a0\u00a0\u00a0\u00a0\u00a0\u00a0\u00a0\u00a0\u00a0\u00a0\u00a0\u00a0\u00a0\u00a0\u00a0\u00a0\u00a0\u00a0\u00a0\u00a0\u00a0\u00a0\u00a0\u00a0\u00a0\u00a0\u00a0\u00a0\u00a0\u00a0 Naiset \u00a0 \u00a0 \u00a0 \u00a0 \u00a0 \u00a0 \u00a0 \u00a0 \u00a0 \u00a0 \u00a0 \u00a0 \u00a0 \u00a0 \u00a0 \u00a0 \u00a0 \u00a0 \u00a0 \u00a0 \u00a0 \u00a0 Nuoret<\/p>\n<ol>\n<li>Esa Nenonen\u00a0 806 g \u00a0 \u00a0 \u00a0 \u00a0 \u00a0 \u00a0 \u00a0 \u00a0 \u00a01. Eeva Nenonen\u00a0 729 g\u00a0\u00a0\u00a0\u00a0\u00a0\u00a0\u00a0\u00a0\u00a0\u00a0\u00a0\u00a0\u00a0 1. Viljami Kosunen 373 g<\/li>\n<li>Erkki Inkinen\u00a0 781 g \u00a0 \u00a0 \u00a0 \u00a0 \u00a0 \u00a0 \u00a0 \u00a0 2.Leena Inkinen\u00a0 398 g\u00a0\u00a0\u00a0\u00a0\u00a0\u00a0\u00a0\u00a0\u00a0\u00a0\u00a0\u00a0\u00a0 2. Masi Puolakka\u00a0 83 g<\/li>\n<li>Oiva J\u00e4ppinen\u00a0 473 g \u00a0 \u00a0 \u00a0 \u00a0 \u00a0 \u00a0 \u00a0 3.Helena Siki\u00f6\u00a0 377 g\u00a0\u00a0\u00a0\u00a0\u00a0\u00a0\u00a0\u00a0\u00a0\u00a0\u00a0\u00a0\u00a0\u00a0\u00a0\u00a0\u00a0 3. Mikko Kemppinen\u00a0 56 g<\/li>\n<li>Vesa Nenonen\u00a0 423 g \u00a0 \u00a0 \u00a0 \u00a0 \u00a0 \u00a0 \u00a04.Marja-Leena Niemel\u00e4inen 318 g<\/li>\n<li>Pekka Niemel\u00e4inen\u00a0 412 g \u00a0 \u00a0 \u00a05.Leena Niemel\u00e4inen\u00a0 286 g<\/li>\n<li>Teemu Tammisto\u00a0 405 g \u00a0 \u00a0 \u00a0 \u00a06. Eila Parviainen\u00a0\u00a0 205 g<\/li>\n<li>Uolevi H\u00e4nninen\u00a0 365 g \u00a0 \u00a0 \u00a0 \u00a0 7.Arja H\u00e4nninen\u00a0\u00a0 199 g<\/li>\n<li>Timo Lempi\u00e4inen\u00a0 324 g \u00a0 \u00a0 \u00a0 \u00a08.Paula J\u00e4ppinen\u00a0\u00a0\u00a0 120 g<\/li>\n<li>Risto Parviainen\u00a0 285 g \u00a0 \u00a0 \u00a0 \u00a0 \u00a09. Jonna Lempi\u00e4inen\u00a0 113 g<\/li>\n<li>Pekka Hammaren\u00a0 277 g \u00a0 \u00a0 \u00a010. Sirpa Monto\u00a0\u00a0 106 g<\/li>\n<\/ol>\n<p><strong><a href=\"https:\/\/kylat.meitadev.fi\/aitsaari\/wp-content\/uploads\/sites\/49\/2012\/12\/1-P8143859.jpg\"><img loading=\"lazy\" decoding=\"async\" class=\"wp-image-958 alignleft\" src=\"https:\/\/kylat.meitadev.fi\/aitsaari\/wp-content\/uploads\/sites\/49\/2012\/12\/1-P8143859.jpg\" alt=\"OLYMPUS DIGITAL CAMERA\" width=\"110\" height=\"148\" srcset=\"https:\/\/kylat.meitadev.fi\/aitsaari\/wp-content\/uploads\/sites\/49\/2012\/12\/1-P8143859.jpg 597w, https:\/\/kylat.meitadev.fi\/aitsaari\/wp-content\/uploads\/sites\/49\/2012\/12\/1-P8143859-224x300.jpg 224w\" sizes=\"(max-width: 110px) 100vw, 110px\" \/><\/a>Onkikisat 14.8.2015<\/strong><\/p>\n<p>Kyl\u00e4yhdistys j\u00e4rjesti mato-onkikisat H\u00e4rski\u00e4n patotiell\u00e4 perjantaina 14.8.2015 ja osallistujia ja yleis\u00f6\u00e4 oli paikalla enn\u00e4tysm\u00e4\u00e4r\u00e4 &#8211; 31 onkijaa toi saalista punnitukseen. Sarjoja oli kaksi, nuoret ja yleinen. Koko kisan voiton vei nuorten sarjan Viljami Ikonen.<\/p>\n<p>Tulokset:<\/p>\n<p>Yleinen\u00a0 \u00a0 \u00a0 \u00a0 \u00a0 \u00a0 \u00a0 \u00a0 \u00a0 \u00a0 \u00a0 \u00a0 \u00a0 \u00a0 \u00a0 \u00a0 \u00a0 \u00a0 \u00a0 \u00a0 \u00a0 \u00a0 \u00a0 \u00a0 \u00a0 \u00a0 \u00a0 \u00a0 \u00a0 Nuoret<\/p>\n<ol>\n<li>Uolevi H\u00e4nninen 878 g \u00a0 \u00a0 \u00a0 \u00a0 \u00a0 \u00a0 \u00a0 \u00a0 \u00a0 \u00a0 \u00a0 \u00a01.\u00a0Viljami Ikonen 918 g<\/li>\n<li>Eeva Nenonen 780 g \u00a0 \u00a0 \u00a0 \u00a0 \u00a0 \u00a0 \u00a0 \u00a0 \u00a0 \u00a0 \u00a0 \u00a0 \u00a0 \u00a02.\u00a0Emilia Liukka 270 g<\/li>\n<li>Esa Nenonen 757 g \u00a0 \u00a0 \u00a0 \u00a0 \u00a0 \u00a0 \u00a0 \u00a0 \u00a0 \u00a0 \u00a0 \u00a0 \u00a0 \u00a0 \u00a0 3.\u00a0Viljami Kosunen 64 g<\/li>\n<li>Erkki Inkinen 750 g \u00a0 \u00a0 \u00a0 \u00a0 \u00a0 \u00a0 \u00a0 \u00a0 \u00a0 \u00a0 \u00a0 \u00a0 \u00a0 \u00a0 4.\u00a0Julia Lempi\u00e4inen 33 g<\/li>\n<li>Anne Kolehmainen 704 g \u00a0 \u00a0 \u00a0 \u00a0 \u00a0 \u00a0 \u00a0 \u00a0 \u00a0 5.\u00a0Masi Puolakka 13 g<\/li>\n<li>Onerva Siki\u00f6 487 g \u00a0 \u00a0 \u00a0 \u00a0 \u00a0 \u00a0 \u00a0 \u00a0 \u00a0 \u00a0 \u00a0 \u00a0 \u00a0 \u00a0 \u00a0 6.\u00a0Eemeli Liukka 10 g<\/li>\n<li>Risto Parviainen 346 g<\/li>\n<li>Mikko H\u00e4nninen 329 g<\/li>\n<li>Eila Parviainen 292 g<\/li>\n<li>Teemu Tammisto 275 g<\/li>\n<\/ol>\n<p><a href=\"https:\/\/kylat.meitadev.fi\/aitsaari\/wp-content\/uploads\/sites\/49\/2012\/12\/1-P8013820.jpg\"><img loading=\"lazy\" decoding=\"async\" class=\"wp-image-955 alignleft\" src=\"https:\/\/kylat.meitadev.fi\/aitsaari\/wp-content\/uploads\/sites\/49\/2012\/12\/1-P8013820.jpg\" alt=\"OLYMPUS DIGITAL CAMERA\" width=\"150\" height=\"113\" srcset=\"https:\/\/kylat.meitadev.fi\/aitsaari\/wp-content\/uploads\/sites\/49\/2012\/12\/1-P8013820.jpg 800w, https:\/\/kylat.meitadev.fi\/aitsaari\/wp-content\/uploads\/sites\/49\/2012\/12\/1-P8013820-300x226.jpg 300w\" sizes=\"(max-width: 150px) 100vw, 150px\" \/><\/a><\/p>\n<p><strong>Kyl\u00e4ilta 1.8.2015<\/strong><\/p>\n<p>Perinteinen kyl\u00e4ilta Suikkalan lavalla j\u00e4rjestettiin t\u00e4n\u00e4 vuonna hieman poikkeavana ajankohtana mutta muuten tutuksi tulleella kaavalla. Mets\u00e4stysseuran teht\u00e4v\u00e4rata tarjosi mm. kasvituntemusta ja tikanheittoa ja Paavo laulatti terassilla. Paikalla oli taputeltavana\u00a0 my\u00f6s Narisen miniheppa Camaro. Nousiaisen Minna Toimentuvasti piti puotia lavalla ja veti pienimuotoisen muotin\u00e4yt\u00f6ksen malleinaan \u00c4itsaaren omat leidit. Kylien v\u00e4linen tietokilpailu oli tiukka ja loppukirill\u00e4 voiton vei t\u00e4n\u00e4 vuonna Kurjalan joukkue. Kyl\u00e4yhdistyksen kahviosta sai mm. kahvia, pullaa, lettuja ja makkaraa. Illan kulujen kattamiseksi myytiin arpoja.<\/p>\n<p><strong><img loading=\"lazy\" decoding=\"async\" class=\" wp-image-860 alignleft\" src=\"https:\/\/kylat.meitadev.fi\/aitsaari\/wp-content\/uploads\/sites\/49\/2012\/12\/1-PB153459.jpg\" alt=\"OLYMPUS DIGITAL CAMERA\" width=\"178\" height=\"134\" srcset=\"https:\/\/kylat.meitadev.fi\/aitsaari\/wp-content\/uploads\/sites\/49\/2012\/12\/1-PB153459.jpg 800w, https:\/\/kylat.meitadev.fi\/aitsaari\/wp-content\/uploads\/sites\/49\/2012\/12\/1-PB153459-300x226.jpg 300w\" sizes=\"(max-width: 178px) 100vw, 178px\" \/>Hirvi-iltamat<\/strong><\/p>\n<p>Hirvi-iltamat pidettiin H\u00e4nnil\u00e4n talolla 15.11.2014 juhlien samalla Rajun \u00c4itsaaren osaston 80 vuotista taivalta. Ilta alkoi Rajun tarjoamalla onnittelumaljalla ja hirvikeiton tarjoilusta vastasivat paikalliset hirvimiehet. Ruokailun j\u00e4lkeen oli virallinen osuus juhlapuheineen ja palkitsemisineen. Musiikista vastasi Erkki Luumi ja Muistelo-orkesteri. Illan j\u00e4rjestelyist\u00e4 vastasivat Kyl\u00e4yhdistys, hirvimiehet ja Rajun \u00c4itsaaren osasto.<\/p>\n<p class=\"mceTemp\"><strong><img loading=\"lazy\" decoding=\"async\" class=\"wp-image-835 alignleft\" style=\"width: 167px;height: 139px\" src=\"https:\/\/kylat.meitadev.fi\/aitsaari\/wp-content\/uploads\/sites\/49\/2014\/06\/2-P8153271.jpg\" alt=\"Nuoruus vs. kokemus\" width=\"800\" height=\"222\" \/>Mato-onkikisat<\/strong><\/p>\n<p class=\"mceTemp\">Mato-onkikisat pidettiin H\u00e4rski\u00e4n patotiell\u00e4 perjantaina 15.8.2014 p\u00e4\u00e4osin hyv\u00e4ss\u00e4 s\u00e4\u00e4ss\u00e4!\u00a0Paikalle oli saapunut onkijoiden lis\u00e4ksi my\u00f6s yleis\u00f6\u00e4 ja kannustusjoukkoja, kaikkiaan v\u00e4ke\u00e4 oli paikalla 30.<\/p>\n<p class=\"mceTemp\">Tulokset<\/p>\n<p class=\"mceTemp\">Miehet:\u00a0\u00a0\u00a0\u00a0\u00a0\u00a0\u00a0\u00a0\u00a0\u00a0\u00a0\u00a0\u00a0\u00a0\u00a0\u00a0\u00a0\u00a0\u00a0\u00a0\u00a0\u00a0\u00a0\u00a0\u00a0\u00a0\u00a0\u00a0\u00a0\u00a0\u00a0\u00a0\u00a0\u00a0\u00a0\u00a0\u00a0\u00a0\u00a0\u00a0\u00a0\u00a0\u00a0\u00a0\u00a0\u00a0\u00a0\u00a0 Naiset:\u00a0\u00a0\u00a0\u00a0\u00a0\u00a0\u00a0\u00a0\u00a0\u00a0\u00a0\u00a0\u00a0\u00a0\u00a0\u00a0\u00a0\u00a0\u00a0\u00a0\u00a0\u00a0\u00a0\u00a0\u00a0\u00a0\u00a0\u00a0\u00a0\u00a0\u00a0\u00a0\u00a0\u00a0\u00a0\u00a0\u00a0\u00a0\u00a0\u00a0\u00a0\u00a0\u00a0\u00a0\u00a0\u00a0 Nuoret:<\/p>\n<ul>\n<li>1. Timo Lempi\u00e4inen 3 037\u00a0\u00a0\u00a0\u00a0\u00a0\u00a0\u00a0\u00a0 1 Onerva Siki\u00f6\u00a02 330\u00a0\u00a0\u00a0\u00a0\u00a0\u00a0\u00a0\u00a0\u00a0\u00a0\u00a0\u00a0\u00a0\u00a0\u00a0\u00a0\u00a0\u00a0\u00a0\u00a0\u00a0\u00a01. Viljami Kosunen 262<\/li>\n<li>2. Erkki Inkinen 1 165\u00a0\u00a0\u00a0\u00a0\u00a0\u00a0\u00a0\u00a0\u00a0\u00a0\u00a0\u00a0\u00a0\u00a0\u00a0\u00a02. Enja Narinen 1 067<\/li>\n<li>3. Teemu Tammisto 773\u00a0\u00a0\u00a0\u00a0\u00a0\u00a0\u00a0\u00a0\u00a0\u00a0\u00a0\u00a03. Eeva Nenonen 992<\/li>\n<li>4. Matti Liukka 615\u00a0\u00a0\u00a0\u00a0\u00a0\u00a0\u00a0\u00a0\u00a0\u00a0\u00a0\u00a0\u00a0\u00a0\u00a0\u00a0\u00a0\u00a0\u00a0\u00a0 4. Anne Kolehmainen 572<\/li>\n<li>5. Esa Nenonen 598\u00a0\u00a0\u00a0\u00a0\u00a0\u00a0\u00a0\u00a0\u00a0\u00a0\u00a0\u00a0\u00a0\u00a0\u00a0\u00a0\u00a0\u00a0\u00a0 5. Mem 472<\/li>\n<\/ul>\n<p class=\"mceTemp\"><a href=\"https:\/\/kylat.meitadev.fi\/aitsaari\/wp-content\/uploads\/sites\/49\/2014\/06\/11-P7123227.jpg\"><img loading=\"lazy\" decoding=\"async\" class=\"wp-image-820 alignleft\" style=\"width: 168px;height: 122px\" src=\"https:\/\/kylat.meitadev.fi\/aitsaari\/wp-content\/uploads\/sites\/49\/2014\/06\/11-P7123227.jpg\" alt=\"Yleis\u00f6\u00e4\" width=\"800\" height=\"301\" \/><\/a><strong>Kyl\u00e4ilta Suikkalassa <\/strong><\/p>\n<p>Perinteinen kyl\u00e4ilta alueen paikallisille ja kes\u00e4asukkaille j\u00e4rjestettiin Suikkalan lavalla lauantaina 12.7.2014. Tapahtuma alkoi klo 18.30 ja paikalle oli vapaa\u00a0p\u00e4\u00e4sy. Ohjelmassa oli mm. mets\u00e4stysseuran luontopolku, kylien v\u00e4linen tietokilpailu, kasvomaalausta ja poniajelua lapsille, karaoketanssit ja Toimentuvan myyntipiste.\u00a0N\u00e4yt\u00f6sluonteisena lajina p\u00e4\u00e4si t\u00e4n\u00e4 vuonna kokeilemaan hein\u00e4seip\u00e4\u00e4n heittoa.\u00a0Kyl\u00e4yhdistyksen\u00a0puhvetissa oli tarjolla mm. kahvia, makkaraa ja lettuja.<\/p>\n<p>Suuret kiitokset kaikille j\u00e4rjestelyihin osallistuneille ja palkintojen lahjoittajille!<\/p>\n<p><a style=\"color: #ff4b33;line-height: 24px;font-size: 16px\" href=\"https:\/\/kylat.meitadev.fi\/aitsaari\/wp-content\/uploads\/sites\/49\/2012\/12\/P5033142.jpg\"><img loading=\"lazy\" decoding=\"async\" class=\" wp-image-759 alignleft\" style=\"width: 168px\" src=\"https:\/\/kylat.meitadev.fi\/aitsaari\/wp-content\/uploads\/sites\/49\/2012\/12\/P5033142-300x225.jpg\" alt=\"Kev\u00e4tkaraoke\" width=\"300\" height=\"143\" \/><\/a><\/p>\n<p><strong>Kev\u00e4tkaraoke<\/strong><\/p>\n<p>Yst\u00e4v\u00e4np\u00e4iv\u00e4n karaoke\u00a0muuttui t\u00e4n\u00e4 vuonna kev\u00e4tkaraokeillaksi. Karaokeiltaa vietettiin vapun j\u00e4lkimainingeissa lauantaina\u00a03.5.2014 Kahvila\u00a0Hertan vintill\u00e4\u00a0ja\u00a0juhlatila oli puettu teemaan sopivasti vappuasuun.\u00a0Kahvila Hertta tarjosi\u00a0iltakahvit ja\u00a0kyl\u00e4yhdistys grillimakkaraa ja pient\u00e4 naposteltavaa. Koleasta kev\u00e4ts\u00e4\u00e4st\u00e4 huolimatta paikalle saapui\u00a0innokkaita laulajia ja vilua torjuttiin parketilla py\u00f6r\u00e4htelem\u00e4ll\u00e4. Suuret kiitokset Hertan v\u00e4elle tarjoilusta ja j\u00e4rjestelyist\u00e4!<\/p>\n<p><img loading=\"lazy\" decoding=\"async\" class=\"alignleft\" style=\"width: 161px;height: 129px\" src=\"https:\/\/encrypted-tbn1.gstatic.com\/images?q=tbn:ANd9GcSFv05l9qQyw7rgN_TdRrzUTRYDbqr4e7RKcr0aZn_WjZzVEKqeNw\" alt=\"\" width=\"152\" height=\"129\" \/><\/p>\n<p><strong>Er\u00e4tulet<\/strong><\/p>\n<div>\n<p>Kyl\u00e4yhdistys j\u00e4rjesti jouluisen illan er\u00e4tulien merkeiss\u00e4 H\u00e4nnil\u00e4n kodalla perjantaina 20.12.2013 alkaen klo 18. Tarjolla oli puuroa, makkaraa, gl\u00f6gi\u00e4 ja pipareita. Hyv\u00e4\u00e4 joulua!<\/p>\n<p><strong><a href=\"https:\/\/kylat.meitadev.fi\/aitsaari\/wp-content\/uploads\/sites\/49\/2012\/12\/kamera6-225.jpg\"><img loading=\"lazy\" decoding=\"async\" class=\"alignleft size-medium wp-image-707\" style=\"width: 165px\" src=\"https:\/\/kylat.meitadev.fi\/aitsaari\/wp-content\/uploads\/sites\/49\/2012\/12\/kamera6-225-271x300.jpg\" alt=\"kamera6 225\" width=\"173\" height=\"173\" \/><\/a>Hirvi-iltamat H\u00e4nnil\u00e4ss\u00e4<\/strong><\/p>\n<p>Kyl\u00e4yhdistys, paikalliset hirvimiehet ja Rajun \u00c4itsaaren osasto j\u00e4rjestiv\u00e4t hirvi-iltamat H\u00e4nnil\u00e4n talolla lauantaina 16.11.2013. Ilta alkoi hirvimiesten tarjoamalla keitolla ja\u00a0jatkui leikkimielisell\u00e4 enemm\u00e4n ja v\u00e4hemm\u00e4n hirviaiheisella tietokilpailulla. Tiukan kilpailun voittajaksi selvisi &#8221;Iekon&#8221; joukkue. Kuten iltamissa kuuluukin, ilta jatkui pienell\u00e4 ohjelmalla. Valituksi tuli Miss Mets\u00e4n Lumo 2013 ja kierrosten v\u00e4liss\u00e4 lavalle ehti j\u00e4\u00e4hyv\u00e4iskiertuellaan oleva iso D tanssitytt\u00f6ineen sek\u00e4 naapurikuntaan muuttanut ex-m\u00e4kikotka. Tanssit tahditti Janin karaoke.<\/p>\n<\/div>\n<p><strong><a href=\"https:\/\/kylat.meitadev.fi\/aitsaari\/wp-content\/uploads\/sites\/49\/2013\/04\/P8022647.jpg\"><img loading=\"lazy\" decoding=\"async\" class=\"alignleft size-full wp-image-672\" style=\"width: 183px\" src=\"https:\/\/kylat.meitadev.fi\/aitsaari\/wp-content\/uploads\/sites\/49\/2013\/04\/P8022647.jpg\" alt=\"Onkikisat 2013\" width=\"192\" height=\"135\" \/><\/a>Onkikilpailut 2.8.2013<\/strong><\/p>\n<p>Mato-onkikilpailut pidettiin H\u00e4rski\u00e4n patotiell\u00e4 perjantaina 2.8.2013. S\u00e4\u00e4 oli kes\u00e4isen l\u00e4mmin ja paikalla oli mukavasti onkijoita (25).<\/p>\n<p>Tulokset:<\/p>\n<p>Miehet\u00a0\u00a0\u00a0\u00a0\u00a0\u00a0\u00a0\u00a0\u00a0\u00a0\u00a0\u00a0\u00a0\u00a0\u00a0\u00a0\u00a0\u00a0\u00a0\u00a0\u00a0\u00a0\u00a0\u00a0\u00a0\u00a0\u00a0\u00a0\u00a0\u00a0\u00a0\u00a0\u00a0\u00a0\u00a0\u00a0\u00a0\u00a0\u00a0\u00a0\u00a0\u00a0\u00a0 \u00a0\u00a0\u00a0\u00a0 Naiset\u00a0\u00a0\u00a0\u00a0\u00a0\u00a0\u00a0\u00a0\u00a0\u00a0\u00a0\u00a0\u00a0\u00a0\u00a0\u00a0\u00a0\u00a0\u00a0\u00a0\u00a0\u00a0\u00a0\u00a0\u00a0\u00a0\u00a0\u00a0\u00a0\u00a0\u00a0\u00a0\u00a0\u00a0 \u00a0\u00a0\u00a0\u00a0\u00a0\u00a0 Nuoret<\/p>\n<ul>\n<li>1. Erkki Inkinen 1 457\u00a0\u00a0\u00a0\u00a0\u00a0\u00a0\u00a0\u00a0\u00a0\u00a0\u00a0\u00a0\u00a0\u00a0 \u00a01. Onerva Siki\u00f6\u00a0\u00a0 958 \u00a0 \u00a0 \u00a0 \u00a0 \u00a0 \u00a0 \u00a0 \u00a0 1. Teemu H\u00e4nninen 1 086<\/li>\n<li>2. Uolevi H\u00e4nninen 788\u00a0\u00a0\u00a0\u00a0\u00a0\u00a0\u00a0\u00a0\u00a0\u00a0\u00a0\u00a02. Anne Kolehmainen 593\u00a0\u00a0\u00a0\u00a0\u00a0\u00a0\u00a02. Arttu Mattila 284<\/li>\n<li>3. Pekka Niemel\u00e4inen 528\u00a0\u00a0\u00a0\u00a0\u00a0\u00a0\u00a0 3.\u00a0Raija Uura 498<\/li>\n<li>4. Teemu Tammisto 462\u00a0\u00a0\u00a0\u00a0\u00a0\u00a0\u00a0\u00a0\u00a0\u00a0\u00a04. Elli Vento 447<\/li>\n<li>5.\u00a0Matti Liukka 440\u00a0\u00a0\u00a0\u00a0\u00a0\u00a0\u00a0\u00a0\u00a0\u00a0\u00a0\u00a0\u00a0\u00a0\u00a0\u00a0\u00a0\u00a0\u00a05. Marja-Leena Niemel\u00e4inen 428<\/li>\n<\/ul>\n<p><strong><a href=\"https:\/\/kylat.meitadev.fi\/aitsaari\/wp-content\/uploads\/sites\/49\/2012\/12\/P7132630.jpg\"><img loading=\"lazy\" decoding=\"async\" class=\"alignleft size-full wp-image-669\" style=\"width: 225px\" src=\"https:\/\/kylat.meitadev.fi\/aitsaari\/wp-content\/uploads\/sites\/49\/2012\/12\/P7132630.jpg\" alt=\"OLYMPUS DIGITAL CAMERA\" width=\"331\" height=\"127\" \/><\/a>Kyl\u00e4ilta Suikkalassa 13.7.2013<\/strong><\/p>\n<p>Perinteinen kyl\u00e4ilta pidettiin Suikkalan lavalla lauantaina 13.7.2013. Illan ohjelmassa oli totuttuun tapaan mets\u00e4stysseuran j\u00e4rjest\u00e4m\u00e4 luontoaiheinen teht\u00e4v\u00e4rata sek\u00e4 Paavon karaoke. Kontio-openissa ratkottiin saappaanheiton mestarit ja nuorille oli tarjolla aivan uusi laji, villasukan heitto. Minna Nousiainen Toimentuvasta\u00a0oli tuonut\u00a0puotinsa tuotteita tarjolle ja Sininen Haapavesi-hanke esitteli toimintaansa.\u00a0 Illan artistivieraana kuulimme Mika Hammarenia joka esitti omia suosikkikappaleitaan. Paikalla oli my\u00f6s amerikan miniatyyrihevosia kokonainen perhe.<\/p>\n<p>Muutaman vuoden tauon j\u00e4lkeen ohjelmaan palannut kylien v\u00e4linen visailu tarjosi yll\u00e4tt\u00e4v\u00e4n hankalaksi osoittautuneita\u00a0vuosilukuteht\u00e4vi\u00e4 joita p\u00e4\u00e4si ratkomaan my\u00f6s yleis\u00f6. Voittajaksi selvisi Monnonkyl\u00e4n(Savilahden) joukkue.<\/p>\n<p>Erityiset kiitokset kaikille\u00a0illan j\u00e4rjestelyihin osallistuneille ja palkintoja\u00a0lahjoittaneille henkil\u00f6ille ja yrityksille.<\/p>\n<p><strong>Yst\u00e4v\u00e4np\u00e4iv\u00e4n kyl\u00e4karaoke 16.2.2013\u00a0<a href=\"https:\/\/kylat.meitadev.fi\/aitsaari\/wp-content\/uploads\/sites\/49\/2013\/04\/P2162357.jpg\"><img loading=\"lazy\" decoding=\"async\" class=\"alignleft size-full wp-image-521\" src=\"https:\/\/kylat.meitadev.fi\/aitsaari\/wp-content\/uploads\/sites\/49\/2013\/04\/P2162357.jpg\" alt=\"OLYMPUS DIGITAL CAMERA\" width=\"172\" height=\"126\" \/><\/a><\/strong><\/p>\n<p>Karaokeiltaa vietettiin Kyl\u00e4tuvalla lauantaina 16.2.2013. Kyl\u00e4yhdistys tarjosi kahvia ja pikku naposteltavaa. Ilta kului rattoisasti laulaen ja tanssien, taidettiinpa v\u00e4lill\u00e4 ratkoa kyl\u00e4n biljardimestaruuskin! Lavalla n\u00e4htiin loistavien yksil\u00f6suoritusten lis\u00e4ksi mm. jo vuosia esiintynyt \u00c4itsaaren Sonnikuoro ja juuri karaokeillan kynnyksell\u00e4 syntynyt\u00a0lauluyhtye Hemaisevat Hiehot.<\/p>\n<p><a href=\"https:\/\/kylat.meitadev.fi\/aitsaari\/wp-content\/uploads\/sites\/49\/2012\/12\/suikkala.jpg\"><img loading=\"lazy\" decoding=\"async\" class=\"size-full wp-image-383 alignleft\" style=\"width: 167px\" src=\"https:\/\/kylat.meitadev.fi\/aitsaari\/wp-content\/uploads\/sites\/49\/2012\/12\/suikkala.jpg\" alt=\"\" width=\"179\" height=\"153\" \/><\/a><strong>Kyl\u00e4ilta Suikkalassa 14.7.2012<\/strong><\/p>\n<p>Perinteinen kyl\u00e4ilta ker\u00e4si Suikkalan lavalle enn\u00e4tysyleis\u00f6n. Mets\u00e4stysseuran luontopolulla ja saappaanheittopaikalla riitti v\u00e4ke\u00e4 ruuhkaksi asti. Illan t\u00e4htiesiintyj\u00e4ksi saapui Mikko Alatalo joka sek\u00e4 laulatti yleis\u00f6\u00e4 ett\u00e4 lauloi itse hanuristinsa s\u00e4estyksell\u00e4.\u00a0Kuultiinpa Kimmoakin lavalla muutakin kuin illan juontajana&#8230;.Illan muusta musiikkiannista vastasi perinteisesti Paavon karaoke ja vatsan t\u00e4ytteeksi voi nauttia mm. makkaraa ja lettuja.<\/p>\n<p>Saappaan- ja tikanheiton tulokset l\u00f6ytyv\u00e4t linkist\u00e4 <a href=\"https:\/\/kylat.meitadev.fi\/aitsaari\/wp-content\/uploads\/sites\/49\/2012\/12\/tulokset3.pdf\">tulokset<\/a>.<\/p>\n","protected":false},"excerpt":{"rendered":"<p>\u00a0 Onkikisat 12.8.2016 Kyl\u00e4yhdistyksen onkikisoihin H\u00e4rski\u00e4nsaaren patotiell\u00e4 osallistui 32 onkijaa. Tulokset: Miehet\u00a0\u00a0\u00a0\u00a0\u00a0\u00a0\u00a0\u00a0\u00a0\u00a0\u00a0\u00a0\u00a0\u00a0\u00a0\u00a0\u00a0\u00a0\u00a0\u00a0\u00a0\u00a0\u00a0\u00a0\u00a0\u00a0\u00a0\u00a0\u00a0\u00a0\u00a0\u00a0\u00a0\u00a0\u00a0\u00a0\u00a0\u00a0\u00a0\u00a0\u00a0\u00a0\u00a0\u00a0\u00a0\u00a0\u00a0\u00a0\u00a0 Naiset \u00a0 \u00a0 \u00a0 \u00a0 \u00a0 \u00a0 \u00a0 \u00a0 \u00a0 \u00a0 \u00a0 \u00a0 \u00a0 \u00a0 \u00a0 \u00a0 \u00a0 \u00a0 \u00a0 \u00a0 \u00a0 \u00a0 Nuoret Esa Nenonen\u00a0 806 g \u00a0 \u00a0 \u00a0 \u00a0 \u00a0 \u00a0 \u00a0 \u00a0 \u00a01. Eeva Nenonen\u00a0 729 g\u00a0\u00a0\u00a0\u00a0\u00a0\u00a0\u00a0\u00a0\u00a0\u00a0\u00a0\u00a0\u00a0 1. Viljami &hellip; <a href=\"https:\/\/kylat.meitadev.fi\/aitsaari\/menneet-tapahtumat\/\" class=\"more-link\">Continue reading <span class=\"screen-reader-text\">Menneit\u00e4 tapahtumia<\/span><\/a><\/p>\n","protected":false},"author":127,"featured_media":0,"parent":0,"menu_order":2,"comment_status":"closed","ping_status":"closed","template":"","meta":{"footnotes":""},"_links":{"self":[{"href":"https:\/\/kylat.meitadev.fi\/aitsaari\/wp-json\/wp\/v2\/pages\/362"}],"collection":[{"href":"https:\/\/kylat.meitadev.fi\/aitsaari\/wp-json\/wp\/v2\/pages"}],"about":[{"href":"https:\/\/kylat.meitadev.fi\/aitsaari\/wp-json\/wp\/v2\/types\/page"}],"author":[{"embeddable":true,"href":"https:\/\/kylat.meitadev.fi\/aitsaari\/wp-json\/wp\/v2\/users\/127"}],"replies":[{"embeddable":true,"href":"https:\/\/kylat.meitadev.fi\/aitsaari\/wp-json\/wp\/v2\/comments?post=362"}],"version-history":[{"count":20,"href":"https:\/\/kylat.meitadev.fi\/aitsaari\/wp-json\/wp\/v2\/pages\/362\/revisions"}],"predecessor-version":[{"id":2096,"href":"https:\/\/kylat.meitadev.fi\/aitsaari\/wp-json\/wp\/v2\/pages\/362\/revisions\/2096"}],"wp:attachment":[{"href":"https:\/\/kylat.meitadev.fi\/aitsaari\/wp-json\/wp\/v2\/media?parent=362"}],"curies":[{"name":"wp","href":"https:\/\/api.w.org\/{rel}","templated":true}]}}