{"id":429,"date":"2013-01-06T09:33:30","date_gmt":"2013-01-06T09:33:30","guid":{"rendered":"https:\/\/kylat.meitadev.fi\/aitsaari\/?page_id=429"},"modified":"2013-07-23T06:21:38","modified_gmt":"2013-07-23T06:21:38","slug":"yhdistyksen-saannot","status":"publish","type":"page","link":"https:\/\/kylat.meitadev.fi\/aitsaari\/kylayhdistys\/yhdistyksen-saannot\/","title":{"rendered":"Yhdistyksen s\u00e4\u00e4nn\u00f6t"},"content":{"rendered":"<p>\u00c4itsaaren Kyl\u00e4t ry on rekister\u00f6ity yhdistys. Yhdistyksen s\u00e4\u00e4nn\u00f6t l\u00f6ytyv\u00e4t linkist\u00e4: <a href=\"https:\/\/kylat.meitadev.fi\/aitsaari\/wp-content\/uploads\/sites\/49\/2013\/01\/s\u00e4\u00e4nn\u00f6t.pdf\">s\u00e4\u00e4nn\u00f6t<\/a>\u00a0.<\/p>\n","protected":false},"excerpt":{"rendered":"<p>\u00c4itsaaren Kyl\u00e4t ry on rekister\u00f6ity yhdistys. Yhdistyksen s\u00e4\u00e4nn\u00f6t l\u00f6ytyv\u00e4t linkist\u00e4: s\u00e4\u00e4nn\u00f6t\u00a0.<\/p>\n","protected":false},"author":127,"featured_media":0,"parent":5,"menu_order":0,"comment_status":"closed","ping_status":"closed","template":"","meta":{"footnotes":""},"_links":{"self":[{"href":"https:\/\/kylat.meitadev.fi\/aitsaari\/wp-json\/wp\/v2\/pages\/429"}],"collection":[{"href":"https:\/\/kylat.meitadev.fi\/aitsaari\/wp-json\/wp\/v2\/pages"}],"about":[{"href":"https:\/\/kylat.meitadev.fi\/aitsaari\/wp-json\/wp\/v2\/types\/page"}],"author":[{"embeddable":true,"href":"https:\/\/kylat.meitadev.fi\/aitsaari\/wp-json\/wp\/v2\/users\/127"}],"replies":[{"embeddable":true,"href":"https:\/\/kylat.meitadev.fi\/aitsaari\/wp-json\/wp\/v2\/comments?post=429"}],"version-history":[{"count":5,"href":"https:\/\/kylat.meitadev.fi\/aitsaari\/wp-json\/wp\/v2\/pages\/429\/revisions"}],"predecessor-version":[{"id":566,"href":"https:\/\/kylat.meitadev.fi\/aitsaari\/wp-json\/wp\/v2\/pages\/429\/revisions\/566"}],"up":[{"embeddable":true,"href":"https:\/\/kylat.meitadev.fi\/aitsaari\/wp-json\/wp\/v2\/pages\/5"}],"wp:attachment":[{"href":"https:\/\/kylat.meitadev.fi\/aitsaari\/wp-json\/wp\/v2\/media?parent=429"}],"curies":[{"name":"wp","href":"https:\/\/api.w.org\/{rel}","templated":true}]}}