{"id":443,"date":"2013-01-08T18:40:04","date_gmt":"2013-01-08T18:40:04","guid":{"rendered":"https:\/\/kylat.meitadev.fi\/aitsaari\/?page_id=443"},"modified":"2021-04-05T11:00:16","modified_gmt":"2021-04-05T09:00:16","slug":"poytakirjat-2","status":"publish","type":"page","link":"https:\/\/kylat.meitadev.fi\/aitsaari\/kylayhdistys\/poytakirjat-3\/poytakirjat-2\/","title":{"rendered":"Yleinen kokous"},"content":{"rendered":"<p><a href=\"https:\/\/kylat.meitadev.fi\/aitsaari\/wp-content\/uploads\/sites\/49\/2021\/04\/img20210405_11320860.pdf\">Syys 2018<\/a><\/p>\n<p><a href=\"https:\/\/kylat.meitadev.fi\/aitsaari\/wp-content\/uploads\/sites\/49\/2021\/04\/img20210404_14513177.pdf\">Syys 2020<\/a><\/p>\n<p><a href=\"https:\/\/kylat.meitadev.fi\/aitsaari\/wp-content\/uploads\/sites\/49\/2012\/09\/Syyskokous-2014.pdf\">Syys 2014<\/a><\/p>\n<p><a href=\"https:\/\/kylat.meitadev.fi\/aitsaari\/wp-content\/uploads\/sites\/49\/2012\/09\/Kev\u00e4tkokous-2014.pdf\">Kev\u00e4t 2014<\/a><\/p>\n<p><a href=\"https:\/\/kylat.meitadev.fi\/aitsaari\/wp-content\/uploads\/sites\/49\/2012\/09\/Syyskokous-2013.pdf\">Syys 2013<\/a><\/p>\n<p><a href=\"https:\/\/kylat.meitadev.fi\/aitsaari\/wp-content\/uploads\/sites\/49\/2013\/01\/Kev\u00e4tkokous-2013.pdf\">Kev\u00e4t 2013<\/a><\/p>\n<p><a href=\"https:\/\/kylat.meitadev.fi\/aitsaari\/wp-content\/uploads\/sites\/49\/2013\/01\/Syyskokous-2012.pdf\">Syys 2012<\/a><\/p>\n<p><a href=\"https:\/\/kylat.meitadev.fi\/aitsaari\/wp-content\/uploads\/sites\/49\/2013\/01\/kev\u00e4t-2012.pdf\">Kev\u00e4t 2012<\/a><\/p>\n","protected":false},"excerpt":{"rendered":"<p>Syys 2018 Syys 2020 Syys 2014 Kev\u00e4t 2014 Syys 2013 Kev\u00e4t 2013 Syys 2012 Kev\u00e4t 2012<\/p>\n","protected":false},"author":127,"featured_media":0,"parent":459,"menu_order":0,"comment_status":"closed","ping_status":"closed","template":"","meta":{"footnotes":""},"_links":{"self":[{"href":"https:\/\/kylat.meitadev.fi\/aitsaari\/wp-json\/wp\/v2\/pages\/443"}],"collection":[{"href":"https:\/\/kylat.meitadev.fi\/aitsaari\/wp-json\/wp\/v2\/pages"}],"about":[{"href":"https:\/\/kylat.meitadev.fi\/aitsaari\/wp-json\/wp\/v2\/types\/page"}],"author":[{"embeddable":true,"href":"https:\/\/kylat.meitadev.fi\/aitsaari\/wp-json\/wp\/v2\/users\/127"}],"replies":[{"embeddable":true,"href":"https:\/\/kylat.meitadev.fi\/aitsaari\/wp-json\/wp\/v2\/comments?post=443"}],"version-history":[{"count":10,"href":"https:\/\/kylat.meitadev.fi\/aitsaari\/wp-json\/wp\/v2\/pages\/443\/revisions"}],"predecessor-version":[{"id":2091,"href":"https:\/\/kylat.meitadev.fi\/aitsaari\/wp-json\/wp\/v2\/pages\/443\/revisions\/2091"}],"up":[{"embeddable":true,"href":"https:\/\/kylat.meitadev.fi\/aitsaari\/wp-json\/wp\/v2\/pages\/459"}],"wp:attachment":[{"href":"https:\/\/kylat.meitadev.fi\/aitsaari\/wp-json\/wp\/v2\/media?parent=443"}],"curies":[{"name":"wp","href":"https:\/\/api.w.org\/{rel}","templated":true}]}}