{"id":45,"date":"2012-09-25T13:51:26","date_gmt":"2012-09-25T13:51:26","guid":{"rendered":"https:\/\/kylat.meitadev.fi\/aitsaari\/?page_id=45"},"modified":"2013-07-23T06:21:16","modified_gmt":"2013-07-23T06:21:16","slug":"vuosikertomus","status":"publish","type":"page","link":"https:\/\/kylat.meitadev.fi\/aitsaari\/kylayhdistys\/vuosikertomukset\/vuosikertomus\/","title":{"rendered":"2011"},"content":{"rendered":"<p><span style=\"color: #000000;font-family: Arial\">\u00a0<\/span><\/p>\n<p><strong><span style=\"font-family: Arial\">Toiminta vuoden aikana<\/span><\/strong><\/p>\n<p><span style=\"color: #000000\"><span style=\"font-family: Arial\">Vuoden 2011 toiminta k\u00e4ynnistyi Kyl\u00e4tuvalla pidetyll\u00e4 Yst\u00e4v\u00e4np\u00e4iv\u00e4n karaokeillalla lauantaina 12.2.2011. Paikalle kertyi mukava joukko innokkaita laulajia. Karaokelaitteet lainattiin Jouko Savolaiselta.<\/span><\/span><\/p>\n<p><span style=\"font-family: Arial\"><span style=\"color: #000000\">Tanssiretki Kiteen Pajarinhoviin j\u00e4rjestettiin 16.4. Retki sai suuren suosion ja \u00a0<\/span><span style=\"color: #000000\">linja-auto t\u00e4yttyi hyv\u00e4ntuulisista saarelaisista. Bussin vuokrasimme Kyytibussit Oy:lt\u00e4 ja turvallisesta kyydist\u00e4 vastasi Hanna Kivioja.\u00a0<\/span><\/span><span style=\"color: #000000;font-family: Arial\">\u00a0<\/span><\/p>\n<p><span style=\"color: #000000\"><span style=\"font-family: Arial\">Osallistuimme aikaisempien vuosien tapaan kylien v\u00e4liseen k\u00e4velykilpailuun. Suorituksia ker\u00e4simme 81 enemm\u00e4n kuin edellisen\u00e4 vuonna, kaikkiaan suorituksia kertyi 4818. Sijoituksemme oli viides.<\/span><\/span><span style=\"color: #000000;font-family: Arial\">\u00a0<\/span><\/p>\n<p><span style=\"color: #000000\"><span style=\"font-family: Arial\">Siivoustalkoot kuuluvat kev\u00e4\u00e4n ohjelmaan. Siivosimme Kyl\u00e4tuvan ja H\u00e4nnil\u00e4n seuratalon pihat sek\u00e4 ker\u00e4simme roskia pois teiden varsilta pitkin kes\u00e4\u00e4. Kyl\u00e4tuvan vintti\u00e4 raivattiin kes\u00e4ll\u00e4 ja kalusteita pestiin kirpputoria varten.<\/span><\/span><span style=\"color: #000000;font-family: Arial\">\u00a0<\/span><\/p>\n<p><span style=\"color: #000000\"><span style=\"font-family: Arial\">Talkoov\u00e4en saunailta pidettiin t\u00e4n\u00e4 vuonna Kes\u00e4rannassa 1.6. Tilat saimme k\u00e4ytt\u00f6\u00f6mme veloituksetta, kaunis kiitos omistajille. Tapahtumaan osallistui enn\u00e4tysm\u00e4\u00e4r\u00e4 talkoolaisia kyl\u00e4yhdistyksest\u00e4 ja Rajusta. Kyl\u00e4yhdistys tarjosi iltapalaa, virvokkeita ja kahvia.\u00a0<\/span><\/span><span style=\"color: #000000;font-family: Arial\">\u00a0<\/span><\/p>\n<p><span style=\"color: #000000\"><span style=\"font-family: Arial\">\u00c4itsaari-kierros j\u00e4rjestettiin 24.7. ja kyl\u00e4tupa toimi infopisteen\u00e4. Kyl\u00e4yhdistys j\u00e4rjesti ilmoituskulujen kattamiseksi arpajaiset. Palkinnot saatiin lahjoituksena kierrokseen osallistuvilta kohteilta. Samalla myytiin kyl\u00e4tuvan vintilt\u00e4 vanhaa koulun aikaista kalustoa. Kyl\u00e4tuvalla oli my\u00f6s useita muita myyji\u00e4 sek\u00e4 perhosaiheisia luontoesityksi\u00e4.\u00a0<\/span><\/span><span style=\"color: #000000;font-family: Arial\">\u00a0<\/span><\/p>\n<p><span style=\"color: #000000\"><span style=\"font-family: Arial\">Kyl\u00e4ilta j\u00e4rjestettiin Suikkalan lavalla 30.7. ja t\u00e4htiesiintyj\u00e4ksi onnistuimme saamaan tangokuningas Saska Helmikallion. Perinteisen kyl\u00e4illan ohjelma noudatteli vanhaa kaavaa ja j\u00e4rjestelyist\u00e4 vastasivat kyl\u00e4yhdistyksen lis\u00e4ksi Raju ja mets\u00e4stysseura. Illan kulut katettiin arpajaisilla joiden perustana olivat p\u00e4\u00e4osin lahjoituksina saadut hyv\u00e4t palkinnot. Mm. luontopolku, saappaanheitto ja Paavon karaoke ker\u00e4siv\u00e4t Suikkalaan reilusti edellisvuosia enemm\u00e4n k\u00e4vij\u00f6it\u00e4.<\/span><\/span><span style=\"color: #000000;font-family: Arial\">\u00a0<\/span><\/p>\n<p><span style=\"color: #000000\"><span style=\"font-family: Arial\">Mato-onkikilpailut pidettiin H\u00e4rski\u00e4n patotiell\u00e4 5.8. J\u00e4rjestelyist\u00e4 vastasivat Oiva J\u00e4ppinen ja Pekka Niemel\u00e4inen.\u00a0<\/span><\/span><span style=\"color: #000000;font-family: Arial\">\u00a0<\/span><\/p>\n<p><span style=\"color: #000000\"><span style=\"font-family: Arial\">Rajun kanssa yhteinen hotellimatka Tallinnaan ajoittuu perinteisesti pyh\u00e4inp\u00e4iv\u00e4n seutuun, t\u00e4n\u00e4 vuonna 4. \u2013 5.11.2011. Matkan suosio yll\u00e4tti j\u00e4rjest\u00e4j\u00e4t ja lis\u00e4paikkoja varattiin sit\u00e4 mukaa kun l\u00e4htij\u00e4m\u00e4\u00e4r\u00e4 kasvoi. Raju ja Kyl\u00e4yhdistys osallistuivat matkan kustannuksiin ja yhteinen illallinen nautittiin ravintola Maikrahvissa.<\/span><\/span><span style=\"color: #000000;font-family: Arial\">\u00a0<\/span><\/p>\n<p><span style=\"color: #000000\"><span style=\"font-family: Arial\">Karaoketanssit pidettiin hirvipeijaisten yhteydess\u00e4 H\u00e4nnil\u00e4ss\u00e4 19.11. Hoidimme j\u00e4rjestelyt yhdess\u00e4 hirvimiesten ja Rajun kanssa. Paavon vet\u00e4mien karaoketanssien lomassa oli pient\u00e4 ohjelmaa, kuten kunnon iltamissa kuuluukin olla. Illan kulut katettiin arpajaisilla.\u00a0<\/span><\/span><span style=\"color: #000000;font-family: Arial\">\u00a0<\/span><\/p>\n<p><span style=\"color: #000000\"><span style=\"font-family: Arial\">Er\u00e4tulet H\u00e4nnil\u00e4n kodalla j\u00e4rjestettiin 18.12. Paikalla oli runsas joukko kyl\u00e4l\u00e4isi\u00e4 ja lumen v\u00e4hyydest\u00e4 huolimatta tunnelma oli jouluinen. Kyl\u00e4yhdistys tarjosi puuroa, gl\u00f6gi\u00e4, pipareita ja makkaraa.\u00a0<\/span><\/span><span style=\"color: #000000;font-family: Arial\">\u00a0<\/span><\/p>\n<p><span style=\"color: #000000\"><span style=\"font-family: Arial\"><strong>J\u00e4senet\u00a0<\/strong><\/span><\/span><\/p>\n<p><span style=\"color: #000000\"><span style=\"font-family: Arial\">Yhdistyksess\u00e4 on j\u00e4senmaksun maksaneita j\u00e4seni\u00e4 121 ja j\u00e4senmaksuja kertyi 605 euroa.<\/span><\/span><\/p>\n<p><span style=\"color: #000000\"><span style=\"font-family: Arial\"><strong>Saadut avustukset<\/strong>\u00a0\u00a0\u00a0\u00a0\u00a0\u00a0\u00a0\u00a0\u00a0\u00a0 <\/span><\/span><\/p>\n<p><span style=\"color: #000000\"><span style=\"font-family: Arial\">Kunnalta saatiin toiminta-avustusta yleiskuluihin 60,00 ja siivoustempauksiin 50,00. Kyl\u00e4toiminta-avustuksilla maksettiin Kyl\u00e4tuvan lattioiden kunnostus.<\/span><\/span><span style=\"color: #000000;font-family: Arial\">\u00a0<\/span><\/p>\n<p><span style=\"font-family: Arial\"><strong><span style=\"color: #000000\">Muuta<\/span><\/strong><\/span><\/p>\n<p><span style=\"font-family: Arial\"><span style=\"color: #000000\">Kyl\u00e4yhdistys vuokraa pient\u00e4 korvausta vastaan astiastoa ja liinoja. Saaduilla tuloilla pyrit\u00e4\u00e4n pit\u00e4m\u00e4\u00e4n astiasto kunnossa. Astiastoa vuokrattiin joitakin kertoja vuoden aikana.<\/span><\/span><\/p>\n<p><span style=\"font-family: Arial\"><span style=\"color: #000000\">Kyl\u00e4tupaa k\u00e4ytet\u00e4\u00e4n mm. erilaisten kokousten pitopaikkana. Jumppapiiri kokoontui kyl\u00e4tuvalla talvikautena ja mm. ampujat k\u00e4ytt\u00e4v\u00e4t sis\u00e4rataa s\u00e4\u00e4nn\u00f6llisesti. Kyl\u00e4tuvalla on kaikkien vapaasti k\u00e4ytett\u00e4viss\u00e4 vanhan kuntosalilaitteen lis\u00e4ksi nyt my\u00f6s soutulaite. Kyl\u00e4tupaa varattiin my\u00f6s yksityistilaisuuksiin. Kyl\u00e4tuvan yleissiivouksesta vastaa yhdistyksen palkkaama siivooja.<\/span><\/span><\/p>\n<p><strong><span style=\"font-family: Arial\">Kokoukset ja tiedotteet<\/span><\/strong><\/p>\n<p><span style=\"color: #000000\"><span style=\"font-family: Arial\">Kyl\u00e4yhdistyksen yleiset kokoukset pidettiin 02.05. ja 29.11. Hallitus kokoontui kaksi kertaa. Kyl\u00e4tiedotteita julkaistiin yksi. <\/span><\/span><\/p>\n<p><strong><span style=\"font-family: Arial\">Tilikauden tulos<\/span><\/strong><strong><span style=\"color: #000000;font-family: Arial\">\u00a0<\/span><\/strong><\/p>\n<p><span style=\"color: #000000\"><span style=\"font-family: Arial\">Tilikauden alij\u00e4\u00e4m\u00e4 on 818,85 \u20ac.<\/span><\/span><span style=\"color: #000000;font-family: Arial\">\u00a0<\/span><\/p>\n<p><strong><span style=\"color: #000000\"><span style=\"font-family: Arial\">Toimihenkil\u00f6t\u00a0<\/span><\/span><\/strong><strong><span style=\"color: #000000;font-family: Arial\">\u00a0<\/span><\/strong><\/p>\n<p><span style=\"font-family: Arial\"><span style=\"color: #000000\">Puheenjohtaja\u00a0\u00a0\u00a0\u00a0\u00a0\u00a0\u00a0\u00a0\u00a0\u00a0\u00a0\u00a0\u00a0\u00a0\u00a0\u00a0\u00a0\u00a0\u00a0\u00a0 <\/span><span style=\"color: #000000\">Sirpa Monto<\/span><\/span><\/p>\n<p><span style=\"font-family: Arial\"><span style=\"color: #000000\">Varapuheenjohtaja\u00a0\u00a0\u00a0\u00a0\u00a0\u00a0\u00a0\u00a0\u00a0\u00a0\u00a0\u00a0 <\/span><span style=\"color: #000000\">Erja Liukka<\/span><\/span><\/p>\n<p><span style=\"font-family: Arial\"><span style=\"color: #000000\">Sihteeri\/rahastonhoitaja\u00a0\u00a0\u00a0\u00a0\u00a0 <\/span><span style=\"color: #000000\">Ritva Varis<\/span><\/span><\/p>\n<p><span style=\"color: #000000\"><span style=\"font-family: Arial\">Muut johtokunnan j\u00e4senet:<\/span><\/span><\/p>\n<p><span style=\"font-family: Arial\"><span style=\"color: #000000\">Olavi Hannula,\u00a0<\/span><span style=\"color: #000000\">Hanna Kivioja, Elin<\/span><\/span><span style=\"font-family: Arial\"><span style=\"color: #000000\">a Ronkonen,\u00a0<\/span><span style=\"color: #000000\">Pekka Niemel\u00e4inen, <\/span><\/span><span style=\"font-family: Arial\"><span style=\"color: #000000\">Oiva J\u00e4ppinen\u00a0ja\u00a0\u00a0\u00a0\u00a0\u00a0\u00a0 <\/span><span style=\"color: #000000\">Rauno Savolainen<\/span><\/span><span style=\"color: #000000;font-family: Arial\">\u00a0<\/span><\/p>\n<p><span style=\"color: #000000\"><span style=\"font-family: Arial\">Varaj\u00e4senet\u00a0Jouko Savolainen ja Risto Ronkonen<\/span><\/span><\/p>\n<p><span style=\"color: #000000\"><span style=\"font-family: Arial\">Tilintarkastajat: <\/span><\/span><span style=\"font-family: Arial\"><span style=\"color: #000000\">Raimo Kuosma (Riitta Kuosma)\u00a0ja <\/span><span style=\"color: #000000\">Reijo H\u00e4nninen (Helena Siki\u00f6)<\/span><\/span><\/p>\n","protected":false},"excerpt":{"rendered":"<p>\u00a0 Toiminta vuoden aikana Vuoden 2011 toiminta k\u00e4ynnistyi Kyl\u00e4tuvalla pidetyll\u00e4 Yst\u00e4v\u00e4np\u00e4iv\u00e4n karaokeillalla lauantaina 12.2.2011. Paikalle kertyi mukava joukko innokkaita laulajia. Karaokelaitteet lainattiin Jouko Savolaiselta. Tanssiretki Kiteen Pajarinhoviin j\u00e4rjestettiin 16.4. Retki sai suuren suosion ja \u00a0linja-auto t\u00e4yttyi hyv\u00e4ntuulisista saarelaisista. Bussin vuokrasimme Kyytibussit Oy:lt\u00e4 ja turvallisesta kyydist\u00e4 vastasi Hanna Kivioja.\u00a0\u00a0 Osallistuimme aikaisempien vuosien tapaan kylien v\u00e4liseen k\u00e4velykilpailuun. &hellip; <a href=\"https:\/\/kylat.meitadev.fi\/aitsaari\/kylayhdistys\/vuosikertomukset\/vuosikertomus\/\" class=\"more-link\">Continue reading <span class=\"screen-reader-text\">2011<\/span><\/a><\/p>\n","protected":false},"author":127,"featured_media":0,"parent":454,"menu_order":0,"comment_status":"closed","ping_status":"closed","template":"onecolumn-page.php","meta":{"footnotes":""},"_links":{"self":[{"href":"https:\/\/kylat.meitadev.fi\/aitsaari\/wp-json\/wp\/v2\/pages\/45"}],"collection":[{"href":"https:\/\/kylat.meitadev.fi\/aitsaari\/wp-json\/wp\/v2\/pages"}],"about":[{"href":"https:\/\/kylat.meitadev.fi\/aitsaari\/wp-json\/wp\/v2\/types\/page"}],"author":[{"embeddable":true,"href":"https:\/\/kylat.meitadev.fi\/aitsaari\/wp-json\/wp\/v2\/users\/127"}],"replies":[{"embeddable":true,"href":"https:\/\/kylat.meitadev.fi\/aitsaari\/wp-json\/wp\/v2\/comments?post=45"}],"version-history":[{"count":9,"href":"https:\/\/kylat.meitadev.fi\/aitsaari\/wp-json\/wp\/v2\/pages\/45\/revisions"}],"predecessor-version":[{"id":564,"href":"https:\/\/kylat.meitadev.fi\/aitsaari\/wp-json\/wp\/v2\/pages\/45\/revisions\/564"}],"up":[{"embeddable":true,"href":"https:\/\/kylat.meitadev.fi\/aitsaari\/wp-json\/wp\/v2\/pages\/454"}],"wp:attachment":[{"href":"https:\/\/kylat.meitadev.fi\/aitsaari\/wp-json\/wp\/v2\/media?parent=45"}],"curies":[{"name":"wp","href":"https:\/\/api.w.org\/{rel}","templated":true}]}}