{"id":5,"date":"2012-09-25T12:19:33","date_gmt":"2012-09-25T12:19:33","guid":{"rendered":"https:\/\/kylat.meitadev.fi\/aitsaari\/?page_id=5"},"modified":"2013-07-22T16:05:54","modified_gmt":"2013-07-22T16:05:54","slug":"kylayhdistys","status":"publish","type":"page","link":"https:\/\/kylat.meitadev.fi\/aitsaari\/kylayhdistys\/","title":{"rendered":"Kyl\u00e4yhdistys"},"content":{"rendered":"<p>\u00c4itsaaren Kyl\u00e4t ry:n perustamiskokous on pidetty 19.11.1998. Toki kyl\u00e4toimintaa on ollut jo ennen t\u00e4t\u00e4kin mutta t\u00e4ss\u00e4 vaiheessa kyl\u00e4toimikunnasta tehtiin rekister\u00f6ity yhdistys. Rekister\u00f6ityminen helpotti monien asioiden hoitoa ja mahdollisti mm. avustusten saamisen. Kyl\u00e4yhdistyksen toimialueeseen kuuluvat \u00c4itsaaren kylien lis\u00e4ksi my\u00f6s Mietinsaari ja H\u00e4rski\u00e4nsaari.<\/p>\n<p>Kyl\u00e4yhdistyksen hallitukseen kuuluu t\u00e4ll\u00e4 hetkell\u00e4 puheenjohtajan lis\u00e4ksi kahdeksan j\u00e4sent\u00e4. Hallitus kokoontuu v\u00e4hint\u00e4\u00e4n kaksi kertaa vuodessa, tarvittaessa useammin. Yleisi\u00e4 kokouksia pidet\u00e4\u00e4n kaksi, kev\u00e4t- ja syyskokous.<\/p>\n<p>Kyl\u00e4yhdistys pyrkii j\u00e4rjest\u00e4m\u00e4\u00e4n erilaista toimintaa ymp\u00e4ri vuoden,\u00a0esimerkkin\u00e4 mainittakoon\u00a0kyl\u00e4ilta Suikkalan lavalla ja jouluinen puurohetki er\u00e4tulien merkeiss\u00e4. Kyl\u00e4yhdistyksen kautta onnistuu my\u00f6s esim. astioiden vuokraus. Kyl\u00e4yhdistys tiedottaa tapahtumista Uutisvuoksen seurapalstalla sek\u00e4 v\u00e4hint\u00e4\u00e4n kerran vuodessa ilmestyv\u00e4ss\u00e4 kyl\u00e4tiedotteessa.<\/p>\n","protected":false},"excerpt":{"rendered":"<p>\u00c4itsaaren Kyl\u00e4t ry:n perustamiskokous on pidetty 19.11.1998. Toki kyl\u00e4toimintaa on ollut jo ennen t\u00e4t\u00e4kin mutta t\u00e4ss\u00e4 vaiheessa kyl\u00e4toimikunnasta tehtiin rekister\u00f6ity yhdistys. Rekister\u00f6ityminen helpotti monien asioiden hoitoa ja mahdollisti mm. avustusten saamisen. Kyl\u00e4yhdistyksen toimialueeseen kuuluvat \u00c4itsaaren kylien lis\u00e4ksi my\u00f6s Mietinsaari ja H\u00e4rski\u00e4nsaari. Kyl\u00e4yhdistyksen hallitukseen kuuluu t\u00e4ll\u00e4 hetkell\u00e4 puheenjohtajan lis\u00e4ksi kahdeksan j\u00e4sent\u00e4. Hallitus kokoontuu v\u00e4hint\u00e4\u00e4n kaksi kertaa &hellip; <a href=\"https:\/\/kylat.meitadev.fi\/aitsaari\/kylayhdistys\/\" class=\"more-link\">Continue reading <span class=\"screen-reader-text\">Kyl\u00e4yhdistys<\/span><\/a><\/p>\n","protected":false},"author":127,"featured_media":0,"parent":0,"menu_order":0,"comment_status":"closed","ping_status":"closed","template":"","meta":{"footnotes":""},"_links":{"self":[{"href":"https:\/\/kylat.meitadev.fi\/aitsaari\/wp-json\/wp\/v2\/pages\/5"}],"collection":[{"href":"https:\/\/kylat.meitadev.fi\/aitsaari\/wp-json\/wp\/v2\/pages"}],"about":[{"href":"https:\/\/kylat.meitadev.fi\/aitsaari\/wp-json\/wp\/v2\/types\/page"}],"author":[{"embeddable":true,"href":"https:\/\/kylat.meitadev.fi\/aitsaari\/wp-json\/wp\/v2\/users\/127"}],"replies":[{"embeddable":true,"href":"https:\/\/kylat.meitadev.fi\/aitsaari\/wp-json\/wp\/v2\/comments?post=5"}],"version-history":[{"count":10,"href":"https:\/\/kylat.meitadev.fi\/aitsaari\/wp-json\/wp\/v2\/pages\/5\/revisions"}],"predecessor-version":[{"id":556,"href":"https:\/\/kylat.meitadev.fi\/aitsaari\/wp-json\/wp\/v2\/pages\/5\/revisions\/556"}],"wp:attachment":[{"href":"https:\/\/kylat.meitadev.fi\/aitsaari\/wp-json\/wp\/v2\/media?parent=5"}],"curies":[{"name":"wp","href":"https:\/\/api.w.org\/{rel}","templated":true}]}}