{"id":547,"date":"2013-07-16T18:53:29","date_gmt":"2013-07-16T18:53:29","guid":{"rendered":"https:\/\/kylat.meitadev.fi\/aitsaari\/?page_id=547"},"modified":"2017-07-19T15:22:56","modified_gmt":"2017-07-19T15:22:56","slug":"aitsaari-kierros-2013","status":"publish","type":"page","link":"https:\/\/kylat.meitadev.fi\/aitsaari\/aitsaari-kierros\/aitsaari-kierros-2013\/","title":{"rendered":"\u00c4itsaari-kierros 2013"},"content":{"rendered":"<p>\u00c4itsaari-kierros j\u00e4rjestet\u00e4\u00e4n sunnuntaina 21.7.2013 klo 12-17. T\u00e4n\u00e4 vuonna mukana on my\u00f6s uusia kohteita joten kannattaa tulla \u00c4itsaarelle!<\/p>\n<p><b><span style=\"color: #000000\">INFO-piste, \u00c4itsaaren Kyl\u00e4tupa, Savilahti \u00c4itsaarentie 232: <\/span><\/b><span style=\"color: #000000\">kierroksen karttoja, Sininen Haapavesi-hanke, Tuntematon Eukko -n\u00e4ytelm\u00e4n lippuja<b><\/b><\/span><\/p>\n<p><span style=\"color: #000000\"><strong>Sirpa Monto<\/strong>: ternimaitoa<\/span><\/p>\n<p><span style=\"color: #000000\"><strong>Sirpa Pellinen<\/strong>: ternimaitoa<\/span><\/p>\n<p><span style=\"color: #000000\"><strong>Antti Monto<\/strong>: espresso ja terveys<\/span><\/p>\n<p><strong>Elina Jurva<\/strong>: lelukirppis<\/p>\n<p><span style=\"color: #000000\"><strong>Sinikka Saariniemi<\/strong>:\u00a0villasukkia, <\/span><\/p>\n<p><span style=\"color: #000000\"><b>1. <\/b><b>Susanna ja Pekka H\u00e4nninen, Savilahti H\u00e4nnisenm\u00e4entie 17: <\/b><\/span><span style=\"color: #000000\">Ruisleip\u00e4\u00e4, terveysleip\u00e4\u00e4, kauraleip\u00e4\u00e4, riisipiirakoita, perunalepuskaa, pullaa, rahkapiirakkaa, munkkeja, unelmatorttua, gluteeniton kahvileip\u00e4. Lettuja, kahvia. K\u00e4sit\u00f6it\u00e4, perunaa ja porkkanaa<\/span><span style=\"color: #000000;font-family: Times;font-size: small\">\u00a0<\/span><\/p>\n<p><span style=\"color: #000000\"><b>2. <\/b><b>Virve Rikkonen, Savilahti Monnonkyl\u00e4ntie 126:\u00a0<\/b><\/span><span style=\"color: #000000\">Kuivakukkia, k\u00e4sin huovutettuja tossuja<\/span><\/p>\n<p><span style=\"color: #000000\"><b>3.<\/b> <b>Soili ja Tauno \u00c4ik\u00e4\u00e4<\/b><b>,\u00a0<\/b><b>Maija ja Jouni Kinnunen<\/b>, <b>Savilahti \u00c4itsaarentie 263: <\/b><\/span><span style=\"color: #000000\">Leivonnaisia mm. karjalanpiiraita, ruisleip\u00e4\u00e4. Lihapulla-salaatti lounas, lettuja, kahvia. Tarjoilut vanhan navetan sis\u00e4tiloissa. Poni, hevosia, lampaita, kaneja ja kanoja <\/span><\/p>\n<p><span style=\"color: #000000\"><b>4. <\/b><b>Rauno Savolainen, Anja Kortelainen, Kokkokalliontie 50<\/b>: Swipe-tuotteet,karjalanpiirakoita, ohrarieskaa,, punaherukkapiirakkaa, mustikkapiirakkaa, munkit, mehu, poniratsastusta, traktoriajelua<\/span><span style=\"color: #000000;font-family: Times\">\u00a0<\/span><\/p>\n<p><span style=\"color: #000000\"><b>5. <\/b><b>Heinaho, Matti ja Aija Moilanen, \u00c4itsaarentie 889:\u00a0<\/b><\/span><span style=\"color: #000000\">Heinaho on Talonpoikaiskulttuuris\u00e4\u00e4ti\u00f6n rakennusperint\u00f6kilpailussa palkittu v. 1900 rakennettu asuinymp\u00e4rist\u00f6. Rakennuskantaa on ennallistettu tuomalla vanhoja hirsirakennuksia purettujen rakennusten paikoille. Asuinrakennusta on entis\u00f6ity v.2007 ja 2012. Puucee on yleis\u00f6n k\u00e4yt\u00f6ss\u00e4.<\/span><span style=\"color: #000000;font-family: Times\">\u00a0<\/span><\/p>\n<p><span style=\"color: #000000\"><b>6. <\/b><b>Erja ja Jarno Liukka, Soinila Soinilantie 20:\u00a0<\/b><\/span><span style=\"color: #000000\">Ternimaitoa, poni, hevonen, vasikoita pihalla, lehm\u00e4t, lelukirppis<\/span><\/p>\n<p><span style=\"color: #000000\"><b>7. <\/b><b>Retsola, Ruokolahden Er\u00e4toverit ry<\/b><\/span><span style=\"color: #000000\"><strong>, Soinilanlahdentie 30<\/strong>:\u00a0<\/span><span style=\"color: #000000\">Vohveleita, j\u00e4\u00e4tel\u00f6\u00e4 ja kahvipiste. Kirpputori, nuotiomakkaraa, variksenpel\u00e4ttimi\u00e4 myyt\u00e4v\u00e4n\u00e4, uimaranta, sauna klo 16.00\u201317.00. Yhteislaulutilaisuudet klo 13.00 ja 15.30. Puuceet yleis\u00f6n k\u00e4yt\u00f6ss\u00e4. <\/span><\/p>\n<p><span style=\"color: #000000\"><b>8. <\/b><b>Anu ja Heikki Narinen, H\u00e4nnil\u00e4 \u00c4itsaarentie 1458: <\/b><\/span><span style=\"color: #000000\">Savustettua merilohta, lisukkeena \u00c4itsaaren kasviksia. Kahvipiste. Ruokailijoille IPV lahjoittaa liput 22.7. olevaan peliin. <\/span><span style=\"color: #000000\">Amerikan miniatyyrihevosia, hevosia, pomppulinna, hattaraa. <\/span><\/p>\n<p><span style=\"color: #000000\"><b>Kimmo Tiilikainen,<\/b> 050\u00a0511 3174 Luomuporkkanaa, -kurkkua, -kes\u00e4kurpitsaa, -perunaa ja -sipulia.<\/span><span style=\"color: #000000;font-family: Times;font-size: small\">\u00a0<\/span><\/p>\n<p><span style=\"color: #000000\"><b>9. <\/b><b>H\u00e4nnil\u00e4n seurojentalo, \u00c4itsaarentie 1570; <\/b><\/span><span style=\"color: #000000\">kahvio, hanurimusiikkia<\/span><\/p>\n<p><strong>Elina Ronkonen<\/strong>: ternimaitoa<\/p>\n<p><span style=\"color: #000000\"><b>\u00c4itsaaren hirvimiehet: <\/b>nylkykuurin esittely<\/span><\/p>\n<p><span style=\"color: #000000\"><b>Tuntematon eukko-n\u00e4ytelm\u00e4 klo 18.00, <\/b>lippuja saatavana my\u00f6s Info-pisteest\u00e4<\/span><\/p>\n<p><span style=\"color: #000000;font-family: Times;font-size: small\">\u00a0<\/span><\/p>\n<p>&nbsp;<\/p>\n","protected":false},"excerpt":{"rendered":"<p>\u00c4itsaari-kierros j\u00e4rjestet\u00e4\u00e4n sunnuntaina 21.7.2013 klo 12-17. T\u00e4n\u00e4 vuonna mukana on my\u00f6s uusia kohteita joten kannattaa tulla \u00c4itsaarelle! INFO-piste, \u00c4itsaaren Kyl\u00e4tupa, Savilahti \u00c4itsaarentie 232: kierroksen karttoja, Sininen Haapavesi-hanke, Tuntematon Eukko -n\u00e4ytelm\u00e4n lippuja Sirpa Monto: ternimaitoa Sirpa Pellinen: ternimaitoa Antti Monto: espresso ja terveys Elina Jurva: lelukirppis Sinikka Saariniemi:\u00a0villasukkia, 1. Susanna ja Pekka H\u00e4nninen, Savilahti H\u00e4nnisenm\u00e4entie 17: &hellip; <a href=\"https:\/\/kylat.meitadev.fi\/aitsaari\/aitsaari-kierros\/aitsaari-kierros-2013\/\" class=\"more-link\">Continue reading <span class=\"screen-reader-text\">\u00c4itsaari-kierros 2013<\/span><\/a><\/p>\n","protected":false},"author":127,"featured_media":0,"parent":49,"menu_order":0,"comment_status":"closed","ping_status":"closed","template":"","meta":{"footnotes":""},"_links":{"self":[{"href":"https:\/\/kylat.meitadev.fi\/aitsaari\/wp-json\/wp\/v2\/pages\/547"}],"collection":[{"href":"https:\/\/kylat.meitadev.fi\/aitsaari\/wp-json\/wp\/v2\/pages"}],"about":[{"href":"https:\/\/kylat.meitadev.fi\/aitsaari\/wp-json\/wp\/v2\/types\/page"}],"author":[{"embeddable":true,"href":"https:\/\/kylat.meitadev.fi\/aitsaari\/wp-json\/wp\/v2\/users\/127"}],"replies":[{"embeddable":true,"href":"https:\/\/kylat.meitadev.fi\/aitsaari\/wp-json\/wp\/v2\/comments?post=547"}],"version-history":[{"count":4,"href":"https:\/\/kylat.meitadev.fi\/aitsaari\/wp-json\/wp\/v2\/pages\/547\/revisions"}],"predecessor-version":[{"id":576,"href":"https:\/\/kylat.meitadev.fi\/aitsaari\/wp-json\/wp\/v2\/pages\/547\/revisions\/576"}],"up":[{"embeddable":true,"href":"https:\/\/kylat.meitadev.fi\/aitsaari\/wp-json\/wp\/v2\/pages\/49"}],"wp:attachment":[{"href":"https:\/\/kylat.meitadev.fi\/aitsaari\/wp-json\/wp\/v2\/media?parent=547"}],"curies":[{"name":"wp","href":"https:\/\/api.w.org\/{rel}","templated":true}]}}