{"id":596,"date":"2013-08-25T11:12:06","date_gmt":"2013-08-25T11:12:06","guid":{"rendered":"https:\/\/kylat.meitadev.fi\/aitsaari\/?page_id=596"},"modified":"2017-07-19T15:22:56","modified_gmt":"2017-07-19T15:22:56","slug":"aitsaari-kierros-2014","status":"publish","type":"page","link":"https:\/\/kylat.meitadev.fi\/aitsaari\/aitsaari-kierros\/aitsaari-kierros-2014\/","title":{"rendered":"\u00c4itsaari-kierros 2014"},"content":{"rendered":"<p>Kierros j\u00e4rjestet\u00e4\u00e4n sunnuntaina 20.7.2014 klo 12-17.<\/p>\n<p><strong>INFO-piste, \u00c4itsaaren kyl\u00e4tupa, Savilahti \u00c4itsaarentie 232<\/strong><\/p>\n<p><strong>Anja Kortelainen<\/strong>:\u00a0Swipe-tuotteet., 040 756 1387<\/p>\n<p><strong>Sirpa Monto<\/strong>: Ternimaito, 040 774 1389<\/p>\n<p><strong>\u00a01. Susanna ja Pekka H\u00e4nninen, Savilahti\u00a0H\u00e4nnisenm\u00e4entie 17, 0500 970 169, 0500 960 170<\/strong><\/p>\n<p>Ruisleip\u00e4\u00e4, terveysleip\u00e4\u00e4, kauraleip\u00e4\u00e4, riisipiirakoita, perunalepuskaa, pullaa, rahkapiirakkaa, munkkeja, unelmatorttua, gluteeniton kahvileip\u00e4. Lettuja, kahvia. K\u00e4sit\u00f6it\u00e4, perunaa ja porkkanaa<\/p>\n<p><strong>2. Virve Rikkonen, Savilahti Monnonkyl\u00e4ntie 126, 050\u00a0370 0889<\/strong><\/p>\n<p>Kuivakukkia, k\u00e4sin huovutettuja tossuja.<\/p>\n<p><strong>3.\u00a0Soili ja Tauno \u00c4ik\u00e4\u00e4, 0400 524 633 Maija ja Jouni Kinnunen\u00a0040\u00a0839 0979, Savilahti \u00c4itsaarentie 263<\/strong><\/p>\n<p>Leivonnaisia mm. karjalanpiiraita, ruisleip\u00e4\u00e4. Lihapulla-salaatti lounas, lettuja, kahvia. Tarjoilut vanhan navetan sis\u00e4tiloissa. Poni, hevosia, lampaita, kaneja ja kanoja. Musiikkia navetan vintill\u00e4.<\/p>\n<p><strong>4.\u00a0Erja ja Jarno Liukka, Soinila Soinilantie 20\u00a0050\u00a0575 1513, 050\u00a0541 4079<\/strong><\/p>\n<p>Ternimaitoa, poni-ajelua, hevonen, vasikoita pihalla, lehm\u00e4t, lelukirppis<\/p>\n<p><strong>5.\u00a0Retsola, Ruokolahden Er\u00e4toverit ry, Soinilanlahdentie 30\u00a0Satu Antikainen 040\u00a0557 1483<\/strong><\/p>\n<p>Vohveleita, j\u00e4\u00e4tel\u00f6\u00e4 ja kahvipiste. Kirpputori, nuotiomakkaraa, onnenpy\u00f6r\u00e4, uimaranta, sauna klo 16.00\u201317.00. Live-musiikkia. Lapsille puuhaa. Sininen Haapavesi-hankkeen esittely. P\u00e4\u00e4see my\u00f6s veneell\u00e4. Puuceet yleis\u00f6n k\u00e4yt\u00f6ss\u00e4.<\/p>\n<p><strong>6.\u00a0Anu ja Heikki Narinen, H\u00e4nnil\u00e4 \u00c4itsaarentie 1458 040\u00a0738 5242<\/strong><\/p>\n<p>Savustettua merilohta, lisukkeena \u00c4itsaaren kasviksia. Kahvipiste. Ruokailijoille IPV lahjoittaa liput peliin.<\/p>\n<p>Amerikan miniatyyrihevosia, hevosia, hattaraa.<\/p>\n<p><strong>Kimmo Tiilikainen,\u00a0050\u00a0511 3174 Luomuporkkanaa, -kurkkua, -kes\u00e4kurpitsaa, -perunaa ja -sipulia.<\/strong><\/p>\n<p><strong>7.\u00a0H\u00e4nnil\u00e4n seurojentalo, \u00c4itsaarentie 1570, Aira Ronkonen 040\u00a0769 2701<\/strong><\/p>\n<p>Kahvio, hanurimusiikkia. Seurojentalon esittely.<\/p>\n<p>Arpajaiset<\/p>\n<p>Lapsille ymp\u00e4rist\u00f6taiteen tekoa Katja Paakin ohjauksessa klo 13-16.<\/p>\n<p><strong>Enja Narinen<\/strong>: K\u00e4sit\u00f6it\u00e4.<\/p>\n<p><strong>Elina Jurva<\/strong>:\u00a0Kirpputori<\/p>\n<p><strong>\u00c4itsaaren hirvimiehet<\/strong>: Nylkykuurin esittely<\/p>\n<p><strong>Irti -Teatteri: Pyykk\u00e4rit klo 18.30, lipunmyynti my\u00f6s kierroksen aikana<\/strong><\/p>\n<p>Huom! Kierroksen aikana emme l\u00e4hesk\u00e4\u00e4n aina pysty vastaamaan puheluihin.<\/p>\n<p><a href=\"https:\/\/kylat.meitadev.fi\/aitsaari\/wp-content\/uploads\/sites\/49\/2013\/08\/Kierroksen-kohteet-2014.pdf\">Kierroksen kohteet 2014<\/a><\/p>\n","protected":false},"excerpt":{"rendered":"<p>Kierros j\u00e4rjestet\u00e4\u00e4n sunnuntaina 20.7.2014 klo 12-17. INFO-piste, \u00c4itsaaren kyl\u00e4tupa, Savilahti \u00c4itsaarentie 232 Anja Kortelainen:\u00a0Swipe-tuotteet., 040 756 1387 Sirpa Monto: Ternimaito, 040 774 1389 \u00a01. Susanna ja Pekka H\u00e4nninen, Savilahti\u00a0H\u00e4nnisenm\u00e4entie 17, 0500 970 169, 0500 960 170 Ruisleip\u00e4\u00e4, terveysleip\u00e4\u00e4, kauraleip\u00e4\u00e4, riisipiirakoita, perunalepuskaa, pullaa, rahkapiirakkaa, munkkeja, unelmatorttua, gluteeniton kahvileip\u00e4. Lettuja, kahvia. K\u00e4sit\u00f6it\u00e4, perunaa ja porkkanaa 2. Virve &hellip; <a href=\"https:\/\/kylat.meitadev.fi\/aitsaari\/aitsaari-kierros\/aitsaari-kierros-2014\/\" class=\"more-link\">Continue reading <span class=\"screen-reader-text\">\u00c4itsaari-kierros 2014<\/span><\/a><\/p>\n","protected":false},"author":127,"featured_media":0,"parent":49,"menu_order":-1,"comment_status":"closed","ping_status":"closed","template":"","meta":{"footnotes":""},"_links":{"self":[{"href":"https:\/\/kylat.meitadev.fi\/aitsaari\/wp-json\/wp\/v2\/pages\/596"}],"collection":[{"href":"https:\/\/kylat.meitadev.fi\/aitsaari\/wp-json\/wp\/v2\/pages"}],"about":[{"href":"https:\/\/kylat.meitadev.fi\/aitsaari\/wp-json\/wp\/v2\/types\/page"}],"author":[{"embeddable":true,"href":"https:\/\/kylat.meitadev.fi\/aitsaari\/wp-json\/wp\/v2\/users\/127"}],"replies":[{"embeddable":true,"href":"https:\/\/kylat.meitadev.fi\/aitsaari\/wp-json\/wp\/v2\/comments?post=596"}],"version-history":[{"count":7,"href":"https:\/\/kylat.meitadev.fi\/aitsaari\/wp-json\/wp\/v2\/pages\/596\/revisions"}],"predecessor-version":[{"id":599,"href":"https:\/\/kylat.meitadev.fi\/aitsaari\/wp-json\/wp\/v2\/pages\/596\/revisions\/599"}],"up":[{"embeddable":true,"href":"https:\/\/kylat.meitadev.fi\/aitsaari\/wp-json\/wp\/v2\/pages\/49"}],"wp:attachment":[{"href":"https:\/\/kylat.meitadev.fi\/aitsaari\/wp-json\/wp\/v2\/media?parent=596"}],"curies":[{"name":"wp","href":"https:\/\/api.w.org\/{rel}","templated":true}]}}