{"id":65,"date":"2012-09-25T16:14:01","date_gmt":"2012-09-25T16:14:01","guid":{"rendered":"https:\/\/kylat.meitadev.fi\/aitsaari\/?page_id=65"},"modified":"2021-07-07T08:29:06","modified_gmt":"2021-07-07T06:29:06","slug":"kylatiedote","status":"publish","type":"page","link":"https:\/\/kylat.meitadev.fi\/aitsaari\/kylatiedote\/","title":{"rendered":"Kyl\u00e4tiedote"},"content":{"rendered":"<p><a href=\"https:\/\/kylat.meitadev.fi\/aitsaari\/kylatiedote\/kylatiedote-2018-1\/\" rel=\"attachment wp-att-1495\">Kyl\u00e4tiedote 2018 <\/a><\/p>\n<p>&nbsp;<\/p>\n<p><strong>Voit lukea tiedotteen&nbsp;t\u00e4st\u00e4 linkist\u00e4: <\/strong><\/p>\n<p><strong><a href=\"https:\/\/kylat.meitadev.fi\/aitsaari\/wp-content\/uploads\/sites\/49\/2012\/09\/Kyl\u00e4tiedote-1-2012.doc\">Kyl\u00e4tiedote&nbsp;2012<\/a>&nbsp;&nbsp;&nbsp; <\/strong><\/p>\n<p><strong><a href=\"https:\/\/kylat.meitadev.fi\/aitsaari\/wp-content\/uploads\/sites\/49\/2012\/09\/Kyl\u00e4tiedote-2013.pdf\">Kyl\u00e4tiedote 2013<\/a><\/strong><\/p>\n<p><strong><a href=\"https:\/\/kylat.meitadev.fi\/aitsaari\/wp-content\/uploads\/sites\/49\/2012\/09\/Kyl\u00e4tiedote-1-2014.pdf\">Kyl\u00e4tiedote 2014<\/a><\/strong><\/p>\n<p><strong><a href=\"https:\/\/kylat.meitadev.fi\/aitsaari\/wp-content\/uploads\/sites\/49\/2012\/09\/Kyl\u00e4tiedote-2015.pdf\">Kyl\u00e4tiedote 2015<\/a><\/strong><\/p>\n<p>&nbsp;<\/p>\n\n\n<figure class=\"wp-block-image size-large\"><a href=\"https:\/\/kylat.meitadev.fi\/aitsaari\/wp-content\/uploads\/sites\/49\/2021\/07\/DOC110621-11062021133232-0001.jpg\"><img loading=\"lazy\" decoding=\"async\" width=\"723\" height=\"1024\" src=\"https:\/\/kylat.meitadev.fi\/aitsaari\/wp-content\/uploads\/sites\/49\/2021\/07\/DOC110621-11062021133232-0001-723x1024.jpg\" alt=\"\" class=\"wp-image-2105\" srcset=\"https:\/\/kylat.meitadev.fi\/aitsaari\/wp-content\/uploads\/sites\/49\/2021\/07\/DOC110621-11062021133232-0001-723x1024.jpg 723w, https:\/\/kylat.meitadev.fi\/aitsaari\/wp-content\/uploads\/sites\/49\/2021\/07\/DOC110621-11062021133232-0001-212x300.jpg 212w, https:\/\/kylat.meitadev.fi\/aitsaari\/wp-content\/uploads\/sites\/49\/2021\/07\/DOC110621-11062021133232-0001-768x1088.jpg 768w, https:\/\/kylat.meitadev.fi\/aitsaari\/wp-content\/uploads\/sites\/49\/2021\/07\/DOC110621-11062021133232-0001-1085x1536.jpg 1085w, https:\/\/kylat.meitadev.fi\/aitsaari\/wp-content\/uploads\/sites\/49\/2021\/07\/DOC110621-11062021133232-0001-1446x2048.jpg 1446w, https:\/\/kylat.meitadev.fi\/aitsaari\/wp-content\/uploads\/sites\/49\/2021\/07\/DOC110621-11062021133232-0001-863x1222.jpg 863w, https:\/\/kylat.meitadev.fi\/aitsaari\/wp-content\/uploads\/sites\/49\/2021\/07\/DOC110621-11062021133232-0001-76x108.jpg 76w, https:\/\/kylat.meitadev.fi\/aitsaari\/wp-content\/uploads\/sites\/49\/2021\/07\/DOC110621-11062021133232-0001.jpg 1646w\" sizes=\"(max-width: 723px) 100vw, 723px\" \/><\/a><\/figure>\n\n\n\n<figure class=\"wp-block-image size-large\"><a href=\"https:\/\/kylat.meitadev.fi\/aitsaari\/wp-content\/uploads\/sites\/49\/2021\/07\/DOC110621-11062021133232-0002.jpg\"><img loading=\"lazy\" decoding=\"async\" width=\"723\" height=\"1024\" src=\"https:\/\/kylat.meitadev.fi\/aitsaari\/wp-content\/uploads\/sites\/49\/2021\/07\/DOC110621-11062021133232-0002-723x1024.jpg\" alt=\"\" class=\"wp-image-2104\" srcset=\"https:\/\/kylat.meitadev.fi\/aitsaari\/wp-content\/uploads\/sites\/49\/2021\/07\/DOC110621-11062021133232-0002-723x1024.jpg 723w, https:\/\/kylat.meitadev.fi\/aitsaari\/wp-content\/uploads\/sites\/49\/2021\/07\/DOC110621-11062021133232-0002-212x300.jpg 212w, https:\/\/kylat.meitadev.fi\/aitsaari\/wp-content\/uploads\/sites\/49\/2021\/07\/DOC110621-11062021133232-0002-768x1088.jpg 768w, https:\/\/kylat.meitadev.fi\/aitsaari\/wp-content\/uploads\/sites\/49\/2021\/07\/DOC110621-11062021133232-0002-1085x1536.jpg 1085w, https:\/\/kylat.meitadev.fi\/aitsaari\/wp-content\/uploads\/sites\/49\/2021\/07\/DOC110621-11062021133232-0002-1446x2048.jpg 1446w, https:\/\/kylat.meitadev.fi\/aitsaari\/wp-content\/uploads\/sites\/49\/2021\/07\/DOC110621-11062021133232-0002-863x1222.jpg 863w, https:\/\/kylat.meitadev.fi\/aitsaari\/wp-content\/uploads\/sites\/49\/2021\/07\/DOC110621-11062021133232-0002-76x108.jpg 76w, https:\/\/kylat.meitadev.fi\/aitsaari\/wp-content\/uploads\/sites\/49\/2021\/07\/DOC110621-11062021133232-0002.jpg 1646w\" sizes=\"(max-width: 723px) 100vw, 723px\" \/><\/a><\/figure>\n","protected":false},"excerpt":{"rendered":"<p>Kyl\u00e4tiedote 2018 &nbsp; Voit lukea tiedotteen&nbsp;t\u00e4st\u00e4 linkist\u00e4: Kyl\u00e4tiedote&nbsp;2012&nbsp;&nbsp;&nbsp; Kyl\u00e4tiedote 2013 Kyl\u00e4tiedote 2014 Kyl\u00e4tiedote 2015 &nbsp;<\/p>\n","protected":false},"author":127,"featured_media":0,"parent":0,"menu_order":8,"comment_status":"closed","ping_status":"closed","template":"","meta":{"footnotes":""},"_links":{"self":[{"href":"https:\/\/kylat.meitadev.fi\/aitsaari\/wp-json\/wp\/v2\/pages\/65"}],"collection":[{"href":"https:\/\/kylat.meitadev.fi\/aitsaari\/wp-json\/wp\/v2\/pages"}],"about":[{"href":"https:\/\/kylat.meitadev.fi\/aitsaari\/wp-json\/wp\/v2\/types\/page"}],"author":[{"embeddable":true,"href":"https:\/\/kylat.meitadev.fi\/aitsaari\/wp-json\/wp\/v2\/users\/127"}],"replies":[{"embeddable":true,"href":"https:\/\/kylat.meitadev.fi\/aitsaari\/wp-json\/wp\/v2\/comments?post=65"}],"version-history":[{"count":20,"href":"https:\/\/kylat.meitadev.fi\/aitsaari\/wp-json\/wp\/v2\/pages\/65\/revisions"}],"predecessor-version":[{"id":2106,"href":"https:\/\/kylat.meitadev.fi\/aitsaari\/wp-json\/wp\/v2\/pages\/65\/revisions\/2106"}],"wp:attachment":[{"href":"https:\/\/kylat.meitadev.fi\/aitsaari\/wp-json\/wp\/v2\/media?parent=65"}],"curies":[{"name":"wp","href":"https:\/\/api.w.org\/{rel}","templated":true}]}}