{"id":7,"date":"2012-09-25T12:19:49","date_gmt":"2012-09-25T12:19:49","guid":{"rendered":"https:\/\/kylat.meitadev.fi\/aitsaari\/?page_id=7"},"modified":"2021-04-05T11:04:55","modified_gmt":"2021-04-05T09:04:55","slug":"etusivu","status":"publish","type":"page","link":"https:\/\/kylat.meitadev.fi\/aitsaari\/","title":{"rendered":"Etusivu"},"content":{"rendered":"<p>\u00c4itsaari sijaitsee Etel\u00e4-Karjalassa, Ruokolahden kunnassa. Kuntakeskuksesta saarelle on matkaa n. 11 km. \u00c4itsaari on Etel\u00e4-Karjalan suurin saari ja yksi Suomen suurimmista sis\u00e4j\u00e4rvien saarista. Wikipedian mukaan \u00c4itsaari (74 km2)\u00a0sijoittuu sijalle 7 (mik\u00e4li Soisalo lasketaan saareksi). Naapurisaarista samalla listalla ovat 17. Salosaari (26 km2), 29. Mietinsaari (18 km2) sek\u00e4 35. H\u00e4rski\u00e4nsaari (15 km2). \u00c4itsaarella voidaan laskea olevan 12 kyl\u00e4\u00e4; Savilahti, Vilkonm\u00e4ki, Sopala, Kurjala, Ter\u00e4v\u00e4l\u00e4, Soinila, Aisaniemi, H\u00e4nnil\u00e4, Savolaisenniemi, Hannikyl\u00e4, Lempi\u00e4l\u00e4 ja Ravali.<\/p>\n<p>\u00c4itsaari on perinteist\u00e4 maatalousaluetta. Saarelle sijoittuu nykyisinkin suuri osa kunnan maanviljelyksest\u00e4. Toimivia lypsykarjatiloja saarella on viel\u00e4 yhdeks\u00e4n. Kasvava palveluiden kysynt\u00e4 on mahdollistanut my\u00f6s monien yritysten perustamisen alueelle. V\u00e4est\u00f6 on maaseudulle tyypillisesti ik\u00e4\u00e4ntyv\u00e4\u00e4 mutta my\u00f6s moni lapsiperhe on l\u00f6yt\u00e4nyt kotinsa \u00c4itsaarelta. L\u00e4himm\u00e4t koulut sijaitsevat Salosaaren\u00a0Vaittilassa ja\u00a0kuntakeskuksessa Rasilassa. Kauppa- ja ty\u00f6matkat suuntautuvat p\u00e4\u00e4asiassa kuntakeskukseen Rasilaan tai l\u00e4heiseen kaupunkiin Imatralle.<\/p>\n<p>Kes\u00e4n koittaessa \u00c4itsaaren ja l\u00e4hiymp\u00e4rist\u00f6n\u00a0v\u00e4kiluku moninkertaistuu kun kes\u00e4asukkaat saapuvat sankoin joukoin\u00a0loma-asunnoilleen.\u00a0Suurin osa vapaa-ajan asunnoista sijoittuu Saimaan rannoille vaikka saarella on my\u00f6s\u00a0kymmeni\u00e4 j\u00e4rvi\u00e4 ja lampia. Vapaa-ajan asuntojen rakentaminen on edelleen vilkasta.<\/p>\n<p>\u00c4itsaarella on merkkej\u00e4 ihmisen toiminnasta jo kivikaudella.\u00a0 Korosniemest\u00e4 on l\u00f6ydetty kivikautinen asuinpaikka ja Karoniemess\u00e4 on tehty arkeologisia kaivauksia. Kolmik\u00f6ytisienvuoren kalliomaalausta voi k\u00e4yd\u00e4 katsomassa Sopalassa, opasteet paikalle alkavat \u00c4itsaarentielt\u00e4.<\/p>\n<p>H\u00e4nnil\u00e4n seuratalo tarjoaa tunnelmallisen paikan mm. perhejuhlille. Saaren toinen vanha koulu (Soinila) on partiolaisten hallinnassa ja toimii nykyisin Ruokolahden Er\u00e4tovereiden leiri- ja koulutuskeskuksena.<\/p>\n","protected":false},"excerpt":{"rendered":"<p>\u00c4itsaari sijaitsee Etel\u00e4-Karjalassa, Ruokolahden kunnassa. Kuntakeskuksesta saarelle on matkaa n. 11 km. \u00c4itsaari on Etel\u00e4-Karjalan suurin saari ja yksi Suomen suurimmista sis\u00e4j\u00e4rvien saarista. Wikipedian mukaan \u00c4itsaari (74 km2)\u00a0sijoittuu sijalle 7 (mik\u00e4li Soisalo lasketaan saareksi). Naapurisaarista samalla listalla ovat 17. Salosaari (26 km2), 29. Mietinsaari (18 km2) sek\u00e4 35. H\u00e4rski\u00e4nsaari (15 km2). \u00c4itsaarella voidaan laskea olevan &hellip; <a href=\"https:\/\/kylat.meitadev.fi\/aitsaari\/\" class=\"more-link\">Continue reading <span class=\"screen-reader-text\">Etusivu<\/span><\/a><\/p>\n","protected":false},"author":127,"featured_media":0,"parent":0,"menu_order":0,"comment_status":"closed","ping_status":"closed","template":"","meta":{"footnotes":""},"_links":{"self":[{"href":"https:\/\/kylat.meitadev.fi\/aitsaari\/wp-json\/wp\/v2\/pages\/7"}],"collection":[{"href":"https:\/\/kylat.meitadev.fi\/aitsaari\/wp-json\/wp\/v2\/pages"}],"about":[{"href":"https:\/\/kylat.meitadev.fi\/aitsaari\/wp-json\/wp\/v2\/types\/page"}],"author":[{"embeddable":true,"href":"https:\/\/kylat.meitadev.fi\/aitsaari\/wp-json\/wp\/v2\/users\/127"}],"replies":[{"embeddable":true,"href":"https:\/\/kylat.meitadev.fi\/aitsaari\/wp-json\/wp\/v2\/comments?post=7"}],"version-history":[{"count":13,"href":"https:\/\/kylat.meitadev.fi\/aitsaari\/wp-json\/wp\/v2\/pages\/7\/revisions"}],"predecessor-version":[{"id":2093,"href":"https:\/\/kylat.meitadev.fi\/aitsaari\/wp-json\/wp\/v2\/pages\/7\/revisions\/2093"}],"wp:attachment":[{"href":"https:\/\/kylat.meitadev.fi\/aitsaari\/wp-json\/wp\/v2\/media?parent=7"}],"curies":[{"name":"wp","href":"https:\/\/api.w.org\/{rel}","templated":true}]}}