{"id":896,"date":"2015-07-15T03:06:02","date_gmt":"2015-07-15T03:06:02","guid":{"rendered":"https:\/\/kylat.meitadev.fi\/aitsaari\/?page_id=896"},"modified":"2017-07-19T15:22:56","modified_gmt":"2017-07-19T15:22:56","slug":"aitsaari-kierros-2015","status":"publish","type":"page","link":"https:\/\/kylat.meitadev.fi\/aitsaari\/aitsaari-kierros\/aitsaari-kierros-2015\/","title":{"rendered":"\u00c4itsaari-kierros 2015"},"content":{"rendered":"<p>J\u00e4rjest\u00e4j\u00e4t kiitt\u00e4v\u00e4t kaikkia t\u00e4n\u00e4kin vuonna kierrokselle osallistuneita, n\u00e4hd\u00e4\u00e4n ensi vuonna!<\/p>\n<p>Kierros j\u00e4rjestet\u00e4\u00e4n sunnuntaina 19.7.2015 klo 12-17<\/p>\n<p><strong>INFO-piste, \u00c4itsaaren kyl\u00e4tupa, Savilahti, \u00c4itsaarentie 232<\/strong><\/p>\n<p style=\"padding-left: 30px\"><strong>Sirpa Pellinen:\u00a0<\/strong>Ternimaito<\/p>\n<p style=\"padding-left: 30px\"><strong>Pekka Pietil\u00e4inen<\/strong><strong>: <\/strong>\u00c4itsaaren p\u00e4iv\u00e4perhoset, klo 12.15 ja 13.15<\/p>\n<p style=\"padding-left: 30px\">K\u00e4sit\u00f6it\u00e4<\/p>\n<p style=\"padding-left: 30px\"><strong>Puutarhatila Uosukainen:\u00a0<\/strong>mansikkaa, hernett\u00e4<\/p>\n<ol>\n<li><strong>\u00a0Susanna ja Pekka H\u00e4nninen, Savilahti,<\/strong> <strong>H\u00e4nnisenm\u00e4entie 1:<\/strong>\u00a0Leivonnaisia,\u00a0\u00a0\u00a0\u00a0\u00a0\u00a0 my\u00f6s gluteenittomia. Lettuja, kahvia. K\u00e4sit\u00f6it\u00e4, perunaa ja porkkana\u00a0\u00a0\u00a0\u00a0\u00a0\u00a0\u00a0\u00a0\u00a0\u00a0\u00a0\u00a0\u00a0\u00a0\u00a0\u00a0\u00a0\u00a0\u00a0\u00a0\u00a0\u00a0\u00a0\u00a0 \u00a0\u00a0\u00a0\u00a0\u00a0\u00a0\u00a0\u00a0\u00a0.<\/li>\n<li><strong>Soili ja Tauno \u00c4ik\u00e4\u00e4, Maija ja Jouni Kinnunen<\/strong>, <strong>Savilahti, \u00c4itsaarentie 263: <\/strong>Leivonnaisia.\u00a0 Lihapulla-salaatti lounas, lettuja, kahvia. Tarjoilut vanhan navetan sis\u00e4tiloissa. Poni, hevonen, lampaita, kani ja kanoja. Ternimaitoa\u00a0 \u00a0\u00a0\u00a0\u00a0\u00a0\u00a0\u00a0\u00a0\u00a0\u00a0\u00a0\u00a0\u00a0\u00a0\u00a0\u00a0\u00a0\u00a0\u00a0\u00a0\u00a0\u00a0\u00a0\u00a0\u00a0\u00a0\u00a0\u00a0\u00a0\u00a0\u00a0\u00a0\u00a0\u00a0\u00a0\u00a0\u00a0 .<\/li>\n<li><strong> Anja Kortelainen ja Rauno Savolainen<\/strong><strong>, Kurjala Kokkokalliontie 50: <\/strong>Kermamuikut, vaihtoehto my\u00f6s kalattomille ja maidottomille. Leivonnaisia. Homcare- ja Swipe-tuotteet. Traktori-ajelua.\u00a0\u00a0\u00a0 \u00a0\u00a0\u00a0\u00a0\u00a0\u00a0\u00a0\u00a0\u00a0\u00a0\u00a0\u00a0\u00a0\u00a0\u00a0\u00a0\u00a0\u00a0\u00a0\u00a0\u00a0\u00a0\u00a0\u00a0\u00a0\u00a0\u00a0\u00a0\u00a0\u00a0\u00a0\u00a0\u00a0\u00a0\u00a0\u00a0\u00a0\u00a0\u00a0\u00a0\u00a0\u00a0\u00a0\u00a0\u00a0\u00a0\u00a0\u00a0\u00a0\u00a0\u00a0\u00a0\u00a0\u00a0\u00a0\u00a0\u00a0\u00a0\u00a0\u00a0\u00a0\u00a0\u00a0\u00a0\u00a0\u00a0\u00a0\u00a0\u00a0\u00a0\u00a0\u00a0\u00a0\u00a0\u00a0\u00a0\u00a0\u00a0\u00a0\u00a0\u00a0\u00a0\u00a0\u00a0\u00a0\u00a0\u00a0\u00a0\u00a0\u00a0\u00a0\u00a0 .<\/li>\n<li><strong> Erja ja Jarno Liukka, Soinila, Soinilantie 20: <\/strong>Ternimaitoa, ratsastusta, lehmi\u00e4 ja vasikoita. Lelu- ja lastenvaate-kirppis\u00a0\u00a0\u00a0\u00a0\u00a0\u00a0\u00a0\u00a0\u00a0\u00a0\u00a0\u00a0 \u00a0\u00a0\u00a0\u00a0\u00a0\u00a0\u00a0\u00a0\u00a0\u00a0\u00a0\u00a0\u00a0\u00a0\u00a0\u00a0\u00a0\u00a0\u00a0\u00a0\u00a0\u00a0\u00a0\u00a0\u00a0\u00a0\u00a0\u00a0\u00a0\u00a0\u00a0\u00a0\u00a0\u00a0\u00a0\u00a0\u00a0\u00a0\u00a0\u00a0\u00a0\u00a0\u00a0\u00a0\u00a0\u00a0\u00a0\u00a0\u00a0\u00a0\u00a0\u00a0\u00a0\u00a0\u00a0\u00a0\u00a0\u00a0\u00a0\u00a0\u00a0\u00a0\u00a0\u00a0\u00a0\u00a0\u00a0\u00a0\u00a0\u00a0\u00a0\u00a0\u00a0\u00a0\u00a0\u00a0\u00a0\u00a0\u00a0\u00a0\u00a0 .<\/li>\n<li><strong> Retsola, Ruokolahden Er\u00e4toverit ry<\/strong>, <strong>Soinila, <\/strong><strong>Soinilanlahdentie 30: <\/strong>Vohveleita, j\u00e4\u00e4tel\u00f6\u00e4 ja kahvipiste. Kirpputori, nuotiomakkaraa, uimaranta, sauna klo 16.00\u201317.00.\u00a0 P\u00e4\u00e4see my\u00f6s veneell\u00e4. Puuceet yleis\u00f6n k\u00e4yt\u00f6ss\u00e4.\u00a0\u00a0\u00a0\u00a0 \u00a0\u00a0\u00a0\u00a0\u00a0\u00a0\u00a0\u00a0\u00a0\u00a0\u00a0\u00a0\u00a0\u00a0\u00a0\u00a0\u00a0\u00a0\u00a0\u00a0\u00a0\u00a0\u00a0\u00a0\u00a0\u00a0\u00a0\u00a0\u00a0\u00a0\u00a0\u00a0\u00a0\u00a0\u00a0\u00a0\u00a0\u00a0\u00a0\u00a0\u00a0 .<\/li>\n<li><strong> Anu ja Heikki Narinen, H\u00e4nnil\u00e4, \u00c4itsaarentie 1458: <\/strong>Isolta pannulta herkullista wokkia. Mahdollista ruokailla hein\u00e4vintill\u00e4 tai ulkona patiolla.\u00a0 N\u00e4ht\u00e4vill\u00e4 erirotuisia hevosia. Paikalla my\u00f6s Karelia Tractors. Ulko-WC.\u00a0\u00a0Tilalle\u00a0ohjattu iikenne. \u00a0\u00a0\u00a0\u00a0\u00a0\u00a0\u00a0\u00a0\u00a0\u00a0\u00a0\u00a0\u00a0\u00a0\u00a0\u00a0\u00a0\u00a0\u00a0\u00a0\u00a0\u00a0\u00a0.<\/li>\n<li><strong> H\u00e4nnil\u00e4n seurojentalo, H\u00e4nnil\u00e4, \u00c4itsaarentie 1570, Aira Ronkonen <\/strong>Maatalous- ja ymp\u00e4rist\u00f6ministeri <strong>Kimmo Tiilikainen<\/strong> paikalla<\/li>\n<\/ol>\n<p style=\"padding-left: 30px\">Kahvio, hanurimusiikkia, k\u00e4sit\u00f6it\u00e4, kirpputori, arpajaiset. Esill\u00e4 vanhaa maatalouskalustoa. J\u00e4ttikuusen opastetut esittelykierrokset 12, 14, 16 (kuusen ymp\u00e4rysmitta 2,63m)<\/p>\n<p style=\"padding-left: 30px\"><strong>H\u00e4nninen: <\/strong>Juureksia ja vihanneksia<\/p>\n<p style=\"padding-left: 30px\"><strong>\u00c4itsaaren hirvimiehet: <\/strong>Nylkykuurin ja kodan esittely<\/p>\n<p style=\"padding-left: 30px\"><strong>Ruokolahden musiikkiteatteri:<\/strong> Klo 18.00\u00a0 Lauteilla soi C-kasetti.Liput 10 euroa. Kesto n.1h,ei v\u00e4liaikaa. Musiikkikappaleet her\u00e4\u00e4v\u00e4t eloon, saa laulaa mukana. Kahvio avoinna.<strong>\u00a0<\/strong><\/p>\n<ol start=\"8\">\n<li><strong>Elina ja Risto Ronkonen, Lempi\u00e4l\u00e4, Sunilantie 34: <\/strong>Ternimaitoa.\u00a0\u00a0\u00a0\u00a0\u00a0\u00a0\u00a0\u00a0\u00a0\u00a0\u00a0\u00a0 \u00a0 <strong>H<\/strong><strong>anna Kivioja<\/strong>: Mansikkaa ( rajoitetu m\u00e4\u00e4r\u00e4) s\u00e4\u00e4varauksella.<\/li>\n<\/ol>\n<p>TERVETULOA \u00a0\u00c4ITSAAREEN!<\/p>\n<p>Esite pdf: <a href=\"https:\/\/kylat.meitadev.fi\/aitsaari\/wp-content\/uploads\/sites\/49\/2015\/07\/\u00c4itsaari-kierros-2015.pdf\">\u00c4itsaari-kierros 2015<\/a><\/p>\n","protected":false},"excerpt":{"rendered":"<p>J\u00e4rjest\u00e4j\u00e4t kiitt\u00e4v\u00e4t kaikkia t\u00e4n\u00e4kin vuonna kierrokselle osallistuneita, n\u00e4hd\u00e4\u00e4n ensi vuonna! Kierros j\u00e4rjestet\u00e4\u00e4n sunnuntaina 19.7.2015 klo 12-17 INFO-piste, \u00c4itsaaren kyl\u00e4tupa, Savilahti, \u00c4itsaarentie 232 Sirpa Pellinen:\u00a0Ternimaito Pekka Pietil\u00e4inen: \u00c4itsaaren p\u00e4iv\u00e4perhoset, klo 12.15 ja 13.15 K\u00e4sit\u00f6it\u00e4 Puutarhatila Uosukainen:\u00a0mansikkaa, hernett\u00e4 \u00a0Susanna ja Pekka H\u00e4nninen, Savilahti, H\u00e4nnisenm\u00e4entie 1:\u00a0Leivonnaisia,\u00a0\u00a0\u00a0\u00a0\u00a0\u00a0 my\u00f6s gluteenittomia. Lettuja, kahvia. K\u00e4sit\u00f6it\u00e4, perunaa ja porkkana\u00a0\u00a0\u00a0\u00a0\u00a0\u00a0\u00a0\u00a0\u00a0\u00a0\u00a0\u00a0\u00a0\u00a0\u00a0\u00a0\u00a0\u00a0\u00a0\u00a0\u00a0\u00a0\u00a0\u00a0 \u00a0\u00a0\u00a0\u00a0\u00a0\u00a0\u00a0\u00a0\u00a0. Soili ja Tauno &hellip; <a href=\"https:\/\/kylat.meitadev.fi\/aitsaari\/aitsaari-kierros\/aitsaari-kierros-2015\/\" class=\"more-link\">Continue reading <span class=\"screen-reader-text\">\u00c4itsaari-kierros 2015<\/span><\/a><\/p>\n","protected":false},"author":127,"featured_media":0,"parent":49,"menu_order":-2,"comment_status":"closed","ping_status":"closed","template":"","meta":{"footnotes":""},"_links":{"self":[{"href":"https:\/\/kylat.meitadev.fi\/aitsaari\/wp-json\/wp\/v2\/pages\/896"}],"collection":[{"href":"https:\/\/kylat.meitadev.fi\/aitsaari\/wp-json\/wp\/v2\/pages"}],"about":[{"href":"https:\/\/kylat.meitadev.fi\/aitsaari\/wp-json\/wp\/v2\/types\/page"}],"author":[{"embeddable":true,"href":"https:\/\/kylat.meitadev.fi\/aitsaari\/wp-json\/wp\/v2\/users\/127"}],"replies":[{"embeddable":true,"href":"https:\/\/kylat.meitadev.fi\/aitsaari\/wp-json\/wp\/v2\/comments?post=896"}],"version-history":[{"count":12,"href":"https:\/\/kylat.meitadev.fi\/aitsaari\/wp-json\/wp\/v2\/pages\/896\/revisions"}],"predecessor-version":[{"id":909,"href":"https:\/\/kylat.meitadev.fi\/aitsaari\/wp-json\/wp\/v2\/pages\/896\/revisions\/909"}],"up":[{"embeddable":true,"href":"https:\/\/kylat.meitadev.fi\/aitsaari\/wp-json\/wp\/v2\/pages\/49"}],"wp:attachment":[{"href":"https:\/\/kylat.meitadev.fi\/aitsaari\/wp-json\/wp\/v2\/media?parent=896"}],"curies":[{"name":"wp","href":"https:\/\/api.w.org\/{rel}","templated":true}]}}