{"id":59,"date":"2014-02-24T09:48:51","date_gmt":"2014-02-24T07:48:51","guid":{"rendered":"https:\/\/kylat.meitadev.fi\/ankila\/?page_id=59"},"modified":"2019-02-26T15:12:04","modified_gmt":"2019-02-26T13:12:04","slug":"tarinoita-ankilasta","status":"publish","type":"page","link":"https:\/\/kylat.meitadev.fi\/ankila\/tarinoita-ankilasta\/","title":{"rendered":"Tarinoita \u00c4nkil\u00e4st\u00e4"},"content":{"rendered":"<h2 style=\"text-align: center\"><strong>Vesa Harmainen<\/strong><\/h2>\n<p style=\"text-align: center\"><a href=\"https:\/\/kylat.meitadev.fi\/ankila\/wp-content\/uploads\/sites\/56\/2019\/02\/Kotikyl\u00e4n-historiaa-talo-talolta.doc\">Kotikyl\u00e4n historiaa talo talolta<\/a><\/p>\n<h2><\/h2>\n<h2 style=\"text-align: center\"><strong>Koulukuvia vuosilta 1930 &#8211; 1937<\/strong><\/h2>\n<div id=\"attachment_252\" style=\"width: 310px\" class=\"wp-caption aligncenter\"><a href=\"https:\/\/kylat.meitadev.fi\/ankila\/wp-content\/uploads\/sites\/56\/2018\/08\/koulukuva-vuodelta-1936-1937-e1535084759729.jpg\"><img loading=\"lazy\" decoding=\"async\" aria-describedby=\"caption-attachment-252\" class=\"size-medium wp-image-252\" src=\"https:\/\/kylat.meitadev.fi\/ankila\/wp-content\/uploads\/sites\/56\/2018\/08\/koulukuva-vuodelta-1936-1937-e1535084759729-300x187.jpg\" alt=\"\" width=\"300\" height=\"187\" srcset=\"https:\/\/kylat.meitadev.fi\/ankila\/wp-content\/uploads\/sites\/56\/2018\/08\/koulukuva-vuodelta-1936-1937-e1535084759729-300x187.jpg 300w, https:\/\/kylat.meitadev.fi\/ankila\/wp-content\/uploads\/sites\/56\/2018\/08\/koulukuva-vuodelta-1936-1937-e1535084759729-768x478.jpg 768w, https:\/\/kylat.meitadev.fi\/ankila\/wp-content\/uploads\/sites\/56\/2018\/08\/koulukuva-vuodelta-1936-1937-e1535084759729-1024x637.jpg 1024w\" sizes=\"(max-width: 300px) 100vw, 300px\" \/><\/a><p id=\"caption-attachment-252\" class=\"wp-caption-text\">1936-1937<br \/>Kuvat Ahti Nokelainen<\/p><\/div>\n<div id=\"attachment_251\" style=\"width: 310px\" class=\"wp-caption aligncenter\"><a href=\"https:\/\/kylat.meitadev.fi\/ankila\/wp-content\/uploads\/sites\/56\/2018\/08\/koulukuva-vuodelta-1933-1934-e1535084976947.jpg\"><img loading=\"lazy\" decoding=\"async\" aria-describedby=\"caption-attachment-251\" class=\"size-medium wp-image-251\" src=\"https:\/\/kylat.meitadev.fi\/ankila\/wp-content\/uploads\/sites\/56\/2018\/08\/koulukuva-vuodelta-1933-1934-e1535084976947-300x196.jpg\" alt=\"\" width=\"300\" height=\"196\" srcset=\"https:\/\/kylat.meitadev.fi\/ankila\/wp-content\/uploads\/sites\/56\/2018\/08\/koulukuva-vuodelta-1933-1934-e1535084976947-300x196.jpg 300w, https:\/\/kylat.meitadev.fi\/ankila\/wp-content\/uploads\/sites\/56\/2018\/08\/koulukuva-vuodelta-1933-1934-e1535084976947-768x501.jpg 768w, https:\/\/kylat.meitadev.fi\/ankila\/wp-content\/uploads\/sites\/56\/2018\/08\/koulukuva-vuodelta-1933-1934-e1535084976947-1024x668.jpg 1024w\" sizes=\"(max-width: 300px) 100vw, 300px\" \/><\/a><p id=\"caption-attachment-251\" class=\"wp-caption-text\">1933 &#8211; 1934<br \/>Kuvat Ahti Nokelainen<\/p><\/div>\n<div id=\"attachment_250\" style=\"width: 310px\" class=\"wp-caption aligncenter\"><a href=\"https:\/\/kylat.meitadev.fi\/ankila\/wp-content\/uploads\/sites\/56\/2018\/08\/koulukuva-vuodelta-1930-32-e1535085000239.jpg\"><img loading=\"lazy\" decoding=\"async\" aria-describedby=\"caption-attachment-250\" class=\"size-medium wp-image-250\" src=\"https:\/\/kylat.meitadev.fi\/ankila\/wp-content\/uploads\/sites\/56\/2018\/08\/koulukuva-vuodelta-1930-32-e1535085000239-300x195.jpg\" alt=\"\" width=\"300\" height=\"195\" srcset=\"https:\/\/kylat.meitadev.fi\/ankila\/wp-content\/uploads\/sites\/56\/2018\/08\/koulukuva-vuodelta-1930-32-e1535085000239-300x195.jpg 300w, https:\/\/kylat.meitadev.fi\/ankila\/wp-content\/uploads\/sites\/56\/2018\/08\/koulukuva-vuodelta-1930-32-e1535085000239-768x498.jpg 768w, https:\/\/kylat.meitadev.fi\/ankila\/wp-content\/uploads\/sites\/56\/2018\/08\/koulukuva-vuodelta-1930-32-e1535085000239-1024x665.jpg 1024w\" sizes=\"(max-width: 300px) 100vw, 300px\" \/><\/a><p id=\"caption-attachment-250\" class=\"wp-caption-text\">Koulukuva vuodelta 1930-32<br \/>Kuvat Ahti Nokelainen<\/p><\/div>\n<p>&nbsp;<\/p>\n<h2><\/h2>\n<h2 style=\"text-align: center\"><strong>Kurun saha<\/strong><\/h2>\n<div id=\"attachment_253\" style=\"width: 310px\" class=\"wp-caption aligncenter\"><a href=\"https:\/\/kylat.meitadev.fi\/ankila\/wp-content\/uploads\/sites\/56\/2018\/08\/Kurun-saha-e1535085981918.jpg\"><img loading=\"lazy\" decoding=\"async\" aria-describedby=\"caption-attachment-253\" class=\"size-medium wp-image-253\" src=\"https:\/\/kylat.meitadev.fi\/ankila\/wp-content\/uploads\/sites\/56\/2018\/08\/Kurun-saha-e1535085981918-300x218.jpg\" alt=\"\" width=\"300\" height=\"218\" srcset=\"https:\/\/kylat.meitadev.fi\/ankila\/wp-content\/uploads\/sites\/56\/2018\/08\/Kurun-saha-e1535085981918-300x218.jpg 300w, https:\/\/kylat.meitadev.fi\/ankila\/wp-content\/uploads\/sites\/56\/2018\/08\/Kurun-saha-e1535085981918-768x558.jpg 768w, https:\/\/kylat.meitadev.fi\/ankila\/wp-content\/uploads\/sites\/56\/2018\/08\/Kurun-saha-e1535085981918-1024x744.jpg 1024w, https:\/\/kylat.meitadev.fi\/ankila\/wp-content\/uploads\/sites\/56\/2018\/08\/Kurun-saha-e1535085981918.jpg 2026w\" sizes=\"(max-width: 300px) 100vw, 300px\" \/><\/a><p id=\"caption-attachment-253\" class=\"wp-caption-text\">Kuva Kari Kuru<\/p><\/div>\n<p>&nbsp;<\/p>\n<p>&nbsp;<\/p>\n<p>&nbsp;<\/p>\n<p>&nbsp;<\/p>\n<p>\u00c4nkil\u00e4ss\u00e4 on aikaa<br \/>\n<strong>Pauli Roihan kuulemia tarinoita (Roihan tilan historia)<\/strong><\/p>\n<p>Heikki Roiha oli poikasena paimenessa ollessaan satuttanut puukolla polveensa niin pahoin, ett\u00e4 nivelsiteet vuotivat ulos ja polvinivel j\u00e4i pysyv\u00e4sti v\u00e4h\u00e4n koukkuun. H\u00e4n oli itse todennut, ett\u00e4 h\u00e4nest\u00e4 tuli kynt\u00f6mies, Johan-veli hoiti is\u00e4nnyytt\u00e4, poikien tehdess\u00e4 muita talon t\u00f6it\u00e4. &#8221;K\u00e4yh\u00e4n t\u00e4m\u00e4 minulta, kun terve jalka kulkee vaossa ja lyhyempi s\u00e4ngell\u00e4&#8221;, muistellaan Heikin naureskelleen. Silloisen viljelytavan mukaan aina nelj\u00e4nnes pellosta oli kesantona, jota kunnostettiin ojat perkaamalla, kynt\u00e4m\u00e4ll\u00e4, lannoittamalla ja muokkaamalla kylv\u00f6kuntoon rukiile. Kylv\u00f6p\u00e4iv\u00e4 oli yleens\u00e4 tarkalleen 20. elokuuta, \u00c4nkil\u00e4n kyl\u00e4ll\u00e4 kuitenkin p\u00e4iv\u00e4\u00e4 aikaisemmin, mutta viimeist\u00e4\u00e4n Maunon tai Samulin p\u00e4iv\u00e4n\u00e4, milloin toinen sattui sunnuntaiksi.<br \/>\nHeikill\u00e4 oli kynt\u00f6hevosena vanha ruuna, joka ei kiirett\u00e4 pit\u00e4nyt, eik\u00e4 siin\u00e4 ohjaksiakaan tarvittu, kumpikin tiesi ty\u00f6ns\u00e4 ja vaon p\u00e4\u00e4ss\u00e4 aina k\u00e4\u00e4nnyttiin. Sattui torsansalolainen mies kulkemaan ohi, kun Heikki oli kynt\u00e4m\u00e4ss\u00e4 &#8211; ei ollut silloin maanteit\u00e4 vaan polkua, kuljettiin talosta taloon &#8211; hevonen silloin pys\u00e4htyi, kun oletti miesten k\u00e4yv\u00e4n tarinoimaan. Ukko hevosta komentamaan, ett\u00e4 &#8221;on toas aikoa&#8221; eik\u00e4 huomannut kulkijaa. Paikkakunnan murteella sana &#8217;taas&#8217; kuullosti vieraan korvissa sanalta &#8217;tuossa&#8217; ja kun kyseinen kulkija seuraavissa taloissa poiketessaan kertoi Roihan Heikin kynt\u00e4v\u00e4n aikaa, niin j\u00e4i t\u00e4m\u00e4 sanonta el\u00e4m\u00e4\u00e4n leviten laajemmaltikin maakuntaan, ett\u00e4 &#8221;onhan \u00c4nkil\u00e4ss\u00e4 aikaa ja jos loppuu, niin Roihan Heikki kynt\u00e4\u00e4 lis\u00e4\u00e4&#8221;.<\/p>\n<p><strong>M\u00f6kinkolkalta maailmalle<\/strong><br \/>\non Simpeleen \u00c4nkil\u00e4n kyl\u00e4lt\u00e4 kotoisin olevan Erkki J\u00e4ppisen oma el\u00e4m\u00e4nkerrallinen teos. Kirjassa h\u00e4n kertoo sukunsa ja naapuristonsa vaiheista ja erityisesti oman el\u00e4m\u00e4ns\u00e4 alkutaipaleesta.<br \/>\nErkki J\u00e4ppinen on tuonut kirjassaan mielenkiintoisesti esiin my\u00f6s \u00c4nkil\u00e4n kyl\u00e4n historiaa viime vuosisadan alkupuoliskolta.<br \/>\n\u00c4nkil\u00e4n kyl\u00e4toimikunta myy kirjaa, hinta 10 \u20ac<br \/>\nTiedustelut Marja Lankinen p. 040 5740433<\/p>\n<p><strong>Vanhoja kuvia ja tarinoita<\/strong><\/p>\n<p>Kyl\u00e4toimikunta ottaa mielell\u00e4\u00e4n vastaa vanhoja kuvia ja tarinoita \u00c4nkil\u00e4n kyl\u00e4lt\u00e4, kotisivuilla julkaistavaksi. Kuvat skannaamme ja palautamme takaisin omistajalle. Tarinat voi l\u00e4hett\u00e4\u00e4 s\u00e4hk\u00f6postilla alla olevaan osoitteeseen tai paperille kirjoitettuna. Tarinoita voimme ker\u00e4t\u00e4 my\u00f6s paikallisia ihmisi\u00e4 jututtamalla.<\/p>\n<p>Tiedustelut Marja Lankinen<br \/>\np. 040 5740433 tai<br \/>\nmarja.lankinen@pp1.inet.fi<\/p>\n","protected":false},"excerpt":{"rendered":"<p>Vesa Harmainen Kotikyl\u00e4n historiaa talo talolta Koulukuvia vuosilta 1930 &#8211; 1937 &nbsp; Kurun saha &nbsp; &nbsp; &nbsp; &nbsp; \u00c4nkil\u00e4ss\u00e4 on aikaa Pauli Roihan kuulemia tarinoita (Roihan tilan historia) Heikki Roiha oli poikasena paimenessa ollessaan satuttanut puukolla polveensa niin pahoin, ett\u00e4 &hellip; <a href=\"https:\/\/kylat.meitadev.fi\/ankila\/tarinoita-ankilasta\/\">Lue loppuun <span class=\"meta-nav\">&rarr;<\/span><\/a><\/p>\n","protected":false},"author":1,"featured_media":0,"parent":0,"menu_order":0,"comment_status":"closed","ping_status":"closed","template":"","meta":{"footnotes":""},"_links":{"self":[{"href":"https:\/\/kylat.meitadev.fi\/ankila\/wp-json\/wp\/v2\/pages\/59"}],"collection":[{"href":"https:\/\/kylat.meitadev.fi\/ankila\/wp-json\/wp\/v2\/pages"}],"about":[{"href":"https:\/\/kylat.meitadev.fi\/ankila\/wp-json\/wp\/v2\/types\/page"}],"author":[{"embeddable":true,"href":"https:\/\/kylat.meitadev.fi\/ankila\/wp-json\/wp\/v2\/users\/1"}],"replies":[{"embeddable":true,"href":"https:\/\/kylat.meitadev.fi\/ankila\/wp-json\/wp\/v2\/comments?post=59"}],"version-history":[{"count":9,"href":"https:\/\/kylat.meitadev.fi\/ankila\/wp-json\/wp\/v2\/pages\/59\/revisions"}],"predecessor-version":[{"id":287,"href":"https:\/\/kylat.meitadev.fi\/ankila\/wp-json\/wp\/v2\/pages\/59\/revisions\/287"}],"wp:attachment":[{"href":"https:\/\/kylat.meitadev.fi\/ankila\/wp-json\/wp\/v2\/media?parent=59"}],"curies":[{"name":"wp","href":"https:\/\/api.w.org\/{rel}","templated":true}]}}