{"id":192,"date":"2012-01-28T21:13:38","date_gmt":"2012-01-28T21:13:38","guid":{"rendered":"https:\/\/kylat.meitadev.fi\/haapajarvi\/?page_id=192"},"modified":"2021-07-03T18:46:59","modified_gmt":"2021-07-03T18:46:59","slug":"hallitus","status":"publish","type":"page","link":"https:\/\/kylat.meitadev.fi\/haapajarvi\/seuratyhdistykset\/haapajarven-kylayhdistys\/hallitus\/","title":{"rendered":"Hallitus"},"content":{"rendered":"<p><strong>puheenjohtaja: <\/strong>Liisi Hyv\u00e4ri p. 040 728 5130\u00a0<strong><br \/><\/strong>s\u00e4hk\u00f6posti: liisi.hyvari@gmail.com<br \/><strong>varapuheenjohtaja:\u00a0<\/strong>Esa Vilkko<br \/>s\u00e4hk\u00f6posti: esa.vilkko@elisa.net<br \/><strong>sihteeri: <\/strong>Reima Koivisto p. 050 505 0491<br \/>s\u00e4hk\u00f6posti: reimakoivisto@hotmail.com<strong><br \/><\/strong><strong>rahastonhoitaja<\/strong> Pirjo Junnikkala p. 040 764 0649<br \/>s\u00e4hk\u00f6posti: pipa.junnikkala@gmail.com<\/p>\n<p><strong>muut j\u00e4senet:<\/strong><\/p>\n<p>Esa Hyv\u00e4ri<br \/>s\u00e4hk\u00f6posti: esa.hyvari@pp.inet.fi<br \/>Armi Hanska<br \/>s\u00e4hk\u00f6posti: armihanska@gmail.com<br \/>Mika Mikkonen<br \/>s\u00e4hk\u00f6posti: mikkonen.mika@netti.fi<br \/>Hannu K\u00e4lvi\u00e4inen<br \/>s\u00e4hk\u00f6posti: htk1977@luukku.com<br \/>Esa Vilkko<br \/>s\u00e4hk\u00f6posti: esa.vilkko@elisanet.fi<br \/>Pekka Leino<br \/>Aulikki K\u00e4lvi\u00e4inen<\/p>\n<p>\u00a0<\/p>\n<p><strong>internet-sivujen p\u00e4ivitys<br \/><\/strong>Tarja Pajari p. 044 013 7006<br \/>s\u00e4hk\u00f6posti: <a href=\"mailto:tspajari@gmail.com\">tspajari@gmail.com<\/a><br \/>Tiina Saarnia p. 050 306 8462<br \/>s\u00e4hk\u00f6posti: tiina.saarnia@hotmail.com<\/p>\n<p>\u00a0<\/p>\n<p>\u00a0<\/p>\n<p>\u00a0<\/p>\n<p>\u00a0<\/p>\n\n\n<p><\/p>\n","protected":false},"excerpt":{"rendered":"<p>puheenjohtaja: Liisi Hyv\u00e4ri p. 040 728 5130\u00a0s\u00e4hk\u00f6posti: liisi.hyvari@gmail.comvarapuheenjohtaja:\u00a0Esa Vilkkos\u00e4hk\u00f6posti: esa.vilkko@elisa.netsihteeri: Reima Koivisto p. 050 505 0491s\u00e4hk\u00f6posti: reimakoivisto@hotmail.comrahastonhoitaja Pirjo Junnikkala p. 040 764 0649s\u00e4hk\u00f6posti: pipa.junnikkala@gmail.com muut j\u00e4senet: Esa Hyv\u00e4ris\u00e4hk\u00f6posti: esa.hyvari@pp.inet.fiArmi Hanskas\u00e4hk\u00f6posti: armihanska@gmail.comMika Mikkonens\u00e4hk\u00f6posti: mikkonen.mika@netti.fiHannu K\u00e4lvi\u00e4inens\u00e4hk\u00f6posti: htk1977@luukku.comEsa Vilkkos\u00e4hk\u00f6posti: esa.vilkko@elisanet.fiPekka LeinoAulikki K\u00e4lvi\u00e4inen \u00a0 &hellip; <a href=\"https:\/\/kylat.meitadev.fi\/haapajarvi\/seuratyhdistykset\/haapajarven-kylayhdistys\/hallitus\/\">Lue loppuun <span class=\"meta-nav\">&rarr;<\/span><\/a><\/p>\n","protected":false},"author":103,"featured_media":0,"parent":122,"menu_order":0,"comment_status":"closed","ping_status":"open","template":"sidebar-page.php","meta":{"footnotes":""},"_links":{"self":[{"href":"https:\/\/kylat.meitadev.fi\/haapajarvi\/wp-json\/wp\/v2\/pages\/192"}],"collection":[{"href":"https:\/\/kylat.meitadev.fi\/haapajarvi\/wp-json\/wp\/v2\/pages"}],"about":[{"href":"https:\/\/kylat.meitadev.fi\/haapajarvi\/wp-json\/wp\/v2\/types\/page"}],"author":[{"embeddable":true,"href":"https:\/\/kylat.meitadev.fi\/haapajarvi\/wp-json\/wp\/v2\/users\/103"}],"replies":[{"embeddable":true,"href":"https:\/\/kylat.meitadev.fi\/haapajarvi\/wp-json\/wp\/v2\/comments?post=192"}],"version-history":[{"count":20,"href":"https:\/\/kylat.meitadev.fi\/haapajarvi\/wp-json\/wp\/v2\/pages\/192\/revisions"}],"predecessor-version":[{"id":2998,"href":"https:\/\/kylat.meitadev.fi\/haapajarvi\/wp-json\/wp\/v2\/pages\/192\/revisions\/2998"}],"up":[{"embeddable":true,"href":"https:\/\/kylat.meitadev.fi\/haapajarvi\/wp-json\/wp\/v2\/pages\/122"}],"wp:attachment":[{"href":"https:\/\/kylat.meitadev.fi\/haapajarvi\/wp-json\/wp\/v2\/media?parent=192"}],"curies":[{"name":"wp","href":"https:\/\/api.w.org\/{rel}","templated":true}]}}