{"id":2094,"date":"2015-02-18T08:26:43","date_gmt":"2015-02-18T08:26:43","guid":{"rendered":"https:\/\/kylat.meitadev.fi\/haapajarvi\/?page_id=2094"},"modified":"2021-04-19T09:59:43","modified_gmt":"2021-04-19T09:59:43","slug":"vuokrahinnasto","status":"publish","type":"page","link":"https:\/\/kylat.meitadev.fi\/haapajarvi\/kylatalo\/vuokrahinnasto\/","title":{"rendered":"Vuokrahinnasto"},"content":{"rendered":"<p><a href=\"https:\/\/kylat.meitadev.fi\/haapajarvi\/wp-content\/uploads\/sites\/42\/2015\/02\/Vuokraushinnasto-nettiiin.pdf\">Vuokraushinnasto nettiiin<\/a><\/p>\n<p>Vuokrattavana my\u00f6s p\u00f6yti\u00e4 ja tuoleja<\/p>\n<p>Yhteydenotot: Pirjo Junnikkala p. 040 7640 649<\/p>\n","protected":false},"excerpt":{"rendered":"<p>Vuokraushinnasto nettiiin Vuokrattavana my\u00f6s p\u00f6yti\u00e4 ja tuoleja Yhteydenotot: Pirjo Junnikkala p. 040 7640 649<\/p>\n","protected":false},"author":162,"featured_media":0,"parent":32,"menu_order":0,"comment_status":"closed","ping_status":"closed","template":"sidebar-page.php","meta":{"footnotes":""},"_links":{"self":[{"href":"https:\/\/kylat.meitadev.fi\/haapajarvi\/wp-json\/wp\/v2\/pages\/2094"}],"collection":[{"href":"https:\/\/kylat.meitadev.fi\/haapajarvi\/wp-json\/wp\/v2\/pages"}],"about":[{"href":"https:\/\/kylat.meitadev.fi\/haapajarvi\/wp-json\/wp\/v2\/types\/page"}],"author":[{"embeddable":true,"href":"https:\/\/kylat.meitadev.fi\/haapajarvi\/wp-json\/wp\/v2\/users\/162"}],"replies":[{"embeddable":true,"href":"https:\/\/kylat.meitadev.fi\/haapajarvi\/wp-json\/wp\/v2\/comments?post=2094"}],"version-history":[{"count":8,"href":"https:\/\/kylat.meitadev.fi\/haapajarvi\/wp-json\/wp\/v2\/pages\/2094\/revisions"}],"predecessor-version":[{"id":2744,"href":"https:\/\/kylat.meitadev.fi\/haapajarvi\/wp-json\/wp\/v2\/pages\/2094\/revisions\/2744"}],"up":[{"embeddable":true,"href":"https:\/\/kylat.meitadev.fi\/haapajarvi\/wp-json\/wp\/v2\/pages\/32"}],"wp:attachment":[{"href":"https:\/\/kylat.meitadev.fi\/haapajarvi\/wp-json\/wp\/v2\/media?parent=2094"}],"curies":[{"name":"wp","href":"https:\/\/api.w.org\/{rel}","templated":true}]}}