{"id":19,"date":"2011-12-01T14:35:16","date_gmt":"2011-12-01T14:05:16","guid":{"rendered":"https:\/\/kylat.meitadev.fi\/huhtanen\/?page_id=19"},"modified":"2018-01-17T20:44:50","modified_gmt":"2018-01-17T18:44:50","slug":"palvelut","status":"publish","type":"page","link":"https:\/\/kylat.meitadev.fi\/huhtanen\/palvelut\/","title":{"rendered":"Palvelut"},"content":{"rendered":"<p>T\u00e4lle sivulle tullaan tallentamaan oman kyl\u00e4n ja miksei my\u00f6s naapurikylien palveluita\/palvelun tuottajia,\u00a0 jotka auttavat kyl\u00e4l\u00e4isi\u00e4 arjen askareissa.<\/p>\n<p>Jos tied\u00e4t jonkun tai suoritat itse palveluksia,\u00a0 j\u00e4t\u00e4 yhteystietosi sivulle kommenttiruutuun.<\/p>\n<p>_________________________________________________________________<\/p>\n<p>Terveysasemien yhteystiedot, p\u00e4ivystysajat, ajanvaraus ym. oheisesta linkist\u00e4:<\/p>\n<p><a title=\"www.hyvis.fi\" href=\"http:\/\/www.hyvis.fi\">http:\/\/www.hyvis.fi<\/a><\/p>\n<p>_________________________________________________________________<\/p>\n<p>Asukasyhdistyksell\u00e4 on lainattavissa 2 nokikahvipannua, 1. l\u00f6ytyy Erkki Kurjelta M\u00e4ntytielt\u00e4 ja 2. rantasaunalta<\/p>\n<p>_________________________________________________________________<\/p>\n","protected":false},"excerpt":{"rendered":"<p>T\u00e4lle sivulle tullaan tallentamaan oman kyl\u00e4n ja miksei my\u00f6s naapurikylien palveluita\/palvelun tuottajia,\u00a0 jotka auttavat kyl\u00e4l\u00e4isi\u00e4 arjen askareissa. Jos tied\u00e4t jonkun tai suoritat itse palveluksia,\u00a0 j\u00e4t\u00e4 yhteystietosi sivulle kommenttiruutuun. _________________________________________________________________ Terveysasemien yhteystiedot, p\u00e4ivystysajat, ajanvaraus ym. oheisesta linkist\u00e4: http:\/\/www.hyvis.fi _________________________________________________________________ Asukasyhdistyksell\u00e4 on &hellip; <a href=\"https:\/\/kylat.meitadev.fi\/huhtanen\/palvelut\/\">Lue loppuun <span class=\"meta-nav\">&rarr;<\/span><\/a><\/p>\n","protected":false},"author":16,"featured_media":0,"parent":0,"menu_order":0,"comment_status":"open","ping_status":"closed","template":"","meta":{"footnotes":""},"_links":{"self":[{"href":"https:\/\/kylat.meitadev.fi\/huhtanen\/wp-json\/wp\/v2\/pages\/19"}],"collection":[{"href":"https:\/\/kylat.meitadev.fi\/huhtanen\/wp-json\/wp\/v2\/pages"}],"about":[{"href":"https:\/\/kylat.meitadev.fi\/huhtanen\/wp-json\/wp\/v2\/types\/page"}],"author":[{"embeddable":true,"href":"https:\/\/kylat.meitadev.fi\/huhtanen\/wp-json\/wp\/v2\/users\/16"}],"replies":[{"embeddable":true,"href":"https:\/\/kylat.meitadev.fi\/huhtanen\/wp-json\/wp\/v2\/comments?post=19"}],"version-history":[{"count":12,"href":"https:\/\/kylat.meitadev.fi\/huhtanen\/wp-json\/wp\/v2\/pages\/19\/revisions"}],"predecessor-version":[{"id":414,"href":"https:\/\/kylat.meitadev.fi\/huhtanen\/wp-json\/wp\/v2\/pages\/19\/revisions\/414"}],"wp:attachment":[{"href":"https:\/\/kylat.meitadev.fi\/huhtanen\/wp-json\/wp\/v2\/media?parent=19"}],"curies":[{"name":"wp","href":"https:\/\/api.w.org\/{rel}","templated":true}]}}