{"id":21,"date":"2011-12-01T14:36:10","date_gmt":"2011-12-01T14:06:10","guid":{"rendered":"https:\/\/kylat.meitadev.fi\/huhtanen\/?page_id=21"},"modified":"2011-12-01T22:09:34","modified_gmt":"2011-12-01T21:39:34","slug":"kylatori","status":"publish","type":"page","link":"https:\/\/kylat.meitadev.fi\/huhtanen\/kylatori\/","title":{"rendered":"Kyl\u00e4tori"},"content":{"rendered":"<p>Kyl\u00e4tori on tarkoitettu asukkaiden myynti\/osto ja annetaan\/halutaan viesteille.<\/p>\n<p>Viesti s\u00e4ilytet\u00e4\u00e4n 4 viikkoa,\u00a0 jonka j\u00e4lkeen se poistetaan,\u00a0 jos ei asiasta erikseen sovita.<\/p>\n<p>Kirjatkaa viestiin selke\u00e4t tiedot &#8221;kaupan kohteesta&#8221;<\/p>\n<p>Ilmoita viestill\u00e4 kauppojen synnytty\u00e4, ettei tule turhia kyselyj\u00e4.<\/p>\n","protected":false},"excerpt":{"rendered":"<p>Kyl\u00e4tori on tarkoitettu asukkaiden myynti\/osto ja annetaan\/halutaan viesteille. Viesti s\u00e4ilytet\u00e4\u00e4n 4 viikkoa,\u00a0 jonka j\u00e4lkeen se poistetaan,\u00a0 jos ei asiasta erikseen sovita. Kirjatkaa viestiin selke\u00e4t tiedot &#8221;kaupan kohteesta&#8221; Ilmoita viestill\u00e4 kauppojen synnytty\u00e4, ettei tule turhia kyselyj\u00e4.<\/p>\n","protected":false},"author":16,"featured_media":0,"parent":0,"menu_order":0,"comment_status":"open","ping_status":"closed","template":"","meta":{"footnotes":""},"_links":{"self":[{"href":"https:\/\/kylat.meitadev.fi\/huhtanen\/wp-json\/wp\/v2\/pages\/21"}],"collection":[{"href":"https:\/\/kylat.meitadev.fi\/huhtanen\/wp-json\/wp\/v2\/pages"}],"about":[{"href":"https:\/\/kylat.meitadev.fi\/huhtanen\/wp-json\/wp\/v2\/types\/page"}],"author":[{"embeddable":true,"href":"https:\/\/kylat.meitadev.fi\/huhtanen\/wp-json\/wp\/v2\/users\/16"}],"replies":[{"embeddable":true,"href":"https:\/\/kylat.meitadev.fi\/huhtanen\/wp-json\/wp\/v2\/comments?post=21"}],"version-history":[{"count":4,"href":"https:\/\/kylat.meitadev.fi\/huhtanen\/wp-json\/wp\/v2\/pages\/21\/revisions"}],"predecessor-version":[{"id":39,"href":"https:\/\/kylat.meitadev.fi\/huhtanen\/wp-json\/wp\/v2\/pages\/21\/revisions\/39"}],"wp:attachment":[{"href":"https:\/\/kylat.meitadev.fi\/huhtanen\/wp-json\/wp\/v2\/media?parent=21"}],"curies":[{"name":"wp","href":"https:\/\/api.w.org\/{rel}","templated":true}]}}