{"id":27,"date":"2011-12-01T14:37:02","date_gmt":"2011-12-01T14:07:02","guid":{"rendered":"https:\/\/kylat.meitadev.fi\/huhtanen\/?page_id=27"},"modified":"2021-08-27T07:39:23","modified_gmt":"2021-08-27T05:39:23","slug":"rantasauna","status":"publish","type":"page","link":"https:\/\/kylat.meitadev.fi\/huhtanen\/rantasauna\/","title":{"rendered":"Rantasauna"},"content":{"rendered":"<p><a href=\"https:\/\/kylat.meitadev.fi\/huhtanen\/wp-content\/uploads\/sites\/10\/2011\/12\/rantasaunarajattu.jpg\"><img loading=\"lazy\" decoding=\"async\" class=\"alignnone size-full wp-image-32\" src=\"https:\/\/kylat.meitadev.fi\/huhtanen\/wp-content\/uploads\/sites\/10\/2011\/12\/rantasaunarajattu.jpg\" alt=\"\" width=\"350\" height=\"426\" \/><\/a><\/p>\n<p><strong>Saunan ja m\u00f6kin k\u00e4ytt\u00f6s\u00e4\u00e4nn\u00f6t (p\u00e4ivitetty 25.8.2021)<\/strong><\/p>\n<ol>\n<li>Ruokolahden kunta on luovuttanut Ruokolahden Huhtasenkyl\u00e4n asukasyhdistyksen k\u00e4ytt\u00f6\u00f6n uimaranta-alueen, m\u00f6kin ja saunan, osoite K\u00e4rniemenkuja 6.<\/li>\n<li>M\u00f6kin ja saunarakennuksen k\u00e4ytt\u00f6\u00f6n on oikeus avaimen lunastaneilla. Avaimen voi lunastaa vuosittain (kes\u00e4kuu 2020) sovittuun hintaan (50 \u20ac) Pekka Siitoselta, puh +358405135314<\/li>\n<li>Saunavuorojen varaus tehd\u00e4\u00e4n varausvihkoon. Vihko on yl\u00e4m\u00f6kiss\u00e4. Varausaika on 1-1.5 tuntia. Saunomisaika p\u00e4\u00e4ttyy klo 22.00.<\/li>\n<li>K\u00e4ytt\u00e4j\u00e4t huolehtivat rakennusten siisteydest\u00e4, ovien lukitsemisesta ja osallistuvat talkoisiin.<\/li>\n<li>Avaimen v\u00e4\u00e4rink\u00e4yt\u00f6sten ja s\u00e4\u00e4nt\u00f6rikkomusten johdosta avain voidaan johtokunnan p\u00e4\u00e4t\u00f6ksell\u00e4 lunastaa takaisin. Lunastushinta on 10 \u20ac.<\/li>\n<li>Parkkialue on P-merkill\u00e4 merkitty ja piha-alueelle ei saa moottoriajoneuvoilla ajaa.<\/li>\n<li>M\u00f6kill\u00e4 ei voi y\u00f6py\u00e4. Rantaa ei voi k\u00e4ytt\u00e4\u00e4 veneiden s\u00e4ilytt\u00e4miseen.<\/li>\n<li>Noudatetaan yleisesti hyv\u00e4ksyttyj\u00e4 k\u00e4ytt\u00e4ytymiss\u00e4\u00e4nt\u00f6j\u00e4.<\/li>\n<li>Uimarannan k\u00e4ytt\u00f6oikeus on kaikilla Ruokolahden kunnan asukkailla.<\/li>\n<\/ol>\n<p>Johtokunta<\/p>\n\n\n<p><\/p>\n","protected":false},"excerpt":{"rendered":"<p>Saunan ja m\u00f6kin k\u00e4ytt\u00f6s\u00e4\u00e4nn\u00f6t (p\u00e4ivitetty 25.8.2021) Ruokolahden kunta on luovuttanut Ruokolahden Huhtasenkyl\u00e4n asukasyhdistyksen k\u00e4ytt\u00f6\u00f6n uimaranta-alueen, m\u00f6kin ja saunan, osoite K\u00e4rniemenkuja 6. M\u00f6kin ja saunarakennuksen k\u00e4ytt\u00f6\u00f6n on oikeus avaimen lunastaneilla. Avaimen voi lunastaa vuosittain (kes\u00e4kuu 2020) sovittuun hintaan (50 \u20ac) Pekka &hellip; <a href=\"https:\/\/kylat.meitadev.fi\/huhtanen\/rantasauna\/\">Lue loppuun <span class=\"meta-nav\">&rarr;<\/span><\/a><\/p>\n","protected":false},"author":16,"featured_media":0,"parent":0,"menu_order":0,"comment_status":"open","ping_status":"closed","template":"","meta":{"footnotes":""},"_links":{"self":[{"href":"https:\/\/kylat.meitadev.fi\/huhtanen\/wp-json\/wp\/v2\/pages\/27"}],"collection":[{"href":"https:\/\/kylat.meitadev.fi\/huhtanen\/wp-json\/wp\/v2\/pages"}],"about":[{"href":"https:\/\/kylat.meitadev.fi\/huhtanen\/wp-json\/wp\/v2\/types\/page"}],"author":[{"embeddable":true,"href":"https:\/\/kylat.meitadev.fi\/huhtanen\/wp-json\/wp\/v2\/users\/16"}],"replies":[{"embeddable":true,"href":"https:\/\/kylat.meitadev.fi\/huhtanen\/wp-json\/wp\/v2\/comments?post=27"}],"version-history":[{"count":20,"href":"https:\/\/kylat.meitadev.fi\/huhtanen\/wp-json\/wp\/v2\/pages\/27\/revisions"}],"predecessor-version":[{"id":576,"href":"https:\/\/kylat.meitadev.fi\/huhtanen\/wp-json\/wp\/v2\/pages\/27\/revisions\/576"}],"wp:attachment":[{"href":"https:\/\/kylat.meitadev.fi\/huhtanen\/wp-json\/wp\/v2\/media?parent=27"}],"curies":[{"name":"wp","href":"https:\/\/api.w.org\/{rel}","templated":true}]}}