{"id":30,"date":"2011-12-01T14:37:56","date_gmt":"2011-12-01T14:07:56","guid":{"rendered":"https:\/\/kylat.meitadev.fi\/huhtanen\/?page_id=30"},"modified":"2016-02-25T10:39:02","modified_gmt":"2016-02-25T08:39:02","slug":"asukasyhdistys","status":"publish","type":"page","link":"https:\/\/kylat.meitadev.fi\/huhtanen\/asukasyhdistys\/","title":{"rendered":"Asukasyhdistys"},"content":{"rendered":"<p>Asukasyhdistyksen j\u00e4senist\u00f6n muodostavat Ruokolahden Huhtasenkyl\u00e4n vakituiset ja vapaa-ajan asunnon omistavat asukkaat.<\/p>\n<p>Vuosikokouksessa valitaan yhdistyksen johtokunta kyl\u00e4l\u00e4isten keskuudesta. Johtokunnan yhteystiedot l\u00f6ytyv\u00e4t Yhteystiedot-v\u00e4lilehdest\u00e4.<\/p>\n","protected":false},"excerpt":{"rendered":"<p>Asukasyhdistyksen j\u00e4senist\u00f6n muodostavat Ruokolahden Huhtasenkyl\u00e4n vakituiset ja vapaa-ajan asunnon omistavat asukkaat. Vuosikokouksessa valitaan yhdistyksen johtokunta kyl\u00e4l\u00e4isten keskuudesta. Johtokunnan yhteystiedot l\u00f6ytyv\u00e4t Yhteystiedot-v\u00e4lilehdest\u00e4.<\/p>\n","protected":false},"author":16,"featured_media":0,"parent":0,"menu_order":0,"comment_status":"open","ping_status":"closed","template":"","meta":{"footnotes":""},"_links":{"self":[{"href":"https:\/\/kylat.meitadev.fi\/huhtanen\/wp-json\/wp\/v2\/pages\/30"}],"collection":[{"href":"https:\/\/kylat.meitadev.fi\/huhtanen\/wp-json\/wp\/v2\/pages"}],"about":[{"href":"https:\/\/kylat.meitadev.fi\/huhtanen\/wp-json\/wp\/v2\/types\/page"}],"author":[{"embeddable":true,"href":"https:\/\/kylat.meitadev.fi\/huhtanen\/wp-json\/wp\/v2\/users\/16"}],"replies":[{"embeddable":true,"href":"https:\/\/kylat.meitadev.fi\/huhtanen\/wp-json\/wp\/v2\/comments?post=30"}],"version-history":[{"count":5,"href":"https:\/\/kylat.meitadev.fi\/huhtanen\/wp-json\/wp\/v2\/pages\/30\/revisions"}],"predecessor-version":[{"id":275,"href":"https:\/\/kylat.meitadev.fi\/huhtanen\/wp-json\/wp\/v2\/pages\/30\/revisions\/275"}],"wp:attachment":[{"href":"https:\/\/kylat.meitadev.fi\/huhtanen\/wp-json\/wp\/v2\/media?parent=30"}],"curies":[{"name":"wp","href":"https:\/\/api.w.org\/{rel}","templated":true}]}}