{"id":43,"date":"2011-12-09T18:25:42","date_gmt":"2011-12-09T17:55:42","guid":{"rendered":"https:\/\/kylat.meitadev.fi\/huhtanen\/?page_id=43"},"modified":"2015-01-30T23:33:19","modified_gmt":"2015-01-30T20:33:19","slug":"luistelukaukalo","status":"publish","type":"page","link":"https:\/\/kylat.meitadev.fi\/huhtanen\/luistelukaukalo\/","title":{"rendered":"Luistelukaukalo"},"content":{"rendered":"<p>Kaukalo kaipaa tekij\u00f6it\u00e4!<\/p>\n<p>Huhtasenkyl\u00e4ss\u00e4 olisi mahdollisuus harrastaa\u00a0luistelua kyl\u00e4n kaukalolla, jossa on my\u00f6s l\u00e4mmitetty varusteidenvaihtokoppi. Kaukalo on kunnan omistama ja sen huollosta vastaa Huhtasenkyl\u00e4n asukasyhdistys. T\u00e4m\u00e4 tarkoittaa sit\u00e4, ett\u00e4 kopin siivous, kaukalon j\u00e4\u00e4dytys, kolaus ja muu mahdollinen huolto tehd\u00e4\u00e4n talkooty\u00f6n\u00e4. Viime vuosina kaukalolla on ollut kiitett\u00e4v\u00e4sti luistelijoita, mutta liian v\u00e4h\u00e4n\u00a0 talkoolaisia. Asukasyhdistyksen hallituksen toive on, ett\u00e4 kyl\u00e4l\u00e4iset yhdess\u00e4 pit\u00e4v\u00e4t huolen t\u00e4m\u00e4n harrastusmahdollisuuden s\u00e4ilymisest\u00e4 kyl\u00e4ll\u00e4. Kaukalon hoidosta lis\u00e4tietoja saa ja ideoita vastaanottaa PJ. Pekka Siitonen Puh. 040 513 531 4<\/p>\n<p>Kaukalo sijaitsee notkossa Kalliotien p\u00e4\u00e4ss\u00e4.<\/p>\n<p>Talkoolaiset ja luistelijat, sek\u00e4 muut urheilijat toivovat ETTEI\u00a0 kaukalossa ulkoilutettaisi MOPOJA, eik\u00e4 EL\u00c4IMI\u00c4!<\/p>\n","protected":false},"excerpt":{"rendered":"<p>Kaukalo kaipaa tekij\u00f6it\u00e4! Huhtasenkyl\u00e4ss\u00e4 olisi mahdollisuus harrastaa\u00a0luistelua kyl\u00e4n kaukalolla, jossa on my\u00f6s l\u00e4mmitetty varusteidenvaihtokoppi. Kaukalo on kunnan omistama ja sen huollosta vastaa Huhtasenkyl\u00e4n asukasyhdistys. T\u00e4m\u00e4 tarkoittaa sit\u00e4, ett\u00e4 kopin siivous, kaukalon j\u00e4\u00e4dytys, kolaus ja muu mahdollinen huolto tehd\u00e4\u00e4n talkooty\u00f6n\u00e4. Viime &hellip; <a href=\"https:\/\/kylat.meitadev.fi\/huhtanen\/luistelukaukalo\/\">Lue loppuun <span class=\"meta-nav\">&rarr;<\/span><\/a><\/p>\n","protected":false},"author":16,"featured_media":0,"parent":0,"menu_order":0,"comment_status":"open","ping_status":"closed","template":"","meta":{"footnotes":""},"_links":{"self":[{"href":"https:\/\/kylat.meitadev.fi\/huhtanen\/wp-json\/wp\/v2\/pages\/43"}],"collection":[{"href":"https:\/\/kylat.meitadev.fi\/huhtanen\/wp-json\/wp\/v2\/pages"}],"about":[{"href":"https:\/\/kylat.meitadev.fi\/huhtanen\/wp-json\/wp\/v2\/types\/page"}],"author":[{"embeddable":true,"href":"https:\/\/kylat.meitadev.fi\/huhtanen\/wp-json\/wp\/v2\/users\/16"}],"replies":[{"embeddable":true,"href":"https:\/\/kylat.meitadev.fi\/huhtanen\/wp-json\/wp\/v2\/comments?post=43"}],"version-history":[{"count":17,"href":"https:\/\/kylat.meitadev.fi\/huhtanen\/wp-json\/wp\/v2\/pages\/43\/revisions"}],"predecessor-version":[{"id":215,"href":"https:\/\/kylat.meitadev.fi\/huhtanen\/wp-json\/wp\/v2\/pages\/43\/revisions\/215"}],"wp:attachment":[{"href":"https:\/\/kylat.meitadev.fi\/huhtanen\/wp-json\/wp\/v2\/media?parent=43"}],"curies":[{"name":"wp","href":"https:\/\/api.w.org\/{rel}","templated":true}]}}