{"id":74,"date":"2012-01-30T14:39:13","date_gmt":"2012-01-30T14:09:13","guid":{"rendered":"https:\/\/kylat.meitadev.fi\/huhtanen\/?page_id=74"},"modified":"2014-03-13T12:31:31","modified_gmt":"2014-03-13T12:01:31","slug":"muut-ilmoitukset-ja-tapahtumat","status":"publish","type":"page","link":"https:\/\/kylat.meitadev.fi\/huhtanen\/muut-ilmoitukset-ja-tapahtumat\/","title":{"rendered":"Muut ilmoitukset ja tapahtumat"},"content":{"rendered":"<p>T\u00e4m\u00e4 sivu on tarkoitettu asiallisille ja omalla nimell\u00e4 tehdyille ilmoituksille, jotka eiv\u00e4t ole suoranaisesti asukasyhdistyksen j\u00e4rjest\u00e4mi\u00e4, esim. juhlista ja tapahtumista sek\u00e4 kokouksista liittyen kyl\u00e4n asukkaiden muuhun toimintaan.<\/p>\n<p>Ilmoitusten tulee sis\u00e4lt\u00e4\u00e4 ilmoittajan oikea nimi ja kellonajat sek\u00e4 p\u00e4iv\u00e4m\u00e4\u00e4r\u00e4t. Ep\u00e4asialliset ilmoitukset poistetaan yll\u00e4pit\u00e4jien toimesta heti ja asialliset tilaisuuden p\u00e4\u00e4tytty\u00e4. \u00a0Ilmoitusten enimm\u00e4iss\u00e4ilytysaika on nelj\u00e4 (4) viikkoa.<\/p>\n","protected":false},"excerpt":{"rendered":"<p>T\u00e4m\u00e4 sivu on tarkoitettu asiallisille ja omalla nimell\u00e4 tehdyille ilmoituksille, jotka eiv\u00e4t ole suoranaisesti asukasyhdistyksen j\u00e4rjest\u00e4mi\u00e4, esim. juhlista ja tapahtumista sek\u00e4 kokouksista liittyen kyl\u00e4n asukkaiden muuhun toimintaan. Ilmoitusten tulee sis\u00e4lt\u00e4\u00e4 ilmoittajan oikea nimi ja kellonajat sek\u00e4 p\u00e4iv\u00e4m\u00e4\u00e4r\u00e4t. Ep\u00e4asialliset ilmoitukset poistetaan &hellip; <a href=\"https:\/\/kylat.meitadev.fi\/huhtanen\/muut-ilmoitukset-ja-tapahtumat\/\">Lue loppuun <span class=\"meta-nav\">&rarr;<\/span><\/a><\/p>\n","protected":false},"author":16,"featured_media":0,"parent":0,"menu_order":0,"comment_status":"open","ping_status":"closed","template":"","meta":{"footnotes":""},"_links":{"self":[{"href":"https:\/\/kylat.meitadev.fi\/huhtanen\/wp-json\/wp\/v2\/pages\/74"}],"collection":[{"href":"https:\/\/kylat.meitadev.fi\/huhtanen\/wp-json\/wp\/v2\/pages"}],"about":[{"href":"https:\/\/kylat.meitadev.fi\/huhtanen\/wp-json\/wp\/v2\/types\/page"}],"author":[{"embeddable":true,"href":"https:\/\/kylat.meitadev.fi\/huhtanen\/wp-json\/wp\/v2\/users\/16"}],"replies":[{"embeddable":true,"href":"https:\/\/kylat.meitadev.fi\/huhtanen\/wp-json\/wp\/v2\/comments?post=74"}],"version-history":[{"count":6,"href":"https:\/\/kylat.meitadev.fi\/huhtanen\/wp-json\/wp\/v2\/pages\/74\/revisions"}],"predecessor-version":[{"id":145,"href":"https:\/\/kylat.meitadev.fi\/huhtanen\/wp-json\/wp\/v2\/pages\/74\/revisions\/145"}],"wp:attachment":[{"href":"https:\/\/kylat.meitadev.fi\/huhtanen\/wp-json\/wp\/v2\/media?parent=74"}],"curies":[{"name":"wp","href":"https:\/\/api.w.org\/{rel}","templated":true}]}}