{"id":109,"date":"2011-09-21T09:24:01","date_gmt":"2011-09-21T06:24:01","guid":{"rendered":"https:\/\/kylat.meitadev.fi\/huttula\/?page_id=109"},"modified":"2011-09-28T15:11:26","modified_gmt":"2011-09-28T12:11:26","slug":"huttulan-kaukalo","status":"publish","type":"page","link":"https:\/\/kylat.meitadev.fi\/huttula\/huttulan-kaukalo\/","title":{"rendered":"Huttulan kaukalo"},"content":{"rendered":"<p>Nuorisojaosto on yll\u00e4pit\u00e4nyt j\u00e4\u00e4kiekkokaukaloa.<\/p>\n<p><a href=\"https:\/\/kylat.meitadev.fi\/huttula\/wp-content\/uploads\/sites\/8\/2011\/09\/105_0517.jpg\"><img loading=\"lazy\" decoding=\"async\" src=\"https:\/\/kylat.meitadev.fi\/huttula\/wp-content\/uploads\/sites\/8\/2011\/09\/105_0517.jpg\" alt=\"\" width=\"300\" height=\"454\" \/><\/a><\/p>\n<p>T\u00e4st\u00e4 alkoi Huttulan urheilustadionin uusi el\u00e4m\u00e4. Kuukanniemen kaukalon vanhat laidat pystytettiin talkooty\u00f6n\u00e4. Paikallinen nuoriso oli aktiivisesti mukana.<\/p>\n<p><a href=\"https:\/\/kylat.meitadev.fi\/huttula\/wp-content\/uploads\/sites\/8\/2011\/09\/IMG_0514b.jpg\"><img loading=\"lazy\" decoding=\"async\" src=\"https:\/\/kylat.meitadev.fi\/huttula\/wp-content\/uploads\/sites\/8\/2011\/09\/IMG_0514b.jpg\" alt=\"\" width=\"400\" height=\"300\" \/><\/a><\/p>\n<p>Kaukalo on ahkerassa k\u00e4yt\u00f6ss\u00e4<\/p>\n<p><a href=\"https:\/\/kylat.meitadev.fi\/huttula\/wp-content\/uploads\/sites\/8\/2011\/09\/IMG_2466.jpg\"><img loading=\"lazy\" decoding=\"async\" src=\"https:\/\/kylat.meitadev.fi\/huttula\/wp-content\/uploads\/sites\/8\/2011\/09\/IMG_2466.jpg\" alt=\"\" width=\"400\" height=\"300\" \/><\/a><\/p>\n","protected":false},"excerpt":{"rendered":"<p>Nuorisojaosto on yll\u00e4pit\u00e4nyt j\u00e4\u00e4kiekkokaukaloa. T\u00e4st\u00e4 alkoi Huttulan urheilustadionin uusi el\u00e4m\u00e4. Kuukanniemen kaukalon vanhat laidat pystytettiin talkooty\u00f6n\u00e4. Paikallinen nuoriso oli aktiivisesti mukana. Kaukalo on ahkerassa k\u00e4yt\u00f6ss\u00e4<\/p>\n","protected":false},"author":11,"featured_media":0,"parent":0,"menu_order":7,"comment_status":"closed","ping_status":"closed","template":"onecolumn-page.php","meta":{"footnotes":""},"_links":{"self":[{"href":"https:\/\/kylat.meitadev.fi\/huttula\/wp-json\/wp\/v2\/pages\/109"}],"collection":[{"href":"https:\/\/kylat.meitadev.fi\/huttula\/wp-json\/wp\/v2\/pages"}],"about":[{"href":"https:\/\/kylat.meitadev.fi\/huttula\/wp-json\/wp\/v2\/types\/page"}],"author":[{"embeddable":true,"href":"https:\/\/kylat.meitadev.fi\/huttula\/wp-json\/wp\/v2\/users\/11"}],"replies":[{"embeddable":true,"href":"https:\/\/kylat.meitadev.fi\/huttula\/wp-json\/wp\/v2\/comments?post=109"}],"version-history":[{"count":9,"href":"https:\/\/kylat.meitadev.fi\/huttula\/wp-json\/wp\/v2\/pages\/109\/revisions"}],"predecessor-version":[{"id":158,"href":"https:\/\/kylat.meitadev.fi\/huttula\/wp-json\/wp\/v2\/pages\/109\/revisions\/158"}],"wp:attachment":[{"href":"https:\/\/kylat.meitadev.fi\/huttula\/wp-json\/wp\/v2\/media?parent=109"}],"curies":[{"name":"wp","href":"https:\/\/api.w.org\/{rel}","templated":true}]}}