{"id":132,"date":"2011-09-28T15:07:03","date_gmt":"2011-09-28T12:07:03","guid":{"rendered":"https:\/\/kylat.meitadev.fi\/huttula\/?page_id=132"},"modified":"2021-01-21T15:51:38","modified_gmt":"2021-01-21T13:51:38","slug":"jasenyys","status":"publish","type":"page","link":"https:\/\/kylat.meitadev.fi\/huttula\/jasenyys\/","title":{"rendered":"J\u00e4senyys"},"content":{"rendered":"<p>Yhdistyksen varsinaisiksi, \u00e4\u00e4nioikeutetuiksi j\u00e4seniksi voivat liitty\u00e4 yhdistyksen toiminnasta kiinnostuneet yksityiset henkil\u00f6t. J\u00e4senyyden hyv\u00e4ksymisest\u00e4 p\u00e4\u00e4tt\u00e4\u00e4 yhdistyksen hallitus. Sen katsotaan alkavan ajankohdasta, jolloin j\u00e4senyys on hyv\u00e4ksytty.<\/p>\n<p>Varsinainen j\u00e4sen on velvollinen suorittamaan yhdistyksen syyskokouksen m\u00e4\u00e4r\u00e4\u00e4m\u00e4n j\u00e4senmaksun, joka suoritetaan yhdeksi vuodeksi kerrallaan.<\/p>\n<p><strong>J\u00e4senmaksu<\/strong><\/p>\n<p>Kyl\u00e4yhdistyksen j\u00e4senmaksu ja liittymismaksu ovat\u00a00 Euroa!<\/p>\n<p><strong>Kannatusj\u00e4senmaksu<\/strong><\/p>\n<p>Kyl\u00e4yhdistyksen toimintaa voi tukea maksamalla vapaaehtoisen kannatusmaksun. Maksun voi suorittaa Huttulan seudun kyl\u00e4yhdistys ry:n pankkitilille Lemin Osuuspankki FI68 5227 0840 0226 24. Anna viitetietoina nimesi ja osoitteesi.<\/p>\n<p><strong>J\u00e4seneksi liittymislomake<\/strong><\/p>\n<p>T\u00e4hdell\u00e4 merkityt kent\u00e4t ovat pakollisia<\/p>\n\n<div class=\"wpcf7 no-js\" id=\"wpcf7-f150-o1\" lang=\"en-US\" dir=\"ltr\">\n<div class=\"screen-reader-response\"><p role=\"status\" aria-live=\"polite\" aria-atomic=\"true\"><\/p> <ul><\/ul><\/div>\n<form action=\"\/huttula\/wp-json\/wp\/v2\/pages\/132#wpcf7-f150-o1\" method=\"post\" class=\"wpcf7-form init\" aria-label=\"Contact form\" novalidate=\"novalidate\" data-status=\"init\">\n<div style=\"display: none;\">\n<input type=\"hidden\" name=\"_wpcf7\" value=\"150\" \/>\n<input type=\"hidden\" name=\"_wpcf7_version\" value=\"5.9.8\" \/>\n<input type=\"hidden\" name=\"_wpcf7_locale\" value=\"en_US\" \/>\n<input type=\"hidden\" name=\"_wpcf7_unit_tag\" value=\"wpcf7-f150-o1\" \/>\n<input type=\"hidden\" name=\"_wpcf7_container_post\" value=\"0\" \/>\n<input type=\"hidden\" name=\"_wpcf7_posted_data_hash\" value=\"\" \/>\n<\/div>\n<p>Nimi *\n<\/p>\n<p><span class=\"wpcf7-form-control-wrap\" data-name=\"your-name\"><input size=\"40\" maxlength=\"400\" class=\"wpcf7-form-control wpcf7-text wpcf7-validates-as-required\" aria-required=\"true\" aria-invalid=\"false\" value=\"\" type=\"text\" name=\"your-name\" \/><\/span><br \/>\nKatuosoite *\n<\/p>\n<p><span class=\"wpcf7-form-control-wrap\" data-name=\"Katuosoite\"><input size=\"40\" maxlength=\"400\" class=\"wpcf7-form-control wpcf7-text wpcf7-validates-as-required\" aria-required=\"true\" aria-invalid=\"false\" value=\"\" type=\"text\" name=\"Katuosoite\" \/><\/span><br \/>\nPostinumero *\n<\/p>\n<p><span class=\"wpcf7-form-control-wrap\" data-name=\"Postinumero\"><input size=\"40\" maxlength=\"400\" class=\"wpcf7-form-control wpcf7-text wpcf7-validates-as-required\" aria-required=\"true\" aria-invalid=\"false\" value=\"\" type=\"text\" name=\"Postinumero\" \/><\/span><br \/>\nPostitoimipaikka *\n<\/p>\n<p><span class=\"wpcf7-form-control-wrap\" data-name=\"Postitoimipaikka\"><input size=\"40\" maxlength=\"400\" class=\"wpcf7-form-control wpcf7-text wpcf7-validates-as-required\" aria-required=\"true\" aria-invalid=\"false\" value=\"\" type=\"text\" name=\"Postitoimipaikka\" \/><\/span><br \/>\nPuhelin *\n<\/p>\n<p><span class=\"wpcf7-form-control-wrap\" data-name=\"Puhelin\"><input size=\"40\" maxlength=\"400\" class=\"wpcf7-form-control wpcf7-text wpcf7-validates-as-required\" aria-required=\"true\" aria-invalid=\"false\" value=\"\" type=\"text\" name=\"Puhelin\" \/><\/span><br \/>\nS\u00e4hk\u00f6posti *\n<\/p>\n<p><span class=\"wpcf7-form-control-wrap\" data-name=\"your-email\"><input size=\"40\" maxlength=\"400\" class=\"wpcf7-form-control wpcf7-email wpcf7-validates-as-required wpcf7-text wpcf7-validates-as-email\" aria-required=\"true\" aria-invalid=\"false\" value=\"\" type=\"email\" name=\"your-email\" \/><\/span><br \/>\n<input class=\"wpcf7-form-control wpcf7-submit has-spinner\" type=\"submit\" value=\"L\u00e4het\u00e4\" \/>\n<\/p><p style=\"display: none !important;\" class=\"akismet-fields-container\" data-prefix=\"_wpcf7_ak_\"><label>&#916;<textarea name=\"_wpcf7_ak_hp_textarea\" cols=\"45\" rows=\"8\" maxlength=\"100\"><\/textarea><\/label><input type=\"hidden\" id=\"ak_js_1\" name=\"_wpcf7_ak_js\" value=\"238\"\/><script>document.getElementById( \"ak_js_1\" ).setAttribute( \"value\", ( new Date() ).getTime() );<\/script><\/p><div class=\"wpcf7-response-output\" aria-hidden=\"true\"><\/div>\n<\/form>\n<\/div>\n\n","protected":false},"excerpt":{"rendered":"<p>Yhdistyksen varsinaisiksi, \u00e4\u00e4nioikeutetuiksi j\u00e4seniksi voivat liitty\u00e4 yhdistyksen toiminnasta kiinnostuneet yksityiset henkil\u00f6t. J\u00e4senyyden hyv\u00e4ksymisest\u00e4 p\u00e4\u00e4tt\u00e4\u00e4 yhdistyksen hallitus. Sen katsotaan alkavan ajankohdasta, jolloin j\u00e4senyys on hyv\u00e4ksytty. Varsinainen j\u00e4sen on velvollinen suorittamaan yhdistyksen syyskokouksen m\u00e4\u00e4r\u00e4\u00e4m\u00e4n j\u00e4senmaksun, joka suoritetaan yhdeksi vuodeksi kerrallaan. J\u00e4senmaksu Kyl\u00e4yhdistyksen j\u00e4senmaksu ja liittymismaksu ovat\u00a00 Euroa! Kannatusj\u00e4senmaksu Kyl\u00e4yhdistyksen toimintaa voi tukea maksamalla vapaaehtoisen kannatusmaksun. Maksun voi &hellip; <a href=\"https:\/\/kylat.meitadev.fi\/huttula\/jasenyys\/\" class=\"more-link\">Continue reading <span class=\"screen-reader-text\">J\u00e4senyys<\/span><\/a><\/p>\n","protected":false},"author":11,"featured_media":0,"parent":0,"menu_order":4,"comment_status":"closed","ping_status":"closed","template":"onecolumn-page.php","meta":{"footnotes":""},"_links":{"self":[{"href":"https:\/\/kylat.meitadev.fi\/huttula\/wp-json\/wp\/v2\/pages\/132"}],"collection":[{"href":"https:\/\/kylat.meitadev.fi\/huttula\/wp-json\/wp\/v2\/pages"}],"about":[{"href":"https:\/\/kylat.meitadev.fi\/huttula\/wp-json\/wp\/v2\/types\/page"}],"author":[{"embeddable":true,"href":"https:\/\/kylat.meitadev.fi\/huttula\/wp-json\/wp\/v2\/users\/11"}],"replies":[{"embeddable":true,"href":"https:\/\/kylat.meitadev.fi\/huttula\/wp-json\/wp\/v2\/comments?post=132"}],"version-history":[{"count":17,"href":"https:\/\/kylat.meitadev.fi\/huttula\/wp-json\/wp\/v2\/pages\/132\/revisions"}],"predecessor-version":[{"id":330,"href":"https:\/\/kylat.meitadev.fi\/huttula\/wp-json\/wp\/v2\/pages\/132\/revisions\/330"}],"wp:attachment":[{"href":"https:\/\/kylat.meitadev.fi\/huttula\/wp-json\/wp\/v2\/media?parent=132"}],"curies":[{"name":"wp","href":"https:\/\/api.w.org\/{rel}","templated":true}]}}