{"id":29,"date":"2011-03-26T20:02:06","date_gmt":"2011-03-26T18:02:06","guid":{"rendered":"https:\/\/kylat.meitadev.fi\/huttula\/?page_id=29"},"modified":"2021-01-20T15:40:14","modified_gmt":"2021-01-20T13:40:14","slug":"kota-ja-laavu","status":"publish","type":"page","link":"https:\/\/kylat.meitadev.fi\/huttula\/kota-ja-laavu\/","title":{"rendered":"Kota ja laavu"},"content":{"rendered":"<p><span style=\"font-family: Arial, Arial, Helvetica\">Kota ja laavu sijaitsevat Huttulan urheilukent\u00e4n vieress\u00e4 Salmentien alkup\u00e4\u00e4ss\u00e4. Kota ja laavu ovat kaikkien k\u00e4yt\u00f6ss\u00e4. Kent\u00e4n luota l\u00e4htee Repovuoren ja Tuulimyllyn luontopolut.<\/span><\/p>\n<p><span style=\"font-family: Arial, Arial, Helvetica\">Kodan varausmaksu on 20 \u20ac, joka on vapaaehtoinen. Maksun voi suorittaa Huttulan seudun kyl\u00e4yhdistys ry:n tilille: Lemin OP FI68 5227 0840 0226 24<br \/>Avaimen saa kuittausta vastaan:<br \/><\/span><\/p>\n<table id=\"table1\" style=\"height: 192px\" border=\"0\" width=\"637\">\n<tbody>\n<tr>\n<td><span style=\"font-family: Arial, Arial, Helvetica\">Lasse Nisonen<br \/><\/span><\/td>\n<td><span style=\"font-family: Arial, Arial, Helvetica\">044 5922388<br \/><\/span><\/td>\n<\/tr>\n<tr>\n<td><span style=\"font-family: Arial, Arial, Helvetica\">Erno Lahtinen<br \/><\/span><\/td>\n<td><span style=\"font-family: Arial, Arial, Helvetica\">0400 152179<\/span><\/td>\n<\/tr>\n<tr>\n<td><span style=\"font-family: Arial, Arial, Helvetica\">Juha Koivisto, Salmentie 3<\/span><\/td>\n<td><span style=\"font-family: Arial, Arial, Helvetica\">040 7272 731<\/span><\/td>\n<\/tr>\n<tr>\n<td><span style=\"font-family: Arial, Arial, Helvetica\">Timo Kangasm\u00e4ki, Salmentie 299<\/span><\/td>\n<td><span style=\"font-family: Arial, Arial, Helvetica\">050 5379656<\/span><\/td>\n<\/tr>\n<tr>\n<td>\u00a0<\/td>\n<td>\u00a0<\/td>\n<\/tr>\n<\/tbody>\n<\/table>\n<p><span style=\"font-family: Arial, Arial, Helvetica\">Varauskalenteri l\u00f6ytyy internetist\u00e4 osoitteesta<br \/><\/span><a href=\"http:\/\/www.my.calendars.net\/huttula\" target=\"_blank\" rel=\"noopener noreferrer\">http:\/\/www.my.calendars.net\/huttula<\/a><br \/>Kun teet varausta, laita varaukseen yhteystietosi!<\/p>\n<p>\u00a0<\/p>\n<p><span style=\"font-family: Arial, Arial, Helvetica\"><a href=\"https:\/\/kylat.meitadev.fi\/huttula\/wp-content\/uploads\/sites\/8\/2011\/03\/kota.jpg\"><img loading=\"lazy\" decoding=\"async\" class=\"alignnone size-full wp-image-30\" src=\"https:\/\/kylat.meitadev.fi\/huttula\/wp-content\/uploads\/sites\/8\/2011\/03\/kota.jpg\" alt=\"\" width=\"400\" height=\"300\" \/><\/a><\/span><\/p>\n<p><span style=\"font-family: Arial, Arial, Helvetica\"><a href=\"https:\/\/kylat.meitadev.fi\/huttula\/wp-content\/uploads\/sites\/8\/2011\/03\/Laavun-avajaiset0023.jpg\"><img loading=\"lazy\" decoding=\"async\" class=\"alignnone size-full wp-image-31\" src=\"https:\/\/kylat.meitadev.fi\/huttula\/wp-content\/uploads\/sites\/8\/2011\/03\/Laavun-avajaiset0023.jpg\" alt=\"\" width=\"400\" height=\"300\" \/><\/a><\/span><\/p>\n\n\n<p><\/p>\n","protected":false},"excerpt":{"rendered":"<p>Kota ja laavu sijaitsevat Huttulan urheilukent\u00e4n vieress\u00e4 Salmentien alkup\u00e4\u00e4ss\u00e4. Kota ja laavu ovat kaikkien k\u00e4yt\u00f6ss\u00e4. Kent\u00e4n luota l\u00e4htee Repovuoren ja Tuulimyllyn luontopolut. Kodan varausmaksu on 20 \u20ac, joka on vapaaehtoinen. Maksun voi suorittaa Huttulan seudun kyl\u00e4yhdistys ry:n tilille: Lemin OP FI68 5227 0840 0226 24Avaimen saa kuittausta vastaan: Lasse Nisonen 044 5922388 Erno Lahtinen 0400 &hellip; <a href=\"https:\/\/kylat.meitadev.fi\/huttula\/kota-ja-laavu\/\" class=\"more-link\">Continue reading <span class=\"screen-reader-text\">Kota ja laavu<\/span><\/a><\/p>\n","protected":false},"author":11,"featured_media":0,"parent":0,"menu_order":5,"comment_status":"closed","ping_status":"closed","template":"onecolumn-page.php","meta":{"footnotes":""},"_links":{"self":[{"href":"https:\/\/kylat.meitadev.fi\/huttula\/wp-json\/wp\/v2\/pages\/29"}],"collection":[{"href":"https:\/\/kylat.meitadev.fi\/huttula\/wp-json\/wp\/v2\/pages"}],"about":[{"href":"https:\/\/kylat.meitadev.fi\/huttula\/wp-json\/wp\/v2\/types\/page"}],"author":[{"embeddable":true,"href":"https:\/\/kylat.meitadev.fi\/huttula\/wp-json\/wp\/v2\/users\/11"}],"replies":[{"embeddable":true,"href":"https:\/\/kylat.meitadev.fi\/huttula\/wp-json\/wp\/v2\/comments?post=29"}],"version-history":[{"count":16,"href":"https:\/\/kylat.meitadev.fi\/huttula\/wp-json\/wp\/v2\/pages\/29\/revisions"}],"predecessor-version":[{"id":304,"href":"https:\/\/kylat.meitadev.fi\/huttula\/wp-json\/wp\/v2\/pages\/29\/revisions\/304"}],"wp:attachment":[{"href":"https:\/\/kylat.meitadev.fi\/huttula\/wp-json\/wp\/v2\/media?parent=29"}],"curies":[{"name":"wp","href":"https:\/\/api.w.org\/{rel}","templated":true}]}}