{"id":64,"date":"2011-08-24T11:15:23","date_gmt":"2011-08-24T08:15:23","guid":{"rendered":"https:\/\/kylat.meitadev.fi\/huttula\/?page_id=64"},"modified":"2011-10-02T18:53:47","modified_gmt":"2011-10-02T15:53:47","slug":"luontopolut","status":"publish","type":"page","link":"https:\/\/kylat.meitadev.fi\/huttula\/luontopolut\/","title":{"rendered":"Luontopolut"},"content":{"rendered":"<p><a href=\"https:\/\/kylat.meitadev.fi\/huttula\/wp-content\/uploads\/sites\/8\/2011\/08\/luontopolun-viitta.jpg\"><img loading=\"lazy\" decoding=\"async\" class=\"aligncenter size-full wp-image-226\" src=\"https:\/\/kylat.meitadev.fi\/huttula\/wp-content\/uploads\/sites\/8\/2011\/08\/luontopolun-viitta.jpg\" alt=\"\" width=\"500\" height=\"332\" \/><\/a><br \/>\n<strong>Repovuoren luontopolku<\/strong><\/p>\n<p>Huttulan maastoon on raivattu noin nelj\u00e4n kilometrin pituinen luontopolku. Luontopolku l\u00e4htee Salmentien alkup\u00e4\u00e4st\u00e4 Huttulan kyl\u00e4n liikunta-alueelta, miss\u00e4 on my\u00f6s komea laavu.<\/p>\n<p>Reitti kiert\u00e4\u00e4 Nuoram\u00e4en kalliot, jossa kasvaa harvinaisia kalliokieloja.<\/p>\n<p>Repovuorelle kiipe\u00e4v\u00e4n luontopolun jyrk\u00e4t kohdat vaativat retkeilij\u00e4lt\u00e4 kuntoa ja ketteryytt\u00e4. Kiipe\u00e4minen kannattaa kuitenkin, sill\u00e4 vuoren laelta avautuu upeat n\u00e4kym\u00e4t. Hyv\u00e4ll\u00e4 s\u00e4\u00e4ll\u00e4 n\u00e4kyy jopa Lappeenrannan tehtaiden piiput.<\/p>\n<p>Retkeilij\u00e4 voi sammuttaa janonsa useista l\u00e4hteist\u00e4, joita esiintyy matkan varrella.<\/p>\n<p><a title=\"Kuvia luontopolulta\" href=\"https:\/\/kylat.meitadev.fi\/huttula\/luontopolut\/test\/\">Katsele kuvia Repovuoren luontopolulta<\/a><\/p>\n<p><strong>Tuulimyllyn luontopolku<\/strong><\/p>\n<p>Tuulimyllyn polku alkaa Huttulan kent\u00e4lt\u00e4. Nuorakalliolle saakka kuljetaan samaa reitti\u00e4 Repovuoren polun kanssa. Sielt\u00e4 Tuulimyllyn polku johdattaa kulkijan Mikkelintien yli kohti Huttulan tuulimylly\u00e4. Se on uhmannut tuulia kallioisella kumpareella jo vuodesta 1853. Reitin pituus on noin 5 km.<\/p>\n<p><a href=\"https:\/\/kylat.meitadev.fi\/huttula\/wp-content\/uploads\/sites\/8\/2011\/08\/Luontopolut1.jpg\">Luontopolkujen kartat<\/a><\/p>\n","protected":false},"excerpt":{"rendered":"<p>Repovuoren luontopolku Huttulan maastoon on raivattu noin nelj\u00e4n kilometrin pituinen luontopolku. Luontopolku l\u00e4htee Salmentien alkup\u00e4\u00e4st\u00e4 Huttulan kyl\u00e4n liikunta-alueelta, miss\u00e4 on my\u00f6s komea laavu. Reitti kiert\u00e4\u00e4 Nuoram\u00e4en kalliot, jossa kasvaa harvinaisia kalliokieloja. Repovuorelle kiipe\u00e4v\u00e4n luontopolun jyrk\u00e4t kohdat vaativat retkeilij\u00e4lt\u00e4 kuntoa ja ketteryytt\u00e4. Kiipe\u00e4minen kannattaa kuitenkin, sill\u00e4 vuoren laelta avautuu upeat n\u00e4kym\u00e4t. Hyv\u00e4ll\u00e4 s\u00e4\u00e4ll\u00e4 n\u00e4kyy jopa Lappeenrannan &hellip; <a href=\"https:\/\/kylat.meitadev.fi\/huttula\/luontopolut\/\" class=\"more-link\">Continue reading <span class=\"screen-reader-text\">Luontopolut<\/span><\/a><\/p>\n","protected":false},"author":11,"featured_media":0,"parent":0,"menu_order":6,"comment_status":"closed","ping_status":"closed","template":"onecolumn-page.php","meta":{"footnotes":""},"_links":{"self":[{"href":"https:\/\/kylat.meitadev.fi\/huttula\/wp-json\/wp\/v2\/pages\/64"}],"collection":[{"href":"https:\/\/kylat.meitadev.fi\/huttula\/wp-json\/wp\/v2\/pages"}],"about":[{"href":"https:\/\/kylat.meitadev.fi\/huttula\/wp-json\/wp\/v2\/types\/page"}],"author":[{"embeddable":true,"href":"https:\/\/kylat.meitadev.fi\/huttula\/wp-json\/wp\/v2\/users\/11"}],"replies":[{"embeddable":true,"href":"https:\/\/kylat.meitadev.fi\/huttula\/wp-json\/wp\/v2\/comments?post=64"}],"version-history":[{"count":19,"href":"https:\/\/kylat.meitadev.fi\/huttula\/wp-json\/wp\/v2\/pages\/64\/revisions"}],"predecessor-version":[{"id":75,"href":"https:\/\/kylat.meitadev.fi\/huttula\/wp-json\/wp\/v2\/pages\/64\/revisions\/75"}],"wp:attachment":[{"href":"https:\/\/kylat.meitadev.fi\/huttula\/wp-json\/wp\/v2\/media?parent=64"}],"curies":[{"name":"wp","href":"https:\/\/api.w.org\/{rel}","templated":true}]}}