{"id":7,"date":"2011-03-23T10:21:44","date_gmt":"2011-03-23T10:21:44","guid":{"rendered":"https:\/\/kylat.meitadev.fi\/huttula\/?page_id=7"},"modified":"2016-12-01T17:26:17","modified_gmt":"2016-12-01T15:26:17","slug":"toimialue","status":"publish","type":"page","link":"https:\/\/kylat.meitadev.fi\/huttula\/toimialue\/","title":{"rendered":"Toimialue"},"content":{"rendered":"<p style=\"text-align: left\"><span style=\"font-family: Arial, Arial, Helvetica\">Yhdistyksen toimialue kattaa 17 kyl\u00e4\u00e4:<\/span><\/p>\n<p style=\"text-align: left\"><span style=\"font-family: Arial, Arial, Helvetica\"><a href=\"http:\/\/www.lemi.fi\/\" target=\"_blank\">Lemin<\/a> kunnasta:<br \/>\nTevaniemi, Heikkeri, Parkkola, Metsola, Huttula, Salmenkyl\u00e4, Tynnyrkyl\u00e4, Turunkyl\u00e4, Ruohiala, Olkkosenkyl\u00e4, Hyv\u00e4ril\u00e4, Kangasm\u00e4ki, Vainikkala, J\u00e4rvenp\u00e4\u00e4<\/span><\/p>\n<p style=\"text-align: left\"><span style=\"font-family: Arial, Arial, Helvetica\">sek\u00e4 <a href=\"http:\/\/www.taipalsaari.fi\/\" target=\"_blank\">Taipalsaaren<\/a> kunnasta:<br \/>\nPienhaikkaanlahti, Mielakka ja Kuitto.<\/span><\/p>\n","protected":false},"excerpt":{"rendered":"<p>Yhdistyksen toimialue kattaa 17 kyl\u00e4\u00e4: Lemin kunnasta: Tevaniemi, Heikkeri, Parkkola, Metsola, Huttula, Salmenkyl\u00e4, Tynnyrkyl\u00e4, Turunkyl\u00e4, Ruohiala, Olkkosenkyl\u00e4, Hyv\u00e4ril\u00e4, Kangasm\u00e4ki, Vainikkala, J\u00e4rvenp\u00e4\u00e4 sek\u00e4 Taipalsaaren kunnasta: Pienhaikkaanlahti, Mielakka ja Kuitto.<\/p>\n","protected":false},"author":11,"featured_media":0,"parent":0,"menu_order":2,"comment_status":"closed","ping_status":"closed","template":"onecolumn-page.php","meta":{"footnotes":""},"_links":{"self":[{"href":"https:\/\/kylat.meitadev.fi\/huttula\/wp-json\/wp\/v2\/pages\/7"}],"collection":[{"href":"https:\/\/kylat.meitadev.fi\/huttula\/wp-json\/wp\/v2\/pages"}],"about":[{"href":"https:\/\/kylat.meitadev.fi\/huttula\/wp-json\/wp\/v2\/types\/page"}],"author":[{"embeddable":true,"href":"https:\/\/kylat.meitadev.fi\/huttula\/wp-json\/wp\/v2\/users\/11"}],"replies":[{"embeddable":true,"href":"https:\/\/kylat.meitadev.fi\/huttula\/wp-json\/wp\/v2\/comments?post=7"}],"version-history":[{"count":12,"href":"https:\/\/kylat.meitadev.fi\/huttula\/wp-json\/wp\/v2\/pages\/7\/revisions"}],"predecessor-version":[{"id":284,"href":"https:\/\/kylat.meitadev.fi\/huttula\/wp-json\/wp\/v2\/pages\/7\/revisions\/284"}],"wp:attachment":[{"href":"https:\/\/kylat.meitadev.fi\/huttula\/wp-json\/wp\/v2\/media?parent=7"}],"curies":[{"name":"wp","href":"https:\/\/api.w.org\/{rel}","templated":true}]}}