{"id":41,"date":"2012-09-06T13:34:52","date_gmt":"2012-09-06T13:34:52","guid":{"rendered":"https:\/\/kylat.meitadev.fi\/jankasalo\/?page_id=41"},"modified":"2021-11-13T07:43:04","modified_gmt":"2021-11-13T07:43:04","slug":"jankasalon-kylayhdistys","status":"publish","type":"page","link":"https:\/\/kylat.meitadev.fi\/jankasalo\/yhdistykset\/jankasalon-kylayhdistys\/","title":{"rendered":"J\u00c4NK\u00c4SALON KYL\u00c4YHDISTYS"},"content":{"rendered":"<p><strong>J\u00e4nk\u00e4salon kyl\u00e4yhdistys<\/strong> on perustettu edist\u00e4m\u00e4\u00e4n saaren asukkaiden v\u00e4list\u00e4 yhteisty\u00f6t\u00e4, parantamaan saaren elinmahdollisuuksia, toimimaan asukkaiden yleisten etujen valvojana sek\u00e4 edist\u00e4m\u00e4\u00e4n saaren vakinaisten ja vapaa-ajan asukkaiden viihtyvyytt\u00e4, harrastus- ja kulttuuritoimintaa. Kulttuuritoiminnasta on ensimm\u00e4isen\u00e4 konkreettisena n\u00e4ytt\u00f6n\u00e4 <strong>J\u00e4nk\u00e4salo-p\u00e4iv\u00e4<\/strong>, jota vietet\u00e4\u00e4n hein\u00e4kuun viimeisen\u00e4 lauantaina. Kyseisen\u00e4 ajankohtana otettiin Jussilansalmen lossi virallisesti k\u00e4ytt\u00f6\u00f6n. Kyl\u00e4yhdistys toimii J\u00e4nk\u00e4salon kehitt\u00e4miseksi tiiviiss\u00e4 yhteisty\u00f6ss\u00e4 J\u00e4nk\u00e4salon Weikkojen ja Er\u00e4-Weikkojen kanssa.<\/p>\n<p>Kyl\u00e4yhdistys yll\u00e4pit\u00e4\u00e4 <strong>kirjastoa<\/strong>, joka sijaitsee Torirannassa kioskin vieress\u00e4. Kirjastosta voi kuka tahansa lainata kirjoja ja lehti\u00e4 merkitsem\u00e4ll\u00e4 lainat vihkoon. Palautus sitten kun on saatu luettua.<\/p>\n<p><a href=\"https:\/\/kylat.meitadev.fi\/jankasalo\/wp-content\/uploads\/sites\/50\/2015\/07\/Yhteis_sanomat_2_8_05.pdf\">Yhteis_sanomat_2_8_05<\/a><\/p>\n<p><a href=\"https:\/\/kylat.meitadev.fi\/jankasalo\/wp-content\/uploads\/sites\/50\/2015\/07\/Etel\u00e4-Saimaa_30_7_05.pdf\">Etel\u00e4-Saimaa_30_7_05<\/a><\/p>\n<p><strong>YHTEYSTIEDOT<\/strong><br>J\u00c4NK\u00c4SALON KYL\u00c4YHDISTYS<br>HALLITUS 2020<\/p>\n<p><strong>Pekka Riikonen<\/strong>, hallituksen&nbsp;puheenjohtaja<br>p. 040 5856871 S\u00e4hk\u00f6posti: &nbsp;<a href=\"mailto:pekka.riikonen@outlook.com\" target=\"_blank\" rel=\"noopener noreferrer\">pekka.riikonen@outlook.com<\/a><\/p>\n<p><strong>Tarja Riikonen<\/strong>,&nbsp;sihteeri<br>p. 040 5357442 S\u00e4hk\u00f6posti: tarjariikonen56@gmail.com<\/p>\n<p><strong>Matti Suninen<\/strong>, hallituksen j\u00e4sen S\u00e4hk\u00f6posti:&nbsp;<a href=\"mailto:m.suninen@gmail.com\" target=\"_blank\" rel=\"noopener noreferrer\">m.suninen@gmail.com<\/a><\/p>\n<p><strong>Jari Hellman<\/strong>, hallituksen j\u00e4sen, p. 040 055 4042<\/p>\n<p><strong>Mari Kr\u00f6ger<\/strong>, hallituksen j\u00e4sen, p.040 020 3335<\/p>\n<p><\/p>\n\n\n<p><strong>Kyl\u00e4yhdistyksen vuosikokous<\/strong> pidetiin lauantaina 24.10.2020 klo 15.00 Weikkojen kodalla, Marjaniementie 54. Kokoukseen pystyi ensi kertaa<strong> osallistumaan my\u00f6s et\u00e4n\u00e4 <\/strong>Zoomissa. <\/p>\n\n\n\n<p><\/p>\n\n\n\n<figure class=\"wp-block-image size-full\"><a href=\"https:\/\/kylat.meitadev.fi\/jankasalo\/wp-content\/uploads\/sites\/50\/2021\/11\/Vuosikokouskutsu2021.jpg\"><img loading=\"lazy\" decoding=\"async\" width=\"960\" height=\"720\" src=\"https:\/\/kylat.meitadev.fi\/jankasalo\/wp-content\/uploads\/sites\/50\/2021\/11\/Vuosikokouskutsu2021.jpg\" alt=\"\" class=\"wp-image-1032\" srcset=\"https:\/\/kylat.meitadev.fi\/jankasalo\/wp-content\/uploads\/sites\/50\/2021\/11\/Vuosikokouskutsu2021.jpg 960w, https:\/\/kylat.meitadev.fi\/jankasalo\/wp-content\/uploads\/sites\/50\/2021\/11\/Vuosikokouskutsu2021-300x225.jpg 300w, https:\/\/kylat.meitadev.fi\/jankasalo\/wp-content\/uploads\/sites\/50\/2021\/11\/Vuosikokouskutsu2021-768x576.jpg 768w, https:\/\/kylat.meitadev.fi\/jankasalo\/wp-content\/uploads\/sites\/50\/2021\/11\/Vuosikokouskutsu2021-400x300.jpg 400w\" sizes=\"(max-width: 960px) 100vw, 960px\" \/><\/a><\/figure>\n\n\n\n<p class=\"has-large-font-size\"><strong>Kes\u00e4n 2021 toimintaa<\/strong><\/p>\n\n\n\n<p><\/p>\n\n\n\n<figure class=\"wp-block-image size-large\"><a href=\"https:\/\/kylat.meitadev.fi\/jankasalo\/wp-content\/uploads\/sites\/50\/2021\/06\/Kesakahvila-2021.jpg\"><img loading=\"lazy\" decoding=\"async\" width=\"960\" height=\"720\" src=\"https:\/\/kylat.meitadev.fi\/jankasalo\/wp-content\/uploads\/sites\/50\/2021\/06\/Kesakahvila-2021.jpg\" alt=\"\" class=\"wp-image-1002\" srcset=\"https:\/\/kylat.meitadev.fi\/jankasalo\/wp-content\/uploads\/sites\/50\/2021\/06\/Kesakahvila-2021.jpg 960w, https:\/\/kylat.meitadev.fi\/jankasalo\/wp-content\/uploads\/sites\/50\/2021\/06\/Kesakahvila-2021-300x225.jpg 300w, https:\/\/kylat.meitadev.fi\/jankasalo\/wp-content\/uploads\/sites\/50\/2021\/06\/Kesakahvila-2021-768x576.jpg 768w, https:\/\/kylat.meitadev.fi\/jankasalo\/wp-content\/uploads\/sites\/50\/2021\/06\/Kesakahvila-2021-400x300.jpg 400w\" sizes=\"(max-width: 960px) 100vw, 960px\" \/><\/a><\/figure>\n\n\n\n<p><\/p>\n\n\n\n<p class=\"has-medium-font-size\"><strong>Kes\u00e4kahvilat lauantaisin hein\u00e4kuussa: <\/strong><\/p>\n\n\n\n<p class=\"has-medium-font-size\"><strong>3.7.       Kaikille avoin kirpputori klo 10 &#8211; 12<\/strong><\/p>\n\n\n\n<p class=\"has-medium-font-size\"><strong>10.7.     Kes\u00e4kahvila klo 10 &#8211; 12<\/strong><\/p>\n\n\n\n<p class=\"has-medium-font-size\"><strong>17.7.     Kes\u00e4kahvila klo 10 &#8211; 12<\/strong><\/p>\n\n\n\n<p class=\"has-medium-font-size\"><strong>24.7.     J\u00e4nk\u00e4salo-p\u00e4iv\u00e4 klo 10 &#8211; 13<\/strong><\/p>\n\n\n\n<p class=\"has-medium-font-size\"><strong>31.7.     Kes\u00e4kahvila klo 10 &#8211; 12<\/strong><\/p>\n","protected":false},"excerpt":{"rendered":"<p>J\u00e4nk\u00e4salon kyl\u00e4yhdistys on perustettu edist\u00e4m\u00e4\u00e4n saaren asukkaiden v\u00e4list\u00e4 yhteisty\u00f6t\u00e4, parantamaan saaren elinmahdollisuuksia, toimimaan asukkaiden yleisten etujen valvojana sek\u00e4 edist\u00e4m\u00e4\u00e4n saaren vakinaisten ja vapaa-ajan asukkaiden viihtyvyytt\u00e4, harrastus- ja kulttuuritoimintaa. Kulttuuritoiminnasta on ensimm\u00e4isen\u00e4 konkreettisena n\u00e4ytt\u00f6n\u00e4 J\u00e4nk\u00e4salo-p\u00e4iv\u00e4, jota vietet\u00e4\u00e4n hein\u00e4kuun viimeisen\u00e4 lauantaina. Kyseisen\u00e4 &hellip; <a href=\"https:\/\/kylat.meitadev.fi\/jankasalo\/yhdistykset\/jankasalon-kylayhdistys\/\">Lue loppuun <span class=\"meta-nav\">&rarr;<\/span><\/a><\/p>\n","protected":false},"author":128,"featured_media":0,"parent":7,"menu_order":0,"comment_status":"closed","ping_status":"open","template":"sidebar-page.php","meta":{"footnotes":""},"_links":{"self":[{"href":"https:\/\/kylat.meitadev.fi\/jankasalo\/wp-json\/wp\/v2\/pages\/41"}],"collection":[{"href":"https:\/\/kylat.meitadev.fi\/jankasalo\/wp-json\/wp\/v2\/pages"}],"about":[{"href":"https:\/\/kylat.meitadev.fi\/jankasalo\/wp-json\/wp\/v2\/types\/page"}],"author":[{"embeddable":true,"href":"https:\/\/kylat.meitadev.fi\/jankasalo\/wp-json\/wp\/v2\/users\/128"}],"replies":[{"embeddable":true,"href":"https:\/\/kylat.meitadev.fi\/jankasalo\/wp-json\/wp\/v2\/comments?post=41"}],"version-history":[{"count":20,"href":"https:\/\/kylat.meitadev.fi\/jankasalo\/wp-json\/wp\/v2\/pages\/41\/revisions"}],"predecessor-version":[{"id":1039,"href":"https:\/\/kylat.meitadev.fi\/jankasalo\/wp-json\/wp\/v2\/pages\/41\/revisions\/1039"}],"up":[{"embeddable":true,"href":"https:\/\/kylat.meitadev.fi\/jankasalo\/wp-json\/wp\/v2\/pages\/7"}],"wp:attachment":[{"href":"https:\/\/kylat.meitadev.fi\/jankasalo\/wp-json\/wp\/v2\/media?parent=41"}],"curies":[{"name":"wp","href":"https:\/\/api.w.org\/{rel}","templated":true}]}}