{"id":763,"date":"2019-05-20T08:58:55","date_gmt":"2019-05-20T08:58:55","guid":{"rendered":"https:\/\/kylat.meitadev.fi\/jankasalo\/?page_id=763"},"modified":"2020-07-05T09:02:24","modified_gmt":"2020-07-05T09:02:24","slug":"kesa-2019","status":"publish","type":"page","link":"https:\/\/kylat.meitadev.fi\/jankasalo\/kesa-2019\/","title":{"rendered":"Kes\u00e4 &#8211; syksy 2020"},"content":{"rendered":"<p><strong style=\"font-size: inherit\">J\u00e4nk\u00e4salon<\/strong> <strong style=\"font-size: inherit\">kes\u00e4torit hein\u00e4kuussa<\/strong> <strong style=\"font-size: inherit\">lauantaisin klo 10 &#8211; 12 J\u00e4nk\u00e4salon torilla<\/strong><span style=\"font-size: inherit\">.<\/span><\/p>\n<div>\n<div class=\"block-editor-block-list__layout\">\n<div id=\"block-f86df1de-030b-45b2-b6d6-d6823292470b\" class=\"wp-block block-editor-block-list__block has-selected-ui\" role=\"group\" data-block=\"f86df1de-030b-45b2-b6d6-d6823292470b\" data-type=\"core\/paragraph\" aria-label=\"Lohko: Kappale\">\n<p class=\"rich-text block-editor-rich-text__editable wp-block-paragraph\" role=\"textbox\" aria-label=\"Kappalelohko\">Torin j\u00e4rjest\u00e4misest\u00e4 vastaavat vuoroviikoin <strong>J\u00e4nk\u00e4salon kyl\u00e4yhdistys<\/strong> ja <strong>J\u00e4nk\u00e4salon Weikot<\/strong>:<\/p>\n<\/div>\n<div id=\"block-221b0a70-7861-4df7-827c-13e6c7d0ed80\" class=\"wp-block block-editor-block-list__block has-selected-ui\" role=\"group\" data-block=\"221b0a70-7861-4df7-827c-13e6c7d0ed80\" data-type=\"core\/paragraph\" aria-label=\"Lohko: Kappale\">\n<p class=\"rich-text block-editor-rich-text__editable wp-block-paragraph\" role=\"textbox\" aria-label=\"Kappalelohko\">4.7. Weikot, 11.7. kyl\u00e4yhdistys, 18.7. Weikot, 25.7. kyl\u00e4yhdistys.<\/p>\n<\/div>\n<div id=\"block-0e23d6c1-1752-42ab-bfdd-a77f6f2e510e\" class=\"wp-block block-editor-block-list__block has-selected-ui\" role=\"group\" data-block=\"0e23d6c1-1752-42ab-bfdd-a77f6f2e510e\" data-type=\"core\/paragraph\" aria-label=\"Lohko: Kappale\">\n<p class=\"rich-text block-editor-rich-text__editable wp-block-paragraph\" role=\"textbox\" aria-label=\"Kappalelohko\"><strong>25.7. kes\u00e4torin yhteydess\u00e4 vietet\u00e4\u00e4n<\/strong> <strong>J\u00e4nk\u00e4salo-p\u00e4iv\u00e4\u00e4 teemalla &#8221;Lossi 15 vuotta, mik\u00e4 on muuttunut?&#8221;<\/strong><\/p>\n<\/div>\n<div id=\"block-f9e867da-21b1-4522-96aa-b0fcb72b4f85\" class=\"wp-block block-editor-block-list__block has-selected-ui\" role=\"group\" data-block=\"f9e867da-21b1-4522-96aa-b0fcb72b4f85\" data-type=\"core\/paragraph\" aria-label=\"Lohko: Kappale\">\n<p class=\"rich-text block-editor-rich-text__editable wp-block-paragraph\" role=\"textbox\" aria-label=\"Tyhj\u00e4 lohko; aloita kirjoittamaan tai sy\u00f6t\u00e4 kauttaviiva valitaksesi lohkon\">\n<\/div>\n<div id=\"block-fe43811a-9d1d-407f-9e1d-53d56607ae88\" class=\"wp-block block-editor-block-list__block has-selected-ui\" role=\"group\" data-block=\"fe43811a-9d1d-407f-9e1d-53d56607ae88\" data-type=\"core\/paragraph\" aria-label=\"Lohko: Kappale\">\n<p class=\"rich-text block-editor-rich-text__editable wp-block-paragraph\" role=\"textbox\" aria-label=\"Kappalelohko\"><strong>Rakkaudesta J\u00e4nk\u00e4saloon -valokuvan\u00e4yttely on<\/strong> <strong>avoinna koko kes\u00e4n Weikkojen kodalla Marjaniementie 54. Esill\u00e4 on uusi kattaus saarelaisten vanhoja valokuvia.<\/strong><\/p>\n<\/div>\n<div id=\"block-f1807c80-1532-4051-8a51-b83db253a117\" class=\"wp-block block-editor-block-list__block has-selected-ui\" role=\"group\" data-block=\"f1807c80-1532-4051-8a51-b83db253a117\" data-type=\"core\/image\" aria-label=\"Lohko: Kuva\">\n<figure class=\"wp-block-image size-large\">\n<div>\n<div class=\"components-resizable-box__container\"><img decoding=\"async\" src=\"https:\/\/kylat.meitadev.fi\/jankasalo\/wp-content\/uploads\/sites\/50\/2020\/07\/N%C3%A4yttelyesite-1.jpg\" alt=\"T\u00e4m\u00e4n kuvan alt-attribuutti on tyhj\u00e4; Tiedoston nimi on N\u00e4yttelyesite-1.jpg\" \/><\/div>\n<div class=\"__resizable_base__\"><\/div>\n<\/div>\n<\/figure>\n<div class=\"components-drop-zone\"><\/div>\n<\/div>\n<div class=\"block-list-appender\">\n<div class=\"wp-block block-editor-default-block-appender\" data-root-client-id=\"\"><textarea class=\"block-editor-default-block-appender__content\" role=\"button\" readonly=\"readonly\" rows=\"1\" aria-label=\"Lis\u00e4\u00e4 lohko\"><\/textarea><\/p>\n<div class=\"components-dropdown block-editor-inserter\"><\/div>\n<\/div>\n<\/div>\n<\/div>\n<\/div>\n<div><\/div>\n","protected":false},"excerpt":{"rendered":"<p>J\u00e4nk\u00e4salon kes\u00e4torit hein\u00e4kuussa lauantaisin klo 10 &#8211; 12 J\u00e4nk\u00e4salon torilla. Torin j\u00e4rjest\u00e4misest\u00e4 vastaavat vuoroviikoin J\u00e4nk\u00e4salon kyl\u00e4yhdistys ja J\u00e4nk\u00e4salon Weikot: 4.7. Weikot, 11.7. kyl\u00e4yhdistys, 18.7. Weikot, 25.7. kyl\u00e4yhdistys. 25.7. kes\u00e4torin yhteydess\u00e4 vietet\u00e4\u00e4n J\u00e4nk\u00e4salo-p\u00e4iv\u00e4\u00e4 teemalla &#8221;Lossi 15 vuotta, mik\u00e4 on muuttunut?&#8221; Rakkaudesta &hellip; <a href=\"https:\/\/kylat.meitadev.fi\/jankasalo\/kesa-2019\/\">Lue loppuun <span class=\"meta-nav\">&rarr;<\/span><\/a><\/p>\n","protected":false},"author":128,"featured_media":0,"parent":0,"menu_order":0,"comment_status":"closed","ping_status":"closed","template":"","meta":{"footnotes":""},"_links":{"self":[{"href":"https:\/\/kylat.meitadev.fi\/jankasalo\/wp-json\/wp\/v2\/pages\/763"}],"collection":[{"href":"https:\/\/kylat.meitadev.fi\/jankasalo\/wp-json\/wp\/v2\/pages"}],"about":[{"href":"https:\/\/kylat.meitadev.fi\/jankasalo\/wp-json\/wp\/v2\/types\/page"}],"author":[{"embeddable":true,"href":"https:\/\/kylat.meitadev.fi\/jankasalo\/wp-json\/wp\/v2\/users\/128"}],"replies":[{"embeddable":true,"href":"https:\/\/kylat.meitadev.fi\/jankasalo\/wp-json\/wp\/v2\/comments?post=763"}],"version-history":[{"count":12,"href":"https:\/\/kylat.meitadev.fi\/jankasalo\/wp-json\/wp\/v2\/pages\/763\/revisions"}],"predecessor-version":[{"id":834,"href":"https:\/\/kylat.meitadev.fi\/jankasalo\/wp-json\/wp\/v2\/pages\/763\/revisions\/834"}],"wp:attachment":[{"href":"https:\/\/kylat.meitadev.fi\/jankasalo\/wp-json\/wp\/v2\/media?parent=763"}],"curies":[{"name":"wp","href":"https:\/\/api.w.org\/{rel}","templated":true}]}}