{"id":85,"date":"2012-01-14T12:33:15","date_gmt":"2012-01-14T12:33:15","guid":{"rendered":"https:\/\/kylat.meitadev.fi\/janky\/?page_id=85"},"modified":"2017-05-08T10:54:48","modified_gmt":"2017-05-08T10:54:48","slug":"jangyn-eramiesten-maja","status":"publish","type":"page","link":"https:\/\/kylat.meitadev.fi\/janky\/jangyn-eramiesten-maja\/","title":{"rendered":"J\u00e4ngyn Er\u00e4miesten maja"},"content":{"rendered":"<h1>TIETOJA MAJASTA<\/h1>\n<div><a href=\"http:\/\/194.251.35.222\/KuvaNaytaIkkunassa.asp?KuvaID=3507\" target=\"Kuva3507\"><img loading=\"lazy\" decoding=\"async\" src=\"http:\/\/194.251.35.222\/LataaKuva.asb?KuvaID=3507&amp;Versio=T\" alt=\"\" width=\"290\" height=\"216\" \/><\/a><\/div>\n<p>Maja sijaitsee n. 13 km Lappeenrannan keskustasta l\u00e4nteen, Nyrhil\u00e4n kyl\u00e4ss\u00e4, Nyrhil\u00e4ntie 57. Kuutostielt\u00e4 on matkaa noin 500 m ja tie on aina aurattu.<\/p>\n<p>Majalla on:<\/p>\n<ul>\n<li>Iso piha alue<\/li>\n<li>Kota<\/li>\n<li>Keitti\u00f6 (reilun kokoinen). Keitti\u00f6ss\u00e4 on tiskialtaat, liesi, kahvinkeitin ja suurehko kylm\u00e4kaappi.<\/li>\n<li>Takkahuone ja sauna, Takkahuoneessa voi pit\u00e4\u00e4 kokouksia, sauna-iltoja tms.\u00a0Huoneessa on kuusi pirttip\u00f6yt\u00e4\u00e4 ja niihin mahtuu loistavasti 6 henk.\/p\u00f6yt\u00e4. Sauna on puul\u00e4mmitteinen ja se on vuokraajan itse l\u00e4mmitett\u00e4v\u00e4. Puut ovat talon puolesta. Suihkua ei toistaiseksi ole. Vedet tulee ja menee. Saunaan mahtuu\u00a0kerralla ainakin\u00a06 henkil\u00f6\u00e4. Saunasta p\u00e4\u00e4see takaterassille vilvoittelemaan.<\/li>\n<li>Sali, jossa on hyv\u00e4 tanssia<\/li>\n<li>Suurehko eteinen<\/li>\n<li>Wc, naisille ja miehille oma<\/li>\n<\/ul>\n<p>Kerralla taloon mahtuu 100 henkil\u00f6\u00e4. Tilat sopivat perhejuhlien ja\u00a0h\u00e4iden viettoon, saunailtoihin, varpajaisiin, polttareihin ym.<\/p>\n<p>Majan vuokrauksesta vastaa Esa T\u00f6tterman<br \/>\npuh. 050 531 9595,<br \/>\ntottees@gmail.com<\/p>\n<p>VUOKRAHINNAT<\/p>\n<p>Koko maja 200 \u20ac<\/p>\n<p>Takkahuone 100 \u20ac<\/p>\n<p>Kota 25 \u20ac<\/p>\n<p>Siivous 50 \u20ac<\/p>\n<p>Majalla K\u00e4ren Marttojen astiasto, vuokrauksesta sovittava\u00a0Kaarina Teiton\u00a0kanssa p. 050-326 4850<\/p>\n<p><strong>\u00a0<\/strong><\/p>\n","protected":false},"excerpt":{"rendered":"<p>TIETOJA MAJASTA Maja sijaitsee n. 13 km Lappeenrannan keskustasta l\u00e4nteen, Nyrhil\u00e4n kyl\u00e4ss\u00e4, Nyrhil\u00e4ntie 57. Kuutostielt\u00e4 on matkaa noin 500 m ja tie on aina aurattu. Majalla on: Iso piha alue Kota Keitti\u00f6 (reilun kokoinen). Keitti\u00f6ss\u00e4 on tiskialtaat, liesi, kahvinkeitin ja &hellip; <a href=\"https:\/\/kylat.meitadev.fi\/janky\/jangyn-eramiesten-maja\/\">Lue loppuun <span class=\"meta-nav\">&rarr;<\/span><\/a><\/p>\n","protected":false},"author":83,"featured_media":0,"parent":0,"menu_order":2,"comment_status":"closed","ping_status":"closed","template":"","meta":{"footnotes":""},"_links":{"self":[{"href":"https:\/\/kylat.meitadev.fi\/janky\/wp-json\/wp\/v2\/pages\/85"}],"collection":[{"href":"https:\/\/kylat.meitadev.fi\/janky\/wp-json\/wp\/v2\/pages"}],"about":[{"href":"https:\/\/kylat.meitadev.fi\/janky\/wp-json\/wp\/v2\/types\/page"}],"author":[{"embeddable":true,"href":"https:\/\/kylat.meitadev.fi\/janky\/wp-json\/wp\/v2\/users\/83"}],"replies":[{"embeddable":true,"href":"https:\/\/kylat.meitadev.fi\/janky\/wp-json\/wp\/v2\/comments?post=85"}],"version-history":[{"count":13,"href":"https:\/\/kylat.meitadev.fi\/janky\/wp-json\/wp\/v2\/pages\/85\/revisions"}],"predecessor-version":[{"id":668,"href":"https:\/\/kylat.meitadev.fi\/janky\/wp-json\/wp\/v2\/pages\/85\/revisions\/668"}],"wp:attachment":[{"href":"https:\/\/kylat.meitadev.fi\/janky\/wp-json\/wp\/v2\/media?parent=85"}],"curies":[{"name":"wp","href":"https:\/\/api.w.org\/{rel}","templated":true}]}}