{"id":1037,"date":"2012-03-20T19:32:57","date_gmt":"2012-03-20T17:32:57","guid":{"rendered":"https:\/\/kylat.meitadev.fi\/kanava\/?page_id=1037"},"modified":"2017-02-04T13:17:11","modified_gmt":"2017-02-04T11:17:11","slug":"kanava-areenan-avajaiset","status":"publish","type":"page","link":"https:\/\/kylat.meitadev.fi\/kanava\/hankkeet\/urheilukentan-kehittaminen\/kanava-areenan-avajaiset\/","title":{"rendered":"Kanava-areenan avajaiset"},"content":{"rendered":"<div id=\"attachment_1038\" style=\"width: 298px\" class=\"wp-caption alignright\"><a href=\"https:\/\/kylat.meitadev.fi\/kanava\/wp-content\/uploads\/sites\/7\/2012\/03\/avajaiset12_01.jpg\" target=\"_blank\"><img loading=\"lazy\" decoding=\"async\" aria-describedby=\"caption-attachment-1038\" class=\"wp-image-1038\" src=\"https:\/\/kylat.meitadev.fi\/kanava\/wp-content\/uploads\/sites\/7\/2012\/03\/avajaiset12_01.jpg\" width=\"288\" height=\"192\" \/><\/a><p id=\"caption-attachment-1038\" class=\"wp-caption-text\">Juhlayleis\u00f6\u00e4<\/p><\/div>\n<p>Kanava-areenan avajaiset pidettiin Lyytikk\u00e4l\u00e4n urheilukent\u00e4ll\u00e4 sunnuntaina 12.2.2012 klo 13 &#8211; 15. S\u00e4\u00e4 oli suosiollinen &#8211; alkuun paistoi jopa aurinko ja pakkasta oli reilut 10 astetta. Kyl\u00e4l\u00e4isi\u00e4 sek\u00e4 muuta yleis\u00f6\u00e4 oli saapunut paikalle reilut 100 henke\u00e4, joista yli puolet oli nuoria ja lapsia. Juhlatilaisuuden musiikista vastasi Penttil\u00e4n Tero, joka toimi my\u00f6s tilaisuuden kuuluttajana.<\/p>\n<p>Tervehdyssanat lausui Saimaan kanavan kyl\u00e4yhdistyksen puheenjohtaja Osmo Mikonsaari ja tervetulotoivotusten j\u00e4lkeen puheenjohtaja kertaili, kuinka oli tultu t\u00e4h\u00e4n p\u00e4iv\u00e4\u00e4n. Olihan hankkeen l\u00e4pivieminen teett\u00e4nytkin monenlaista hommaa!<\/p>\n<p>Ennen varsinaisia rakennust\u00f6it\u00e4 hoidettiin paperit\u00f6it\u00e4, Leader-hanke vaati mm. kyl\u00e4yhdistyksen rekister\u00f6innin ja Lappeenrannan liikuntatoimen kanssa k\u00e4ytiin hyv\u00e4ss\u00e4 yhteishengess\u00e4 useampikin neuvonpito. Lis\u00e4ksi hankkeelle piti saada Lappeen Riennon suostumus sek\u00e4 selvitt\u00e4\u00e4 rahoitusasiat eli oman ja k\u00e4ytt\u00f6rahoituksen osuus rakentamisen aikana. Sitten oli viel\u00e4 t\u00e4rkein asia eli kustannusarvion tekeminen, mink\u00e4 j\u00e4lkeen hakemuspaperit toimitettiin L\u00e4nsi-Saimaan kehitysyhdistykselle hankerahoitusta varten. Kun Leader-hankkeesta tuli my\u00f6nteinen p\u00e4\u00e4t\u00f6s, p\u00e4\u00e4stiin rakennushommiin toukokuun lopussa 2011. Talkooty\u00f6t aloitettiin vanhan kiekkokaukalon purkut\u00f6ill\u00e4, jota seurasi viel\u00e4 22 muut talkoot. Talkoitten j\u00e4lkeen hanke todettiin viedyksi p\u00e4\u00e4t\u00f6kseen marraskuun loppuun menness\u00e4. Viimeisen\u00e4 urakkana oli s\u00e4hk\u00f6istys- ja valaistusty\u00f6t Lappeenrannan Verkonrakennus Oy:n toimesta. Kaukalon nimest\u00e4 pidettiin viel\u00e4 nimikilpailu ja nimeksi valikoitui Kanava-areena.<\/p>\n<div id=\"attachment_1039\" style=\"width: 298px\" class=\"wp-caption alignright\"><a href=\"https:\/\/kylat.meitadev.fi\/kanava\/wp-content\/uploads\/sites\/7\/2012\/03\/avajaiset12_02.jpg\" target=\"_blank\"><img loading=\"lazy\" decoding=\"async\" aria-describedby=\"caption-attachment-1039\" class=\"wp-image-1039\" src=\"https:\/\/kylat.meitadev.fi\/kanava\/wp-content\/uploads\/sites\/7\/2012\/03\/avajaiset12_02.jpg\" width=\"288\" height=\"192\" \/><\/a><p id=\"caption-attachment-1039\" class=\"wp-caption-text\">Ilkka Oksman ja Osmo Mikonsaari k\u00e4ttelev\u00e4t<\/p><\/div>\n<div id=\"attachment_1040\" style=\"width: 298px\" class=\"wp-caption alignright\"><a href=\"https:\/\/kylat.meitadev.fi\/kanava\/wp-content\/uploads\/sites\/7\/2012\/03\/avajaiset12_04.jpg\" target=\"_blank\"><img loading=\"lazy\" decoding=\"async\" aria-describedby=\"caption-attachment-1040\" class=\"wp-image-1040\" src=\"https:\/\/kylat.meitadev.fi\/kanava\/wp-content\/uploads\/sites\/7\/2012\/03\/avajaiset12_04.jpg\" width=\"288\" height=\"192\" \/><\/a><p id=\"caption-attachment-1040\" class=\"wp-caption-text\">Silkkinauhan leikkaus<\/p><\/div>\n<p>Seuraavaksi kyl\u00e4yhdistyksen puheenjohtaja toivotti tervetulleeksi areenan avajaisiin kutsutun liikuntatoimenjohtaja Ilkka Oksmanin, jota oli pyydetty tilaisuuteen leikkaamaan kiekkokaukalon huoltoporttien v\u00e4liin asetettu silkkinauha. Puheenjohtaja antoi Ilkka Oksmanille muistoksi Kanava-areenan tarralla varustetun j\u00e4\u00e4kiekon. Liikuntatoimenjohtaja kiitti saamastaan kutsusta ja oli kovasti otettu saamastaan huomiosta. H\u00e4n my\u00f6s kiitti kyl\u00e4l\u00e4isi\u00e4 hyv\u00e4st\u00e4 talkoohengest\u00e4, jonka ansiosta oli saatu paljon aikaiseksi. H\u00e4n sanoi my\u00f6s liikuntatoimen olevan oikein mielell\u00e4\u00e4n mukana n\u00e4in hyviss\u00e4 hankkeissa osarahoittajana.<\/p>\n<p>Sitten laitettiin mikrofonit syrj\u00e4\u00e4n ja p\u00e4\u00e4stiin itse asiaan eli l\u00e4hdettiin leikkaamaan silkkinauha. Nauhanleikkuun j\u00e4lkeen k\u00e4teltiin viel\u00e4 p\u00e4\u00e4lle yst\u00e4vyyden, yhteisty\u00f6n ja avunannon (YYA) merkiksi.<\/p>\n<p>T\u00e4m\u00e4n j\u00e4lkeen puheenjohtaja ilmoitti, ett\u00e4 areena on vapaasti kaikkien k\u00e4yt\u00f6ss\u00e4. Hetken kuluttua kaukalossa jo vilisikin luistelijoita miltei ruuhkaksi asti. My\u00f6s liikuntatoimenjohtaja kokeili luistellen j\u00e4\u00e4n kuntoa.<\/p>\n<p><a href=\"https:\/\/kylat.meitadev.fi\/kanava\/wp-content\/uploads\/sites\/7\/2012\/03\/avajaiset12_05.jpg\" target=\"_blank\"><img loading=\"lazy\" decoding=\"async\" class=\"wp-image-1067 aligncenter\" src=\"https:\/\/kylat.meitadev.fi\/kanava\/wp-content\/uploads\/sites\/7\/2012\/03\/avajaiset12_05.jpg\" width=\"288\" height=\"192\" \/><\/a><a href=\"https:\/\/kylat.meitadev.fi\/kanava\/wp-content\/uploads\/sites\/7\/2012\/03\/avajaiset12_07.jpg\" target=\"_blank\"><img loading=\"lazy\" decoding=\"async\" class=\"wp-image-1041 aligncenter\" src=\"https:\/\/kylat.meitadev.fi\/kanava\/wp-content\/uploads\/sites\/7\/2012\/03\/avajaiset12_07.jpg\" width=\"285\" height=\"190\" \/><\/a> <a href=\"https:\/\/kylat.meitadev.fi\/kanava\/wp-content\/uploads\/sites\/7\/2012\/03\/avajaiset12_08.jpg\" target=\"_blank\"><img loading=\"lazy\" decoding=\"async\" class=\"wp-image-1042 aligncenter\" src=\"https:\/\/kylat.meitadev.fi\/kanava\/wp-content\/uploads\/sites\/7\/2012\/03\/avajaiset12_08.jpg\" width=\"285\" height=\"190\" \/><\/a><\/p>\n<p>Seuraavaksi tilaisuudessa esiintyi Rajavartiolaitos kolmen rajavartijan voimin. Rajavartiolaitoksen ohjelmassa oli rajakoiran tottelevaisuusesitys ja k\u00e4yt\u00f6ss\u00e4 olevan partioauton ja sen laitteiston esittely.<\/p>\n<p><a href=\"https:\/\/kylat.meitadev.fi\/kanava\/wp-content\/uploads\/sites\/7\/2012\/03\/avajaiset12_06.jpg\" target=\"_blank\"><img loading=\"lazy\" decoding=\"async\" class=\"alignnone wp-image-1044\" src=\"https:\/\/kylat.meitadev.fi\/kanava\/wp-content\/uploads\/sites\/7\/2012\/03\/avajaiset12_06.jpg\" width=\"230\" height=\"346\" \/><\/a>\u00a0\u00a0<a href=\"https:\/\/kylat.meitadev.fi\/kanava\/wp-content\/uploads\/sites\/7\/2012\/03\/avajaiset12_03.jpg\" target=\"_blank\"><img loading=\"lazy\" decoding=\"async\" class=\"alignnone wp-image-1043\" src=\"https:\/\/kylat.meitadev.fi\/kanava\/wp-content\/uploads\/sites\/7\/2012\/03\/avajaiset12_03.jpg\" width=\"288\" height=\"192\" \/><\/a><\/p>\n<div id=\"attachment_1065\" style=\"width: 202px\" class=\"wp-caption alignright\"><a href=\"https:\/\/kylat.meitadev.fi\/kanava\/wp-content\/uploads\/sites\/7\/2012\/03\/avajaiset12_12.jpg\" target=\"_blank\"><img loading=\"lazy\" decoding=\"async\" aria-describedby=\"caption-attachment-1065\" class=\"wp-image-1065\" src=\"https:\/\/kylat.meitadev.fi\/kanava\/wp-content\/uploads\/sites\/7\/2012\/03\/avajaiset12_12.jpg\" width=\"192\" height=\"288\" \/><\/a><p id=\"caption-attachment-1065\" class=\"wp-caption-text\">Riku Kallioniemi<\/p><\/div>\n<p>&nbsp;<\/p>\n<p>Aina hyv\u00e4ntuulinen maaseutuasiamies Terttu Kivinen oli tyytyv\u00e4inen n\u00e4kem\u00e4\u00e4ns\u00e4 kiitellen kyl\u00e4l\u00e4isi\u00e4 kahvikupposen \u00e4\u00e4rell\u00e4. Muita tilaisuudessa vierailleita oli liikuntatoimen kentt\u00e4p\u00e4\u00e4llikk\u00f6 Juha Rojo, Saipan toimitusjohtaja Riku Kallioniemi sek\u00e4 \u201dsenaattori\u201d Tapio Arola. Tapio Arola oli jo kes\u00e4ll\u00e4 k\u00e4ynyt tutustumassa kohteeseen ja totesi, ett\u00e4 on kyll\u00e4 uskominen talkoohenkeen ainakin Lyytikk\u00e4l\u00e4ss\u00e4. Riku Kallioniemi toi Saipan tervehdyksen\u00e4 pelaajien nimikirjoituksilla varustetun j\u00e4\u00e4kiekkomailan ja fleecepeiton.<\/p>\n<p>&nbsp;<\/p>\n<div id=\"attachment_1045\" style=\"width: 298px\" class=\"wp-caption alignleft\"><a href=\"https:\/\/kylat.meitadev.fi\/kanava\/wp-content\/uploads\/sites\/7\/2012\/03\/avajaiset12_10.jpg\" target=\"_blank\"><img loading=\"lazy\" decoding=\"async\" aria-describedby=\"caption-attachment-1045\" class=\"wp-image-1045\" src=\"https:\/\/kylat.meitadev.fi\/kanava\/wp-content\/uploads\/sites\/7\/2012\/03\/avajaiset12_10.jpg\" width=\"288\" height=\"192\" \/><\/a><p id=\"caption-attachment-1045\" class=\"wp-caption-text\">Makkaranpaistoa<\/p><\/div>\n<p>Talkoolaisetkin olivat runsaslukuisesti mukana, vaikka vasta edellisen\u00e4 iltana oli kylvetty kes\u00e4iset talkoohiet pois. Urheilukent\u00e4n majalle olivat kyl\u00e4yhdistyksen naiset kattaneet p\u00f6yd\u00e4n runsaine antimineen &#8211; oli siin\u00e4 sen seitsem\u00e4\u00e4 sorttia. Majan ulkopuolella oli viel\u00e4 tarjolla kuumaa mehua ja makkaraa.<\/p>\n<div id=\"attachment_1046\" style=\"width: 298px\" class=\"wp-caption alignright\"><a href=\"https:\/\/kylat.meitadev.fi\/kanava\/wp-content\/uploads\/sites\/7\/2012\/03\/avajaiset12_11.jpg\" target=\"_blank\"><img loading=\"lazy\" decoding=\"async\" aria-describedby=\"caption-attachment-1046\" class=\"wp-image-1046\" src=\"https:\/\/kylat.meitadev.fi\/kanava\/wp-content\/uploads\/sites\/7\/2012\/03\/avajaiset12_11.jpg\" width=\"288\" height=\"192\" \/><\/a><p id=\"caption-attachment-1046\" class=\"wp-caption-text\">Lauran piruetti<\/p><\/div>\n<p>&nbsp;<\/p>\n<p>Seuraava ohjelmanumero oli Laura Karhusen taitoluisteluesitys. Taitava nuori tytt\u00f6 teki upean esityksen hyppyineen ja piruetteineen ja sai suuret suosionosoitukset. Kiitos Laura!<\/p>\n<p>&nbsp;<\/p>\n<div id=\"attachment_1047\" style=\"width: 295px\" class=\"wp-caption alignleft\"><a href=\"https:\/\/kylat.meitadev.fi\/kanava\/wp-content\/uploads\/sites\/7\/2012\/03\/avajaiset12_09.jpg\" target=\"_blank\"><img loading=\"lazy\" decoding=\"async\" aria-describedby=\"caption-attachment-1047\" class=\"wp-image-1047\" src=\"https:\/\/kylat.meitadev.fi\/kanava\/wp-content\/uploads\/sites\/7\/2012\/03\/avajaiset12_09.jpg\" width=\"285\" height=\"190\" \/><\/a><p id=\"caption-attachment-1047\" class=\"wp-caption-text\">Kunniakirja ojennetaan Kyl\u00e4p\u00e4\u00e4llik\u00f6lle<\/p><\/div>\n<p>&nbsp;<\/p>\n<p>Tapahtuma huipentui, kun kyl\u00e4yhdistyksen puheenjohtaja Osmo Mikonsaarelle ojennettiin Saimaan kanavan kyl\u00e4yhdistyksen my\u00f6nt\u00e4m\u00e4 kyl\u00e4p\u00e4\u00e4llik\u00f6n kunniakirja. Kunniakirjan ojensivat halausten ja k\u00e4ttelyiden kera kyl\u00e4yhdistyksen varapuheenjohtaja Heini Turtiainen ja Kanavan osaston puheenjohtaja Hannu Talonpoika.<\/p>\n<p>&nbsp;<\/p>\n<p>P\u00e4iv\u00e4 oli kaikin puolin oikein miellytt\u00e4v\u00e4 ja j\u00e4\u00e4kiekkokaukalomme Kanava-areena on nyt virallisesti avattu! Seuraavaksi ei muuta kuin kokka kohti uusia haasteita!<\/p>\n","protected":false},"excerpt":{"rendered":"<p>Kanava-areenan avajaiset pidettiin Lyytikk\u00e4l\u00e4n urheilukent\u00e4ll\u00e4 sunnuntaina 12.2.2012 klo 13 &#8211; 15. S\u00e4\u00e4 oli suosiollinen &#8211; alkuun paistoi jopa aurinko ja pakkasta oli reilut 10 astetta. Kyl\u00e4l\u00e4isi\u00e4 sek\u00e4 muuta yleis\u00f6\u00e4 oli saapunut paikalle reilut 100 henke\u00e4, joista yli puolet oli nuoria &hellip; <a href=\"https:\/\/kylat.meitadev.fi\/kanava\/hankkeet\/urheilukentan-kehittaminen\/kanava-areenan-avajaiset\/\">Lue loppuun <span class=\"meta-nav\">&rarr;<\/span><\/a><\/p>\n","protected":false},"author":10,"featured_media":0,"parent":538,"menu_order":7,"comment_status":"closed","ping_status":"closed","template":"","meta":{"footnotes":""},"_links":{"self":[{"href":"https:\/\/kylat.meitadev.fi\/kanava\/wp-json\/wp\/v2\/pages\/1037"}],"collection":[{"href":"https:\/\/kylat.meitadev.fi\/kanava\/wp-json\/wp\/v2\/pages"}],"about":[{"href":"https:\/\/kylat.meitadev.fi\/kanava\/wp-json\/wp\/v2\/types\/page"}],"author":[{"embeddable":true,"href":"https:\/\/kylat.meitadev.fi\/kanava\/wp-json\/wp\/v2\/users\/10"}],"replies":[{"embeddable":true,"href":"https:\/\/kylat.meitadev.fi\/kanava\/wp-json\/wp\/v2\/comments?post=1037"}],"version-history":[{"count":40,"href":"https:\/\/kylat.meitadev.fi\/kanava\/wp-json\/wp\/v2\/pages\/1037\/revisions"}],"predecessor-version":[{"id":2185,"href":"https:\/\/kylat.meitadev.fi\/kanava\/wp-json\/wp\/v2\/pages\/1037\/revisions\/2185"}],"up":[{"embeddable":true,"href":"https:\/\/kylat.meitadev.fi\/kanava\/wp-json\/wp\/v2\/pages\/538"}],"wp:attachment":[{"href":"https:\/\/kylat.meitadev.fi\/kanava\/wp-json\/wp\/v2\/media?parent=1037"}],"curies":[{"name":"wp","href":"https:\/\/api.w.org\/{rel}","templated":true}]}}