{"id":1105,"date":"2012-05-12T15:39:03","date_gmt":"2012-05-12T12:39:03","guid":{"rendered":"https:\/\/kylat.meitadev.fi\/kanava\/?page_id=1105"},"modified":"2012-05-12T15:45:31","modified_gmt":"2012-05-12T12:45:31","slug":"lyytikkalan-monitoimihalli","status":"publish","type":"page","link":"https:\/\/kylat.meitadev.fi\/kanava\/hankkeet\/lyytikkalan-monitoimihalli\/","title":{"rendered":"Lyytikk\u00e4l\u00e4n monitoimihalli"},"content":{"rendered":"<p>Saimaan kanavan kyl\u00e4yhdistys ry, Lyytikk\u00e4l\u00e4n urheilukent\u00e4n kehitt\u00e4mishankkeen 2-vaiheen urheilu-\/monitoimihallin rakentamisesta on tullut my\u00f6nteinen p\u00e4\u00e4t\u00f6s Kaakkois-Suomen ELY-keskukselta 24.4.2012. Rakentaminen voidaan heid\u00e4n puolesta aloittaa.<\/p>\n<p>Ensimm\u00e4inen vaihe j\u00e4\u00e4kiekkokaukalon kaivon ja nurmikent\u00e4n osalta valmistui aikataulun mukaisesti marraskuun loppuun menness\u00e4. ELY-keskuksen tarkastajat k\u00e4viv\u00e4t pit\u00e4m\u00e4ss\u00e4 lopputarkastuksen 15.3.2012 paikan p\u00e4\u00e4ll\u00e4 ja hyv\u00e4ksyiv\u00e4t hankkeen 1-vaiheen valmiiksi.<\/p>\n<p><strong>Tietoa Lyytikk\u00e4l\u00e4n monitoimihallin rakentamishankkeesta 11.05.2012<\/strong><\/p>\n<p><em>Kaakkois-Suomen ELY-keskuksen p\u00e4\u00e4t\u00f6s hanketuesta 24.04.2012<\/em><br \/>\n<em>Dnro 2774\/3570-2011<\/em><br \/>\n<em>P\u00e4\u00e4t\u00f6snumero 24947<\/em><br \/>\n<em>Asia: P\u00e4\u00e4t\u00f6s tuesta yleishy\u00f6dylliseen investointihankkeeseen<\/em><br \/>\n<em>Vireille tulo:<\/em><br \/>\n<em>Hakemus saapunut toimintaryhm\u00e4\u00e4n 25.11.2011<\/em><br \/>\n<em>Hakemuksen diaarinumero toimintaryhm\u00e4ss\u00e4 24\/103-2011\/23<\/em><br \/>\n<em>Hakemus saapunut elinkeino-, liikenne- ja ymp\u00e4rist\u00f6keskukseen 30.12.2011<\/em><br \/>\n<em>Hankkeen <\/em><em>nimi: Lyytikk\u00e4l\u00e4n monitoimihalli<\/em><br \/>\n<em>Hankkeen numero: 15720<\/em><br \/>\n<em>Ohjelma: Manner-Suomen maaseudun kehitt\u00e4misohjelma 2007-2013<\/em><br \/>\n<em>Toimintalinja:<\/em><br \/>\n<em>Leader, Maaseutualueiden el\u00e4m\u00e4nlaatu ja maaseudun elinkeinoel\u00e4m\u00e4n monipuolistaminen<\/em><br \/>\n<em>Toimenpide:<\/em><br \/>\n<em>Leader-toimenpiteet linjalla 3, Elinkeinoel\u00e4m\u00e4n ja maaseutuv\u00e4est\u00f6n peruspalvelut<\/em><br \/>\n<em>Toimintaryhm\u00e4: L\u00e4nsi-Saimaan kehitt\u00e4misyhdistys ry.<\/em><br \/>\n<em>Hankkeen kohde: Paikallinen kunta, Lappeenranta<\/em><br \/>\n<em>Hankkeen vastuuhenkil\u00f6, nimi: Mikonsaari Osmo<\/em><\/p>\n<p><strong>ELINKEINO-, LIIKENNE- JA YMP\u00c4RIST\u00d6KESKUKSEN RATKAISU<\/strong><\/p>\n<p>Elinkeino-, liikenne- ja ymp\u00e4rist\u00f6keskus my\u00f6nt\u00e4\u00e4 hanketukea mainituin ehdoin:<br \/>\nHakija on valtioneuvoston (829\/2007) 52 \u00a7:n tarkoittama yhteis\u00f6.<br \/>\nElinkeino-, liikenne- ja ymp\u00e4rist\u00f6keskus on ratkaissut asian hankehakemuksen mukaisesti.<\/p>\n<p>Perustelut:<br \/>\nTuki my\u00f6nnet\u00e4\u00e4n hankesuunnitelman mukaiseen rakennusinvestointiin jossa peruskorjataan vanhaa majaa sek\u00e4 laajennetaan sit\u00e4 monitoimi-\/liikuntahallilla.<br \/>\nL\u00e4nsi-Saimaan kehitt\u00e4misyhdistys ry on puoltanut hanketta.<\/p>\n<p><strong>HANKKEEN HYV\u00c4KSYTTY SIS\u00c4LT\u00d6<\/strong><\/p>\n<p>Toteutusaika:<br \/>\nInvestoinnin toteutusaika on 01.03.2012 \u2013 31.03.2014.<\/p>\n<p>Hankkeen kuvaus:<br \/>\nT\u00e4m\u00e4 hanke on toinen osa hankekokonaisuudesta. Ensimm\u00e4isess\u00e4 vaiheessa rakennettiin uusi j\u00e4\u00e4kiekkokaukalo ja kaivo sek\u00e4 uusittiin urheilukent\u00e4n nurmialue. T\u00e4ss\u00e4 toisessa vaiheessa saneerataan vanha hirsimaja ja laajennetaan sit\u00e4 rakentamalla liikunta-\/monitoimisali. Kahtena eri hankkeena toteutettavan investoinnin tuloksena syntyy kyl\u00e4alueelle liikunnan ja urheilun keskittym\u00e4, jossa on sek\u00e4 kes\u00e4- ett\u00e4 talviurheiluun ja liikuntaan hyv\u00e4t tilat.<\/p>\n","protected":false},"excerpt":{"rendered":"<p>Saimaan kanavan kyl\u00e4yhdistys ry, Lyytikk\u00e4l\u00e4n urheilukent\u00e4n kehitt\u00e4mishankkeen 2-vaiheen urheilu-\/monitoimihallin rakentamisesta on tullut my\u00f6nteinen p\u00e4\u00e4t\u00f6s Kaakkois-Suomen ELY-keskukselta 24.4.2012. Rakentaminen voidaan heid\u00e4n puolesta aloittaa. Ensimm\u00e4inen vaihe j\u00e4\u00e4kiekkokaukalon kaivon ja nurmikent\u00e4n osalta valmistui aikataulun mukaisesti marraskuun loppuun menness\u00e4. ELY-keskuksen tarkastajat k\u00e4viv\u00e4t pit\u00e4m\u00e4ss\u00e4 lopputarkastuksen &hellip; <a href=\"https:\/\/kylat.meitadev.fi\/kanava\/hankkeet\/lyytikkalan-monitoimihalli\/\">Lue loppuun <span class=\"meta-nav\">&rarr;<\/span><\/a><\/p>\n","protected":false},"author":10,"featured_media":0,"parent":529,"menu_order":2,"comment_status":"closed","ping_status":"closed","template":"onecolumn-page.php","meta":{"footnotes":""},"_links":{"self":[{"href":"https:\/\/kylat.meitadev.fi\/kanava\/wp-json\/wp\/v2\/pages\/1105"}],"collection":[{"href":"https:\/\/kylat.meitadev.fi\/kanava\/wp-json\/wp\/v2\/pages"}],"about":[{"href":"https:\/\/kylat.meitadev.fi\/kanava\/wp-json\/wp\/v2\/types\/page"}],"author":[{"embeddable":true,"href":"https:\/\/kylat.meitadev.fi\/kanava\/wp-json\/wp\/v2\/users\/10"}],"replies":[{"embeddable":true,"href":"https:\/\/kylat.meitadev.fi\/kanava\/wp-json\/wp\/v2\/comments?post=1105"}],"version-history":[{"count":7,"href":"https:\/\/kylat.meitadev.fi\/kanava\/wp-json\/wp\/v2\/pages\/1105\/revisions"}],"predecessor-version":[{"id":1114,"href":"https:\/\/kylat.meitadev.fi\/kanava\/wp-json\/wp\/v2\/pages\/1105\/revisions\/1114"}],"up":[{"embeddable":true,"href":"https:\/\/kylat.meitadev.fi\/kanava\/wp-json\/wp\/v2\/pages\/529"}],"wp:attachment":[{"href":"https:\/\/kylat.meitadev.fi\/kanava\/wp-json\/wp\/v2\/media?parent=1105"}],"curies":[{"name":"wp","href":"https:\/\/api.w.org\/{rel}","templated":true}]}}