{"id":1140,"date":"2013-04-05T17:21:35","date_gmt":"2013-04-05T14:21:35","guid":{"rendered":"https:\/\/kylat.meitadev.fi\/kanava\/?page_id=1140"},"modified":"2017-02-03T18:32:56","modified_gmt":"2017-02-03T16:32:56","slug":"lasten-hiihtokilpailut-2012","status":"publish","type":"page","link":"https:\/\/kylat.meitadev.fi\/kanava\/tapahtumat\/lasten-hiihtokilpailut-2012\/","title":{"rendered":"Lasten hiihtokilpailut 2012"},"content":{"rendered":"<p>Lasten hiihtokilpailut j\u00e4rjestettiin sunnuntaina 18.3.2012 klo 12 alkaen Lyytikk\u00e4l\u00e4n urheilukent\u00e4ll\u00e4. S\u00e4\u00e4 oli mit\u00e4 mainioin &#8211; maaliskuinen kev\u00e4taurinko l\u00e4mmitti t\u00e4ydelt\u00e4 ter\u00e4lt\u00e4. Kilpailuun ilmoittautui kaikkiaan 5 innokasta hiiht\u00e4j\u00e4\u00e4.<\/p>\n<p><a href=\"https:\/\/kylat.meitadev.fi\/kanava\/wp-content\/uploads\/sites\/7\/2012\/03\/hiihtokisat12_011.jpg\" target=\"_blank\"><img loading=\"lazy\" decoding=\"async\" class=\"wp-image-1012 alignleft\" src=\"https:\/\/kylat.meitadev.fi\/kanava\/wp-content\/uploads\/sites\/7\/2012\/03\/hiihtokisat12_011.jpg\" width=\"230\" height=\"346\" \/><\/a><\/p>\n<p>Kilpailun tulokset:<\/p>\n<p>Tyt\u00f6t 4 v.<br \/>\n1.\u00a0 Sini Talonpoika 7:03<\/p>\n<p>Pojat 6 v.<br \/>\n1. Mikko Lempi\u00e4inen 5:08<\/p>\n<p>Pojat 8 v.<br \/>\n1. Antti Lempi\u00e4inen 2:10<\/p>\n<p>Pojat 12 v.<br \/>\n1. Miko J\u00e4k\u00e4l\u00e4 7:02<br \/>\n2. Santeri Mikonsaari 10:37<\/p>\n<p>&nbsp;<\/p>\n<p style=\"text-align: center\">Kisakuvia:<\/p>\n<p><a href=\"https:\/\/kylat.meitadev.fi\/kanava\/wp-content\/uploads\/sites\/7\/2012\/03\/hiihtokisat12_07.jpg\" target=\"_blank\"><img loading=\"lazy\" decoding=\"async\" class=\"aligncenter\" src=\"https:\/\/kylat.meitadev.fi\/kanava\/wp-content\/uploads\/sites\/7\/2012\/03\/hiihtokisat12_07.jpg\" alt=\"\" width=\"288\" height=\"192\" \/><\/a><a href=\"https:\/\/kylat.meitadev.fi\/kanava\/wp-content\/uploads\/sites\/7\/2012\/03\/hiihtokisat12_02.jpg\" target=\"_blank\"><img loading=\"lazy\" decoding=\"async\" class=\"aligncenter\" src=\"https:\/\/kylat.meitadev.fi\/kanava\/wp-content\/uploads\/sites\/7\/2012\/03\/hiihtokisat12_02.jpg\" alt=\"\" width=\"288\" height=\"192\" \/><\/a><\/p>\n<p><a href=\"https:\/\/kylat.meitadev.fi\/kanava\/wp-content\/uploads\/sites\/7\/2012\/03\/hiihtokisat12_03.jpg\" target=\"_blank\"><img loading=\"lazy\" decoding=\"async\" class=\"aligncenter\" src=\"https:\/\/kylat.meitadev.fi\/kanava\/wp-content\/uploads\/sites\/7\/2012\/03\/hiihtokisat12_03.jpg\" alt=\"\" width=\"288\" height=\"192\" \/><\/a><a href=\"https:\/\/kylat.meitadev.fi\/kanava\/wp-content\/uploads\/sites\/7\/2012\/03\/hiihtokisat12_04.jpg\" target=\"_blank\"><img loading=\"lazy\" decoding=\"async\" class=\"aligncenter\" src=\"https:\/\/kylat.meitadev.fi\/kanava\/wp-content\/uploads\/sites\/7\/2012\/03\/hiihtokisat12_04.jpg\" alt=\"\" width=\"288\" height=\"192\" \/><\/a><\/p>\n<p><a href=\"https:\/\/kylat.meitadev.fi\/kanava\/wp-content\/uploads\/sites\/7\/2012\/03\/hiihtokisat12_05.jpg\" target=\"_blank\"><img loading=\"lazy\" decoding=\"async\" class=\"aligncenter\" src=\"https:\/\/kylat.meitadev.fi\/kanava\/wp-content\/uploads\/sites\/7\/2012\/03\/hiihtokisat12_05.jpg\" alt=\"\" width=\"256\" height=\"384\" \/><\/a><a href=\"https:\/\/kylat.meitadev.fi\/kanava\/wp-content\/uploads\/sites\/7\/2012\/03\/hiihtokisat12_06.jpg\" target=\"_blank\"><img loading=\"lazy\" decoding=\"async\" class=\"aligncenter\" src=\"https:\/\/kylat.meitadev.fi\/kanava\/wp-content\/uploads\/sites\/7\/2012\/03\/hiihtokisat12_06.jpg\" alt=\"\" width=\"256\" height=\"384\" \/><\/a><\/p>\n<p><a href=\"https:\/\/kylat.meitadev.fi\/kanava\/wp-content\/uploads\/sites\/7\/2012\/03\/hiihtokisat12_08.jpg\" target=\"_blank\"><img loading=\"lazy\" decoding=\"async\" class=\"aligncenter\" src=\"https:\/\/kylat.meitadev.fi\/kanava\/wp-content\/uploads\/sites\/7\/2012\/03\/hiihtokisat12_08.jpg\" alt=\"\" width=\"256\" height=\"384\" \/><\/a><a href=\"https:\/\/kylat.meitadev.fi\/kanava\/wp-content\/uploads\/sites\/7\/2012\/03\/hiihtokisat12_09.jpg\" target=\"_blank\"><img loading=\"lazy\" decoding=\"async\" class=\"aligncenter\" src=\"https:\/\/kylat.meitadev.fi\/kanava\/wp-content\/uploads\/sites\/7\/2012\/03\/hiihtokisat12_09.jpg\" alt=\"\" width=\"256\" height=\"384\" \/><\/a><\/p>\n<p><a href=\"https:\/\/kylat.meitadev.fi\/kanava\/wp-content\/uploads\/sites\/7\/2012\/03\/hiihtokisat12_10.jpg\" target=\"_blank\"><img loading=\"lazy\" decoding=\"async\" class=\"aligncenter\" src=\"https:\/\/kylat.meitadev.fi\/kanava\/wp-content\/uploads\/sites\/7\/2012\/03\/hiihtokisat12_10.jpg\" alt=\"\" width=\"256\" height=\"384\" \/><\/a><a href=\"https:\/\/kylat.meitadev.fi\/kanava\/wp-content\/uploads\/sites\/7\/2012\/03\/hiihtokisat12_11.jpg\" target=\"_blank\"><img loading=\"lazy\" decoding=\"async\" class=\"aligncenter\" src=\"https:\/\/kylat.meitadev.fi\/kanava\/wp-content\/uploads\/sites\/7\/2012\/03\/hiihtokisat12_11.jpg\" alt=\"\" width=\"256\" height=\"384\" \/><\/a><\/p>\n","protected":false},"excerpt":{"rendered":"<p>Lasten hiihtokilpailut j\u00e4rjestettiin sunnuntaina 18.3.2012 klo 12 alkaen Lyytikk\u00e4l\u00e4n urheilukent\u00e4ll\u00e4. S\u00e4\u00e4 oli mit\u00e4 mainioin &#8211; maaliskuinen kev\u00e4taurinko l\u00e4mmitti t\u00e4ydelt\u00e4 ter\u00e4lt\u00e4. Kilpailuun ilmoittautui kaikkiaan 5 innokasta hiiht\u00e4j\u00e4\u00e4. Kilpailun tulokset: Tyt\u00f6t 4 v. 1.\u00a0 Sini Talonpoika 7:03 Pojat 6 v. 1. Mikko &hellip; <a href=\"https:\/\/kylat.meitadev.fi\/kanava\/tapahtumat\/lasten-hiihtokilpailut-2012\/\">Lue loppuun <span class=\"meta-nav\">&rarr;<\/span><\/a><\/p>\n","protected":false},"author":10,"featured_media":0,"parent":592,"menu_order":0,"comment_status":"closed","ping_status":"closed","template":"","meta":{"footnotes":""},"_links":{"self":[{"href":"https:\/\/kylat.meitadev.fi\/kanava\/wp-json\/wp\/v2\/pages\/1140"}],"collection":[{"href":"https:\/\/kylat.meitadev.fi\/kanava\/wp-json\/wp\/v2\/pages"}],"about":[{"href":"https:\/\/kylat.meitadev.fi\/kanava\/wp-json\/wp\/v2\/types\/page"}],"author":[{"embeddable":true,"href":"https:\/\/kylat.meitadev.fi\/kanava\/wp-json\/wp\/v2\/users\/10"}],"replies":[{"embeddable":true,"href":"https:\/\/kylat.meitadev.fi\/kanava\/wp-json\/wp\/v2\/comments?post=1140"}],"version-history":[{"count":18,"href":"https:\/\/kylat.meitadev.fi\/kanava\/wp-json\/wp\/v2\/pages\/1140\/revisions"}],"predecessor-version":[{"id":2160,"href":"https:\/\/kylat.meitadev.fi\/kanava\/wp-json\/wp\/v2\/pages\/1140\/revisions\/2160"}],"up":[{"embeddable":true,"href":"https:\/\/kylat.meitadev.fi\/kanava\/wp-json\/wp\/v2\/pages\/592"}],"wp:attachment":[{"href":"https:\/\/kylat.meitadev.fi\/kanava\/wp-json\/wp\/v2\/media?parent=1140"}],"curies":[{"name":"wp","href":"https:\/\/api.w.org\/{rel}","templated":true}]}}