{"id":1174,"date":"2012-06-08T18:04:23","date_gmt":"2012-06-08T15:04:23","guid":{"rendered":"https:\/\/kylat.meitadev.fi\/kanava\/?page_id=1174"},"modified":"2019-02-26T19:35:58","modified_gmt":"2019-02-26T17:35:58","slug":"hiihto","status":"publish","type":"page","link":"https:\/\/kylat.meitadev.fi\/kanava\/kanavaosasto-ry\/hiihto\/","title":{"rendered":"Hiihto"},"content":{"rendered":"<p>Kanavan liikuntakeskuksesta l\u00e4htee hiihtoreitit Saimaan kanavan reunalle, K\u00e4h\u00e4ril\u00e4\u00e4n, Kasukkalaan ja Karhusj\u00e4rvelle. Hiiht\u00e4\u00e4 voi perinteisell\u00e4 tyylill\u00e4.<\/p>\n<p>Liikuntakeskuksella on suksienvoitelumahdollisuus.<\/p>\n<p><a title=\"Lyytikk\u00e4l\u00e4n latukartta 2012\" href=\"https:\/\/kylat.meitadev.fi\/kanava\/wp-content\/uploads\/sites\/7\/2011\/04\/latu_lyytikk%C3%A4l%C3%A4_2012.pdf\">Lyytikk\u00e4l\u00e4n latukartta<\/a><\/p>\n","protected":false},"excerpt":{"rendered":"<p>Kanavan liikuntakeskuksesta l\u00e4htee hiihtoreitit Saimaan kanavan reunalle, K\u00e4h\u00e4ril\u00e4\u00e4n, Kasukkalaan ja Karhusj\u00e4rvelle. Hiiht\u00e4\u00e4 voi perinteisell\u00e4 tyylill\u00e4. Liikuntakeskuksella on suksienvoitelumahdollisuus. Lyytikk\u00e4l\u00e4n latukartta<\/p>\n","protected":false},"author":10,"featured_media":0,"parent":230,"menu_order":0,"comment_status":"closed","ping_status":"closed","template":"","meta":{"footnotes":""},"_links":{"self":[{"href":"https:\/\/kylat.meitadev.fi\/kanava\/wp-json\/wp\/v2\/pages\/1174"}],"collection":[{"href":"https:\/\/kylat.meitadev.fi\/kanava\/wp-json\/wp\/v2\/pages"}],"about":[{"href":"https:\/\/kylat.meitadev.fi\/kanava\/wp-json\/wp\/v2\/types\/page"}],"author":[{"embeddable":true,"href":"https:\/\/kylat.meitadev.fi\/kanava\/wp-json\/wp\/v2\/users\/10"}],"replies":[{"embeddable":true,"href":"https:\/\/kylat.meitadev.fi\/kanava\/wp-json\/wp\/v2\/comments?post=1174"}],"version-history":[{"count":17,"href":"https:\/\/kylat.meitadev.fi\/kanava\/wp-json\/wp\/v2\/pages\/1174\/revisions"}],"predecessor-version":[{"id":2550,"href":"https:\/\/kylat.meitadev.fi\/kanava\/wp-json\/wp\/v2\/pages\/1174\/revisions\/2550"}],"up":[{"embeddable":true,"href":"https:\/\/kylat.meitadev.fi\/kanava\/wp-json\/wp\/v2\/pages\/230"}],"wp:attachment":[{"href":"https:\/\/kylat.meitadev.fi\/kanava\/wp-json\/wp\/v2\/media?parent=1174"}],"curies":[{"name":"wp","href":"https:\/\/api.w.org\/{rel}","templated":true}]}}