{"id":1200,"date":"2012-08-11T17:40:47","date_gmt":"2012-08-11T14:40:47","guid":{"rendered":"https:\/\/kylat.meitadev.fi\/kanava\/?page_id=1200"},"modified":"2017-02-04T13:33:13","modified_gmt":"2017-02-04T11:33:13","slug":"hallin-pohjatyot","status":"publish","type":"page","link":"https:\/\/kylat.meitadev.fi\/kanava\/hankkeet\/lyytikkalan-monitoimihalli\/hallin-pohjatyot\/","title":{"rendered":"Hallin pohjaty\u00f6t"},"content":{"rendered":"<p><strong>Lyytikk\u00e4l\u00e4n urheilukent\u00e4n kehitt\u00e4minen 2-vaihe \u201dLiikunta\/monitoimihallin rakentaminen\u201d on k\u00e4ynnistynyt<\/strong><\/p>\n<p>Tiistaina 10.7.2012 pidettiin aloituskokous rakentamispaikalla. Kaupungin rakennusvalvonnasta oli kokousta pit\u00e4m\u00e4ss\u00e4 rakennusmestari Sakari Moisio sek\u00e4 kyl\u00e4yhdistyksest\u00e4 vastaava mestari Mika Aalto ja Osmo Mikonsaari, Hannu Talonpoika ja p\u00e4\u00e4suunnittelija Kari Kym\u00e4l\u00e4inen. Kokouksessa t\u00e4ytettiin aloituskokousp\u00f6yt\u00e4kirja sek\u00e4 k\u00e4ytiin l\u00e4pi rakentamiseen liittyv\u00e4t asiakirjat, rakentamislupaan liittyv\u00e4t m\u00e4\u00e4r\u00e4ykset ja turvallisuuteen liittyv\u00e4t asiat. Aloituskokouksen p\u00f6yt\u00e4kirja allekirjoitettiin ja niin rakentaminen voitiin aloittaa virallisesti.<\/p>\n<p>Jo ennen aloituskokousta oli tehty paljon selvitysty\u00f6t\u00e4 liittyen monitoimihallin rakentamiseen. Tieto Kaakkois-Suomen ELY-keskukselta monitoimihallin investointihankkeen hyv\u00e4ksymisest\u00e4 haetunlaisena saapui 24.4.2012. Rahoituksen varmistuttua voitiin aloittaa teknisten rakennekuvien ja suunnitelmien teko sek\u00e4 rakennustarvikkeiden tarjousten kilpailutus eri toimittajilta. T\u00e4m\u00e4 vei oman aikansa, nyt ovat kuitenkin tarvikkeiden toimittajat valittu tarjousten perusteella. Perustusten materiaalit toimittaa Starkki Oy ja runkopaketin, eristeet, vesikatteen sek\u00e4 ulkovuorauksen Kastelli-talot Oy. Sis\u00e4puoliset tarvikkeet valitaan, kun asia tulee ajankohtaiseksi, ulkopuolista ammattihenkil\u00f6st\u00f6\u00e4 k\u00e4ytet\u00e4\u00e4n tarpeen mukaan, esim. s\u00e4hk\u00f6ty\u00f6t. Muuten ty\u00f6t tehd\u00e4\u00e4n kyl\u00e4yhdistyksemme talkooty\u00f6n\u00e4.<\/p>\n<p><a href=\"https:\/\/kylat.meitadev.fi\/kanava\/wp-content\/uploads\/sites\/7\/2012\/08\/anturan-valu-1.jpg\" target=\"_blank\"><img loading=\"lazy\" decoding=\"async\" class=\"alignleft wp-image-1202\" src=\"https:\/\/kylat.meitadev.fi\/kanava\/wp-content\/uploads\/sites\/7\/2012\/08\/anturan-valu-1.jpg\" width=\"288\" height=\"216\" \/><\/a><a href=\"https:\/\/kylat.meitadev.fi\/kanava\/wp-content\/uploads\/sites\/7\/2012\/08\/anturan-valu-2.jpg\" target=\"_blank\"><img loading=\"lazy\" decoding=\"async\" class=\"wp-image-1203 alignleft\" src=\"https:\/\/kylat.meitadev.fi\/kanava\/wp-content\/uploads\/sites\/7\/2012\/08\/anturan-valu-2.jpg\" width=\"288\" height=\"216\" \/><\/a><\/p>\n<p>Tiistaina 17.7.2012 aloitettiin perustusten kaivu, ne olivat ensimm\u00e4iset varsinaiset talkoot monitoimihallin rakentamiseksi. Sit\u00e4 ennen oli ajettu talkoilla Lemmink\u00e4isen murskevarastolta 60 mottia mursketta rakennuspaikalle. Torstaina 19.7. kaivettiin ja laitettiin vesijohto kaivolta hallille. Perustukset valettiin maanantaina 23.7.<\/p>\n<p>Sit\u00e4 ennen oli haettu traktoreilla tarvikkeita paikalle.<\/p>\n<p><a href=\"https:\/\/kylat.meitadev.fi\/kanava\/wp-content\/uploads\/sites\/7\/2012\/08\/j%C3%A4tevesikaivo.jpg\" target=\"_blank\"><img loading=\"lazy\" decoding=\"async\" class=\"wp-image-1204 alignright\" src=\"https:\/\/kylat.meitadev.fi\/kanava\/wp-content\/uploads\/sites\/7\/2012\/08\/j%C3%A4tevesikaivo.jpg\" width=\"336\" height=\"252\" \/><\/a><\/p>\n<p>Keskiviikkona 25.7. rakennettiin imeytyskentt\u00e4 j\u00e4tevesille ja asennettiin umpivesis\u00e4ili\u00f6 vessavesille. Tarkastajat hyv\u00e4ksyiv\u00e4t ty\u00f6n ja n\u00e4in ollen voitiin peitt\u00e4\u00e4 s\u00e4ili\u00f6t ja kent\u00e4t.<\/p>\n<p><a href=\"https:\/\/kylat.meitadev.fi\/kanava\/wp-content\/uploads\/sites\/7\/2012\/08\/sokkelin-muuraus-11.jpg\" target=\"_blank\"><img loading=\"lazy\" decoding=\"async\" class=\"wp-image-1206 alignright\" src=\"https:\/\/kylat.meitadev.fi\/kanava\/wp-content\/uploads\/sites\/7\/2012\/08\/sokkelin-muuraus-11.jpg\" width=\"336\" height=\"252\" \/><\/a><\/p>\n<p>&nbsp;<\/p>\n<p>Torstaina 26.7. muurattiin sokkeliharkot paikoilleen.<\/p>\n<p>Sen j\u00e4lkeen kahtena iltana eristettiin ja t\u00e4ytettiin perustukset laatan valukuntoon.<\/p>\n<p><a href=\"https:\/\/kylat.meitadev.fi\/kanava\/wp-content\/uploads\/sites\/7\/2012\/08\/pohjan-t%C3%A4ytt%C3%B6-11.jpg\" target=\"_blank\"><img loading=\"lazy\" decoding=\"async\" class=\"alignleft wp-image-1210\" src=\"https:\/\/kylat.meitadev.fi\/kanava\/wp-content\/uploads\/sites\/7\/2012\/08\/pohjan-t%C3%A4ytt%C3%B6-11.jpg\" width=\"288\" height=\"216\" \/><\/a><a href=\"https:\/\/kylat.meitadev.fi\/kanava\/wp-content\/uploads\/sites\/7\/2012\/08\/pohjan-t%C3%A4ytt%C3%B6-2.jpg\" target=\"_blank\"><img loading=\"lazy\" decoding=\"async\" class=\"wp-image-1211 alignleft\" src=\"https:\/\/kylat.meitadev.fi\/kanava\/wp-content\/uploads\/sites\/7\/2012\/08\/pohjan-t%C3%A4ytt%C3%B6-2.jpg\" width=\"288\" height=\"216\" \/><\/a><\/p>\n<p>Perjantaina 3.8. haettiin kaksi kuormaa styroksia ja verkot lattialaatan valua varten.<\/p>\n<p>Torstaina 9.8. oli monitoimihallin laatan valutalkoot. Edellisp\u00e4iv\u00e4n\u00e4 olivat putkimiehet k\u00e4yneet laittamassa meno- ja tuloputket paikoilleen, joten kaikilta osin paikat olivat valukunnossa. Traktorik\u00e4ytt\u00f6isell\u00e4 betonimyllyll\u00e4 valumassa syntyi hyvin ja laadukkaasti.<\/p>\n<p>&nbsp;<\/p>\n<p>Alkuvaikeuksien j\u00e4lkeen kaikki sujui hyvin, talkoolaisiakin oli parikymment\u00e4 miest\u00e4 hommissa. Lasermittalaitteet takasivat oikean ja tasaisen koron, talkoolaisten ammattitaito ja -ylpeys taasen takasivat hyv\u00e4n ty\u00f6n laadun. Yksimielinen mielipide tehdyst\u00e4 ty\u00f6st\u00e4: se on siin\u00e4 ja hyv\u00e4.<\/p>\n<p><a href=\"https:\/\/kylat.meitadev.fi\/kanava\/wp-content\/uploads\/sites\/7\/2012\/08\/pohjan-valu-1.jpg\" target=\"_blank\"><img loading=\"lazy\" decoding=\"async\" class=\"alignleft wp-image-1227\" src=\"https:\/\/kylat.meitadev.fi\/kanava\/wp-content\/uploads\/sites\/7\/2012\/08\/pohjan-valu-1.jpg\" width=\"288\" height=\"216\" \/><\/a><a href=\"https:\/\/kylat.meitadev.fi\/kanava\/wp-content\/uploads\/sites\/7\/2012\/08\/pohjan-valu-2.jpg\" target=\"_blank\"><img loading=\"lazy\" decoding=\"async\" class=\"wp-image-1228 alignleft\" src=\"https:\/\/kylat.meitadev.fi\/kanava\/wp-content\/uploads\/sites\/7\/2012\/08\/pohjan-valu-2.jpg\" width=\"288\" height=\"216\" \/><\/a><\/p>\n<p><a href=\"https:\/\/kylat.meitadev.fi\/kanava\/wp-content\/uploads\/sites\/7\/2012\/08\/pohjan-valu-3.jpg\" target=\"_blank\"><img loading=\"lazy\" decoding=\"async\" class=\"wp-image-1229 alignleft\" src=\"https:\/\/kylat.meitadev.fi\/kanava\/wp-content\/uploads\/sites\/7\/2012\/08\/pohjan-valu-3.jpg\" width=\"336\" height=\"252\" \/><\/a>Talkooinnostus on ollut hyv\u00e4: talkoita on ollut aloituskokouksen j\u00e4lkeen 11 kertaa. Paikalla on ollut yli kymmenen talkoolaista kerralla, jos on yleinen kutsu ollut. Sitten on ollut pienempi\u00e4 talkoita, joihin on tarvittu vain muutamia talkoolaisia. Aina on paikalla ollut niin paljon talkoolaisia, ett\u00e4 kyseiset talkooty\u00f6t on saatu hyvin tehty\u00e4 suunnitelmien mukaan. Jos talkooinnostus s\u00e4ilyy t\u00e4llaisena, ja niin kyll\u00e4 uskon, saamme kyll\u00e4 MONITOIMIHALLIN pystyyn ja kaikkien k\u00e4ytt\u00f6\u00f6n hy\u00f6dyksi ja iloksi!<\/p>\n<p>Talkooterveisin, Osmo<\/p>\n","protected":false},"excerpt":{"rendered":"<p>Lyytikk\u00e4l\u00e4n urheilukent\u00e4n kehitt\u00e4minen 2-vaihe \u201dLiikunta\/monitoimihallin rakentaminen\u201d on k\u00e4ynnistynyt Tiistaina 10.7.2012 pidettiin aloituskokous rakentamispaikalla. Kaupungin rakennusvalvonnasta oli kokousta pit\u00e4m\u00e4ss\u00e4 rakennusmestari Sakari Moisio sek\u00e4 kyl\u00e4yhdistyksest\u00e4 vastaava mestari Mika Aalto ja Osmo Mikonsaari, Hannu Talonpoika ja p\u00e4\u00e4suunnittelija Kari Kym\u00e4l\u00e4inen. Kokouksessa t\u00e4ytettiin aloituskokousp\u00f6yt\u00e4kirja sek\u00e4 &hellip; <a href=\"https:\/\/kylat.meitadev.fi\/kanava\/hankkeet\/lyytikkalan-monitoimihalli\/hallin-pohjatyot\/\">Lue loppuun <span class=\"meta-nav\">&rarr;<\/span><\/a><\/p>\n","protected":false},"author":10,"featured_media":0,"parent":1105,"menu_order":0,"comment_status":"closed","ping_status":"closed","template":"","meta":{"footnotes":""},"_links":{"self":[{"href":"https:\/\/kylat.meitadev.fi\/kanava\/wp-json\/wp\/v2\/pages\/1200"}],"collection":[{"href":"https:\/\/kylat.meitadev.fi\/kanava\/wp-json\/wp\/v2\/pages"}],"about":[{"href":"https:\/\/kylat.meitadev.fi\/kanava\/wp-json\/wp\/v2\/types\/page"}],"author":[{"embeddable":true,"href":"https:\/\/kylat.meitadev.fi\/kanava\/wp-json\/wp\/v2\/users\/10"}],"replies":[{"embeddable":true,"href":"https:\/\/kylat.meitadev.fi\/kanava\/wp-json\/wp\/v2\/comments?post=1200"}],"version-history":[{"count":11,"href":"https:\/\/kylat.meitadev.fi\/kanava\/wp-json\/wp\/v2\/pages\/1200\/revisions"}],"predecessor-version":[{"id":2187,"href":"https:\/\/kylat.meitadev.fi\/kanava\/wp-json\/wp\/v2\/pages\/1200\/revisions\/2187"}],"up":[{"embeddable":true,"href":"https:\/\/kylat.meitadev.fi\/kanava\/wp-json\/wp\/v2\/pages\/1105"}],"wp:attachment":[{"href":"https:\/\/kylat.meitadev.fi\/kanava\/wp-json\/wp\/v2\/media?parent=1200"}],"curies":[{"name":"wp","href":"https:\/\/api.w.org\/{rel}","templated":true}]}}