{"id":1233,"date":"2012-08-20T01:21:08","date_gmt":"2012-08-19T22:21:08","guid":{"rendered":"https:\/\/kylat.meitadev.fi\/kanava\/?page_id=1233"},"modified":"2017-02-04T13:53:45","modified_gmt":"2017-02-04T11:53:45","slug":"hallin-rungon-pystytys","status":"publish","type":"page","link":"https:\/\/kylat.meitadev.fi\/kanava\/hankkeet\/lyytikkalan-monitoimihalli\/hallin-rungon-pystytys\/","title":{"rendered":"Hallin rungon pystytys"},"content":{"rendered":"<h2>1-vaihe: rungon pystytys<\/h2>\n<p><a href=\"https:\/\/kylat.meitadev.fi\/kanava\/wp-content\/uploads\/sites\/7\/2012\/08\/rungon-pystytys-2.jpg\" target=\"_blank\"><img loading=\"lazy\" decoding=\"async\" class=\"alignleft wp-image-1240\" src=\"https:\/\/kylat.meitadev.fi\/kanava\/wp-content\/uploads\/sites\/7\/2012\/08\/rungon-pystytys-2.jpg\" width=\"288\" height=\"216\" \/><\/a><a href=\"https:\/\/kylat.meitadev.fi\/kanava\/wp-content\/uploads\/sites\/7\/2012\/08\/rungon-pystytys-3.jpg\" target=\"_blank\"><img loading=\"lazy\" decoding=\"async\" class=\"wp-image-1241 alignleft\" src=\"https:\/\/kylat.meitadev.fi\/kanava\/wp-content\/uploads\/sites\/7\/2012\/08\/rungon-pystytys-3.jpg\" width=\"288\" height=\"216\" \/><\/a><\/p>\n<p><a href=\"https:\/\/kylat.meitadev.fi\/kanava\/wp-content\/uploads\/sites\/7\/2012\/08\/rungon-pystytys-4.jpg\" target=\"_blank\"><img loading=\"lazy\" decoding=\"async\" class=\"wp-image-1242 alignright\" src=\"https:\/\/kylat.meitadev.fi\/kanava\/wp-content\/uploads\/sites\/7\/2012\/08\/rungon-pystytys-4.jpg\" width=\"252\" height=\"336\" \/><\/a><a href=\"https:\/\/kylat.meitadev.fi\/kanava\/wp-content\/uploads\/sites\/7\/2012\/08\/rungon-pystytys-5.jpg\" target=\"_blank\"><img loading=\"lazy\" decoding=\"async\" class=\"wp-image-1243 alignright\" src=\"https:\/\/kylat.meitadev.fi\/kanava\/wp-content\/uploads\/sites\/7\/2012\/08\/rungon-pystytys-5.jpg\" width=\"336\" height=\"252\" \/><\/a><\/p>\n<p>Maanantai-iltana 13.8.2012 kokoonnuttiin kuuden talkoolaisen voimin rakennusty\u00f6maalle katsastamaan tilannetta. Valut olivat kuivuneet ja niin aloitettiin alajuoksujen laitto ja valmisteluty\u00f6t rakennuksen rungon pystytt\u00e4miseksi. Runkopaketti oli saapunut keskiviikkona 8.8. &#8211; olihan siin\u00e4 paketti poikineen ja palapeli kasattavaksi. P\u00e4\u00e4tettiin, ett\u00e4 torstaina 16.8. aloitetaan rungon pystytys.<\/p>\n<p>Paikalle saapui 14 talkoolaista rakennushommiin. Niinp\u00e4 t\u00f6iden loputtua rungon pystytys oli siin\u00e4 vaiheessa, ett\u00e4 voitiin katsoa seuraavan vaiheen olevan kattoristikoiden asennus. Hyv\u00e4 suoritus kaiken kaikkiaan!<\/p>\n<p>Onhan t\u00e4ss\u00e4 rakentamisessa paljon muutakin puuhaa ja asioiden hoitamista kuin vain n\u00e4m\u00e4 viralliset talkoop\u00e4iv\u00e4t. My\u00f6h\u00e4isest\u00e4 alkuun p\u00e4\u00e4semisest\u00e4 huolimatta (mik\u00e4 ei johtunut kyl\u00e4yhdistyksen halusta aloittaa, vaan byrokratian rattaista) homma on edistynyt hyvin ja n\u00e4ytt\u00e4\u00e4 silt\u00e4, ett\u00e4 saamme vesikaton p\u00e4\u00e4lle ja muutenkin rakennuksen sateelta suojaan ennen talven tuloa.<\/p>\n<h2>2-vaihe: kattorakenteet ja runkokatselmus<\/h2>\n<p>Kun 16.8. oli saatu hallin runko kolmelta sivulta pystyyn, seuraavana ty\u00f6vaiheena oli kattoristikoiden asennus paikoilleen.<\/p>\n<p><a href=\"https:\/\/kylat.meitadev.fi\/kanava\/wp-content\/uploads\/sites\/7\/2012\/08\/telineiden-pystytys.jpg\" target=\"_blank\"><img loading=\"lazy\" decoding=\"async\" class=\"alignleft wp-image-1266\" src=\"https:\/\/kylat.meitadev.fi\/kanava\/wp-content\/uploads\/sites\/7\/2012\/08\/telineiden-pystytys.jpg\" width=\"317\" height=\"238\" \/><\/a>Ensiksi piti saada rakennustelineet rungon ymp\u00e4rille, jotta voitiin asentaa kattoristikot paikoilleen. Cramolta saatiin putkitelineet, jotka pystytettiin talkoovoimin. T\u00e4m\u00e4 ei ollut pieni homma, onhan rakennus 5 metri\u00e4 korkea r\u00e4yst\u00e4\u00e4lt\u00e4.<\/p>\n<p><a href=\"https:\/\/kylat.meitadev.fi\/kanava\/wp-content\/uploads\/sites\/7\/2012\/08\/kattoristikot.jpg\" target=\"_blank\"><img loading=\"lazy\" decoding=\"async\" class=\"alignleft wp-image-1265\" src=\"https:\/\/kylat.meitadev.fi\/kanava\/wp-content\/uploads\/sites\/7\/2012\/08\/kattoristikot.jpg\" width=\"317\" height=\"238\" \/><\/a>Sitten vain ristikoita asettelemaan traktorinostimella ja miesvoimalla ristikot nousivat paikoilleen ja asettautuivat jokainen oikeaan paikkaan. Meill\u00e4h\u00e4n on hyvi\u00e4 ja osaavia talkoolaisia ollut riitt\u00e4v\u00e4sti &#8211; niin mies- kuin kone- ja laitepuolellakaan ei ole tarvinnut turvautua ulkopuolisiin toimijoihin.<\/p>\n<p>Ristikoiden asennuksen j\u00e4lkeen rakennettiin etel\u00e4inen p\u00e4\u00e4tysein\u00e4n runko sek\u00e4 kattorakenteen tuennat ja se j\u00e4lkeen r\u00e4yst\u00e4\u00e4t, aluskatteet sek\u00e4 ruodelaudoitus. Nyt homma oli siin\u00e4 vaiheessa, ett\u00e4 perjantaina 14.9. pidettiin runkokatselmus, jossa kaupungin rakennusvalvonnan tarkastaja rakennusmestari Sakari Moisio hyv\u00e4ksyi runkoty\u00f6n ja sanoi &#8221;Jatkakaa vain, hyvin tehty&#8221;.<\/p>\n<p style=\"text-align: left\"><a href=\"https:\/\/kylat.meitadev.fi\/kanava\/wp-content\/uploads\/sites\/7\/2012\/08\/tarkastus.jpg\" target=\"_blank\"><img loading=\"lazy\" decoding=\"async\" class=\"aligncenter wp-image-1263\" src=\"https:\/\/kylat.meitadev.fi\/kanava\/wp-content\/uploads\/sites\/7\/2012\/08\/tarkastus.jpg\" width=\"384\" height=\"288\" \/><\/a> Ja miksip\u00e4 ei olisi hyvin tehty, t\u00e4m\u00e4h\u00e4n ei ole bisnes- ja voittoon pyrkiv\u00e4 hanke, kuten monet hallihankkeet ovat, vaan t\u00e4m\u00e4 on kyliemme yhteisesti talkoilla rakennettu, yhteiseen k\u00e4ytt\u00f6\u00f6n tarkoitettu liikunta\/monitoimihalli. N\u00e4ihin runkotalkoisiin (yhteens\u00e4 8 eri talkoot) on osallistunut joka kerta 8 &#8211; 12 henkil\u00f6\u00e4. Kiitos meille kaikille, t\u00e4st\u00e4 se homma etenee yhteispelill\u00e4 eteen p\u00e4in.<\/p>\n<h2 style=\"text-align: left\">3-vaihe: ulkoseinien laudoitus ja kattopellit<\/h2>\n<p>Tiistaina 18.9.2012 alkoi rakentamisessa niin sanottu kolmas jakso eli rungon suojaaminen.<\/p>\n<p><a href=\"https:\/\/kylat.meitadev.fi\/kanava\/wp-content\/uploads\/sites\/7\/2012\/08\/katonaluslaudoitus.jpg\" target=\"_blank\"><img loading=\"lazy\" decoding=\"async\" class=\"wp-image-1282 alignright\" src=\"https:\/\/kylat.meitadev.fi\/kanava\/wp-content\/uploads\/sites\/7\/2012\/08\/katonaluslaudoitus.jpg\" width=\"288\" height=\"216\" \/><\/a><\/p>\n<p><a href=\"https:\/\/kylat.meitadev.fi\/kanava\/wp-content\/uploads\/sites\/7\/2012\/08\/ulkoseinien_laudoitus.jpg\" target=\"_blank\"><img loading=\"lazy\" decoding=\"async\" class=\"wp-image-1283 alignright\" src=\"https:\/\/kylat.meitadev.fi\/kanava\/wp-content\/uploads\/sites\/7\/2012\/08\/ulkoseinien_laudoitus.jpg\" width=\"288\" height=\"216\" \/><\/a><\/p>\n<p><a href=\"https:\/\/kylat.meitadev.fi\/kanava\/wp-content\/uploads\/sites\/7\/2012\/08\/kattopeltien_asennus.jpg\" target=\"_blank\"><img loading=\"lazy\" decoding=\"async\" class=\"alignright wp-image-1284\" src=\"https:\/\/kylat.meitadev.fi\/kanava\/wp-content\/uploads\/sites\/7\/2012\/08\/kattopeltien_asennus.jpg\" width=\"288\" height=\"216\" \/><\/a><\/p>\n<p>Tuulensuojalevyjen laitto seiniin ja katon aluslaudoituksen teko aloitettiin siis 18.9. Talkoolaisia oli kokoontunut paikalle 15 henkil\u00f6\u00e4 ja kaksi traktoria, tulostakin syntyi. T\u00e4m\u00e4n j\u00e4lkeen samanlaisia talkoita pidettiin viel\u00e4 kolmet: 22.9., 29.9. ja 6.10. Sitten olivatkin r\u00e4yst\u00e4\u00e4t ja katonalusrakenteet silt\u00e4 osin valmiit, jotta kattopellit voitiin mitata ja tilata. T\u00e4st\u00e4 kiitos talkoolaisille, joita oli k\u00e4ynyt n\u00e4iss\u00e4 kolmissa talkoissa yhteens\u00e4 27.<\/p>\n<p>Ulkoseinien laudoittaminen aloiteltiin 10.10., jolloin tehtiin pari alimmaista kierrosta ja suunniteltiin s\u00e4hk\u00f6t\u00f6iden urakkatarjousten aikatauluja sek\u00e4 toteuttamista. Torstaina 11.10. aloitettiin oikein toden teolla ulkoseinien laudoittaminen kahdella naulaimella ja kahdessa ryhm\u00e4ss\u00e4 \u2013 johan rupesi j\u00e4lke\u00e4 syntym\u00e4\u00e4n. T\u00e4m\u00e4h\u00e4n on yksi niit\u00e4 ty\u00f6vaiheita, jossa kaikkein parhaiten n\u00e4kyy tehty ty\u00f6 ja k\u00e4denj\u00e4lki.<\/p>\n<p>No, hyv\u00e4st\u00e4 ty\u00f6tahdista ja talkooinnostuksesta huolimatta aikaa meni, koska sein\u00e4pintaa oli pitk\u00e4lti ja korkealle. Kun viel\u00e4 oli seini\u00e4 naputeltu kuuden talkoop\u00e4iv\u00e4n verran niin 24.10. olivat sein\u00e4t uudisrakennuksen osalta nurkka- ja ikkunalautoja vaille valmiit. Vanha hirsimaja oli sateisesta syksyst\u00e4 johtuen ulkopuolelta niin m\u00e4rk\u00e4, ett\u00e4 p\u00e4\u00e4tettiin sen ulkovuorin teko siirt\u00e4\u00e4 ensi kev\u00e4\u00e4seen. Siin\u00e4 v\u00e4liss\u00e4 perjantaina 19.10. asennettiin uudisrakennuksen ikkunat paikoilleen.<\/p>\n<p><a href=\"https:\/\/kylat.meitadev.fi\/kanava\/wp-content\/uploads\/sites\/7\/2012\/08\/katontekoa.jpg\" target=\"_blank\"><img loading=\"lazy\" decoding=\"async\" class=\"wp-image-1289 alignleft\" src=\"https:\/\/kylat.meitadev.fi\/kanava\/wp-content\/uploads\/sites\/7\/2012\/08\/katontekoa.jpg\" width=\"288\" height=\"216\" \/><\/a><\/p>\n<p><a href=\"https:\/\/kylat.meitadev.fi\/kanava\/wp-content\/uploads\/sites\/7\/2012\/08\/hallin_valmis_ulkopuoli.jpg\" target=\"_blank\"><img loading=\"lazy\" decoding=\"async\" class=\"wp-image-1286 alignright\" src=\"https:\/\/kylat.meitadev.fi\/kanava\/wp-content\/uploads\/sites\/7\/2012\/08\/hallin_valmis_ulkopuoli.jpg\" width=\"384\" height=\"288\" \/><\/a><\/p>\n<p>Kattopellit sek\u00e4 ekovillat seini\u00e4 varten olivat saapuneet ty\u00f6maalle. Lauantaina 20.10. aloitettiin isomman puolen katonteko. Talkoolaisia oli paikalla yhteens\u00e4 13. Liikuntasalin katto saatiin valmiiksi oikein hyvin ja seuraavana lauantaina 27.10. palattiin hirsimajan ja liikuntasalin hirsimajaan yhdist\u00e4v\u00e4n huolto- ja eteisaularakennuksen katon tekoon.<\/p>\n<p>Olikin huomattavasti haastavampaa rakentaa monenlaiset lappeet ja rontit, mutta meid\u00e4n porukoissa on, kuten jo aikaisemmin on todettu, asiansa osaavia ammattimiehi\u00e4. Illansuussa kaikki oli kuitenkin valmista: talkoolaisia oli nytkin 12 ja muissakin talkoissa on ollut kiitett\u00e4v\u00e4sti osallistujia eli keskim\u00e4\u00e4rin 8.<\/p>\n<p>Nyt kun talkoolaisten osalta ulkopuoli on valmista t\u00e4ll\u00e4 er\u00e4\u00e4 ja siirryt\u00e4\u00e4n siisteihin sis\u00e4t\u00f6ihin, on todettava, ett\u00e4 vaikka vesisateita on ollut enemm\u00e4n kuin laki sallii, silti ollaan saatu talkoissa paljon aikaiseksi ja melkein aina (yht\u00e4 kertaa lukuun ottamatta) kuivin varustein. Homma n\u00e4ytt\u00e4\u00e4 oikein hyv\u00e4lt\u00e4 \u2013 paljon saadaan aikaiseksi kahvin ja pullan sek\u00e4 makkaran voimalla, kun yhteishenki on hyv\u00e4\u00e4 ja innostus kovaa. Suuret kiitokset kuuluvat meille kaikille, sill\u00e4 n\u00e4ytt\u00e4\u00e4 vahvasti silt\u00e4, ett\u00e4 hankkeemme 2-vaihe Liikunta\/monitoimisalin rakennushanke onnistuu.<\/p>\n<p>T. Osmo<\/p>\n","protected":false},"excerpt":{"rendered":"<p>1-vaihe: rungon pystytys Maanantai-iltana 13.8.2012 kokoonnuttiin kuuden talkoolaisen voimin rakennusty\u00f6maalle katsastamaan tilannetta. Valut olivat kuivuneet ja niin aloitettiin alajuoksujen laitto ja valmisteluty\u00f6t rakennuksen rungon pystytt\u00e4miseksi. Runkopaketti oli saapunut keskiviikkona 8.8. &#8211; olihan siin\u00e4 paketti poikineen ja palapeli kasattavaksi. P\u00e4\u00e4tettiin, ett\u00e4 &hellip; <a href=\"https:\/\/kylat.meitadev.fi\/kanava\/hankkeet\/lyytikkalan-monitoimihalli\/hallin-rungon-pystytys\/\">Lue loppuun <span class=\"meta-nav\">&rarr;<\/span><\/a><\/p>\n","protected":false},"author":10,"featured_media":0,"parent":1105,"menu_order":0,"comment_status":"closed","ping_status":"closed","template":"","meta":{"footnotes":""},"_links":{"self":[{"href":"https:\/\/kylat.meitadev.fi\/kanava\/wp-json\/wp\/v2\/pages\/1233"}],"collection":[{"href":"https:\/\/kylat.meitadev.fi\/kanava\/wp-json\/wp\/v2\/pages"}],"about":[{"href":"https:\/\/kylat.meitadev.fi\/kanava\/wp-json\/wp\/v2\/types\/page"}],"author":[{"embeddable":true,"href":"https:\/\/kylat.meitadev.fi\/kanava\/wp-json\/wp\/v2\/users\/10"}],"replies":[{"embeddable":true,"href":"https:\/\/kylat.meitadev.fi\/kanava\/wp-json\/wp\/v2\/comments?post=1233"}],"version-history":[{"count":19,"href":"https:\/\/kylat.meitadev.fi\/kanava\/wp-json\/wp\/v2\/pages\/1233\/revisions"}],"predecessor-version":[{"id":2190,"href":"https:\/\/kylat.meitadev.fi\/kanava\/wp-json\/wp\/v2\/pages\/1233\/revisions\/2190"}],"up":[{"embeddable":true,"href":"https:\/\/kylat.meitadev.fi\/kanava\/wp-json\/wp\/v2\/pages\/1105"}],"wp:attachment":[{"href":"https:\/\/kylat.meitadev.fi\/kanava\/wp-json\/wp\/v2\/media?parent=1233"}],"curies":[{"name":"wp","href":"https:\/\/api.w.org\/{rel}","templated":true}]}}