{"id":1291,"date":"2012-12-03T00:42:48","date_gmt":"2012-12-02T22:42:48","guid":{"rendered":"https:\/\/kylat.meitadev.fi\/kanava\/?page_id=1291"},"modified":"2017-02-04T14:19:35","modified_gmt":"2017-02-04T12:19:35","slug":"hallin-sisatyot","status":"publish","type":"page","link":"https:\/\/kylat.meitadev.fi\/kanava\/hankkeet\/lyytikkalan-monitoimihalli\/hallin-sisatyot\/","title":{"rendered":"Hallin sis\u00e4ty\u00f6t"},"content":{"rendered":"<h2>Marraskuu 2012<\/h2>\n<h3>Sis\u00e4ty\u00f6t alkavat<\/h3>\n<p>Liikunta\/monitoimihallin rakentamisessa siirryttiin sis\u00e4puolen t\u00f6ihin marraskuun alussa, ja talkoissa on k\u00e4yty iltaisin pari kertaa viikossa. Marraskuussa talkooiltoja on kertynyt yhteens\u00e4 9.<\/p>\n<p><a href=\"https:\/\/kylat.meitadev.fi\/kanava\/wp-content\/uploads\/sites\/7\/2012\/12\/sis\u00e4ty\u00f6t1.jpg\" target=\"_blank\"><img loading=\"lazy\" decoding=\"async\" class=\"alignleft wp-image-1297\" src=\"https:\/\/kylat.meitadev.fi\/kanava\/wp-content\/uploads\/sites\/7\/2012\/12\/sis\u00e4ty\u00f6t1.jpg\" width=\"288\" height=\"216\" \/><\/a><a href=\"https:\/\/kylat.meitadev.fi\/kanava\/wp-content\/uploads\/sites\/7\/2012\/12\/sis\u00e4ty\u00f6t2.jpg\" target=\"_blank\"><img loading=\"lazy\" decoding=\"async\" class=\"wp-image-1298 alignleft\" src=\"https:\/\/kylat.meitadev.fi\/kanava\/wp-content\/uploads\/sites\/7\/2012\/12\/sis\u00e4ty\u00f6t2.jpg\" width=\"288\" height=\"216\" \/><\/a><\/p>\n<p>Sein\u00e4villoitusta on tehty ja eristyspapereita laitettu seiniin. Kattoon on saatu valmiiksi katon j\u00e4ykistyslaudoitus sek\u00e4 sis\u00e4katon ruodelaudoitus. Seinien vaakajuoksujen laitto on my\u00f6s aloitettu. T\u00e4ss\u00e4 lasermittalaite on hyv\u00e4 ty\u00f6v\u00e4line &#8211; kyll\u00e4 on kakskakkoset ojennuksessa sein\u00e4ll\u00e4. Talkooinnostusta on viel\u00e4kin riitt\u00e4nyt, vaikka talkoitakin on ollut melkein enemm\u00e4n kuin laki sallii.<\/p>\n<p>S\u00e4hk\u00f6urakoitsija on valittu. S\u00e4hk\u00f6t\u00f6iden ja tarvikkeiden toimittajaksi on valittu tarjousten perusteella Taipalsaaren S\u00e4hk\u00f6 Oy. Kyl\u00e4yhdistyksen talkoolaisia voidaan my\u00f6s k\u00e4ytt\u00e4\u00e4 s\u00e4hk\u00f6t\u00f6iss\u00e4 apuna.<\/p>\n<p><a href=\"https:\/\/kylat.meitadev.fi\/kanava\/wp-content\/uploads\/sites\/7\/2012\/12\/sis\u00e4ty\u00f6t4.jpg\" target=\"_blank\"><img loading=\"lazy\" decoding=\"async\" class=\"wp-image-1300 alignleft\" src=\"https:\/\/kylat.meitadev.fi\/kanava\/wp-content\/uploads\/sites\/7\/2012\/12\/sis\u00e4ty\u00f6t4.jpg\" width=\"288\" height=\"216\" \/><\/a>Homma\u00a0 on siis hyv\u00e4ss\u00e4 mallissa, kiitos kuuluu meille kaikille.<\/p>\n<p>&nbsp;<\/p>\n<p><a href=\"https:\/\/kylat.meitadev.fi\/kanava\/wp-content\/uploads\/sites\/7\/2012\/12\/sis\u00e4ty\u00f6t3.jpg\" target=\"_blank\"><img loading=\"lazy\" decoding=\"async\" class=\"alignleft wp-image-1299\" src=\"https:\/\/kylat.meitadev.fi\/kanava\/wp-content\/uploads\/sites\/7\/2012\/12\/sis\u00e4ty\u00f6t3.jpg\" width=\"288\" height=\"216\" \/><\/a><\/p>\n<p>&nbsp;<\/p>\n<p>&nbsp;<\/p>\n<p>&nbsp;<\/p>\n<p><a href=\"https:\/\/kylat.meitadev.fi\/kanava\/wp-content\/uploads\/sites\/7\/2012\/12\/sis\u00e4ty\u00f6t5.jpg\" target=\"_blank\"><img loading=\"lazy\" decoding=\"async\" class=\"alignleft wp-image-1301\" src=\"https:\/\/kylat.meitadev.fi\/kanava\/wp-content\/uploads\/sites\/7\/2012\/12\/sis\u00e4ty\u00f6t5.jpg\" width=\"288\" height=\"216\" \/><\/a><a href=\"https:\/\/kylat.meitadev.fi\/kanava\/wp-content\/uploads\/sites\/7\/2012\/12\/sis\u00e4ty\u00f6t6.jpg\" target=\"_blank\"><img loading=\"lazy\" decoding=\"async\" class=\"wp-image-1302 alignleft\" src=\"https:\/\/kylat.meitadev.fi\/kanava\/wp-content\/uploads\/sites\/7\/2012\/12\/sis\u00e4ty\u00f6t6.jpg\" width=\"288\" height=\"216\" \/><\/a><\/p>\n<p>&nbsp;<\/p>\n<p>&nbsp;<\/p>\n<p>&nbsp;<\/p>\n<p>&nbsp;<\/p>\n<p>&nbsp;<\/p>\n<h2>\u00a0Joulukuu 2012 &#8211; tammikuu 2013<\/h2>\n<p><a href=\"https:\/\/kylat.meitadev.fi\/kanava\/wp-content\/uploads\/sites\/7\/2012\/12\/sis\u00e4ty\u00f6t7.jpg\" target=\"_blank\"><img loading=\"lazy\" decoding=\"async\" class=\"alignright wp-image-1384\" src=\"https:\/\/kylat.meitadev.fi\/kanava\/wp-content\/uploads\/sites\/7\/2012\/12\/sis\u00e4ty\u00f6t7.jpg\" alt=\"sis\u00e4ty\u00f6t7\" width=\"288\" height=\"216\" \/><\/a>Joulukuun puoliv\u00e4lin tienoilla saatiin liikuntasalin ja hirsimajan yhdist\u00e4v\u00e4n sosiaali- ja eteistilojen lattiat valukuntoon. Lattian valutalkoot olivat maanantaina 17.12.<\/p>\n<p>Kun joulun pyh\u00e4t oli valuja kuivateltu ja joulupuurot ja kinkut sy\u00f6ty, p\u00e4\u00e4stiin tammikuun alussa jatkamaan v\u00e4liseinien tekemist\u00e4. Talkoot alkoivat siis liikuntahallilla 7.1.2013 jatkuen maanantai- ja torstai-iltoina.<a href=\"https:\/\/kylat.meitadev.fi\/kanava\/wp-content\/uploads\/sites\/7\/2012\/12\/sis\u00e4ty\u00f6t8.jpg\" target=\"_blank\"><img loading=\"lazy\" decoding=\"async\" class=\"wp-image-1385 alignright\" src=\"https:\/\/kylat.meitadev.fi\/kanava\/wp-content\/uploads\/sites\/7\/2012\/12\/sis\u00e4ty\u00f6t8.jpg\" alt=\"sis\u00e4ty\u00f6t8\" width=\"288\" height=\"216\" \/><\/a><\/p>\n<p>Seini\u00e4 koolailtiin ja laitettiin ekovillaeristyslevyj\u00e4. Puhallusvillat tulivat keskiviikkona 16. tammikuuta. Kun vintille oli puhallettu villaa 500 mm paksuudelta ja seiniin oli laitettu eristett\u00e4 250 mm, ei l\u00e4mp\u00f6hukkaa luulisi olevan.<\/p>\n<p>Tammikuun puoliv\u00e4lin tienoilla tuotiin sein\u00e4levyt paikalle &#8211; ne oli saatu lahjoituksena, kiitos siit\u00e4.<\/p>\n<p>Tammikuun <a href=\"https:\/\/kylat.meitadev.fi\/kanava\/wp-content\/uploads\/sites\/7\/2012\/12\/sis\u00e4ty\u00f6t9.jpg\" target=\"_blank\"><img loading=\"lazy\" decoding=\"async\" class=\"wp-image-1386 alignright\" src=\"https:\/\/kylat.meitadev.fi\/kanava\/wp-content\/uploads\/sites\/7\/2012\/12\/sis\u00e4ty\u00f6t9.jpg\" alt=\"sis\u00e4ty\u00f6t9\" width=\"194\" height=\"259\" \/><\/a>17. alkoivat s\u00e4hk\u00f6ist\u00e4misty\u00f6t. Taipalsaaren s\u00e4hk\u00f6st\u00e4 tuli kaksi asentajaa paikalle, s\u00e4hk\u00f6asentajat tekiv\u00e4t ty\u00f6t p\u00e4iv\u00e4saikaan, kun taas me talkoolaiset teemme iltavuoroa. Samana iltana p\u00e4\u00e4stiin aloittamaan liikuntasalin seinien levytyshommat.<\/p>\n<p style=\"text-align: left\">Helmikuun alussa ty\u00f6t ovat siin\u00e4 mallissa, ett\u00e4 sein\u00e4t on levytetty, eteistilojen koolaukset hyv\u00e4ss\u00e4 vauhdissa, sis\u00e4katon levyt tuotu paikalle, s\u00e4hk\u00f6t on kytketty hallille ja pistorasioissa on virta p\u00e4\u00e4ll\u00e4. Tilanne on siis parempi kuin hyv\u00e4.<\/p>\n<p style=\"text-align: left\"><a href=\"https:\/\/kylat.meitadev.fi\/kanava\/wp-content\/uploads\/sites\/7\/2012\/12\/sis\u00e4ty\u00f6t10.jpg\" target=\"_blank\"><img loading=\"lazy\" decoding=\"async\" class=\"wp-image-1387 alignright\" src=\"https:\/\/kylat.meitadev.fi\/kanava\/wp-content\/uploads\/sites\/7\/2012\/12\/sis\u00e4ty\u00f6t10.jpg\" alt=\"sis\u00e4ty\u00f6t10\" width=\"288\" height=\"216\" \/><\/a>Nyt on hyv\u00e4 aika pit\u00e4\u00e4 talkoolaisten yhteinen saunailta ja katsoa eteen sek\u00e4 taaksep\u00e4in miten on mennyt: saunan l\u00e4mm\u00f6ss\u00e4 syntyv\u00e4t hyv\u00e4t ajatukset ja alut tuleville p\u00e4\u00e4t\u00f6ksille.<\/p>\n<p style=\"text-align: left\">Suurkiitos meille kaikille!<\/p>\n<h2>Helmikuu &#8211; maaliskuu 2013<\/h2>\n<h3>Hallitalkoot jatkuvat ja jatkuvat<\/h3>\n<p>Nyt syd\u00e4ntalven aikaan pienen pakkass\u00e4\u00e4n vallitessa, talkooillat ovat jatkuneet entiseen malliin. Maanantaina 4.2.2013 p\u00e4\u00e4stiin aloittamaan sis\u00e4katon levytys, s\u00e4hk\u00f6johdot oli jo asennettu paikoilleen l\u00e4mmityskennoja ja valaisimia varten.<\/p>\n<p>Olihan siin\u00e4 monenlaista hommaa: sein\u00e4n levytyst\u00e4, sis\u00e4katon levytyst\u00e4 sek\u00e4 seinien yl\u00e4reunan rimoitusta. Rimojen alle piti laittaa sellaista akustiikkaa, mik\u00e4 est\u00e4\u00e4 salin h\u00e4iritsev\u00e4n kaikumisen. Samalla tehtiin v\u00e4liseini\u00e4 sosiaalitiloihin eik\u00e4 rakennuksen siivoukseltakaan voinut v\u00e4ltty\u00e4, vaan piti tarttua teollisuusimuriin ja harjoihin useaan otteeseen.<\/p>\n<p><a href=\"https:\/\/kylat.meitadev.fi\/kanava\/wp-content\/uploads\/sites\/7\/2012\/12\/sis\u00e4ty\u00f6t12.jpg\" target=\"_blank\"><img loading=\"lazy\" decoding=\"async\" class=\"wp-image-1412 alignleft\" src=\"https:\/\/kylat.meitadev.fi\/kanava\/wp-content\/uploads\/sites\/7\/2012\/12\/sis\u00e4ty\u00f6t12.jpg\" alt=\"\" width=\"288\" height=\"216\" \/><\/a><a href=\"https:\/\/kylat.meitadev.fi\/kanava\/wp-content\/uploads\/sites\/7\/2012\/12\/sis\u00e4ty\u00f6t11.jpg\"><img loading=\"lazy\" decoding=\"async\" class=\"alignleft wp-image-1411\" src=\"https:\/\/kylat.meitadev.fi\/kanava\/wp-content\/uploads\/sites\/7\/2012\/12\/sis\u00e4ty\u00f6t11.jpg\" alt=\"\" width=\"288\" height=\"216\" \/><\/a><\/p>\n<p><a href=\"https:\/\/kylat.meitadev.fi\/kanava\/wp-content\/uploads\/sites\/7\/2012\/12\/sis\u00e4ty\u00f6t13.jpg\" target=\"_blank\"><img loading=\"lazy\" decoding=\"async\" class=\"alignleft wp-image-1413\" src=\"https:\/\/kylat.meitadev.fi\/kanava\/wp-content\/uploads\/sites\/7\/2012\/12\/sis\u00e4ty\u00f6t13.jpg\" alt=\"\" width=\"288\" height=\"216\" \/><\/a><\/p>\n<p>Helmikuun aikana saatiin sali siihen kuntoon, ett\u00e4 lattian koolaus p\u00e4\u00e4stiin aloittamaan maanantaina 4.3. Parhaimmillaan meit\u00e4 talkoolaisia on k\u00e4ynyt talkoissa 13 miest\u00e4 samaan aikaan ja keskim\u00e4\u00e4rin paikalla on ollut 7 \u2013 8 talkoolaista. S\u00e4hk\u00f6urakointi oli saanut my\u00f6s maaliskuun alkuun menness\u00e4 l\u00e4mm\u00f6t ja valot toimintaan salin osalta.<\/p>\n<p>Lattian koolaus sujui hyvin ilman sen suurempia vaikeuksia. Lasermittalaite takasi ty\u00f6n laadun.<\/p>\n<p>Maaliskuun puoliv\u00e4lin paikkeilla aloitettiin hirsimajan lattiaremontti: otettiin lattialevyt irti ja vaihdettiin hiirien nakertamat villat uusiin ekovilloihin l\u00e4mp\u00f6vuotojen est\u00e4miseksi.<\/p>\n<p><a href=\"https:\/\/kylat.meitadev.fi\/kanava\/wp-content\/uploads\/sites\/7\/2012\/12\/sis\u00e4ty\u00f6t14.jpg\" target=\"_blank\"><img loading=\"lazy\" decoding=\"async\" class=\"wp-image-1414 alignright\" src=\"https:\/\/kylat.meitadev.fi\/kanava\/wp-content\/uploads\/sites\/7\/2012\/12\/sis\u00e4ty\u00f6t14.jpg\" alt=\"\" width=\"288\" height=\"216\" \/><\/a> <a href=\"https:\/\/kylat.meitadev.fi\/kanava\/wp-content\/uploads\/sites\/7\/2012\/12\/sis\u00e4ty\u00f6t15.jpg\" target=\"_blank\"><img loading=\"lazy\" decoding=\"async\" class=\"wp-image-1415 alignright\" src=\"https:\/\/kylat.meitadev.fi\/kanava\/wp-content\/uploads\/sites\/7\/2012\/12\/sis\u00e4ty\u00f6t15.jpg\" alt=\"\" width=\"288\" height=\"216\" \/><\/a><\/p>\n<p>Lattiapaneelit on tilattu R\u00e4\u00e4t\u00e4lin h\u00f6yl\u00e4\u00e4m\u00f6lt\u00e4 tarjousten perusteella ja ne tulevat torstaina viikolla 15. Sen j\u00e4lkeen pidet\u00e4\u00e4n viikonloppuna lattiantekotalkoot. Sit\u00e4 ennen valmistellaan kuitenkin paikat siihen kuntoon, jotta voidaan aloittaa lattian teko. Samoin valmistellaan hirsimajan kunnostus sis\u00e4puolelta valmiiksi, laitetaan uusi lattian pinnoitus ja v\u00e4lisein\u00e4 varaston eteen, samoin tulevan keitti\u00f6n sein\u00e4t oikaistaan levyill\u00e4.<\/p>\n<p>Taas ovat hallin rakennusty\u00f6t edistyneet niin hyvin, ett\u00e4 voimme j\u00e4\u00e4d\u00e4 hyvill\u00e4 mielin p\u00e4\u00e4si\u00e4isen viettoon. On se vaan hieno asia, kun n\u00e4iss\u00e4 talkoohommissa ty\u00f6 etenee oikein mallikkaasti ja valmista syntyy \u2013 ei ole kuulunut poikittaista sanaa, vaan hymyss\u00e4 suin pient\u00e4 herjaa heitellen \u2013 voisiko talkoohenki olla en\u00e4\u00e4 parempi!<\/p>\n<h2>Huhtikuu &#8211; toukokuu 2013<\/h2>\n<h3>Lattian ly\u00f6nti + muut pienemm\u00e4t talkoot<\/h3>\n<p>Torstaina 11.4. puolen p\u00e4iv\u00e4n aikaan saapuivat liikuntasalin lattialaudat hallille. Ne kasattiin lattian toiseen reunaan odottamaan iltaa, jolloin aloitettaisiin varsinaisesti lattian ly\u00f6nti. Lautakasa n\u00e4ytti melko isolta. Kaikki valmisteluty\u00f6t oli tehty valmiiksi lattialautojen tiukkaamiseksi k\u00e4ytett\u00e4v\u00e4\u00e4 laitetta my\u00f6ten.<\/p>\n<p><a href=\"https:\/\/kylat.meitadev.fi\/kanava\/wp-content\/uploads\/sites\/7\/2012\/12\/lattianlyonti1.jpg\" target=\"_blank\"><img loading=\"lazy\" decoding=\"async\" class=\"alignleft wp-image-1457\" title=\"Lattian ly\u00f6nti\" src=\"https:\/\/kylat.meitadev.fi\/kanava\/wp-content\/uploads\/sites\/7\/2012\/12\/lattianlyonti1.jpg\" alt=\"\" width=\"288\" height=\"216\" \/><\/a> Illalla paikalle saapui 10 talkoolaista. Alku aina hankalaa lopussa kiitos seisoo, kuten sananparressa sanotaan, piti t\u00e4ss\u00e4kin asiassa t\u00e4ysin paikkansa &#8211; ei kai turhaan ole sananparret syntyneet. No, kuitenkin aloitettiin ja valmistakin syntyi noin 70 cm leveydelt\u00e4. Se tuntui aika v\u00e4h\u00e4iselt\u00e4 kun tavoitteena on koko lattian leveys 9,5 metri\u00e4. Seuraavana <a href=\"https:\/\/kylat.meitadev.fi\/kanava\/wp-content\/uploads\/sites\/7\/2012\/12\/lattianlyonti2.jpg\" target=\"_blank\"><img loading=\"lazy\" decoding=\"async\" class=\"wp-image-1458 alignleft\" title=\"Lattian ly\u00f6nti\" src=\"https:\/\/kylat.meitadev.fi\/kanava\/wp-content\/uploads\/sites\/7\/2012\/12\/lattianlyonti2.jpg\" alt=\"\" width=\"288\" height=\"216\" \/><\/a>p\u00e4iv\u00e4n\u00e4 homma jatkui: aloitettiin jo p\u00e4iv\u00e4ll\u00e4 ja jatkettiin aina iltaan asti. Miehet vaihtuivat v\u00e4lill\u00e4 ja tuli siin\u00e4 valmistakin, tosin v\u00e4h\u00e4n nihke\u00e4sti, mutta kuitenkin.<\/p>\n<p>Lauantaina 13.4. hommat aloitettiin aamusta ja talkoolaisiakin oli paikalla 16. Nyt homma rupesi luontumaan ja j\u00e4lke\u00e4kin syntyi, hyv\u00e4 ett\u00e4 muistettiin edes kahvitauot pit\u00e4\u00e4 \u2013 no, kyll\u00e4 <a href=\"https:\/\/kylat.meitadev.fi\/kanava\/wp-content\/uploads\/sites\/7\/2012\/12\/lattianlyonti3.jpg\" target=\"_blank\"><img loading=\"lazy\" decoding=\"async\" class=\"wp-image-1459 alignleft\" src=\"https:\/\/kylat.meitadev.fi\/kanava\/wp-content\/uploads\/sites\/7\/2012\/12\/lattianlyonti3.jpg\" alt=\"lattianlyonti3\" width=\"288\" height=\"216\" \/><\/a>talkoolaiset siit\u00e4 huolen pitiv\u00e4t. Illalla kun lopetettiin, oli valmista jo 7,5 metri\u00e4.<\/p>\n<p>Sunnuntaiksi j\u00e4i parin metrin urakka, joka k\u00e4ytiin koputtelemassa hyvill\u00e4 mielin ja iltap\u00e4iv\u00e4ll\u00e4 kello kolmen kantturoissa lattia oli ly\u00f6ty valmiiksi. Siin\u00e4 se nyt oli 125 neli\u00f6t\u00e4 ja 4 p\u00e4iv\u00e4n kova urakka talkooty\u00f6n\u00e4 \u2013 ei huono tulos ja kest\u00e4\u00e4 vertailun miss\u00e4 seurassa tahansa.<\/p>\n<p style=\"text-align: left\"><a href=\"https:\/\/kylat.meitadev.fi\/kanava\/wp-content\/uploads\/sites\/7\/2012\/12\/lattianlyonti4.jpg\" target=\"_blank\"><img loading=\"lazy\" decoding=\"async\" class=\"wp-image-1460 alignright\" title=\"Keitt\u00f6n asennus\" src=\"https:\/\/kylat.meitadev.fi\/kanava\/wp-content\/uploads\/sites\/7\/2012\/12\/lattianlyonti4.jpg\" alt=\"\" width=\"288\" height=\"216\" \/><\/a>Siin\u00e4 sivussa jatkuivat vakituiset iltatalkoot eli siivoiltiin rakennusj\u00e4tteit\u00e4 ja tehtiin hirsimajan lattiaan uudet pinnoitukset ja asennettiin uudet ikkunat. Sen j\u00e4lkeen voitiin asentaa keitti\u00f6kalusteet paikoilleen.<\/p>\n<p style=\"text-align: left\">Maanantaina 22.4. ruvettiin koolailemaan hirsimajan ulkoseini\u00e4 kuntoon, jotta voitaisiin asentaa lis\u00e4eristeet paikoilleen ja laudoittaa sein\u00e4t yhden n\u00e4k\u00f6iseksi uuden osan kanssa.<\/p>\n<p><a href=\"https:\/\/kylat.meitadev.fi\/kanava\/wp-content\/uploads\/sites\/7\/2012\/12\/lattianlyonti5.jpg\" target=\"_blank\"><img loading=\"lazy\" decoding=\"async\" class=\"wp-image-1461 alignleft\" title=\"Rajojen merkkaus\" src=\"https:\/\/kylat.meitadev.fi\/kanava\/wp-content\/uploads\/sites\/7\/2012\/12\/lattianlyonti5.jpg\" alt=\"\" width=\"288\" height=\"216\" \/><\/a>Perjantaina 26.4. merkattiin ja maalattiin liikuntasalin lattiaan pallopelien rajat, lattia oli sit\u00e4 ennen hiottu ja lakattu. Sitten vain loppulakkaukset ja lattia oli valmis.<\/p>\n<p style=\"text-align: left\">Maanantaina 13.5. asennettiin lis\u00e4eristeet hirsimajan seiniin ja p\u00e4\u00e4stiin tekem\u00e4\u00e4n sein\u00e4laudoitukset valmiiksi. Siin\u00e4 sivussa samaan aikaan on tehty eteis- ja saniteettitilojen lattialaatoitukset, seinien maalaamiset sek\u00e4 ilmastointikoneet asennettu paikoilleen. Toukokuun viimeisell\u00e4 viikolla rakennuksen sis\u00e4puolella on en\u00e4\u00e4 ovet ja vessojen kalusteet asentamatta paikoilleen. Ulkopuolella ruvetaan ulkoseinien maalaukseen. Homma n\u00e4ytt\u00e4\u00e4 valmistuvan nyt kes\u00e4n kynnyksell\u00e4.<a href=\"https:\/\/kylat.meitadev.fi\/kanava\/wp-content\/uploads\/sites\/7\/2012\/12\/lattianlyonti6.jpg\" target=\"_blank\"><img loading=\"lazy\" decoding=\"async\" class=\"wp-image-1462 alignright\" title=\"Hirsimajan ulkolaudoitus\" src=\"https:\/\/kylat.meitadev.fi\/kanava\/wp-content\/uploads\/sites\/7\/2012\/12\/lattianlyonti6.jpg\" alt=\"\" width=\"336\" height=\"252\" \/><\/a><\/p>\n<p>Kokonaisuudessaan \u201ds\u00e4hk\u00f6ty\u00f6t pois lukien\u201d talkooty\u00f6n\u00e4 tehty projekti on ty\u00f6suorituksena t\u00e4ysi kymppi, mutta kirjoitetaan loppukaneetti vasta sitten kun ty\u00f6 on tehty.<\/p>\n<p>KIITOS TALKOOLAISET!<\/p>\n<p>T: Osmo<\/p>\n","protected":false},"excerpt":{"rendered":"<p>Marraskuu 2012 Sis\u00e4ty\u00f6t alkavat Liikunta\/monitoimihallin rakentamisessa siirryttiin sis\u00e4puolen t\u00f6ihin marraskuun alussa, ja talkoissa on k\u00e4yty iltaisin pari kertaa viikossa. Marraskuussa talkooiltoja on kertynyt yhteens\u00e4 9. Sein\u00e4villoitusta on tehty ja eristyspapereita laitettu seiniin. Kattoon on saatu valmiiksi katon j\u00e4ykistyslaudoitus sek\u00e4 sis\u00e4katon &hellip; <a href=\"https:\/\/kylat.meitadev.fi\/kanava\/hankkeet\/lyytikkalan-monitoimihalli\/hallin-sisatyot\/\">Lue loppuun <span class=\"meta-nav\">&rarr;<\/span><\/a><\/p>\n","protected":false},"author":10,"featured_media":0,"parent":1105,"menu_order":0,"comment_status":"closed","ping_status":"closed","template":"","meta":{"footnotes":""},"_links":{"self":[{"href":"https:\/\/kylat.meitadev.fi\/kanava\/wp-json\/wp\/v2\/pages\/1291"}],"collection":[{"href":"https:\/\/kylat.meitadev.fi\/kanava\/wp-json\/wp\/v2\/pages"}],"about":[{"href":"https:\/\/kylat.meitadev.fi\/kanava\/wp-json\/wp\/v2\/types\/page"}],"author":[{"embeddable":true,"href":"https:\/\/kylat.meitadev.fi\/kanava\/wp-json\/wp\/v2\/users\/10"}],"replies":[{"embeddable":true,"href":"https:\/\/kylat.meitadev.fi\/kanava\/wp-json\/wp\/v2\/comments?post=1291"}],"version-history":[{"count":16,"href":"https:\/\/kylat.meitadev.fi\/kanava\/wp-json\/wp\/v2\/pages\/1291\/revisions"}],"predecessor-version":[{"id":2193,"href":"https:\/\/kylat.meitadev.fi\/kanava\/wp-json\/wp\/v2\/pages\/1291\/revisions\/2193"}],"up":[{"embeddable":true,"href":"https:\/\/kylat.meitadev.fi\/kanava\/wp-json\/wp\/v2\/pages\/1105"}],"wp:attachment":[{"href":"https:\/\/kylat.meitadev.fi\/kanava\/wp-json\/wp\/v2\/media?parent=1291"}],"curies":[{"name":"wp","href":"https:\/\/api.w.org\/{rel}","templated":true}]}}