{"id":140,"date":"2011-03-29T19:28:57","date_gmt":"2011-03-29T16:28:57","guid":{"rendered":"https:\/\/kylat.meitadev.fi\/kanava\/?page_id=140"},"modified":"2013-01-26T12:38:50","modified_gmt":"2013-01-26T10:38:50","slug":"karhusjarven-era-ry","status":"publish","type":"page","link":"https:\/\/kylat.meitadev.fi\/kanava\/kylatoiminta\/yhdistykset\/karhusjarven-era-ry\/","title":{"rendered":"Karhusj\u00e4rven Er\u00e4 ry"},"content":{"rendered":"<p><a href=\"http:\/\/www.karhusjarvenera.net\/\" target=\"_blank\"><img loading=\"lazy\" decoding=\"async\" class=\"alignright size-full wp-image-156\" src=\"https:\/\/kylat.meitadev.fi\/kanava\/wp-content\/uploads\/sites\/7\/2011\/03\/karhusjarvenera-logo.jpg\" alt=\"Karhusj\u00e4rven Er\u00e4 ry\" width=\"200\" height=\"220\" \/><\/a>Karhusj\u00e4rven Er\u00e4 ry on Etel\u00e4-Saimaan riistanhoitoyhdistyksen alueella toimiva\u00a0mets\u00e4stysseura. Seura on perustettu 1952.<\/p>\n<p>Seuralla on vuokrattuja mets\u00e4stysalueita yksityisilt\u00e4 sek\u00e4 yhteis\u00f6ilt\u00e4 kaikkiaan n. 7000 ha. Mets\u00e4stysalueet sijaitsevat\u00a0Lappeenrannan kaupungin etel\u00e4puolella.<\/p>\n<p>J\u00e4seni\u00e4 seurassa on n. 150. Seuran\u00a0toimintapaikkana on maja, joka sijaitsee Lakiakalliolla. Seuran toiminta keskittyy p\u00e4\u00e4s\u00e4\u00e4nt\u00f6isesti pienriistan, pienpetojen ja hirven pyyntiin.<\/p>\n<p><a href=\"http:\/\/www.karhusjarvenera.net\/\" target=\"_blank\">Karhusj\u00e4rven Er\u00e4n kotisivut<\/a><\/p>\n","protected":false},"excerpt":{"rendered":"<p>Karhusj\u00e4rven Er\u00e4 ry on Etel\u00e4-Saimaan riistanhoitoyhdistyksen alueella toimiva\u00a0mets\u00e4stysseura. Seura on perustettu 1952. Seuralla on vuokrattuja mets\u00e4stysalueita yksityisilt\u00e4 sek\u00e4 yhteis\u00f6ilt\u00e4 kaikkiaan n. 7000 ha. Mets\u00e4stysalueet sijaitsevat\u00a0Lappeenrannan kaupungin etel\u00e4puolella. J\u00e4seni\u00e4 seurassa on n. 150. Seuran\u00a0toimintapaikkana on maja, joka sijaitsee Lakiakalliolla. Seuran toiminta &hellip; <a href=\"https:\/\/kylat.meitadev.fi\/kanava\/kylatoiminta\/yhdistykset\/karhusjarven-era-ry\/\">Lue loppuun <span class=\"meta-nav\">&rarr;<\/span><\/a><\/p>\n","protected":false},"author":10,"featured_media":0,"parent":33,"menu_order":0,"comment_status":"closed","ping_status":"closed","template":"onecolumn-page.php","meta":{"footnotes":""},"_links":{"self":[{"href":"https:\/\/kylat.meitadev.fi\/kanava\/wp-json\/wp\/v2\/pages\/140"}],"collection":[{"href":"https:\/\/kylat.meitadev.fi\/kanava\/wp-json\/wp\/v2\/pages"}],"about":[{"href":"https:\/\/kylat.meitadev.fi\/kanava\/wp-json\/wp\/v2\/types\/page"}],"author":[{"embeddable":true,"href":"https:\/\/kylat.meitadev.fi\/kanava\/wp-json\/wp\/v2\/users\/10"}],"replies":[{"embeddable":true,"href":"https:\/\/kylat.meitadev.fi\/kanava\/wp-json\/wp\/v2\/comments?post=140"}],"version-history":[{"count":12,"href":"https:\/\/kylat.meitadev.fi\/kanava\/wp-json\/wp\/v2\/pages\/140\/revisions"}],"predecessor-version":[{"id":1376,"href":"https:\/\/kylat.meitadev.fi\/kanava\/wp-json\/wp\/v2\/pages\/140\/revisions\/1376"}],"up":[{"embeddable":true,"href":"https:\/\/kylat.meitadev.fi\/kanava\/wp-json\/wp\/v2\/pages\/33"}],"wp:attachment":[{"href":"https:\/\/kylat.meitadev.fi\/kanava\/wp-json\/wp\/v2\/media?parent=140"}],"curies":[{"name":"wp","href":"https:\/\/api.w.org\/{rel}","templated":true}]}}