{"id":1482,"date":"2013-07-27T13:17:52","date_gmt":"2013-07-27T10:17:52","guid":{"rendered":"https:\/\/kylat.meitadev.fi\/kanava\/?page_id=1482"},"modified":"2017-02-04T14:32:10","modified_gmt":"2017-02-04T12:32:10","slug":"loppuraportti","status":"publish","type":"page","link":"https:\/\/kylat.meitadev.fi\/kanava\/hankkeet\/lyytikkalan-monitoimihalli\/loppuraportti\/","title":{"rendered":"Loppuraportti"},"content":{"rendered":"<h2>Hallimme valmiusaste etenee kohti p\u00e4\u00e4t\u00f6st\u00e4<\/h2>\n<p>Toukokuun viimeisell\u00e4 viikolla saatiin hirsimajan ulkovuoraukset valmiiksi r\u00e4yst\u00e4\u00e4n alukset mukaan lukien. Torstaina 29.5.2013 aloitettiin viimeinen isompi urakka eli ulkoseinien maalaus. Tarkoitus oli maalata rakennus kahteen kertaan ja kunnon maalaushan vaatii pensselity\u00f6n. Valmiiksi pohjamaalatut sein\u00e4laudat olivat kuitenkin aika karheita ja maalia kului reilusti.<\/p>\n<p><a href=\"https:\/\/kylat.meitadev.fi\/kanava\/wp-content\/uploads\/sites\/7\/2013\/07\/lopputyot01.jpg\" target=\"_blank\"><img loading=\"lazy\" decoding=\"async\" class=\"alignleft wp-image-1484\" src=\"https:\/\/kylat.meitadev.fi\/kanava\/wp-content\/uploads\/sites\/7\/2013\/07\/lopputyot01.jpg\" alt=\"lopputyot01\" width=\"288\" height=\"216\" \/><\/a>Ensimm\u00e4isen\u00e4 iltana ei saatu kuin puolet sile\u00e4st\u00e4 sein\u00e4pinnasta tehty\u00e4, traktorin per\u00e4k\u00e4rryst\u00e4 ylettyi nippanappa puoliv\u00e4liin korkeutta. Seuraavana p\u00e4iv\u00e4n\u00e4 oli jo henkil\u00f6nostimet apuna, jotta yletettiin p\u00e4\u00e4tyihin ja r\u00e4yst\u00e4isiin asti. P\u00e4iv\u00e4 loppui ja maalit loppui, joten seuraavana p\u00e4iv\u00e4n\u00e4 haettiin lis\u00e4\u00e4 maalia. Illalla taas jatkettiin urakkaa.<\/p>\n<p><a href=\"https:\/\/kylat.meitadev.fi\/kanava\/wp-content\/uploads\/sites\/7\/2013\/07\/lopputyot02.jpg\" target=\"_blank\"><img loading=\"lazy\" decoding=\"async\" class=\"wp-image-1485 alignleft\" src=\"https:\/\/kylat.meitadev.fi\/kanava\/wp-content\/uploads\/sites\/7\/2013\/07\/lopputyot02.jpg\" alt=\"lopputyot02\" width=\"288\" height=\"216\" \/><\/a>S\u00e4\u00e4 suosi maalareita: l\u00e4mmint\u00e4 oli auringossa liikaakin, kun mittari n\u00e4ytti p\u00e4iv\u00e4ll\u00e4 yli 20 \u00b0C varjossa, mutta illalla oli hyv\u00e4 maalauss\u00e4\u00e4 ja j\u00e4lkikin sen mukaista. Kun viel\u00e4 perjantai-ilta ja lauantaip\u00e4iv\u00e4 oli pensseleit\u00e4 ahkerasti heilutettu, korkeampi eli urheiluhallin osa oli kokonaisuudessaan maalattu kahteen kertaan, ei puuttunut en\u00e4\u00e4 kuin ikkunan vuorilaudat. Matalampi puoli vaati viel\u00e4 toisen maalikerran.<\/p>\n<p><a href=\"https:\/\/kylat.meitadev.fi\/kanava\/wp-content\/uploads\/sites\/7\/2013\/07\/lopputyot03.jpg\"><img loading=\"lazy\" decoding=\"async\" class=\"wp-image-1486 alignright\" src=\"https:\/\/kylat.meitadev.fi\/kanava\/wp-content\/uploads\/sites\/7\/2013\/07\/lopputyot03.jpg\" alt=\"lopputyot03\" width=\"288\" height=\"216\" \/><\/a>Nyt oli suurin urakka maalausty\u00f6st\u00e4 tehty. Ikkunan vuorilaudat maalattiin valmiiksi maassa ja asennettiin sen j\u00e4lkeen paikoilleen, traktorin etukuormaaja toimi hyv\u00e4n\u00e4 ja turvallisena henkil\u00f6nostimena matalammissa nostoissa.<\/p>\n<p><a href=\"https:\/\/kylat.meitadev.fi\/kanava\/wp-content\/uploads\/sites\/7\/2013\/07\/lopputyot04.jpg\" target=\"_blank\"><img loading=\"lazy\" decoding=\"async\" class=\"wp-image-1487 alignright\" src=\"https:\/\/kylat.meitadev.fi\/kanava\/wp-content\/uploads\/sites\/7\/2013\/07\/lopputyot04.jpg\" alt=\"lopputyot04\" width=\"288\" height=\"216\" \/><\/a><\/p>\n<p>Maalausurakka saatiin p\u00e4\u00e4t\u00f6kseen kes\u00e4kuun ensimm\u00e4isell\u00e4 viikolla, my\u00f6s sadeviem\u00e4rit kaivettiin ja r\u00e4yst\u00e4skourut asennettiin. Maanantaina 17. valettiin rakennuksen eteen 35 neli\u00f6n laatta.<\/p>\n<p>Sit\u00e4 ennen olivat putkimiehet valmistelleet sis\u00e4asennukset kuntoon ja vesijohto voitiin yhdist\u00e4\u00e4 kaivon vesijohtoon&#8230; ja toimihan se tietty.<\/p>\n<p><a href=\"https:\/\/kylat.meitadev.fi\/kanava\/wp-content\/uploads\/sites\/7\/2013\/07\/lopputyot05.jpg\" target=\"_blank\"><img loading=\"lazy\" decoding=\"async\" class=\"alignleft wp-image-1488\" src=\"https:\/\/kylat.meitadev.fi\/kanava\/wp-content\/uploads\/sites\/7\/2013\/07\/lopputyot05.jpg\" alt=\"lopputyot05\" width=\"288\" height=\"216\" \/><\/a><a href=\"https:\/\/kylat.meitadev.fi\/kanava\/wp-content\/uploads\/sites\/7\/2013\/07\/lopputyot06.jpg\" target=\"_blank\"><img loading=\"lazy\" decoding=\"async\" class=\"wp-image-1489 alignright\" src=\"https:\/\/kylat.meitadev.fi\/kanava\/wp-content\/uploads\/sites\/7\/2013\/07\/lopputyot06.jpg\" alt=\"lopputyot06\" width=\"288\" height=\"216\" \/><\/a><\/p>\n<p><a href=\"https:\/\/kylat.meitadev.fi\/kanava\/wp-content\/uploads\/sites\/7\/2013\/07\/lopputyot07.jpg\" target=\"_blank\"><img loading=\"lazy\" decoding=\"async\" class=\"wp-image-1490 alignright\" src=\"https:\/\/kylat.meitadev.fi\/kanava\/wp-content\/uploads\/sites\/7\/2013\/07\/lopputyot07.jpg\" alt=\"lopputyot07\" width=\"288\" height=\"216\" \/><\/a><\/p>\n<p>&nbsp;<\/p>\n<p>Nyt on kaikki isommat hommat tehty, j\u00e4ljell\u00e4 on pieni\u00e4 ammattihommia ainoastaan. Viimeiset talkoot j\u00e4rjestettiin tiistaina 25. kes\u00e4kuuta, jolloin tehtiin rakennuksen loppusiivoukset, sein\u00e4t pyyhittiin lattiasta laipioon ja kaikki silt\u00e4 v\u00e4lilt\u00e4. Kun oli aloiteltu kohta puolilta p\u00e4ivin, illalla kaikki olikin jo puhdasta ja p\u00f6lyt\u00f6nt\u00e4.<\/p>\n<p>Mik\u00e4 on viel\u00e4 mainitsemisen arvoista, talkoolaisia riitti aina siivoustalkoisiin asti. Maalareita oli toistakymment\u00e4, laatan valutalkoissa samoin ja viel\u00e4 siivoustalkoissa jaksoi ahertaa 10 talkoolaista. Ei voi muuta kuin todeta sen tosiasian, ett\u00e4 kuinka hyv\u00e4ksi ja tunnolliseksi voikin talkoohenki nousta yhteisen asian puolesta!<\/p>\n<p><a href=\"https:\/\/kylat.meitadev.fi\/kanava\/wp-content\/uploads\/sites\/7\/2013\/07\/lopputyot09.jpg\" target=\"_blank\"><img loading=\"lazy\" decoding=\"async\" class=\"alignleft wp-image-1492\" src=\"https:\/\/kylat.meitadev.fi\/kanava\/wp-content\/uploads\/sites\/7\/2013\/07\/lopputyot09.jpg\" alt=\"lopputyot09\" width=\"370\" height=\"277\" \/><\/a>Liikunta\/monitoimihallin loppu- ja k\u00e4ytt\u00f6\u00f6nottokatselmus pidettiin tiistaina 9.7.2013. Katselmuksen suoritti Lappeenrannan kaupungin rakennusvalvonnasta tarkastusinsin\u00f6\u00f6ri Jarmo Junnonen ja h\u00e4n hyv\u00e4ksyi hallin k\u00e4ytt\u00f6\u00f6n otettavaksi.<\/p>\n<p>&nbsp;<\/p>\n<p>Siit\u00e4 on kulunut vuosi, kun oli aloituskokous 10.7.2012. T\u00e4m\u00e4n j\u00e4lkeen aloitettiin rakennusty\u00f6t ja nyt vuotta my\u00f6hemmin liikunta\/monitoimihalli seisoo kent\u00e4n reunalla ylv\u00e4\u00e4n\u00e4 kuin Jukolan veljesten talo Impivaarassa. Monet on talkoot pidetty ja koettu kaikki vuodenajat, vaan s\u00e4ilyiv\u00e4t innostus ja talkoohenki l\u00e4pi tuulten ja tuiskujen, helteiden ja sades\u00e4iden talkoolaisten h\u00e4\u00e4riess\u00e4 ja sivullisten seuratessa, mit\u00e4 mahtaakaan synty\u00e4 n\u00e4ist\u00e4 k\u00e4tevist\u00e4 k\u00e4sist\u00e4. Ja eik\u00f6s vaan rakennus komea kohosi kyl\u00e4l\u00e4isten kunnonkohottajaksi sek\u00e4 muutenkin mukavaksi kokoontumispaikaksi.<\/p>\n<p><strong>Kiitos meille kaikille talkoolaisille ja yhteisty\u00f6kumppaneille sek\u00e4 kaikille hengess\u00e4 mukana olleille!<\/strong><\/p>\n<p>t: Osmo<\/p>\n<div id=\"attachment_1491\" style=\"width: 490px\" class=\"wp-caption aligncenter\"><a href=\"https:\/\/kylat.meitadev.fi\/kanava\/wp-content\/uploads\/sites\/7\/2013\/07\/lopputyot08.jpg\" target=\"_blank\"><img loading=\"lazy\" decoding=\"async\" aria-describedby=\"caption-attachment-1491\" class=\" wp-image-1491 \" src=\"https:\/\/kylat.meitadev.fi\/kanava\/wp-content\/uploads\/sites\/7\/2013\/07\/lopputyot08.jpg\" alt=\"lopputyot08\" width=\"480\" height=\"360\" \/><\/a><p id=\"caption-attachment-1491\" class=\"wp-caption-text\">Saimaan kanavan kyl\u00e4yhdistyksen liikunta\/monitoimihalli<\/p><\/div>\n<p>&nbsp;<\/p>\n","protected":false},"excerpt":{"rendered":"<p>Hallimme valmiusaste etenee kohti p\u00e4\u00e4t\u00f6st\u00e4 Toukokuun viimeisell\u00e4 viikolla saatiin hirsimajan ulkovuoraukset valmiiksi r\u00e4yst\u00e4\u00e4n alukset mukaan lukien. Torstaina 29.5.2013 aloitettiin viimeinen isompi urakka eli ulkoseinien maalaus. Tarkoitus oli maalata rakennus kahteen kertaan ja kunnon maalaushan vaatii pensselity\u00f6n. Valmiiksi pohjamaalatut sein\u00e4laudat olivat &hellip; <a href=\"https:\/\/kylat.meitadev.fi\/kanava\/hankkeet\/lyytikkalan-monitoimihalli\/loppuraportti\/\">Lue loppuun <span class=\"meta-nav\">&rarr;<\/span><\/a><\/p>\n","protected":false},"author":10,"featured_media":0,"parent":1105,"menu_order":0,"comment_status":"closed","ping_status":"closed","template":"","meta":{"footnotes":""},"_links":{"self":[{"href":"https:\/\/kylat.meitadev.fi\/kanava\/wp-json\/wp\/v2\/pages\/1482"}],"collection":[{"href":"https:\/\/kylat.meitadev.fi\/kanava\/wp-json\/wp\/v2\/pages"}],"about":[{"href":"https:\/\/kylat.meitadev.fi\/kanava\/wp-json\/wp\/v2\/types\/page"}],"author":[{"embeddable":true,"href":"https:\/\/kylat.meitadev.fi\/kanava\/wp-json\/wp\/v2\/users\/10"}],"replies":[{"embeddable":true,"href":"https:\/\/kylat.meitadev.fi\/kanava\/wp-json\/wp\/v2\/comments?post=1482"}],"version-history":[{"count":10,"href":"https:\/\/kylat.meitadev.fi\/kanava\/wp-json\/wp\/v2\/pages\/1482\/revisions"}],"predecessor-version":[{"id":2195,"href":"https:\/\/kylat.meitadev.fi\/kanava\/wp-json\/wp\/v2\/pages\/1482\/revisions\/2195"}],"up":[{"embeddable":true,"href":"https:\/\/kylat.meitadev.fi\/kanava\/wp-json\/wp\/v2\/pages\/1105"}],"wp:attachment":[{"href":"https:\/\/kylat.meitadev.fi\/kanava\/wp-json\/wp\/v2\/media?parent=1482"}],"curies":[{"name":"wp","href":"https:\/\/api.w.org\/{rel}","templated":true}]}}