{"id":1502,"date":"2013-08-19T21:33:32","date_gmt":"2013-08-19T18:33:32","guid":{"rendered":"https:\/\/kylat.meitadev.fi\/kanava\/?page_id=1502"},"modified":"2017-02-04T11:52:47","modified_gmt":"2017-02-04T09:52:47","slug":"onkikisat-2013","status":"publish","type":"page","link":"https:\/\/kylat.meitadev.fi\/kanava\/tapahtumat\/onkikisat-2013\/","title":{"rendered":"Onkikisat 2013"},"content":{"rendered":"<p>Kyl\u00e4yhdistyksen jo perinteiseksi muodostuneet mato-ongintakilpailut Kansolassa Wanhalla kanavalla saatiin pit\u00e4\u00e4 oikein hienon kes\u00e4s\u00e4\u00e4n helliess\u00e4 kilpailijoita sek\u00e4 runsasta kannattajajoukkoa. Hein\u00e4kuun viimeisen\u00e4 tiistai-iltana pidetyt kisat olivat ker\u00e4nneet paikalle runsaat 60 henkil\u00f6\u00e4. Osallistujia riitti, jos ei ihan vauvasta, niin ainakin alle kouluik\u00e4isest\u00e4 vaariin. Ja n\u00e4ytti silt\u00e4, ett\u00e4 kaikilla oli niin mukavaa.<\/p>\n<p>Voittajat selvisiv\u00e4t t\u00e4m\u00e4n puolitoista tuntia kest\u00e4v\u00e4n kisan aikana ja punnitukseen tuli 30 onkijaa, jotka olivat onnistuneet saamaan Ahdin antimia yl\u00f6s kanavasta. Sitten oli my\u00f6s sellaisia onkijoita, joille Ahti ei suonut antejaan, vaan vain muutamia nykyj\u00e4, joita ei pystytty punnitsemaan. Punnituksen aikana nautittiin virvokkeita, limua ja tietysti makkaroita.<\/p>\n<div id=\"attachment_1507\" style=\"width: 269px\" class=\"wp-caption alignleft\"><a href=\"https:\/\/kylat.meitadev.fi\/kanava\/wp-content\/uploads\/sites\/7\/2013\/08\/onkikisat2013_02.jpg\" target=\"_blank\"><img loading=\"lazy\" decoding=\"async\" aria-describedby=\"caption-attachment-1507\" class=\" wp-image-1507\" src=\"https:\/\/kylat.meitadev.fi\/kanava\/wp-content\/uploads\/sites\/7\/2013\/08\/onkikisat2013_02.jpg\" alt=\"Punnituspiste\" width=\"259\" height=\"194\" \/><\/a><p id=\"caption-attachment-1507\" class=\"wp-caption-text\">Punnituspiste<\/p><\/div>\n<div id=\"attachment_1508\" style=\"width: 269px\" class=\"wp-caption alignleft\"><a href=\"https:\/\/kylat.meitadev.fi\/kanava\/wp-content\/uploads\/sites\/7\/2013\/08\/onkikisat2013_03.jpg\" target=\"_blank\"><img loading=\"lazy\" decoding=\"async\" aria-describedby=\"caption-attachment-1508\" class=\"wp-image-1508 \" src=\"https:\/\/kylat.meitadev.fi\/kanava\/wp-content\/uploads\/sites\/7\/2013\/08\/onkikisat2013_03.jpg\" alt=\"Punnitus on tarkkaa\" width=\"259\" height=\"194\" \/><\/a><p id=\"caption-attachment-1508\" class=\"wp-caption-text\">Punnitus on tarkkaa touhua<\/p><\/div>\n<p style=\"text-align: center\"><a href=\"https:\/\/kylat.meitadev.fi\/kanava\/wp-content\/uploads\/sites\/7\/2013\/08\/onkikisat2013_01.jpg\" target=\"_blank\"><img loading=\"lazy\" decoding=\"async\" class=\"alignleft wp-image-1506\" src=\"https:\/\/kylat.meitadev.fi\/kanava\/wp-content\/uploads\/sites\/7\/2013\/08\/onkikisat2013_01.jpg\" alt=\"onkikisat2013_01\" width=\"288\" height=\"216\" \/><\/a> <a href=\"https:\/\/kylat.meitadev.fi\/kanava\/wp-content\/uploads\/sites\/7\/2013\/08\/onkikisat2013_04.jpg\" target=\"_blank\"><img loading=\"lazy\" decoding=\"async\" class=\"wp-image-1509 alignleft\" src=\"https:\/\/kylat.meitadev.fi\/kanava\/wp-content\/uploads\/sites\/7\/2013\/08\/onkikisat2013_04.jpg\" alt=\"\" width=\"288\" height=\"216\" \/><\/a> <a href=\"https:\/\/kylat.meitadev.fi\/kanava\/wp-content\/uploads\/sites\/7\/2013\/08\/onkikisat2013_05.jpg\" target=\"_blank\"><img loading=\"lazy\" decoding=\"async\" class=\"wp-image-1510 alignleft\" src=\"https:\/\/kylat.meitadev.fi\/kanava\/wp-content\/uploads\/sites\/7\/2013\/08\/onkikisat2013_05.jpg\" alt=\"\" width=\"288\" height=\"216\" \/><\/a><\/p>\n<p>&nbsp;<\/p>\n<p>&nbsp;<\/p>\n<p>&nbsp;<\/p>\n<p>&nbsp;<\/p>\n<p>&nbsp;<\/p>\n<p>&nbsp;<\/p>\n<p>&nbsp;<\/p>\n<p>&nbsp;<\/p>\n<p>&nbsp;<\/p>\n<p>&nbsp;<\/p>\n<p>&nbsp;<\/p>\n<p>&nbsp;<\/p>\n<p>&nbsp;<\/p>\n<p>&nbsp;<\/p>\n<p>&nbsp;<\/p>\n<p>&nbsp;<\/p>\n<p>&nbsp;<\/p>\n<p>&nbsp;<\/p>\n<p>&nbsp;<\/p>\n<p>&nbsp;<\/p>\n<p>&nbsp;<\/p>\n<p>&nbsp;<\/p>\n<p>&nbsp;<\/p>\n<p>&nbsp;<\/p>\n<p>&nbsp;<\/p>\n<p>&nbsp;<\/p>\n<p>&nbsp;<\/p>\n<p>&nbsp;<\/p>\n<p>&nbsp;<\/p>\n<p>Punnituksen j\u00e4lkeen seurasi palkintojen jako ja kuvien otto voittajista. Lasten sarjan voittajalla oli kai kiire kotiin, kun h\u00e4nt\u00e4 ei l\u00f6ytynyt kuviin hyv\u00e4st\u00e4 tuloksesta huolimatta. Tulevaisuudessa kuvaajalta vaaditaankin enemm\u00e4n tarkkaavaisuutta.<\/p>\n<p>Kisat olivat onnistuneet ja palkinnot erinomaisia. Timo Frilander S\u00e4hk\u00f6V\u00e4yl\u00e4st\u00e4 oli lahjoittanut naisten ja miesten py\u00f6r\u00e4t, jotka meniv\u00e4t kyseisten sarjojen voittajille, suurimman kalan saaja sai Tuottajain Maidon s\u00e4\u00e4aseman ja lastensarjan voittajalle oli Intersportin urheilulaukku. Palkintojen lahjoittajia oli useita muitakin. Kaikki punnitukseen osallistuneet palkittiin. Onnittelut voittajille!<\/p>\n<div id=\"attachment_1511\" style=\"width: 269px\" class=\"wp-caption alignnone\"><a href=\"https:\/\/kylat.meitadev.fi\/kanava\/wp-content\/uploads\/sites\/7\/2013\/08\/onkikisat2013_06.jpg\" target=\"_blank\"><img loading=\"lazy\" decoding=\"async\" aria-describedby=\"caption-attachment-1511\" class=\" wp-image-1511 \" src=\"https:\/\/kylat.meitadev.fi\/kanava\/wp-content\/uploads\/sites\/7\/2013\/08\/onkikisat2013_06.jpg\" alt=\"Polkupy\u00f6rien ja suurimman kalan voittajat\" width=\"259\" height=\"194\" \/><\/a><p id=\"caption-attachment-1511\" class=\"wp-caption-text\">Polkupy\u00f6rien ja suurimman kalan voittajat<\/p><\/div>\n<div id=\"attachment_1512\" style=\"width: 269px\" class=\"wp-caption alignleft\"><a href=\"https:\/\/kylat.meitadev.fi\/kanava\/wp-content\/uploads\/sites\/7\/2013\/08\/onkikisat2013_07.jpg\" target=\"_blank\"><img loading=\"lazy\" decoding=\"async\" aria-describedby=\"caption-attachment-1512\" class=\"wp-image-1512 \" src=\"https:\/\/kylat.meitadev.fi\/kanava\/wp-content\/uploads\/sites\/7\/2013\/08\/onkikisat2013_07.jpg\" alt=\"Polkupy\u00f6rien voittajat ja lahjoittaja Timo Frilander\" width=\"259\" height=\"194\" \/><\/a><p id=\"caption-attachment-1512\" class=\"wp-caption-text\">Polkupy\u00f6rien voittajat ja lahjoittaja Timo Frilander<\/p><\/div>\n<p>&nbsp;<\/p>\n<p>&nbsp;<\/p>\n<p>&nbsp;<\/p>\n<p>&nbsp;<\/p>\n<p>&nbsp;<\/p>\n<p>&nbsp;<\/p>\n<p>&nbsp;<\/p>\n<p>TULOKSET:<\/p>\n<table border=\"0\" width=\"640\" cellspacing=\"0\" cellpadding=\"0\">\n<tbody>\n<tr>\n<td height=\"20\">MIEHET<\/td>\n<td><\/td>\n<td align=\"right\">g<\/td>\n<\/tr>\n<tr>\n<td align=\"right\" height=\"20\">1<\/td>\n<td>Juha Kansonen<\/td>\n<td align=\"right\">666<\/td>\n<\/tr>\n<tr>\n<td align=\"right\" height=\"20\">2<\/td>\n<td>Risto Kansonen<\/td>\n<td align=\"right\">644<\/td>\n<\/tr>\n<tr>\n<td align=\"right\" height=\"20\">3<\/td>\n<td>Veijo Suninen<\/td>\n<td align=\"right\">448<\/td>\n<\/tr>\n<tr>\n<td align=\"right\" height=\"20\">4<\/td>\n<td>Markku Frilander<\/td>\n<td align=\"right\">315<\/td>\n<\/tr>\n<tr>\n<td align=\"right\" height=\"20\">5<\/td>\n<td>Pentti Ahtiainen<\/td>\n<td align=\"right\">193<\/td>\n<\/tr>\n<tr>\n<td align=\"right\" height=\"20\">6<\/td>\n<td>Kalevi Lyytik\u00e4inen<\/td>\n<td align=\"right\">190<\/td>\n<\/tr>\n<tr>\n<td align=\"right\" height=\"20\">7<\/td>\n<td>Lauri Sorvali<\/td>\n<td align=\"right\">141<\/td>\n<\/tr>\n<tr>\n<td align=\"right\" height=\"20\">8<\/td>\n<td>Esko Kansonen<\/td>\n<td align=\"right\">122<\/td>\n<\/tr>\n<tr>\n<td align=\"right\" height=\"20\">9<\/td>\n<td>Jouni Mikonsaari<\/td>\n<td align=\"right\">62<\/td>\n<\/tr>\n<tr>\n<td align=\"right\" height=\"20\">10<\/td>\n<td>Marko Kansonen<\/td>\n<td align=\"right\">33<\/td>\n<\/tr>\n<tr>\n<td align=\"right\" height=\"20\">11<\/td>\n<td>Heikki Auramo<\/td>\n<td align=\"right\">30<\/td>\n<\/tr>\n<tr>\n<td align=\"right\" height=\"20\">12<\/td>\n<td>Joonas Kansonen<\/td>\n<td align=\"right\">22<\/td>\n<\/tr>\n<tr>\n<td align=\"right\" height=\"20\">13<\/td>\n<td>Simo Heimala<\/td>\n<td align=\"right\">16<\/td>\n<\/tr>\n<tr>\n<td height=\"20\"><\/td>\n<td><\/td>\n<td><\/td>\n<\/tr>\n<tr>\n<td height=\"20\">NAISET<\/td>\n<td><\/td>\n<td align=\"right\">g<\/td>\n<\/tr>\n<tr>\n<td align=\"right\" height=\"20\">1<\/td>\n<td>Sanna Haikala<\/td>\n<td align=\"right\">185<\/td>\n<\/tr>\n<tr>\n<td align=\"right\" height=\"20\">2<\/td>\n<td>Eveliina Kansonen<\/td>\n<td align=\"right\">122<\/td>\n<\/tr>\n<tr>\n<td align=\"right\" height=\"20\">3<\/td>\n<td>Paula Heimala<\/td>\n<td align=\"right\">117<\/td>\n<\/tr>\n<tr>\n<td align=\"right\" height=\"20\">4<\/td>\n<td>Eila Kansonen<\/td>\n<td align=\"right\">99<\/td>\n<\/tr>\n<tr>\n<td align=\"right\" height=\"20\">5<\/td>\n<td>Seija Kansonen<\/td>\n<td align=\"right\">70<\/td>\n<\/tr>\n<tr>\n<td align=\"right\" height=\"20\">6<\/td>\n<td>Ritva Mikonsaari<\/td>\n<td align=\"right\">42<\/td>\n<\/tr>\n<tr>\n<td align=\"right\" height=\"20\">7<\/td>\n<td>P\u00e4ivi Kansonen<\/td>\n<td align=\"right\">37<\/td>\n<\/tr>\n<tr>\n<td height=\"20\"><\/td>\n<td><\/td>\n<td><\/td>\n<\/tr>\n<tr>\n<td height=\"20\">LAPSET<\/td>\n<td><\/td>\n<td align=\"right\">g<\/td>\n<\/tr>\n<tr>\n<td align=\"right\" height=\"20\">1<\/td>\n<td>Maiju Kainlauri<\/td>\n<td align=\"right\">219<\/td>\n<\/tr>\n<tr>\n<td align=\"right\" height=\"20\">2<\/td>\n<td>Juliana Suninen<\/td>\n<td align=\"right\">155<\/td>\n<\/tr>\n<tr>\n<td align=\"right\" height=\"20\">3<\/td>\n<td>Leevi Mikonsaari<\/td>\n<td align=\"right\">107<\/td>\n<\/tr>\n<tr>\n<td height=\"20\"><\/td>\n<td>Elsa Mikonsaari<\/td>\n<td align=\"right\">107<\/td>\n<\/tr>\n<tr>\n<td align=\"right\" height=\"20\">5<\/td>\n<td>Saaga Penttinen<\/td>\n<td align=\"right\">54<\/td>\n<\/tr>\n<tr>\n<td align=\"right\" height=\"20\">6<\/td>\n<td>Antti Lempi\u00e4inen<\/td>\n<td align=\"right\">50<\/td>\n<\/tr>\n<tr>\n<td align=\"right\" height=\"20\">7<\/td>\n<td>Santeri Mikonsaari<\/td>\n<td align=\"right\">29<\/td>\n<\/tr>\n<tr>\n<td align=\"right\" height=\"20\">8<\/td>\n<td>Mikko Lempi\u00e4inen<\/td>\n<td align=\"right\">21<\/td>\n<\/tr>\n<tr>\n<td align=\"right\" height=\"20\">9<\/td>\n<td>Miko J\u00e4k\u00e4l\u00e4<\/td>\n<td align=\"right\">11<\/td>\n<\/tr>\n<tr>\n<td align=\"right\" height=\"20\">10<\/td>\n<td>Jimi Auramo<\/td>\n<td align=\"right\">10<\/td>\n<\/tr>\n<tr>\n<td height=\"20\"><\/td>\n<td><\/td>\n<td><\/td>\n<\/tr>\n<tr>\n<td colspan=\"2\" height=\"20\">SUURIN KALA<\/td>\n<td align=\"right\">g<\/td>\n<\/tr>\n<tr>\n<td height=\"20\"><\/td>\n<td>Veijo Suninen<\/td>\n<td align=\"right\">358<\/td>\n<\/tr>\n<\/tbody>\n<\/table>\n","protected":false},"excerpt":{"rendered":"<p>Kyl\u00e4yhdistyksen jo perinteiseksi muodostuneet mato-ongintakilpailut Kansolassa Wanhalla kanavalla saatiin pit\u00e4\u00e4 oikein hienon kes\u00e4s\u00e4\u00e4n helliess\u00e4 kilpailijoita sek\u00e4 runsasta kannattajajoukkoa. Hein\u00e4kuun viimeisen\u00e4 tiistai-iltana pidetyt kisat olivat ker\u00e4nneet paikalle runsaat 60 henkil\u00f6\u00e4. Osallistujia riitti, jos ei ihan vauvasta, niin ainakin alle kouluik\u00e4isest\u00e4 vaariin. &hellip; <a href=\"https:\/\/kylat.meitadev.fi\/kanava\/tapahtumat\/onkikisat-2013\/\">Lue loppuun <span class=\"meta-nav\">&rarr;<\/span><\/a><\/p>\n","protected":false},"author":10,"featured_media":0,"parent":592,"menu_order":0,"comment_status":"closed","ping_status":"closed","template":"","meta":{"footnotes":""},"_links":{"self":[{"href":"https:\/\/kylat.meitadev.fi\/kanava\/wp-json\/wp\/v2\/pages\/1502"}],"collection":[{"href":"https:\/\/kylat.meitadev.fi\/kanava\/wp-json\/wp\/v2\/pages"}],"about":[{"href":"https:\/\/kylat.meitadev.fi\/kanava\/wp-json\/wp\/v2\/types\/page"}],"author":[{"embeddable":true,"href":"https:\/\/kylat.meitadev.fi\/kanava\/wp-json\/wp\/v2\/users\/10"}],"replies":[{"embeddable":true,"href":"https:\/\/kylat.meitadev.fi\/kanava\/wp-json\/wp\/v2\/comments?post=1502"}],"version-history":[{"count":9,"href":"https:\/\/kylat.meitadev.fi\/kanava\/wp-json\/wp\/v2\/pages\/1502\/revisions"}],"predecessor-version":[{"id":2170,"href":"https:\/\/kylat.meitadev.fi\/kanava\/wp-json\/wp\/v2\/pages\/1502\/revisions\/2170"}],"up":[{"embeddable":true,"href":"https:\/\/kylat.meitadev.fi\/kanava\/wp-json\/wp\/v2\/pages\/592"}],"wp:attachment":[{"href":"https:\/\/kylat.meitadev.fi\/kanava\/wp-json\/wp\/v2\/media?parent=1502"}],"curies":[{"name":"wp","href":"https:\/\/api.w.org\/{rel}","templated":true}]}}