{"id":1603,"date":"2014-01-04T16:57:17","date_gmt":"2014-01-04T14:57:17","guid":{"rendered":"https:\/\/kylat.meitadev.fi\/kanava\/?page_id=1603"},"modified":"2014-01-04T22:24:19","modified_gmt":"2014-01-04T20:24:19","slug":"kanavan-liikuntakeskus","status":"publish","type":"page","link":"https:\/\/kylat.meitadev.fi\/kanava\/kylatoiminta\/kanavan-liikuntakeskus\/","title":{"rendered":"Kanavan liikuntakeskus"},"content":{"rendered":"<p style=\"text-align: left\"><img loading=\"lazy\" decoding=\"async\" class=\"wp-image-1636 aligncenter\" style=\"border: 1px solid black\" alt=\"Kanavan liikuntakeskus\" src=\"https:\/\/kylat.meitadev.fi\/kanava\/wp-content\/uploads\/sites\/7\/2014\/01\/liikuntakeskus_2.jpg\" width=\"480\" height=\"240\" srcset=\"https:\/\/kylat.meitadev.fi\/kanava\/wp-content\/uploads\/sites\/7\/2014\/01\/liikuntakeskus_2.jpg 600w, https:\/\/kylat.meitadev.fi\/kanava\/wp-content\/uploads\/sites\/7\/2014\/01\/liikuntakeskus_2-300x150.jpg 300w\" sizes=\"(max-width: 480px) 100vw, 480px\" \/>Kanavan liikuntakeskus k\u00e4sitt\u00e4\u00e4 liikuntahallin, kiekkokaukalon ja urheilukent\u00e4n. Liikuntakeskus sijaitsee Nuijamaantien VT13 varrella Lyytikk\u00e4l\u00e4n kyl\u00e4ss\u00e4 osoitteessa T\u00f6r\u00f6m\u00e4entie 20.<\/p>\n<p>Liikuntakeskuksen tiloja voi varata s\u00e4hk\u00f6isen tilavarauskalenterin avulla. Katso tietoa s\u00e4hk\u00f6isest\u00e4 kalenterista ja sen k\u00e4yt\u00f6st\u00e4 <a title=\"S\u00e4hk\u00f6inen varauskalenteri\" href=\"https:\/\/kylat.meitadev.fi\/kanava\/kylatoiminta\/kanavan-liikuntakeskus\/sahkoinen-varauskalenteri\/\">t\u00e4\u00e4lt\u00e4<\/a>.<\/p>\n<h3>Liikuntahalli<\/h3>\n<h3><img loading=\"lazy\" decoding=\"async\" class=\" wp-image-1659 alignleft\" style=\"border: 1px solid black\" alt=\"pingis\" src=\"https:\/\/kylat.meitadev.fi\/kanava\/wp-content\/uploads\/sites\/7\/2014\/01\/pingis.jpg\" width=\"180\" height=\"169\" \/><\/h3>\n<p>Liikuntahalli on valmistunut kes\u00e4ll\u00e4 2013. Liikuntahallissa\u00a0on liikuntasali ja kabinetti.<\/p>\n<p>Kabinettia voi k\u00e4ytt\u00e4\u00e4 kokoustilana ja sen yhteydess\u00e4 on my\u00f6s hyvin varusteltu keitti\u00f6.<\/p>\n<p>Liikuntasalissa voi harrastaa mm. s\u00e4hly\u00e4, sulkapalloa, pingist\u00e4 ja jumppaa.<\/p>\n<h3>Ulkoliikunta<\/h3>\n<p>Urheilukent\u00e4n alueella voi harrastaa mm. hiihtoa, lenkkeily\u00e4 ja jalkapalloa sek\u00e4 talvisin kiekkokaukalossa (= Kanava-areena) luistelua, j\u00e4\u00e4kiekkoa ja kaukalopalloa.<\/p>\n<h3>Kanava-areena<\/h3>\n<p><img loading=\"lazy\" decoding=\"async\" class=\"alignright  wp-image-952\" alt=\"Kanava-areena logo\" src=\"https:\/\/kylat.meitadev.fi\/kanava\/wp-content\/uploads\/sites\/7\/2012\/02\/kanava_areena_logo.png\" width=\"202\" height=\"202\" \/>Kanava-areena on syksyll\u00e4 2011 valmistunut 52-metrinen valaistu kiekkokaukalo.\u00a0Kaukalo soveltuu mm. puulaakiotteluiden pelaamiseen, mutta ensijaisesti se on kuitenkin avoimessa k\u00e4yt\u00f6ss\u00e4. Luistelijoiden k\u00e4yt\u00f6ss\u00e4 on kaksi l\u00e4mmint\u00e4 pukukoppia. Kanava-areenan j\u00e4\u00e4lle voi tulla kuka tahansa luistelemaan!<\/p>\n<p>Katso Kanava-areenan kunnossapitovuorot <a title=\"Kanava-areenan kunnossapitovuorot\" href=\"https:\/\/kylat.meitadev.fi\/kanava\/kylatoiminta\/kanavan-liikuntakeskus\/kanava-areenan-kunnossapitovuorot\/\">t\u00e4\u00e4lt\u00e4<\/a>.<\/p>\n","protected":false},"excerpt":{"rendered":"<p>Kanavan liikuntakeskus k\u00e4sitt\u00e4\u00e4 liikuntahallin, kiekkokaukalon ja urheilukent\u00e4n. Liikuntakeskus sijaitsee Nuijamaantien VT13 varrella Lyytikk\u00e4l\u00e4n kyl\u00e4ss\u00e4 osoitteessa T\u00f6r\u00f6m\u00e4entie 20. Liikuntakeskuksen tiloja voi varata s\u00e4hk\u00f6isen tilavarauskalenterin avulla. Katso tietoa s\u00e4hk\u00f6isest\u00e4 kalenterista ja sen k\u00e4yt\u00f6st\u00e4 t\u00e4\u00e4lt\u00e4. Liikuntahalli Liikuntahalli on valmistunut kes\u00e4ll\u00e4 2013. Liikuntahallissa\u00a0on liikuntasali &hellip; <a href=\"https:\/\/kylat.meitadev.fi\/kanava\/kylatoiminta\/kanavan-liikuntakeskus\/\">Lue loppuun <span class=\"meta-nav\">&rarr;<\/span><\/a><\/p>\n","protected":false},"author":10,"featured_media":0,"parent":423,"menu_order":0,"comment_status":"closed","ping_status":"closed","template":"onecolumn-page.php","meta":{"footnotes":""},"_links":{"self":[{"href":"https:\/\/kylat.meitadev.fi\/kanava\/wp-json\/wp\/v2\/pages\/1603"}],"collection":[{"href":"https:\/\/kylat.meitadev.fi\/kanava\/wp-json\/wp\/v2\/pages"}],"about":[{"href":"https:\/\/kylat.meitadev.fi\/kanava\/wp-json\/wp\/v2\/types\/page"}],"author":[{"embeddable":true,"href":"https:\/\/kylat.meitadev.fi\/kanava\/wp-json\/wp\/v2\/users\/10"}],"replies":[{"embeddable":true,"href":"https:\/\/kylat.meitadev.fi\/kanava\/wp-json\/wp\/v2\/comments?post=1603"}],"version-history":[{"count":23,"href":"https:\/\/kylat.meitadev.fi\/kanava\/wp-json\/wp\/v2\/pages\/1603\/revisions"}],"predecessor-version":[{"id":1665,"href":"https:\/\/kylat.meitadev.fi\/kanava\/wp-json\/wp\/v2\/pages\/1603\/revisions\/1665"}],"up":[{"embeddable":true,"href":"https:\/\/kylat.meitadev.fi\/kanava\/wp-json\/wp\/v2\/pages\/423"}],"wp:attachment":[{"href":"https:\/\/kylat.meitadev.fi\/kanava\/wp-json\/wp\/v2\/media?parent=1603"}],"curies":[{"name":"wp","href":"https:\/\/api.w.org\/{rel}","templated":true}]}}