{"id":1612,"date":"2014-01-04T17:42:44","date_gmt":"2014-01-04T15:42:44","guid":{"rendered":"https:\/\/kylat.meitadev.fi\/kanava\/?page_id=1612"},"modified":"2014-01-04T21:51:14","modified_gmt":"2014-01-04T19:51:14","slug":"sahkoinen-varauskalenteri","status":"publish","type":"page","link":"https:\/\/kylat.meitadev.fi\/kanava\/kylatoiminta\/kanavan-liikuntakeskus\/sahkoinen-varauskalenteri\/","title":{"rendered":"S\u00e4hk\u00f6inen varauskalenteri"},"content":{"rendered":"<h3>Yleist\u00e4 varauskalenterista<\/h3>\n<ul>\n<li>Linkki s\u00e4hk\u00f6iseen varauskalenteriin on kyl\u00e4yhdistyksen nettisivujen etusivulla oikealla <a title=\"Etusivu\" href=\"https:\/\/kylat.meitadev.fi\/kanava\/\">kylat.ekarjala.fi\/kanava\/<\/a>.<\/li>\n<li>Max. m\u00e4\u00e4r\u00e4 tulevia varauksia: 50 kpl<\/li>\n<li>Max. m\u00e4\u00e4r\u00e4 vanhoja varauksia: 500 kpl<\/li>\n<li>Vaihtuva mainos varauskalenterin keskell\u00e4<\/li>\n<li>Max. m\u00e4\u00e4r\u00e4 rekister\u00f6ityj\u00e4 k\u00e4ytt\u00e4ji\u00e4: 50 hl\u00f6\u00e4. <b>Vain rekister\u00f6ityneet k\u00e4ytt\u00e4j\u00e4t pystyv\u00e4t tekem\u00e4\u00e4n varauksia.<\/b> Rekister\u00f6itym\u00e4t\u00f6n k\u00e4ytt\u00e4j\u00e4 n\u00e4kee tehdyt varaukset, mutta ei varauksen tekij\u00e4n tietoja<\/li>\n<\/ul>\n<h3>Rekister\u00f6ityminen<\/h3>\n<ul>\n<li>Rekister\u00f6itymist\u00e4 varten l\u00e4het\u00e4 sposti Anne Nevalaiselle (yll\u00e4pit\u00e4j\u00e4): anne.newis(a)gmail.com<\/li>\n<li>Rekister\u00f6intiin tarvitaan spostiosoite, nimi ja k\u00e4nnykk\u00e4numero<\/li>\n<li>Salasanan m\u00e4\u00e4rittelee p\u00e4\u00e4k\u00e4ytt\u00e4j\u00e4. Kun rekister\u00f6inti tehty, yll\u00e4pit\u00e4j\u00e4 l\u00e4hett\u00e4\u00e4 kirjautumistiedot spostilla<\/li>\n<li><b>Vain yksi rekister\u00f6ity k\u00e4ytt\u00e4j\u00e4\/talous<\/b><\/li>\n<\/ul>\n<h3>Kalenterin asetukset<\/h3>\n<ul>\n<li>K\u00e4ytt\u00e4j\u00e4 voi tehd\u00e4 1 varauksen kerrallaan. Kirjattu varaus on siis \u201dk\u00e4ytett\u00e4v\u00e4 pois\u201d ennen kuin voi tehd\u00e4 uuden varauksen<\/li>\n<li>Varauksen voi tehd\u00e4 1 tunti &#8211; 2 kk etuk\u00e4teen<\/li>\n<li>K\u00e4ytt\u00e4j\u00e4 voi muokata omaa varausta sek\u00e4 peruuttaa oman varauksen<\/li>\n<li>Varausaika: min. 30 minuuttia, max. 2 tuntia. Suositus on, ett\u00e4 varaus tehd\u00e4\u00e4n 1 tunniksi kerrallaan<\/li>\n<li>Rajoitukset eiv\u00e4t koske yll\u00e4pit\u00e4j\u00e4\u00e4. Jos tarvitset varauksen esim. nelj\u00e4n kuukauden p\u00e4\u00e4h\u00e4n tai pidemm\u00e4n ajan kuin 2 tuntia, ota yhteytt\u00e4 yll\u00e4pit\u00e4j\u00e4\u00e4n<\/li>\n<\/ul>\n<h3>Varauksen tekeminen<\/h3>\n<p><a title=\"Ohje, kalenterivarauksen tekeminen\" href=\"https:\/\/kylat.meitadev.fi\/kanava\/wp-content\/uploads\/sites\/7\/2014\/01\/S\u00e4hk\u00f6inen-kalenteri_varauksen-tekeminen.pdf\" target=\"_blank\">Tulostettava ohje (PDF)<\/a><\/p>\n","protected":false},"excerpt":{"rendered":"<p>Yleist\u00e4 varauskalenterista Linkki s\u00e4hk\u00f6iseen varauskalenteriin on kyl\u00e4yhdistyksen nettisivujen etusivulla oikealla kylat.ekarjala.fi\/kanava\/. Max. m\u00e4\u00e4r\u00e4 tulevia varauksia: 50 kpl Max. m\u00e4\u00e4r\u00e4 vanhoja varauksia: 500 kpl Vaihtuva mainos varauskalenterin keskell\u00e4 Max. m\u00e4\u00e4r\u00e4 rekister\u00f6ityj\u00e4 k\u00e4ytt\u00e4ji\u00e4: 50 hl\u00f6\u00e4. Vain rekister\u00f6ityneet k\u00e4ytt\u00e4j\u00e4t pystyv\u00e4t tekem\u00e4\u00e4n varauksia. Rekister\u00f6itym\u00e4t\u00f6n &hellip; <a href=\"https:\/\/kylat.meitadev.fi\/kanava\/kylatoiminta\/kanavan-liikuntakeskus\/sahkoinen-varauskalenteri\/\">Lue loppuun <span class=\"meta-nav\">&rarr;<\/span><\/a><\/p>\n","protected":false},"author":10,"featured_media":0,"parent":1603,"menu_order":0,"comment_status":"closed","ping_status":"closed","template":"onecolumn-page.php","meta":{"footnotes":""},"_links":{"self":[{"href":"https:\/\/kylat.meitadev.fi\/kanava\/wp-json\/wp\/v2\/pages\/1612"}],"collection":[{"href":"https:\/\/kylat.meitadev.fi\/kanava\/wp-json\/wp\/v2\/pages"}],"about":[{"href":"https:\/\/kylat.meitadev.fi\/kanava\/wp-json\/wp\/v2\/types\/page"}],"author":[{"embeddable":true,"href":"https:\/\/kylat.meitadev.fi\/kanava\/wp-json\/wp\/v2\/users\/10"}],"replies":[{"embeddable":true,"href":"https:\/\/kylat.meitadev.fi\/kanava\/wp-json\/wp\/v2\/comments?post=1612"}],"version-history":[{"count":6,"href":"https:\/\/kylat.meitadev.fi\/kanava\/wp-json\/wp\/v2\/pages\/1612\/revisions"}],"predecessor-version":[{"id":1657,"href":"https:\/\/kylat.meitadev.fi\/kanava\/wp-json\/wp\/v2\/pages\/1612\/revisions\/1657"}],"up":[{"embeddable":true,"href":"https:\/\/kylat.meitadev.fi\/kanava\/wp-json\/wp\/v2\/pages\/1603"}],"wp:attachment":[{"href":"https:\/\/kylat.meitadev.fi\/kanava\/wp-json\/wp\/v2\/media?parent=1612"}],"curies":[{"name":"wp","href":"https:\/\/api.w.org\/{rel}","templated":true}]}}