{"id":1735,"date":"2014-06-29T21:39:46","date_gmt":"2014-06-29T18:39:46","guid":{"rendered":"https:\/\/kylat.meitadev.fi\/kanava\/?page_id=1735"},"modified":"2017-02-04T14:34:50","modified_gmt":"2017-02-04T12:34:50","slug":"liikuntahallin-avajaiset","status":"publish","type":"page","link":"https:\/\/kylat.meitadev.fi\/kanava\/hankkeet\/lyytikkalan-monitoimihalli\/liikuntahallin-avajaiset\/","title":{"rendered":"Liikuntahallin avajaiset"},"content":{"rendered":"<p>Saimaan kanavan kyl\u00e4yhdistyksen Liikuntahallin avajaiset pidettiin sateisena helatorstain iltap\u00e4iv\u00e4n\u00e4 29.5.2014.<\/p>\n<p>Avajaisjuhlallisuudet aloitettiin kello 15. Kyl\u00e4yhdistyksen puheenjohtajan tervetulopuheella toivoteltiin niin yleis\u00f6 kuin ohjelmansuorittajat tervetulleeksi. Puheessa muisteltiin talkoohommia &#8211; miten oltiin monet kerrat oltu yhdess\u00e4 rakentamassa hallia. Oli isompia sek\u00e4 pienempi\u00e4 talkoita ja erikoisesti olivat j\u00e4\u00e4neet mieleen lattian ly\u00f6ntitalkoot nelj\u00e4n\u00e4 p\u00e4iv\u00e4n\u00e4 per\u00e4tysten. Nyt on ty\u00f6n j\u00e4lki kaikkien n\u00e4ht\u00e4vill\u00e4 sek\u00e4 tilat k\u00e4ytett\u00e4viss\u00e4.<\/p>\n<p>Lepolan Pertin juontamalla ohjelmalla jatkettiin eteenp\u00e4in. Ensimm\u00e4isen\u00e4 esiintyiv\u00e4t Lauritsalan Visan tytt\u00f6jen tanssiryhm\u00e4 Jampi, ensimm\u00e4inen tanssi oli \u201dHanna ja Kerttu \u201d. T\u00e4m\u00e4 Jampilaisten muodostaman showpienryhm\u00e4 Adairin tekem\u00e4 ja viiden tyt\u00f6n esitt\u00e4m\u00e4 vaikuttava esitys sai yleis\u00f6lt\u00e4 raikuvat aplodit.<\/p>\n<p>Seuraavana esiintyi reipas tytt\u00f6trio Pinja, Emma ja Kia kolmella kes\u00e4isell\u00e4 laulullaan Raimo Alaraatikan s\u00e4est\u00e4m\u00e4n\u00e4. Kyll\u00e4 tyt\u00f6t osasivat ottaa yleis\u00f6ns\u00e4.<\/p>\n<p>Mestaripelimanni Juha Kuorttinen soitti seuraavaksi kolme eritt\u00e4in hienoa ja vaikuttavaa karjalaista kansanmusiikkikappaletta. Kyll\u00e4 on ilo kuunnella niin hienoa musiikkia, mit\u00e4 Juha kanteleellaan tuo kuultavaksi!<\/p>\n<p>Kantele-esityksen j\u00e4lkeen Lappeen Riennon johtokunnan tervehdyksen toi kukkasten ja puheiden kera puheenjohtaja Juha Heimala ja Veijo Pusa.<\/p>\n<p>Sitten Jampin tanssiryhm\u00e4 esiintyi toisen kerran. Seitsem\u00e4n tyt\u00f6n discopienryhm\u00e4n tanssiesityksess\u00e4 oli vauhtia ja menossa meininki\u00e4, vaikka tila oli rajallinen orkesterin soittov\u00e4lineiden takia. Esitys oli eritt\u00e4in taidokas ja tempasi katsojat mukaansa.<\/p>\n<p>Juontaja kuulutti seuraavaksi esiintyv\u00e4t Helmin ja Orvokin. Kaikille k\u00e4vi kyll\u00e4 selv\u00e4ksi, keit\u00e4 n\u00e4m\u00e4 Helmiorvokit olivat, kunhan selvisiv\u00e4t yleis\u00f6n takaa yleis\u00f6n eteen. Helmiorvokit hauskuuttivat yleis\u00f6\u00e4 kyselem\u00e4ll\u00e4 heilt\u00e4 kaikenlaisia talkoisiin liittyvi\u00e4 asioita. Yleis\u00f6 vastaili, ja jos ei, niin Helmiorvokit vastasivat tietysti itse. Menih\u00e4n siin\u00e4 aikaa asioita selvitelless\u00e4. Sitten Helmiorvokit lauloivat talkoolaisille tekem\u00e4ns\u00e4 laulun (<a title=\"laulun sanat\" href=\"https:\/\/kylat.meitadev.fi\/kanava\/wp-content\/uploads\/sites\/7\/2014\/06\/Liikuntahallin-avajaiset_Helmiorvokkien-laulu.pdf\" target=\"_blank\">linkki laulun sanoihin<\/a>) ja esittiv\u00e4t my\u00f6s \u201dtalkoozumban\u201d. Kyll\u00e4 oli mukavaa kuultavaa ja katsottavaa. Lopuksi Helmiorvokit jakoivat punaisia neilikoita valitsemilleen talkoomiehille.<\/p>\n<p>T\u00e4m\u00e4n j\u00e4lkeen yleis\u00f6n eteen ilmestyi Hirvoska, ainakin se oli Anitan n\u00e4k\u00f6inen. Ja niinh\u00e4n siin\u00e4 k\u00e4vi, ett\u00e4 kymmenen miehen kuoro lauloi neilikat k\u00e4dess\u00e4 Anitan johdolla treenaamatta. Mutta nyth\u00e4n olikin kysymyksess\u00e4 talkoomiehet ja hommat hoidetaan kun ryhdyt\u00e4\u00e4n! Kyll\u00e4p\u00e4 olikin hyv\u00e4t esiintyj\u00e4t ja taputuksetkin kestiv\u00e4t pitk\u00e4\u00e4n.<\/p>\n<p>Viimeisen\u00e4 ohjelmanumerona esiintyi j\u00e4lleen tanssiryhm\u00e4 Jampi. Kymmenen tyt\u00f6n esitt\u00e4m\u00e4 \u201dMission Impossible\u201d -tanssiesitys oli oikein vauhdikas ja mukaansatempaava. Kyll\u00e4 tanssiryhm\u00e4n j\u00e4senet varmaan treenaavat paljon ja laadukkaasti, esitykset ainakin olivat sit\u00e4 luokkaa.<\/p>\n<p>Kun oli viel\u00e4 luovutettu konjakkil\u00e4mmittimet talkoiden puuhamiehille, oli varsinainen ohjelma ohi.<\/p>\n<p>Pertti tarttui mikkiin ja kiitti ohjelman suorittajia sek\u00e4 ilmoitti, ett\u00e4 nyt siirryt\u00e4\u00e4n vapaamuotoiseen ohjelmaan. Haikalan Sanna ja Kansosen P\u00e4ivi olivat puolilta p\u00e4ivin asti keitelleet kentt\u00e4keitti\u00f6ll\u00e4 rokkaa yhteens\u00e4 75 litraa kaikkien nautittavaksi. Rokka sy\u00f6d\u00e4\u00e4n loppuun ja jos ei jakseta, niin loput ostetaan kotiin viet\u00e4v\u00e4ksi, oli kuuluttajan ohje. Papusen leip\u00e4\u00e4 oli rokan kanssa sek\u00e4 kotikaljaa tietenkin. P\u00e4\u00e4lle juotiin kahvit kotileipomo Heikki Tyrisev\u00e4n lahjoittamien viipurinrinkeleiden kera. Niin juhlat jatkuivat seurustelun ja musiikin kuuntelun kera Tero Penttil\u00e4n orkestereineen soittaessa ikivihreit\u00e4 pop- ja rock-s\u00e4velmi\u00e4.<\/p>\n<p>Kaiken kaikkiaan tilaisuus oli onnistunut: yleis\u00f6 tuntui olevan tyytyv\u00e4inen n\u00e4kem\u00e4\u00e4ns\u00e4 ja kokemaansa, sill\u00e4 kaikki esitykset ja esiintyj\u00e4t ker\u00e4siv\u00e4t raikuvat suosionosoitukset! Sade muutti tilaisuutta silt\u00e4 osin, ett\u00e4 jouduttiin kokonaan sis\u00e4tiloihin, mutta tulipa todistettua, ett\u00e4 hallin sis\u00e4lle sopii 120 -130 henke\u00e4 hyvin.<\/p>\n<p>Nyt on siis kyl\u00e4yhdistyksen Liikuntahallin tilat virallisesti avattu, toivotaan onnea ja menestyst\u00e4 jatkossakin, niin hallille kun kyl\u00e4yhdistyksellekin!<\/p>\n<h5>Alla on kuvagalleria tilaisuudesta. Klikkaa kuvaa, jolloin kuva aukeaa ikkunaan suurempana. P\u00e4\u00e4set palaamaan takaisin sivulle selaimen Paluu (Back) -nuolella.<\/h5>\n\n\t\t<style type=\"text\/css\">\n\t\t\t#gallery-1 {\n\t\t\t\tmargin: auto;\n\t\t\t}\n\t\t\t#gallery-1 .gallery-item {\n\t\t\t\tfloat: left;\n\t\t\t\tmargin-top: 10px;\n\t\t\t\ttext-align: center;\n\t\t\t\twidth: 33%;\n\t\t\t}\n\t\t\t#gallery-1 img {\n\t\t\t\tborder: 2px solid #cfcfcf;\n\t\t\t}\n\t\t\t#gallery-1 .gallery-caption {\n\t\t\t\tmargin-left: 0;\n\t\t\t}\n\t\t\t\/* see gallery_shortcode() in wp-includes\/media.php *\/\n\t\t<\/style>\n\t\t<div id='gallery-1' class='gallery galleryid-1735 gallery-columns-3 gallery-size-thumbnail'><dl class='gallery-item'>\n\t\t\t<dt class='gallery-icon landscape'>\n\t\t\t\t<a href='https:\/\/kylat.meitadev.fi\/kanava\/wp-content\/uploads\/sites\/7\/2014\/06\/yleiso01.jpg'><img loading=\"lazy\" decoding=\"async\" width=\"150\" height=\"150\" src=\"https:\/\/kylat.meitadev.fi\/kanava\/wp-content\/uploads\/sites\/7\/2014\/06\/yleiso01-150x150.jpg\" class=\"attachment-thumbnail size-thumbnail\" alt=\"\" aria-describedby=\"gallery-1-1749\" \/><\/a>\n\t\t\t<\/dt>\n\t\t\t\t<dd class='wp-caption-text gallery-caption' id='gallery-1-1749'>\n\t\t\t\tYleis\u00f6\u00e4\n\t\t\t\t<\/dd><\/dl><dl class='gallery-item'>\n\t\t\t<dt class='gallery-icon landscape'>\n\t\t\t\t<a href='https:\/\/kylat.meitadev.fi\/kanava\/wp-content\/uploads\/sites\/7\/2014\/06\/trio01.jpg'><img loading=\"lazy\" decoding=\"async\" width=\"150\" height=\"150\" src=\"https:\/\/kylat.meitadev.fi\/kanava\/wp-content\/uploads\/sites\/7\/2014\/06\/trio01-150x150.jpg\" class=\"attachment-thumbnail size-thumbnail\" alt=\"\" aria-describedby=\"gallery-1-1748\" \/><\/a>\n\t\t\t<\/dt>\n\t\t\t\t<dd class='wp-caption-text gallery-caption' id='gallery-1-1748'>\n\t\t\t\tLaulutrio Pinja, Emma ja Kia\n\t\t\t\t<\/dd><\/dl><dl class='gallery-item'>\n\t\t\t<dt class='gallery-icon portrait'>\n\t\t\t\t<a href='https:\/\/kylat.meitadev.fi\/kanava\/wp-content\/uploads\/sites\/7\/2014\/06\/mestaripelimanni01.jpg'><img loading=\"lazy\" decoding=\"async\" width=\"150\" height=\"150\" src=\"https:\/\/kylat.meitadev.fi\/kanava\/wp-content\/uploads\/sites\/7\/2014\/06\/mestaripelimanni01-150x150.jpg\" class=\"attachment-thumbnail size-thumbnail\" alt=\"\" aria-describedby=\"gallery-1-1746\" \/><\/a>\n\t\t\t<\/dt>\n\t\t\t\t<dd class='wp-caption-text gallery-caption' id='gallery-1-1746'>\n\t\t\t\tMestaripelimanni Juha Kuorttinen\n\t\t\t\t<\/dd><\/dl><br style=\"clear: both\" \/><dl class='gallery-item'>\n\t\t\t<dt class='gallery-icon landscape'>\n\t\t\t\t<a href='https:\/\/kylat.meitadev.fi\/kanava\/wp-content\/uploads\/sites\/7\/2014\/06\/riento01.jpg'><img loading=\"lazy\" decoding=\"async\" width=\"150\" height=\"150\" src=\"https:\/\/kylat.meitadev.fi\/kanava\/wp-content\/uploads\/sites\/7\/2014\/06\/riento01-150x150.jpg\" class=\"attachment-thumbnail size-thumbnail\" alt=\"\" aria-describedby=\"gallery-1-1747\" \/><\/a>\n\t\t\t<\/dt>\n\t\t\t\t<dd class='wp-caption-text gallery-caption' id='gallery-1-1747'>\n\t\t\t\tLappeen Riennon johtokunnan tervehdys\n\t\t\t\t<\/dd><\/dl><dl class='gallery-item'>\n\t\t\t<dt class='gallery-icon landscape'>\n\t\t\t\t<a href='https:\/\/kylat.meitadev.fi\/kanava\/wp-content\/uploads\/sites\/7\/2014\/06\/jampi01.jpg'><img loading=\"lazy\" decoding=\"async\" width=\"150\" height=\"150\" src=\"https:\/\/kylat.meitadev.fi\/kanava\/wp-content\/uploads\/sites\/7\/2014\/06\/jampi01-150x150.jpg\" class=\"attachment-thumbnail size-thumbnail\" alt=\"\" aria-describedby=\"gallery-1-1745\" \/><\/a>\n\t\t\t<\/dt>\n\t\t\t\t<dd class='wp-caption-text gallery-caption' id='gallery-1-1745'>\n\t\t\t\tTanssiryhm\u00e4 Jampi\n\t\t\t\t<\/dd><\/dl><dl class='gallery-item'>\n\t\t\t<dt class='gallery-icon portrait'>\n\t\t\t\t<a href='https:\/\/kylat.meitadev.fi\/kanava\/wp-content\/uploads\/sites\/7\/2014\/06\/helmiorvokit01.jpg'><img loading=\"lazy\" decoding=\"async\" width=\"150\" height=\"150\" src=\"https:\/\/kylat.meitadev.fi\/kanava\/wp-content\/uploads\/sites\/7\/2014\/06\/helmiorvokit01-150x150.jpg\" class=\"attachment-thumbnail size-thumbnail\" alt=\"\" aria-describedby=\"gallery-1-1738\" \/><\/a>\n\t\t\t<\/dt>\n\t\t\t\t<dd class='wp-caption-text gallery-caption' id='gallery-1-1738'>\n\t\t\t\tHelmi ja Orvokki\n\t\t\t\t<\/dd><\/dl><br style=\"clear: both\" \/><dl class='gallery-item'>\n\t\t\t<dt class='gallery-icon landscape'>\n\t\t\t\t<a href='https:\/\/kylat.meitadev.fi\/kanava\/wp-content\/uploads\/sites\/7\/2014\/06\/helmiorvokit02.jpg'><img loading=\"lazy\" decoding=\"async\" width=\"150\" height=\"150\" src=\"https:\/\/kylat.meitadev.fi\/kanava\/wp-content\/uploads\/sites\/7\/2014\/06\/helmiorvokit02-150x150.jpg\" class=\"attachment-thumbnail size-thumbnail\" alt=\"\" aria-describedby=\"gallery-1-1739\" \/><\/a>\n\t\t\t<\/dt>\n\t\t\t\t<dd class='wp-caption-text gallery-caption' id='gallery-1-1739'>\n\t\t\t\tHelmiorvokit \n\t\t\t\t<\/dd><\/dl><dl class='gallery-item'>\n\t\t\t<dt class='gallery-icon landscape'>\n\t\t\t\t<a href='https:\/\/kylat.meitadev.fi\/kanava\/wp-content\/uploads\/sites\/7\/2014\/06\/helmiorvokit03.jpg'><img loading=\"lazy\" decoding=\"async\" width=\"150\" height=\"150\" src=\"https:\/\/kylat.meitadev.fi\/kanava\/wp-content\/uploads\/sites\/7\/2014\/06\/helmiorvokit03-150x150.jpg\" class=\"attachment-thumbnail size-thumbnail\" alt=\"\" aria-describedby=\"gallery-1-1740\" \/><\/a>\n\t\t\t<\/dt>\n\t\t\t\t<dd class='wp-caption-text gallery-caption' id='gallery-1-1740'>\n\t\t\t\tHelmiorvokit laulaa\n\t\t\t\t<\/dd><\/dl><dl class='gallery-item'>\n\t\t\t<dt class='gallery-icon landscape'>\n\t\t\t\t<a href='https:\/\/kylat.meitadev.fi\/kanava\/wp-content\/uploads\/sites\/7\/2014\/06\/helmiorvokit04.jpg'><img loading=\"lazy\" decoding=\"async\" width=\"150\" height=\"150\" src=\"https:\/\/kylat.meitadev.fi\/kanava\/wp-content\/uploads\/sites\/7\/2014\/06\/helmiorvokit04-150x150.jpg\" class=\"attachment-thumbnail size-thumbnail\" alt=\"\" aria-describedby=\"gallery-1-1741\" \/><\/a>\n\t\t\t<\/dt>\n\t\t\t\t<dd class='wp-caption-text gallery-caption' id='gallery-1-1741'>\n\t\t\t\tHelmiorvokit jakavat neilikoita talkoomiehille\n\t\t\t\t<\/dd><\/dl><br style=\"clear: both\" \/><dl class='gallery-item'>\n\t\t\t<dt class='gallery-icon landscape'>\n\t\t\t\t<a href='https:\/\/kylat.meitadev.fi\/kanava\/wp-content\/uploads\/sites\/7\/2014\/06\/hirvoska01.jpg'><img loading=\"lazy\" decoding=\"async\" width=\"150\" height=\"150\" src=\"https:\/\/kylat.meitadev.fi\/kanava\/wp-content\/uploads\/sites\/7\/2014\/06\/hirvoska01-150x150.jpg\" class=\"attachment-thumbnail size-thumbnail\" alt=\"\" aria-describedby=\"gallery-1-1742\" \/><\/a>\n\t\t\t<\/dt>\n\t\t\t\t<dd class='wp-caption-text gallery-caption' id='gallery-1-1742'>\n\t\t\t\tHirvoska\n\t\t\t\t<\/dd><\/dl><dl class='gallery-item'>\n\t\t\t<dt class='gallery-icon landscape'>\n\t\t\t\t<a href='https:\/\/kylat.meitadev.fi\/kanava\/wp-content\/uploads\/sites\/7\/2014\/06\/hirvoska03.jpg'><img loading=\"lazy\" decoding=\"async\" width=\"150\" height=\"150\" src=\"https:\/\/kylat.meitadev.fi\/kanava\/wp-content\/uploads\/sites\/7\/2014\/06\/hirvoska03-150x150.jpg\" class=\"attachment-thumbnail size-thumbnail\" alt=\"\" aria-describedby=\"gallery-1-1744\" \/><\/a>\n\t\t\t<\/dt>\n\t\t\t\t<dd class='wp-caption-text gallery-caption' id='gallery-1-1744'>\n\t\t\t\tHirvoska\n\t\t\t\t<\/dd><\/dl><dl class='gallery-item'>\n\t\t\t<dt class='gallery-icon landscape'>\n\t\t\t\t<a href='https:\/\/kylat.meitadev.fi\/kanava\/wp-content\/uploads\/sites\/7\/2014\/06\/hirvoska02.jpg'><img loading=\"lazy\" decoding=\"async\" width=\"150\" height=\"150\" src=\"https:\/\/kylat.meitadev.fi\/kanava\/wp-content\/uploads\/sites\/7\/2014\/06\/hirvoska02-150x150.jpg\" class=\"attachment-thumbnail size-thumbnail\" alt=\"\" aria-describedby=\"gallery-1-1743\" \/><\/a>\n\t\t\t<\/dt>\n\t\t\t\t<dd class='wp-caption-text gallery-caption' id='gallery-1-1743'>\n\t\t\t\tHirvoska\n\t\t\t\t<\/dd><\/dl><br style=\"clear: both\" \/><dl class='gallery-item'>\n\t\t\t<dt class='gallery-icon landscape'>\n\t\t\t\t<a href='https:\/\/kylat.meitadev.fi\/kanava\/wp-content\/uploads\/sites\/7\/2014\/06\/bandi01.jpg'><img loading=\"lazy\" decoding=\"async\" width=\"150\" height=\"150\" src=\"https:\/\/kylat.meitadev.fi\/kanava\/wp-content\/uploads\/sites\/7\/2014\/06\/bandi01-150x150.jpg\" class=\"attachment-thumbnail size-thumbnail\" alt=\"\" aria-describedby=\"gallery-1-1737\" \/><\/a>\n\t\t\t<\/dt>\n\t\t\t\t<dd class='wp-caption-text gallery-caption' id='gallery-1-1737'>\n\t\t\t\tTero Penttil\u00e4 &amp; orkesteri\n\t\t\t\t<\/dd><\/dl><dl class='gallery-item'>\n\t\t\t<dt class='gallery-icon landscape'>\n\t\t\t\t<a href='https:\/\/kylat.meitadev.fi\/kanava\/wp-content\/uploads\/sites\/7\/2014\/06\/yleiso02.jpg'><img loading=\"lazy\" decoding=\"async\" width=\"150\" height=\"150\" src=\"https:\/\/kylat.meitadev.fi\/kanava\/wp-content\/uploads\/sites\/7\/2014\/06\/yleiso02-150x150.jpg\" class=\"attachment-thumbnail size-thumbnail\" alt=\"\" aria-describedby=\"gallery-1-1755\" \/><\/a>\n\t\t\t<\/dt>\n\t\t\t\t<dd class='wp-caption-text gallery-caption' id='gallery-1-1755'>\n\t\t\t\tYleis\u00f6\u00e4\n\t\t\t\t<\/dd><\/dl>\n\t\t\t<br style='clear: both' \/>\n\t\t<\/div>\n\n","protected":false},"excerpt":{"rendered":"<p>Saimaan kanavan kyl\u00e4yhdistyksen Liikuntahallin avajaiset pidettiin sateisena helatorstain iltap\u00e4iv\u00e4n\u00e4 29.5.2014. Avajaisjuhlallisuudet aloitettiin kello 15. Kyl\u00e4yhdistyksen puheenjohtajan tervetulopuheella toivoteltiin niin yleis\u00f6 kuin ohjelmansuorittajat tervetulleeksi. Puheessa muisteltiin talkoohommia &#8211; miten oltiin monet kerrat oltu yhdess\u00e4 rakentamassa hallia. Oli isompia sek\u00e4 pienempi\u00e4 talkoita &hellip; <a href=\"https:\/\/kylat.meitadev.fi\/kanava\/hankkeet\/lyytikkalan-monitoimihalli\/liikuntahallin-avajaiset\/\">Lue loppuun <span class=\"meta-nav\">&rarr;<\/span><\/a><\/p>\n","protected":false},"author":10,"featured_media":0,"parent":1105,"menu_order":5,"comment_status":"closed","ping_status":"closed","template":"","meta":{"footnotes":""},"_links":{"self":[{"href":"https:\/\/kylat.meitadev.fi\/kanava\/wp-json\/wp\/v2\/pages\/1735"}],"collection":[{"href":"https:\/\/kylat.meitadev.fi\/kanava\/wp-json\/wp\/v2\/pages"}],"about":[{"href":"https:\/\/kylat.meitadev.fi\/kanava\/wp-json\/wp\/v2\/types\/page"}],"author":[{"embeddable":true,"href":"https:\/\/kylat.meitadev.fi\/kanava\/wp-json\/wp\/v2\/users\/10"}],"replies":[{"embeddable":true,"href":"https:\/\/kylat.meitadev.fi\/kanava\/wp-json\/wp\/v2\/comments?post=1735"}],"version-history":[{"count":9,"href":"https:\/\/kylat.meitadev.fi\/kanava\/wp-json\/wp\/v2\/pages\/1735\/revisions"}],"predecessor-version":[{"id":2196,"href":"https:\/\/kylat.meitadev.fi\/kanava\/wp-json\/wp\/v2\/pages\/1735\/revisions\/2196"}],"up":[{"embeddable":true,"href":"https:\/\/kylat.meitadev.fi\/kanava\/wp-json\/wp\/v2\/pages\/1105"}],"wp:attachment":[{"href":"https:\/\/kylat.meitadev.fi\/kanava\/wp-json\/wp\/v2\/media?parent=1735"}],"curies":[{"name":"wp","href":"https:\/\/api.w.org\/{rel}","templated":true}]}}