{"id":1788,"date":"2014-09-28T13:26:32","date_gmt":"2014-09-28T10:26:32","guid":{"rendered":"https:\/\/kylat.meitadev.fi\/kanava\/?page_id=1788"},"modified":"2014-09-28T13:26:58","modified_gmt":"2014-09-28T10:26:58","slug":"onkikisat-2014","status":"publish","type":"page","link":"https:\/\/kylat.meitadev.fi\/kanava\/tapahtumat\/onkikisat-2014\/","title":{"rendered":"Onkikisat 2014"},"content":{"rendered":"<p>Onkikilpailut j\u00e4rjestettiin 26. elokuuta 2014 Kansolassa. Paikalla oli reilut 70 henkil\u00f6\u00e4. Punnituksessa k\u00e4vi 43 kilpailijaa ja suurimman kalan sai Pentti Ahtiainen (537 g lahna).<\/p>\n<h3>Tulokset:<\/h3>\n<p><strong>naiset<\/strong><\/p>\n<ol>\n<li>Seija Maijanen 543 g<\/li>\n<li>P\u00e4ivi Kansonen 346 g<\/li>\n<li>Jaana Hyttinen\u00a0 182 g<\/li>\n<li>Eveliina Kansonen 145 g<\/li>\n<li>Eila Taipale 145 g<\/li>\n<li>Ritva Mikonsaari 136 g<\/li>\n<li>Natalia Heimala 85 g<\/li>\n<li>Sanna Haikala 79 g<\/li>\n<li>Eila Kansonen 49 g<\/li>\n<li>Ulla Hellman 20 g<\/li>\n<li>Riitta Lempi\u00e4inen 11 g<\/li>\n<\/ol>\n<p><strong>miehet<\/strong><\/p>\n<ol>\n<li>Pentti Ahtiainen 863 g<\/li>\n<li>Juha Kansonen 436 g<\/li>\n<li>Marko Kansonen 377 g<\/li>\n<li>Vesa Ruokonen 258 g<\/li>\n<li>Tero Penttil\u00e4 219 g<\/li>\n<li>Esa Kansonen 217 g<\/li>\n<li>Jyrki Kansonen 207 g<\/li>\n<li>Joonas Kansonen 183 g<\/li>\n<li>Risto Kansonen 177 g<\/li>\n<li>Jukka Summanen 120 g<\/li>\n<li>Sakari H\u00e4rk\u00f6nen 103 g<\/li>\n<li>Heikki Auramo 71 g<\/li>\n<li>Pekka Heimala 57 g<\/li>\n<li>Kalevi Lyytik\u00e4inen 23 g<\/li>\n<li>Kari Lempi\u00e4inen 16 g<\/li>\n<li>Markku Frilander 11 g<\/li>\n<\/ol>\n<p><strong>tyt\u00f6t<\/strong><\/p>\n<ol>\n<li>Sini Talonpoika 106 g<\/li>\n<li>Elsa Mikonsaari\u00a0 76 g<\/li>\n<li>Jenna Heimala 65 g<\/li>\n<li>Ilona Heimala 30 g<\/li>\n<li>Aino Lempi\u00e4inen 11 g<\/li>\n<\/ol>\n<p><strong>pojat<\/strong><\/p>\n<ol>\n<li>Eetu Lankinen\u00a0 877 g<\/li>\n<li>Miko J\u00e4k\u00e4l\u00e4\u00a0 234 g<\/li>\n<li>Jesse Markkanen\u00a0 208 g<\/li>\n<li>Viljo Mikonsaari\u00a0 133 g<\/li>\n<li>Samu Keituri\u00a0 96 g<\/li>\n<li>Leevi Mikonsaari\u00a0 76 g<\/li>\n<li>Santeri Mikonsaari\u00a0 32 g<\/li>\n<li>Mikko Lempi\u00e4inen\u00a0 21 g<\/li>\n<li>Jimi Auramo\u00a0 20 g<\/li>\n<li>Vilppu Heimala\u00a0 18 g<\/li>\n<li>Antti Lempi\u00e4inen\u00a0 16 g<\/li>\n<\/ol>\n<p>P\u00e4\u00e4palkintoina olivat S\u00e4hk\u00f6-V\u00e4yl\u00e4n lahjoittamat polkupy\u00f6r\u00e4t\u00a0 naisten ja miesten sarjojen voittajille. Lis\u00e4ksi palkintoja olivat lahjoittaneet Tuottajain Maito, K\u2013maatalous, Agrimarket, Kastelli, Prisma, Senko ja Cramo. Kiitos kaikille palkintojen lahjoittajille ja onkikilpailuihin osallistuneille sek\u00e4 avustajille ja kannustajille!<\/p>\n<p>S\u00e4\u00e4 suosi kilpailua aina palkintojen jakoon saakka, sitten pieni sadekuuro v\u00e4h\u00e4n h\u00e4iritsi. Muuten kisat olivat oikein kunnon kyl\u00e4tapahtuma parhaimmillaan.<\/p>\n","protected":false},"excerpt":{"rendered":"<p>Onkikilpailut j\u00e4rjestettiin 26. elokuuta 2014 Kansolassa. Paikalla oli reilut 70 henkil\u00f6\u00e4. Punnituksessa k\u00e4vi 43 kilpailijaa ja suurimman kalan sai Pentti Ahtiainen (537 g lahna). Tulokset: naiset Seija Maijanen 543 g P\u00e4ivi Kansonen 346 g Jaana Hyttinen\u00a0 182 g Eveliina Kansonen &hellip; <a href=\"https:\/\/kylat.meitadev.fi\/kanava\/tapahtumat\/onkikisat-2014\/\">Lue loppuun <span class=\"meta-nav\">&rarr;<\/span><\/a><\/p>\n","protected":false},"author":10,"featured_media":0,"parent":592,"menu_order":0,"comment_status":"closed","ping_status":"closed","template":"onecolumn-page.php","meta":{"footnotes":""},"_links":{"self":[{"href":"https:\/\/kylat.meitadev.fi\/kanava\/wp-json\/wp\/v2\/pages\/1788"}],"collection":[{"href":"https:\/\/kylat.meitadev.fi\/kanava\/wp-json\/wp\/v2\/pages"}],"about":[{"href":"https:\/\/kylat.meitadev.fi\/kanava\/wp-json\/wp\/v2\/types\/page"}],"author":[{"embeddable":true,"href":"https:\/\/kylat.meitadev.fi\/kanava\/wp-json\/wp\/v2\/users\/10"}],"replies":[{"embeddable":true,"href":"https:\/\/kylat.meitadev.fi\/kanava\/wp-json\/wp\/v2\/comments?post=1788"}],"version-history":[{"count":1,"href":"https:\/\/kylat.meitadev.fi\/kanava\/wp-json\/wp\/v2\/pages\/1788\/revisions"}],"predecessor-version":[{"id":1789,"href":"https:\/\/kylat.meitadev.fi\/kanava\/wp-json\/wp\/v2\/pages\/1788\/revisions\/1789"}],"up":[{"embeddable":true,"href":"https:\/\/kylat.meitadev.fi\/kanava\/wp-json\/wp\/v2\/pages\/592"}],"wp:attachment":[{"href":"https:\/\/kylat.meitadev.fi\/kanava\/wp-json\/wp\/v2\/media?parent=1788"}],"curies":[{"name":"wp","href":"https:\/\/api.w.org\/{rel}","templated":true}]}}