{"id":1883,"date":"2015-09-06T21:18:06","date_gmt":"2015-09-06T18:18:06","guid":{"rendered":"https:\/\/kylat.meitadev.fi\/kanava\/?page_id=1883"},"modified":"2021-10-19T19:14:54","modified_gmt":"2021-10-19T16:14:54","slug":"frisbeegolf","status":"publish","type":"page","link":"https:\/\/kylat.meitadev.fi\/kanava\/frisbeegolf\/","title":{"rendered":"FRISBEEGOLF"},"content":{"rendered":"<h1>Lyytikk\u00e4l\u00e4n frisbeegolfrata<\/h1>\n<h3>Radan kuvaus<\/h3>\n<p>Lyytikk\u00e4l\u00e4n frisbeegolfrata on rakennettu Lappeenrannan kaupungin, Saimaan kanavan kyl\u00e4yhdistyksen sek\u00e4 Lappeen Riennon Kanavan osaston kanssa yhteisty\u00f6n\u00e4 vuonna 2015. 16-v\u00e4yl\u00e4inen rata sijaitsee Lyytikk\u00e4l\u00e4n urheilukent\u00e4n ja viereisen kuntoradan alueella. V\u00e4lj\u00e4t heittoalueet ja korkeuserot ovat radan ominaispiirteit\u00e4. V\u00e4ylien keskimitta on noin 80 metri\u00e4 ja v\u00e4yl\u00e4t ovat par 3. Koko radan ihannetulos on 36 heittoa. Heittopaikat ovat tekonurmea.<\/p>\n<p>Rata alkaa Kanavan liikuntakeskuksen j\u00e4\u00e4kiekkokaukalon vierest\u00e4. Parkkipaikat sijaitsevat liikuntahallirakennuksen edustalla. Juoksuradallle pys\u00e4k\u00f6inti on ehdottomasti kielletty!<\/p>\n<p>Huom! L\u00f6yt\u00f6kiekot voi palauttaa kaukalon ulkoreunalla, 1-heittopaikan l\u00e4heisyydess\u00e4 sijaitsevaan lukolliseen postilaatikkoon.\u00a0Tiedustelut Pasi Markkanen, puh. 0405525877<\/p>\n<p><a href=\"https:\/\/kylat.meitadev.fi\/kanava\/wp-content\/uploads\/sites\/7\/2021\/10\/lyytikkala_20211007.png\" target=\"_blank\" rel=\"noopener noreferrer\">Ratakartta<\/a><\/p>\n<h3>Radan sijainti<\/h3>\n<p>Osoite: T\u00f6r\u00f6m\u00e4entie 20, 53300 Lappeenranta<br \/>\n<a href=\"https:\/\/www.google.fi\/maps\/place\/T%C3%B6r%C3%B6m%C3%A4entie+20\/@61.012683,28.40644,713m\/data=!3m1!1e3!4m3!3m2!1s0x4690b93a7efbfea1:0xf8ef9ceb83122ead!4b1\" target=\"_blank\" rel=\"noopener noreferrer\">Linkki Googlen kartalle<\/a><\/p>\n<h3>S\u00c4\u00c4NN\u00d6T lyhyesti<\/h3>\n<ol>\n<li>Pelin tarkoituksena on saada frisbeekiekko mahdollisimman pienell\u00e4 heittom\u00e4\u00e4r\u00e4ll\u00e4 aloituspaikasta maalikoriin.<\/li>\n<li>Voit pelata yksin tai ryhm\u00e4ss\u00e4. Sopiva ryhm\u00e4koko on 2-4 henke\u00e4.<\/li>\n<li>Varmista aina, ett\u00e4 v\u00e4yl\u00e4 ja sen ymp\u00e4rist\u00f6 on vapaana ennen heittoasi. Jos heiton j\u00e4lkeen havaitset ihmisi\u00e4 v\u00e4yl\u00e4ll\u00e4, varoita heit\u00e4 huutamalla &#8221;Foor&#8221; tai muilla varoitussanoilla.<\/li>\n<li>V\u00e4ylill\u00e4 olevat luonnolliset esteet kuten puut ja niiden oksat ovat osa peli\u00e4, \u00e4l\u00e4 vahingoita niit\u00e4. J\u00e4t\u00e4 rata hyv\u00e4\u00e4n kuntoon my\u00f6s seuraaville. Sen mink\u00e4 kannat mukanasi luontoon, jaksat my\u00f6s tuoda takaisin.<\/li>\n<li>Avausheiton j\u00e4lkeen kauimpana korista oleva pelaaja jatkaa ensimm\u00e4isen\u00e4. Muut pelaajat pysyv\u00e4t heitt\u00e4j\u00e4n takana. Seuraava heitto suoritetaan siit\u00e4 paikasta, mihin edellinen heitto pys\u00e4htyi.<\/li>\n<li>Frisbeen irrottua k\u00e4dest\u00e4, heiton saa astua yli. Maalikorista 10 metri\u00e4 l\u00e4hemp\u00e4n\u00e4 olevaa heittoa ei saa astua yli.<\/li>\n<li>Kukin pelaaja heitt\u00e4\u00e4 v\u00e4yl\u00e4ll\u00e4 niin monta kertaa kunnes frisbee j\u00e4\u00e4 maalikoriin.<\/li>\n<li>Voittaja on pelaaja, joka suorittaa radan pienimm\u00e4ll\u00e4 m\u00e4\u00e4r\u00e4ll\u00e4 heittoja.<\/li>\n<li>Frisbeegolfissa t\u00e4rkeint\u00e4 on pit\u00e4\u00e4 hauskaa!<\/li>\n<\/ol>\n<p>Tutustu virallisiin s\u00e4\u00e4nt\u00f6ihin frisbeegolfliiton sivuilla:<br \/>\n<a href=\"https:\/\/frisbeegolfliitto.fi\/wp-content\/uploads\/2013\/04\/pdga_2013_combo_booklet_FI.pdf\" target=\"_blank\" rel=\"noopener noreferrer\">Frisbeegolfin viralliset s\u00e4\u00e4nn\u00f6t<\/a><\/p>\n<p>Kaikki Suomen frisbeegolfradat yhdess\u00e4 paikassa:<br \/>\n<a href=\"https:\/\/frisbeegolfradat.fi\/\" target=\"_blank\" rel=\"noopener noreferrer\">frisbeegolfradat.fi<\/a><\/p>\n<h3>Kuvia LYYTIKK\u00c4L\u00c4N radalta<\/h3>\n<div id=\"attachment_1892\" style=\"width: 210px\" class=\"wp-caption aligncenter\"><a href=\"https:\/\/kylat.meitadev.fi\/kanava\/wp-content\/uploads\/sites\/7\/2015\/09\/puttaus_v\u00e4yl\u00e42.jpg\" target=\"_blank\" rel=\"noopener noreferrer\"><img loading=\"lazy\" decoding=\"async\" aria-describedby=\"caption-attachment-1892\" class=\"wp-image-1892 size-medium\" src=\"https:\/\/kylat.meitadev.fi\/kanava\/wp-content\/uploads\/sites\/7\/2015\/09\/puttaus_v\u00e4yl\u00e42-200x300.jpg\" alt=\"puttaus_v\u00e4yl\u00e42\" width=\"200\" height=\"300\" srcset=\"https:\/\/kylat.meitadev.fi\/kanava\/wp-content\/uploads\/sites\/7\/2015\/09\/puttaus_v\u00e4yl\u00e42-200x300.jpg 200w, https:\/\/kylat.meitadev.fi\/kanava\/wp-content\/uploads\/sites\/7\/2015\/09\/puttaus_v\u00e4yl\u00e42.jpg 400w\" sizes=\"(max-width: 200px) 100vw, 200px\" \/><\/a><p id=\"caption-attachment-1892\" class=\"wp-caption-text\">Puttaus v\u00e4yl\u00e4ll\u00e4 2<\/p><\/div>\n<div id=\"attachment_1889\" style=\"width: 310px\" class=\"wp-caption aligncenter\"><a href=\"https:\/\/kylat.meitadev.fi\/kanava\/wp-content\/uploads\/sites\/7\/2015\/09\/v\u00e4yl\u00e48.jpg\" target=\"_blank\" rel=\"noopener noreferrer\"><img loading=\"lazy\" decoding=\"async\" aria-describedby=\"caption-attachment-1889\" class=\"wp-image-1889 size-medium\" src=\"https:\/\/kylat.meitadev.fi\/kanava\/wp-content\/uploads\/sites\/7\/2015\/09\/v\u00e4yl\u00e48-300x200.jpg\" alt=\"v\u00e4yl\u00e48\" width=\"300\" height=\"200\" srcset=\"https:\/\/kylat.meitadev.fi\/kanava\/wp-content\/uploads\/sites\/7\/2015\/09\/v\u00e4yl\u00e48-300x200.jpg 300w, https:\/\/kylat.meitadev.fi\/kanava\/wp-content\/uploads\/sites\/7\/2015\/09\/v\u00e4yl\u00e48.jpg 600w\" sizes=\"(max-width: 300px) 100vw, 300px\" \/><\/a><p id=\"caption-attachment-1889\" class=\"wp-caption-text\">V\u00e4yl\u00e4 8<\/p><\/div>\n<div id=\"attachment_1888\" style=\"width: 310px\" class=\"wp-caption aligncenter\"><a href=\"https:\/\/kylat.meitadev.fi\/kanava\/wp-content\/uploads\/sites\/7\/2015\/09\/v\u00e4yl\u00e46.jpg\" target=\"_blank\" rel=\"noopener noreferrer\"><img loading=\"lazy\" decoding=\"async\" aria-describedby=\"caption-attachment-1888\" class=\"wp-image-1888 size-medium\" src=\"https:\/\/kylat.meitadev.fi\/kanava\/wp-content\/uploads\/sites\/7\/2015\/09\/v\u00e4yl\u00e46-300x200.jpg\" alt=\"v\u00e4yl\u00e46\" width=\"300\" height=\"200\" srcset=\"https:\/\/kylat.meitadev.fi\/kanava\/wp-content\/uploads\/sites\/7\/2015\/09\/v\u00e4yl\u00e46-300x200.jpg 300w, https:\/\/kylat.meitadev.fi\/kanava\/wp-content\/uploads\/sites\/7\/2015\/09\/v\u00e4yl\u00e46.jpg 600w\" sizes=\"(max-width: 300px) 100vw, 300px\" \/><\/a><p id=\"caption-attachment-1888\" class=\"wp-caption-text\">V\u00e4yl\u00e4 6<\/p><\/div>\n<div id=\"attachment_1893\" style=\"width: 210px\" class=\"wp-caption aligncenter\"><a href=\"https:\/\/kylat.meitadev.fi\/kanava\/wp-content\/uploads\/sites\/7\/2015\/09\/tii9.jpg\" target=\"_blank\" rel=\"noopener noreferrer\"><img loading=\"lazy\" decoding=\"async\" aria-describedby=\"caption-attachment-1893\" class=\"wp-image-1893 size-medium\" src=\"https:\/\/kylat.meitadev.fi\/kanava\/wp-content\/uploads\/sites\/7\/2015\/09\/tii9-200x300.jpg\" alt=\"tii9\" width=\"200\" height=\"300\" srcset=\"https:\/\/kylat.meitadev.fi\/kanava\/wp-content\/uploads\/sites\/7\/2015\/09\/tii9-200x300.jpg 200w, https:\/\/kylat.meitadev.fi\/kanava\/wp-content\/uploads\/sites\/7\/2015\/09\/tii9.jpg 400w\" sizes=\"(max-width: 200px) 100vw, 200px\" \/><\/a><p id=\"caption-attachment-1893\" class=\"wp-caption-text\">Tii 9<\/p><\/div>\n<div id=\"attachment_1887\" style=\"width: 310px\" class=\"wp-caption aligncenter\"><a href=\"https:\/\/kylat.meitadev.fi\/kanava\/wp-content\/uploads\/sites\/7\/2015\/09\/v\u00e4yl\u00e44.jpg\" target=\"_blank\" rel=\"noopener noreferrer\"><img loading=\"lazy\" decoding=\"async\" aria-describedby=\"caption-attachment-1887\" class=\"wp-image-1887 size-medium\" src=\"https:\/\/kylat.meitadev.fi\/kanava\/wp-content\/uploads\/sites\/7\/2015\/09\/v\u00e4yl\u00e44-300x200.jpg\" alt=\"v\u00e4yl\u00e44\" width=\"300\" height=\"200\" srcset=\"https:\/\/kylat.meitadev.fi\/kanava\/wp-content\/uploads\/sites\/7\/2015\/09\/v\u00e4yl\u00e44-300x200.jpg 300w, https:\/\/kylat.meitadev.fi\/kanava\/wp-content\/uploads\/sites\/7\/2015\/09\/v\u00e4yl\u00e44.jpg 600w\" sizes=\"(max-width: 300px) 100vw, 300px\" \/><\/a><p id=\"caption-attachment-1887\" class=\"wp-caption-text\">V\u00e4yl\u00e4 4<\/p><\/div>\n<div id=\"attachment_1905\" style=\"width: 310px\" class=\"wp-caption aligncenter\"><a href=\"https:\/\/kylat.meitadev.fi\/kanava\/wp-content\/uploads\/sites\/7\/2015\/09\/l\u00e4hestymisheitto_v\u00e4yl\u00e47.jpg\" target=\"_blank\" rel=\"noopener noreferrer\"><img loading=\"lazy\" decoding=\"async\" aria-describedby=\"caption-attachment-1905\" class=\"wp-image-1905 size-medium\" src=\"https:\/\/kylat.meitadev.fi\/kanava\/wp-content\/uploads\/sites\/7\/2015\/09\/l\u00e4hestymisheitto_v\u00e4yl\u00e47-300x200.jpg\" alt=\"l\u00e4hestymisheitto_v\u00e4yl\u00e47\" width=\"300\" height=\"200\" srcset=\"https:\/\/kylat.meitadev.fi\/kanava\/wp-content\/uploads\/sites\/7\/2015\/09\/l\u00e4hestymisheitto_v\u00e4yl\u00e47-300x200.jpg 300w, https:\/\/kylat.meitadev.fi\/kanava\/wp-content\/uploads\/sites\/7\/2015\/09\/l\u00e4hestymisheitto_v\u00e4yl\u00e47.jpg 600w\" sizes=\"(max-width: 300px) 100vw, 300px\" \/><\/a><p id=\"caption-attachment-1905\" class=\"wp-caption-text\">L\u00e4hestymisheitto v\u00e4yl\u00e4ll\u00e4 7<\/p><\/div>\n<div id=\"attachment_2013\" style=\"width: 210px\" class=\"wp-caption aligncenter\"><a href=\"https:\/\/kylat.meitadev.fi\/kanava\/wp-content\/uploads\/sites\/7\/2016\/08\/loytokiekkolaatikko.jpg\"><img loading=\"lazy\" decoding=\"async\" aria-describedby=\"caption-attachment-2013\" class=\"wp-image-2013 size-medium\" src=\"https:\/\/kylat.meitadev.fi\/kanava\/wp-content\/uploads\/sites\/7\/2016\/08\/loytokiekkolaatikko-200x300.jpg\" width=\"200\" height=\"300\" srcset=\"https:\/\/kylat.meitadev.fi\/kanava\/wp-content\/uploads\/sites\/7\/2016\/08\/loytokiekkolaatikko-200x300.jpg 200w, https:\/\/kylat.meitadev.fi\/kanava\/wp-content\/uploads\/sites\/7\/2016\/08\/loytokiekkolaatikko.jpg 400w\" sizes=\"(max-width: 200px) 100vw, 200px\" \/><\/a><p id=\"caption-attachment-2013\" class=\"wp-caption-text\">L\u00f6yt\u00f6kiekkolaatikko 1-v\u00e4yl\u00e4n l\u00e4heisyydess\u00e4<\/p><\/div>\n","protected":false},"excerpt":{"rendered":"<p>Lyytikk\u00e4l\u00e4n frisbeegolfrata Radan kuvaus Lyytikk\u00e4l\u00e4n frisbeegolfrata on rakennettu Lappeenrannan kaupungin, Saimaan kanavan kyl\u00e4yhdistyksen sek\u00e4 Lappeen Riennon Kanavan osaston kanssa yhteisty\u00f6n\u00e4 vuonna 2015. 16-v\u00e4yl\u00e4inen rata sijaitsee Lyytikk\u00e4l\u00e4n urheilukent\u00e4n ja viereisen kuntoradan alueella. V\u00e4lj\u00e4t heittoalueet ja korkeuserot ovat radan ominaispiirteit\u00e4. V\u00e4ylien keskimitta &hellip; <a href=\"https:\/\/kylat.meitadev.fi\/kanava\/frisbeegolf\/\">Lue loppuun <span class=\"meta-nav\">&rarr;<\/span><\/a><\/p>\n","protected":false},"author":10,"featured_media":0,"parent":0,"menu_order":4,"comment_status":"closed","ping_status":"closed","template":"","meta":{"footnotes":""},"_links":{"self":[{"href":"https:\/\/kylat.meitadev.fi\/kanava\/wp-json\/wp\/v2\/pages\/1883"}],"collection":[{"href":"https:\/\/kylat.meitadev.fi\/kanava\/wp-json\/wp\/v2\/pages"}],"about":[{"href":"https:\/\/kylat.meitadev.fi\/kanava\/wp-json\/wp\/v2\/types\/page"}],"author":[{"embeddable":true,"href":"https:\/\/kylat.meitadev.fi\/kanava\/wp-json\/wp\/v2\/users\/10"}],"replies":[{"embeddable":true,"href":"https:\/\/kylat.meitadev.fi\/kanava\/wp-json\/wp\/v2\/comments?post=1883"}],"version-history":[{"count":20,"href":"https:\/\/kylat.meitadev.fi\/kanava\/wp-json\/wp\/v2\/pages\/1883\/revisions"}],"predecessor-version":[{"id":2779,"href":"https:\/\/kylat.meitadev.fi\/kanava\/wp-json\/wp\/v2\/pages\/1883\/revisions\/2779"}],"wp:attachment":[{"href":"https:\/\/kylat.meitadev.fi\/kanava\/wp-json\/wp\/v2\/media?parent=1883"}],"curies":[{"name":"wp","href":"https:\/\/api.w.org\/{rel}","templated":true}]}}