{"id":1911,"date":"2015-09-07T21:37:40","date_gmt":"2015-09-07T18:37:40","guid":{"rendered":"https:\/\/kylat.meitadev.fi\/kanava\/?page_id=1911"},"modified":"2015-09-07T21:44:31","modified_gmt":"2015-09-07T18:44:31","slug":"frisbeegolfrata","status":"publish","type":"page","link":"https:\/\/kylat.meitadev.fi\/kanava\/hankkeet\/frisbeegolfrata\/","title":{"rendered":"Frisbeegolfrata"},"content":{"rendered":"<p>Frisbeegolfradan teko aloitettiin hein\u00e4kuussa 2015. Kes\u00e4n aikana rakennettiin talkoilla 9-v\u00e4yl\u00e4inen frisbeegolfrata Lyytikk\u00e4l\u00e4n urheilukent\u00e4n ja pururadan maastoon.<\/p>\n<p>Radan koreihin otti osaa Lappeenrannan kaupungin liikuntatoimi kustantamalla puolet korien hinnasta; Saimaan kanavan kyl\u00e4yhdistys ja Lappeen Riennon Kanavan osasto vastasi lopuista kustannuksista. Korit hankittiin Innovastoresta ja korit ovat ammattilaistasoa DisCatcher Pro -mallia. Talkoihin osallistui vankka joukko kyl\u00e4n omaa v\u00e4ke\u00e4. Korien asennukseen tarvittiin kaivinkonetta kaivamaan kuopat koripylv\u00e4itten antureille ja heittoalustoiden tasaamiseen.<\/p>\n<p><a href=\"https:\/\/kylat.meitadev.fi\/kanava\/wp-content\/uploads\/sites\/7\/2015\/09\/mika-ja-osmo.jpg\" target=\"_blank\"><img loading=\"lazy\" decoding=\"async\" class=\" wp-image-1917 size-medium alignleft\" src=\"https:\/\/kylat.meitadev.fi\/kanava\/wp-content\/uploads\/sites\/7\/2015\/09\/mika-ja-osmo-200x300.jpg\" alt=\"mika ja osmo\" width=\"200\" height=\"300\" srcset=\"https:\/\/kylat.meitadev.fi\/kanava\/wp-content\/uploads\/sites\/7\/2015\/09\/mika-ja-osmo-200x300.jpg 200w, https:\/\/kylat.meitadev.fi\/kanava\/wp-content\/uploads\/sites\/7\/2015\/09\/mika-ja-osmo.jpg 400w\" sizes=\"(max-width: 200px) 100vw, 200px\" \/><\/a><\/p>\n<p><a href=\"https:\/\/kylat.meitadev.fi\/kanava\/wp-content\/uploads\/sites\/7\/2015\/09\/korikuoppa.jpg\" target=\"_blank\"><img loading=\"lazy\" decoding=\"async\" class=\"alignleft wp-image-1916 size-medium\" src=\"https:\/\/kylat.meitadev.fi\/kanava\/wp-content\/uploads\/sites\/7\/2015\/09\/korikuoppa-200x300.jpg\" alt=\"korikuoppa\" width=\"200\" height=\"300\" srcset=\"https:\/\/kylat.meitadev.fi\/kanava\/wp-content\/uploads\/sites\/7\/2015\/09\/korikuoppa-200x300.jpg 200w, https:\/\/kylat.meitadev.fi\/kanava\/wp-content\/uploads\/sites\/7\/2015\/09\/korikuoppa.jpg 400w\" sizes=\"(max-width: 200px) 100vw, 200px\" \/><\/a><\/p>\n<p><a href=\"https:\/\/kylat.meitadev.fi\/kanava\/wp-content\/uploads\/sites\/7\/2015\/09\/heittopaikka_v\u00e4yl\u00e49.jpg\" target=\"_blank\"><img loading=\"lazy\" decoding=\"async\" class=\"alignleft wp-image-1914 size-medium\" src=\"https:\/\/kylat.meitadev.fi\/kanava\/wp-content\/uploads\/sites\/7\/2015\/09\/heittopaikka_v\u00e4yl\u00e49-200x300.jpg\" alt=\"heittopaikka_v\u00e4yl\u00e49\" width=\"200\" height=\"300\" srcset=\"https:\/\/kylat.meitadev.fi\/kanava\/wp-content\/uploads\/sites\/7\/2015\/09\/heittopaikka_v\u00e4yl\u00e49-200x300.jpg 200w, https:\/\/kylat.meitadev.fi\/kanava\/wp-content\/uploads\/sites\/7\/2015\/09\/heittopaikka_v\u00e4yl\u00e49.jpg 400w\" sizes=\"(max-width: 200px) 100vw, 200px\" \/><\/a><\/p>\n<p><a href=\"https:\/\/kylat.meitadev.fi\/kanava\/wp-content\/uploads\/sites\/7\/2015\/09\/avant.jpg\" target=\"_blank\"><img loading=\"lazy\" decoding=\"async\" class=\" wp-image-1913 size-medium alignleft\" src=\"https:\/\/kylat.meitadev.fi\/kanava\/wp-content\/uploads\/sites\/7\/2015\/09\/avant-200x300.jpg\" alt=\"avant\" width=\"200\" height=\"300\" srcset=\"https:\/\/kylat.meitadev.fi\/kanava\/wp-content\/uploads\/sites\/7\/2015\/09\/avant-200x300.jpg 200w, https:\/\/kylat.meitadev.fi\/kanava\/wp-content\/uploads\/sites\/7\/2015\/09\/avant.jpg 400w\" sizes=\"(max-width: 200px) 100vw, 200px\" \/><\/a><\/p>\n","protected":false},"excerpt":{"rendered":"<p>Frisbeegolfradan teko aloitettiin hein\u00e4kuussa 2015. Kes\u00e4n aikana rakennettiin talkoilla 9-v\u00e4yl\u00e4inen frisbeegolfrata Lyytikk\u00e4l\u00e4n urheilukent\u00e4n ja pururadan maastoon. Radan koreihin otti osaa Lappeenrannan kaupungin liikuntatoimi kustantamalla puolet korien hinnasta; Saimaan kanavan kyl\u00e4yhdistys ja Lappeen Riennon Kanavan osasto vastasi lopuista kustannuksista. Korit hankittiin &hellip; <a href=\"https:\/\/kylat.meitadev.fi\/kanava\/hankkeet\/frisbeegolfrata\/\">Lue loppuun <span class=\"meta-nav\">&rarr;<\/span><\/a><\/p>\n","protected":false},"author":10,"featured_media":0,"parent":529,"menu_order":0,"comment_status":"closed","ping_status":"closed","template":"onecolumn-page.php","meta":{"footnotes":""},"_links":{"self":[{"href":"https:\/\/kylat.meitadev.fi\/kanava\/wp-json\/wp\/v2\/pages\/1911"}],"collection":[{"href":"https:\/\/kylat.meitadev.fi\/kanava\/wp-json\/wp\/v2\/pages"}],"about":[{"href":"https:\/\/kylat.meitadev.fi\/kanava\/wp-json\/wp\/v2\/types\/page"}],"author":[{"embeddable":true,"href":"https:\/\/kylat.meitadev.fi\/kanava\/wp-json\/wp\/v2\/users\/10"}],"replies":[{"embeddable":true,"href":"https:\/\/kylat.meitadev.fi\/kanava\/wp-json\/wp\/v2\/comments?post=1911"}],"version-history":[{"count":4,"href":"https:\/\/kylat.meitadev.fi\/kanava\/wp-json\/wp\/v2\/pages\/1911\/revisions"}],"predecessor-version":[{"id":1920,"href":"https:\/\/kylat.meitadev.fi\/kanava\/wp-json\/wp\/v2\/pages\/1911\/revisions\/1920"}],"up":[{"embeddable":true,"href":"https:\/\/kylat.meitadev.fi\/kanava\/wp-json\/wp\/v2\/pages\/529"}],"wp:attachment":[{"href":"https:\/\/kylat.meitadev.fi\/kanava\/wp-json\/wp\/v2\/media?parent=1911"}],"curies":[{"name":"wp","href":"https:\/\/api.w.org\/{rel}","templated":true}]}}